{"id":1015,"date":"2021-11-26T11:39:42","date_gmt":"2021-11-26T10:39:42","guid":{"rendered":"https:\/\/wernerzehe.de\/?page_id=1015"},"modified":"2021-11-26T11:39:42","modified_gmt":"2021-11-26T10:39:42","slug":"hyundai-ioniq-elektro","status":"publish","type":"page","link":"https:\/\/wernerzehe.de\/?page_id=1015","title":{"rendered":"Hyundai Ioniq Elektro"},"content":{"rendered":"\n<p class=\"has-text-align-center\">Der Nachfolger f\u00fcr unseren Ford Focus.<\/p>\n\n\n\n<p>nach dem Desaster mit unserem Ford Focus, war die Frage was jetzt?<\/p>\n\n\n\n<p>Eine Option w\u00e4re ja wieder gewesen einen neuen Kombi zu kaufen, aber eine E-Auto w\u00e4re ja auch mal was, insbesondere als Drittwagen, wo ist da das Problem? Gerne h\u00e4tten wir ja ein Elektro Kombi gehabt, leider sind Kombis ja eine aussterbende Art. <\/p>\n\n\n\n<p>Also mal umgeschaut, was es so an E-Autos in unserer Preisklasse gibt und wie die sich fahren. Soviel Auswahl an einigerma\u00dfen gro\u00dfen, g\u00fcnstigen E-Autos gab es da ja Mitte 2020 nicht. Relativ schnell waren wir uns nach mehreren Probefahrten klar, dass der Hyundai Ioniq unser Auto ist. Nach der Recherche im Internet fand ich dann auch das passende Schn\u00e4ppchen. Ein Ioniq Premium f\u00fcr nur 24k EUR nach Abzug der F\u00f6rderung.<\/p>\n\n\n\n<p>Nach \u00fcber einem Jahr und 15.000km haben wir den Kauf noch keinen Tag bereut. E-Auto fahren ist g\u00fcnstig und macht Spa\u00df.<\/p>\n\n\n\n<p>So sah er aus, als wir ihn gekauft haben:<\/p>\n\n\n\n<figure class=\"wp-block-image size-large\"><a href=\"https:\/\/wernerzehe.de\/wp-content\/uploads\/2021\/11\/ioniq1-scaled.jpg\"><img loading=\"lazy\" decoding=\"async\" width=\"1024\" height=\"768\" src=\"https:\/\/wernerzehe.de\/wp-content\/uploads\/2021\/11\/ioniq1-1024x768.jpg\" alt=\"\" class=\"wp-image-1016\" srcset=\"https:\/\/wernerzehe.de\/wp-content\/uploads\/2021\/11\/ioniq1-1024x768.jpg 1024w, https:\/\/wernerzehe.de\/wp-content\/uploads\/2021\/11\/ioniq1-300x225.jpg 300w, https:\/\/wernerzehe.de\/wp-content\/uploads\/2021\/11\/ioniq1-768x576.jpg 768w, https:\/\/wernerzehe.de\/wp-content\/uploads\/2021\/11\/ioniq1-1536x1152.jpg 1536w, https:\/\/wernerzehe.de\/wp-content\/uploads\/2021\/11\/ioniq1-2048x1536.jpg 2048w, https:\/\/wernerzehe.de\/wp-content\/uploads\/2021\/11\/ioniq1-1200x900.jpg 1200w, https:\/\/wernerzehe.de\/wp-content\/uploads\/2021\/11\/ioniq1-1980x1485.jpg 1980w\" sizes=\"auto, (max-width: 1024px) 100vw, 1024px\" \/><\/a><\/figure>\n\n\n\n<figure class=\"wp-block-image size-large\"><a href=\"https:\/\/wernerzehe.de\/wp-content\/uploads\/2021\/11\/ioniq2-scaled.jpg\"><img loading=\"lazy\" decoding=\"async\" width=\"1024\" height=\"768\" src=\"https:\/\/wernerzehe.de\/wp-content\/uploads\/2021\/11\/ioniq2-1024x768.jpg\" alt=\"\" class=\"wp-image-1017\" srcset=\"https:\/\/wernerzehe.de\/wp-content\/uploads\/2021\/11\/ioniq2-1024x768.jpg 1024w, https:\/\/wernerzehe.de\/wp-content\/uploads\/2021\/11\/ioniq2-300x225.jpg 300w, https:\/\/wernerzehe.de\/wp-content\/uploads\/2021\/11\/ioniq2-768x576.jpg 768w, https:\/\/wernerzehe.de\/wp-content\/uploads\/2021\/11\/ioniq2-1536x1152.jpg 1536w, https:\/\/wernerzehe.de\/wp-content\/uploads\/2021\/11\/ioniq2-2048x1536.jpg 2048w, https:\/\/wernerzehe.de\/wp-content\/uploads\/2021\/11\/ioniq2-1200x900.jpg 1200w, https:\/\/wernerzehe.de\/wp-content\/uploads\/2021\/11\/ioniq2-1980x1485.jpg 1980w\" sizes=\"auto, (max-width: 1024px) 100vw, 1024px\" \/><\/a><\/figure>\n\n\n\n<p>Inzwischen wurden die Heckscheiben und die grauen Fl\u00e4chen an den Sto\u00dfstangen schwarz foliert. Steht dem Kleinen.<\/p>\n\n\n\n<figure class=\"wp-block-image size-large\"><a href=\"https:\/\/wernerzehe.de\/wp-content\/uploads\/2021\/11\/ioniq3-scaled.jpg\"><img loading=\"lazy\" decoding=\"async\" width=\"1024\" height=\"768\" src=\"https:\/\/wernerzehe.de\/wp-content\/uploads\/2021\/11\/ioniq3-1024x768.jpg\" alt=\"\" class=\"wp-image-1018\" srcset=\"https:\/\/wernerzehe.de\/wp-content\/uploads\/2021\/11\/ioniq3-1024x768.jpg 1024w, https:\/\/wernerzehe.de\/wp-content\/uploads\/2021\/11\/ioniq3-300x225.jpg 300w, https:\/\/wernerzehe.de\/wp-content\/uploads\/2021\/11\/ioniq3-768x576.jpg 768w, https:\/\/wernerzehe.de\/wp-content\/uploads\/2021\/11\/ioniq3-1536x1152.jpg 1536w, https:\/\/wernerzehe.de\/wp-content\/uploads\/2021\/11\/ioniq3-2048x1536.jpg 2048w, https:\/\/wernerzehe.de\/wp-content\/uploads\/2021\/11\/ioniq3-1200x900.jpg 1200w, https:\/\/wernerzehe.de\/wp-content\/uploads\/2021\/11\/ioniq3-1980x1485.jpg 1980w\" sizes=\"auto, (max-width: 1024px) 100vw, 1024px\" \/><\/a><\/figure>\n\n\n\n<p>Und hier ist er mit seinen neuen Sommersohlen zu sehen:<\/p>\n\n\n\n<figure class=\"wp-block-image size-large\"><a href=\"https:\/\/wernerzehe.de\/wp-content\/uploads\/2021\/11\/20210406_165949-scaled.jpg\"><img loading=\"lazy\" decoding=\"async\" width=\"1024\" height=\"768\" src=\"https:\/\/wernerzehe.de\/wp-content\/uploads\/2021\/11\/20210406_165949-1024x768.jpg\" alt=\"\" class=\"wp-image-1019\" srcset=\"https:\/\/wernerzehe.de\/wp-content\/uploads\/2021\/11\/20210406_165949-1024x768.jpg 1024w, https:\/\/wernerzehe.de\/wp-content\/uploads\/2021\/11\/20210406_165949-300x225.jpg 300w, https:\/\/wernerzehe.de\/wp-content\/uploads\/2021\/11\/20210406_165949-768x576.jpg 768w, https:\/\/wernerzehe.de\/wp-content\/uploads\/2021\/11\/20210406_165949-1536x1152.jpg 1536w, https:\/\/wernerzehe.de\/wp-content\/uploads\/2021\/11\/20210406_165949-2048x1536.jpg 2048w, https:\/\/wernerzehe.de\/wp-content\/uploads\/2021\/11\/20210406_165949-1200x900.jpg 1200w, https:\/\/wernerzehe.de\/wp-content\/uploads\/2021\/11\/20210406_165949-1980x1485.jpg 1980w\" sizes=\"auto, (max-width: 1024px) 100vw, 1024px\" \/><\/a><\/figure>\n","protected":false},"excerpt":{"rendered":"<p>Der Nachfolger f\u00fcr unseren Ford Focus. nach dem Desaster mit unserem Ford Focus, war die Frage was jetzt? Eine Option w\u00e4re ja wieder gewesen einen neuen Kombi zu kaufen, aber eine E-Auto w\u00e4re ja auch mal was, insbesondere als Drittwagen, wo ist da das Problem? Gerne h\u00e4tten wir ja ein Elektro Kombi gehabt, leider sind [&hellip;]<\/p>\n","protected":false},"author":1,"featured_media":0,"parent":0,"menu_order":0,"comment_status":"closed","ping_status":"closed","template":"","meta":{"footnotes":""},"class_list":["post-1015","page","type-page","status-publish","hentry"],"_links":{"self":[{"href":"https:\/\/wernerzehe.de\/index.php?rest_route=\/wp\/v2\/pages\/1015","targetHints":{"allow":["GET"]}}],"collection":[{"href":"https:\/\/wernerzehe.de\/index.php?rest_route=\/wp\/v2\/pages"}],"about":[{"href":"https:\/\/wernerzehe.de\/index.php?rest_route=\/wp\/v2\/types\/page"}],"author":[{"embeddable":true,"href":"https:\/\/wernerzehe.de\/index.php?rest_route=\/wp\/v2\/users\/1"}],"replies":[{"embeddable":true,"href":"https:\/\/wernerzehe.de\/index.php?rest_route=%2Fwp%2Fv2%2Fcomments&post=1015"}],"version-history":[{"count":1,"href":"https:\/\/wernerzehe.de\/index.php?rest_route=\/wp\/v2\/pages\/1015\/revisions"}],"predecessor-version":[{"id":1022,"href":"https:\/\/wernerzehe.de\/index.php?rest_route=\/wp\/v2\/pages\/1015\/revisions\/1022"}],"wp:attachment":[{"href":"https:\/\/wernerzehe.de\/index.php?rest_route=%2Fwp%2Fv2%2Fmedia&parent=1015"}],"curies":[{"name":"wp","href":"https:\/\/api.w.org\/{rel}","templated":true}]}}