{"id":1024,"date":"2021-11-26T14:54:41","date_gmt":"2021-11-26T13:54:41","guid":{"rendered":"https:\/\/wernerzehe.de\/?page_id=1024"},"modified":"2021-11-26T14:54:45","modified_gmt":"2021-11-26T13:54:45","slug":"2021-franken-sachsen","status":"publish","type":"page","link":"https:\/\/wernerzehe.de\/?page_id=1024","title":{"rendered":"2021 Franken + Sachsen"},"content":{"rendered":"\n<p>Es ist mal wieder Zeit f\u00fcr eine Motorradtour mit meinem Kumpel Joachim.<\/p>\n\n\n\n<p>Corona ist zwar ein Thema, aber aktuell im Juni 2021 sind die Bestimmungen ertr\u00e4glich. Wir sind beide durchgeimpft, daher beste Aussichten f\u00fcr eine unproblematische Fahrt, insbesondere da wir in Deutschland bleiben. Leider ist der Wetterbericht gerade nicht sehr positiv. Da wir nichts gebucht haben entscheiden wir uns spontan, aufgrund der Wettervorhersage, f\u00fcr Sachsen als Ziel unserer Tour.<\/p>\n\n\n\n<p>Am 27.06. geht es bei sch\u00f6nem Wetter Richtung Franken los. Wir kommen bei recht freien Stra\u00dfen gut voran.<\/p>\n\n\n\n<figure class=\"wp-block-image size-large\"><a href=\"https:\/\/wernerzehe.de\/wp-content\/uploads\/2021\/11\/20210627_151801-scaled.jpg\"><img loading=\"lazy\" decoding=\"async\" width=\"1024\" height=\"768\" src=\"https:\/\/wernerzehe.de\/wp-content\/uploads\/2021\/11\/20210627_151801-1024x768.jpg\" alt=\"\" class=\"wp-image-1025\" srcset=\"https:\/\/wernerzehe.de\/wp-content\/uploads\/2021\/11\/20210627_151801-1024x768.jpg 1024w, https:\/\/wernerzehe.de\/wp-content\/uploads\/2021\/11\/20210627_151801-300x225.jpg 300w, https:\/\/wernerzehe.de\/wp-content\/uploads\/2021\/11\/20210627_151801-768x576.jpg 768w, https:\/\/wernerzehe.de\/wp-content\/uploads\/2021\/11\/20210627_151801-1536x1152.jpg 1536w, https:\/\/wernerzehe.de\/wp-content\/uploads\/2021\/11\/20210627_151801-2048x1536.jpg 2048w, https:\/\/wernerzehe.de\/wp-content\/uploads\/2021\/11\/20210627_151801-1200x900.jpg 1200w, https:\/\/wernerzehe.de\/wp-content\/uploads\/2021\/11\/20210627_151801-1980x1485.jpg 1980w\" sizes=\"auto, (max-width: 1024px) 100vw, 1024px\" \/><\/a><figcaption>Zwischenstop der Triples in Schloss Wernstein\u00a0in\u00a0Mainleus\u00a0<\/figcaption><\/figure>\n\n\n\n<p>Gegen Abend erreichen wir unseren ersten Stop Bad Steben<\/p>\n\n\n\n<figure class=\"wp-block-image size-large\"><a href=\"https:\/\/wernerzehe.de\/wp-content\/uploads\/2021\/11\/20210627_203845-scaled.jpg\"><img loading=\"lazy\" decoding=\"async\" width=\"768\" height=\"1024\" src=\"https:\/\/wernerzehe.de\/wp-content\/uploads\/2021\/11\/20210627_203845-768x1024.jpg\" alt=\"\" class=\"wp-image-1026\" srcset=\"https:\/\/wernerzehe.de\/wp-content\/uploads\/2021\/11\/20210627_203845-768x1024.jpg 768w, https:\/\/wernerzehe.de\/wp-content\/uploads\/2021\/11\/20210627_203845-225x300.jpg 225w, https:\/\/wernerzehe.de\/wp-content\/uploads\/2021\/11\/20210627_203845-1152x1536.jpg 1152w, https:\/\/wernerzehe.de\/wp-content\/uploads\/2021\/11\/20210627_203845-1536x2048.jpg 1536w, https:\/\/wernerzehe.de\/wp-content\/uploads\/2021\/11\/20210627_203845-1200x1600.jpg 1200w, https:\/\/wernerzehe.de\/wp-content\/uploads\/2021\/11\/20210627_203845-1980x2640.jpg 1980w, https:\/\/wernerzehe.de\/wp-content\/uploads\/2021\/11\/20210627_203845-scaled.jpg 1920w\" sizes=\"auto, (max-width: 768px) 100vw, 768px\" \/><\/a><\/figure>\n\n\n\n<p>28.06. Da gutes Wetter gemeldet ist, bleiben wir erstmal hier in der Region und fahren eine Runde.<\/p>\n\n\n\n<figure class=\"wp-block-image size-large\"><a href=\"https:\/\/wernerzehe.de\/wp-content\/uploads\/2021\/11\/20210628_093201-scaled.jpg\"><img loading=\"lazy\" decoding=\"async\" width=\"1024\" height=\"768\" src=\"https:\/\/wernerzehe.de\/wp-content\/uploads\/2021\/11\/20210628_093201-1024x768.jpg\" alt=\"\" class=\"wp-image-1027\" srcset=\"https:\/\/wernerzehe.de\/wp-content\/uploads\/2021\/11\/20210628_093201-1024x768.jpg 1024w, https:\/\/wernerzehe.de\/wp-content\/uploads\/2021\/11\/20210628_093201-300x225.jpg 300w, https:\/\/wernerzehe.de\/wp-content\/uploads\/2021\/11\/20210628_093201-768x576.jpg 768w, https:\/\/wernerzehe.de\/wp-content\/uploads\/2021\/11\/20210628_093201-1536x1152.jpg 1536w, https:\/\/wernerzehe.de\/wp-content\/uploads\/2021\/11\/20210628_093201-2048x1536.jpg 2048w, https:\/\/wernerzehe.de\/wp-content\/uploads\/2021\/11\/20210628_093201-1200x900.jpg 1200w, https:\/\/wernerzehe.de\/wp-content\/uploads\/2021\/11\/20210628_093201-1980x1485.jpg 1980w\" sizes=\"auto, (max-width: 1024px) 100vw, 1024px\" \/><\/a><\/figure>\n\n\n\n<figure class=\"wp-block-image size-large\"><a href=\"https:\/\/wernerzehe.de\/wp-content\/uploads\/2021\/11\/20210628_093230-scaled.jpg\"><img loading=\"lazy\" decoding=\"async\" width=\"1024\" height=\"768\" src=\"https:\/\/wernerzehe.de\/wp-content\/uploads\/2021\/11\/20210628_093230-1024x768.jpg\" alt=\"\" class=\"wp-image-1028\" srcset=\"https:\/\/wernerzehe.de\/wp-content\/uploads\/2021\/11\/20210628_093230-1024x768.jpg 1024w, https:\/\/wernerzehe.de\/wp-content\/uploads\/2021\/11\/20210628_093230-300x225.jpg 300w, https:\/\/wernerzehe.de\/wp-content\/uploads\/2021\/11\/20210628_093230-768x576.jpg 768w, https:\/\/wernerzehe.de\/wp-content\/uploads\/2021\/11\/20210628_093230-1536x1152.jpg 1536w, https:\/\/wernerzehe.de\/wp-content\/uploads\/2021\/11\/20210628_093230-2048x1536.jpg 2048w, https:\/\/wernerzehe.de\/wp-content\/uploads\/2021\/11\/20210628_093230-1200x900.jpg 1200w, https:\/\/wernerzehe.de\/wp-content\/uploads\/2021\/11\/20210628_093230-1980x1485.jpg 1980w\" sizes=\"auto, (max-width: 1024px) 100vw, 1024px\" \/><\/a><\/figure>\n\n\n\n<p>Weiter geht es durch den wirklich gut zu fahrenden Th\u00fcringer Wald. Dort war ich ja schon zweimal. Einmal mit Joachim und einmal zum KLR-Treffen.<\/p>\n\n\n\n<figure class=\"wp-block-image size-large\"><a href=\"https:\/\/wernerzehe.de\/wp-content\/uploads\/2021\/11\/20210628_130524-scaled.jpg\"><img loading=\"lazy\" decoding=\"async\" width=\"1024\" height=\"768\" src=\"https:\/\/wernerzehe.de\/wp-content\/uploads\/2021\/11\/20210628_130524-1024x768.jpg\" alt=\"\" class=\"wp-image-1029\" srcset=\"https:\/\/wernerzehe.de\/wp-content\/uploads\/2021\/11\/20210628_130524-1024x768.jpg 1024w, https:\/\/wernerzehe.de\/wp-content\/uploads\/2021\/11\/20210628_130524-300x225.jpg 300w, https:\/\/wernerzehe.de\/wp-content\/uploads\/2021\/11\/20210628_130524-768x576.jpg 768w, https:\/\/wernerzehe.de\/wp-content\/uploads\/2021\/11\/20210628_130524-1536x1152.jpg 1536w, https:\/\/wernerzehe.de\/wp-content\/uploads\/2021\/11\/20210628_130524-2048x1536.jpg 2048w, https:\/\/wernerzehe.de\/wp-content\/uploads\/2021\/11\/20210628_130524-1200x900.jpg 1200w, https:\/\/wernerzehe.de\/wp-content\/uploads\/2021\/11\/20210628_130524-1980x1485.jpg 1980w\" sizes=\"auto, (max-width: 1024px) 100vw, 1024px\" \/><\/a><\/figure>\n\n\n\n<p>Am 29.06. geht es bei leichtem Regen weiter Richtung s\u00e4chsische Schweiz.<\/p>\n\n\n\n<p>Am 30.06. haben wir zwar Wolken, und einige Mini-Schauer, aber nichts was jetzt gro\u00df st\u00f6ren w\u00fcrde. Anbei einige Impressionen aus Dresden und der Region.<\/p>\n\n\n\n<figure class=\"wp-block-image size-large\"><a href=\"https:\/\/wernerzehe.de\/wp-content\/uploads\/2021\/11\/20210630_101724-scaled.jpg\"><img loading=\"lazy\" decoding=\"async\" width=\"1024\" height=\"768\" src=\"https:\/\/wernerzehe.de\/wp-content\/uploads\/2021\/11\/20210630_101724-1024x768.jpg\" alt=\"\" class=\"wp-image-1031\" srcset=\"https:\/\/wernerzehe.de\/wp-content\/uploads\/2021\/11\/20210630_101724-1024x768.jpg 1024w, https:\/\/wernerzehe.de\/wp-content\/uploads\/2021\/11\/20210630_101724-300x225.jpg 300w, https:\/\/wernerzehe.de\/wp-content\/uploads\/2021\/11\/20210630_101724-768x576.jpg 768w, https:\/\/wernerzehe.de\/wp-content\/uploads\/2021\/11\/20210630_101724-1536x1152.jpg 1536w, https:\/\/wernerzehe.de\/wp-content\/uploads\/2021\/11\/20210630_101724-2048x1536.jpg 2048w, https:\/\/wernerzehe.de\/wp-content\/uploads\/2021\/11\/20210630_101724-1200x900.jpg 1200w, https:\/\/wernerzehe.de\/wp-content\/uploads\/2021\/11\/20210630_101724-1980x1485.jpg 1980w\" sizes=\"auto, (max-width: 1024px) 100vw, 1024px\" \/><\/a><\/figure>\n\n\n\n<figure class=\"wp-block-image size-large\"><a href=\"https:\/\/wernerzehe.de\/wp-content\/uploads\/2021\/11\/20210630_103042-scaled.jpg\"><img loading=\"lazy\" decoding=\"async\" width=\"1024\" height=\"768\" src=\"https:\/\/wernerzehe.de\/wp-content\/uploads\/2021\/11\/20210630_103042-1024x768.jpg\" alt=\"\" class=\"wp-image-1032\" srcset=\"https:\/\/wernerzehe.de\/wp-content\/uploads\/2021\/11\/20210630_103042-1024x768.jpg 1024w, https:\/\/wernerzehe.de\/wp-content\/uploads\/2021\/11\/20210630_103042-300x225.jpg 300w, https:\/\/wernerzehe.de\/wp-content\/uploads\/2021\/11\/20210630_103042-768x576.jpg 768w, https:\/\/wernerzehe.de\/wp-content\/uploads\/2021\/11\/20210630_103042-1536x1152.jpg 1536w, https:\/\/wernerzehe.de\/wp-content\/uploads\/2021\/11\/20210630_103042-2048x1536.jpg 2048w, https:\/\/wernerzehe.de\/wp-content\/uploads\/2021\/11\/20210630_103042-1200x900.jpg 1200w, https:\/\/wernerzehe.de\/wp-content\/uploads\/2021\/11\/20210630_103042-1980x1485.jpg 1980w\" sizes=\"auto, (max-width: 1024px) 100vw, 1024px\" \/><\/a><\/figure>\n\n\n\n<figure class=\"wp-block-image size-large\"><a href=\"https:\/\/wernerzehe.de\/wp-content\/uploads\/2021\/11\/20210630_135017-scaled.jpg\"><img loading=\"lazy\" decoding=\"async\" width=\"1024\" height=\"768\" src=\"https:\/\/wernerzehe.de\/wp-content\/uploads\/2021\/11\/20210630_135017-1024x768.jpg\" alt=\"\" class=\"wp-image-1033\" srcset=\"https:\/\/wernerzehe.de\/wp-content\/uploads\/2021\/11\/20210630_135017-1024x768.jpg 1024w, https:\/\/wernerzehe.de\/wp-content\/uploads\/2021\/11\/20210630_135017-300x225.jpg 300w, https:\/\/wernerzehe.de\/wp-content\/uploads\/2021\/11\/20210630_135017-768x576.jpg 768w, https:\/\/wernerzehe.de\/wp-content\/uploads\/2021\/11\/20210630_135017-1536x1152.jpg 1536w, https:\/\/wernerzehe.de\/wp-content\/uploads\/2021\/11\/20210630_135017-2048x1536.jpg 2048w, https:\/\/wernerzehe.de\/wp-content\/uploads\/2021\/11\/20210630_135017-1200x900.jpg 1200w, https:\/\/wernerzehe.de\/wp-content\/uploads\/2021\/11\/20210630_135017-1980x1485.jpg 1980w\" sizes=\"auto, (max-width: 1024px) 100vw, 1024px\" \/><\/a><\/figure>\n\n\n\n<figure class=\"wp-block-image size-large\"><a href=\"https:\/\/wernerzehe.de\/wp-content\/uploads\/2021\/11\/20210630_144426-scaled.jpg\"><img loading=\"lazy\" decoding=\"async\" width=\"1024\" height=\"768\" src=\"https:\/\/wernerzehe.de\/wp-content\/uploads\/2021\/11\/20210630_144426-1024x768.jpg\" alt=\"\" class=\"wp-image-1034\" srcset=\"https:\/\/wernerzehe.de\/wp-content\/uploads\/2021\/11\/20210630_144426-1024x768.jpg 1024w, https:\/\/wernerzehe.de\/wp-content\/uploads\/2021\/11\/20210630_144426-300x225.jpg 300w, https:\/\/wernerzehe.de\/wp-content\/uploads\/2021\/11\/20210630_144426-768x576.jpg 768w, https:\/\/wernerzehe.de\/wp-content\/uploads\/2021\/11\/20210630_144426-1536x1152.jpg 1536w, https:\/\/wernerzehe.de\/wp-content\/uploads\/2021\/11\/20210630_144426-2048x1536.jpg 2048w, https:\/\/wernerzehe.de\/wp-content\/uploads\/2021\/11\/20210630_144426-1200x900.jpg 1200w, https:\/\/wernerzehe.de\/wp-content\/uploads\/2021\/11\/20210630_144426-1980x1485.jpg 1980w\" sizes=\"auto, (max-width: 1024px) 100vw, 1024px\" \/><\/a><\/figure>\n\n\n\n<figure class=\"wp-block-image size-large\"><a href=\"https:\/\/wernerzehe.de\/wp-content\/uploads\/2021\/11\/20210630_144827-scaled.jpg\"><img loading=\"lazy\" decoding=\"async\" width=\"768\" height=\"1024\" src=\"https:\/\/wernerzehe.de\/wp-content\/uploads\/2021\/11\/20210630_144827-768x1024.jpg\" alt=\"\" class=\"wp-image-1035\" srcset=\"https:\/\/wernerzehe.de\/wp-content\/uploads\/2021\/11\/20210630_144827-768x1024.jpg 768w, https:\/\/wernerzehe.de\/wp-content\/uploads\/2021\/11\/20210630_144827-225x300.jpg 225w, https:\/\/wernerzehe.de\/wp-content\/uploads\/2021\/11\/20210630_144827-1152x1536.jpg 1152w, https:\/\/wernerzehe.de\/wp-content\/uploads\/2021\/11\/20210630_144827-1536x2048.jpg 1536w, https:\/\/wernerzehe.de\/wp-content\/uploads\/2021\/11\/20210630_144827-1200x1600.jpg 1200w, https:\/\/wernerzehe.de\/wp-content\/uploads\/2021\/11\/20210630_144827-1980x2640.jpg 1980w, https:\/\/wernerzehe.de\/wp-content\/uploads\/2021\/11\/20210630_144827-scaled.jpg 1920w\" sizes=\"auto, (max-width: 768px) 100vw, 768px\" \/><\/a><\/figure>\n\n\n\n<p>Am 01.07. ging es dann nochmal in die Region. Leider nur ein Bild gemacht, man war ich faul.<\/p>\n\n\n\n<figure class=\"wp-block-image size-large\"><a href=\"https:\/\/wernerzehe.de\/wp-content\/uploads\/2021\/11\/20210701_141523-scaled.jpg\"><img loading=\"lazy\" decoding=\"async\" width=\"1024\" height=\"768\" src=\"https:\/\/wernerzehe.de\/wp-content\/uploads\/2021\/11\/20210701_141523-1024x768.jpg\" alt=\"\" class=\"wp-image-1036\" srcset=\"https:\/\/wernerzehe.de\/wp-content\/uploads\/2021\/11\/20210701_141523-1024x768.jpg 1024w, https:\/\/wernerzehe.de\/wp-content\/uploads\/2021\/11\/20210701_141523-300x225.jpg 300w, https:\/\/wernerzehe.de\/wp-content\/uploads\/2021\/11\/20210701_141523-768x576.jpg 768w, https:\/\/wernerzehe.de\/wp-content\/uploads\/2021\/11\/20210701_141523-1536x1152.jpg 1536w, https:\/\/wernerzehe.de\/wp-content\/uploads\/2021\/11\/20210701_141523-2048x1536.jpg 2048w, https:\/\/wernerzehe.de\/wp-content\/uploads\/2021\/11\/20210701_141523-1200x900.jpg 1200w, https:\/\/wernerzehe.de\/wp-content\/uploads\/2021\/11\/20210701_141523-1980x1485.jpg 1980w\" sizes=\"auto, (max-width: 1024px) 100vw, 1024px\" \/><\/a><\/figure>\n\n\n\n<p>Und das war es dann auch schon mit unserer Tour. Am n\u00e4chsten Tag ging es bei Eisesk\u00e4lte Regen und Nebel zur\u00fcck Richtung Heimat. <\/p>\n\n\n\n<p>Aufgrund des Dauerregens und der K\u00e4lte hatten wir keine Lust die ganze Strecke durch zu fahren, insbesondere da f\u00fcr Hessen und Franken f\u00fcr den Samstag warm und Sonne gemeldet wurde. <\/p>\n\n\n\n<p>Der Letzte Tag verw\u00f6hnte uns dann wieder mit W\u00e4rme und Sonne auf der R\u00fcckfahrt.<\/p>\n\n\n\n<figure class=\"wp-block-image size-large\"><a href=\"https:\/\/wernerzehe.de\/wp-content\/uploads\/2021\/11\/20210703_131912-scaled.jpg\"><img loading=\"lazy\" decoding=\"async\" width=\"1024\" height=\"768\" src=\"https:\/\/wernerzehe.de\/wp-content\/uploads\/2021\/11\/20210703_131912-1024x768.jpg\" alt=\"\" class=\"wp-image-1037\" srcset=\"https:\/\/wernerzehe.de\/wp-content\/uploads\/2021\/11\/20210703_131912-1024x768.jpg 1024w, https:\/\/wernerzehe.de\/wp-content\/uploads\/2021\/11\/20210703_131912-300x225.jpg 300w, https:\/\/wernerzehe.de\/wp-content\/uploads\/2021\/11\/20210703_131912-768x576.jpg 768w, https:\/\/wernerzehe.de\/wp-content\/uploads\/2021\/11\/20210703_131912-1536x1152.jpg 1536w, https:\/\/wernerzehe.de\/wp-content\/uploads\/2021\/11\/20210703_131912-2048x1536.jpg 2048w, https:\/\/wernerzehe.de\/wp-content\/uploads\/2021\/11\/20210703_131912-1200x900.jpg 1200w, https:\/\/wernerzehe.de\/wp-content\/uploads\/2021\/11\/20210703_131912-1980x1485.jpg 1980w\" sizes=\"auto, (max-width: 1024px) 100vw, 1024px\" \/><\/a><figcaption>Rast im Odenwald.<\/figcaption><\/figure>\n\n\n\n<p><\/p>\n","protected":false},"excerpt":{"rendered":"<p>Es ist mal wieder Zeit f\u00fcr eine Motorradtour mit meinem Kumpel Joachim. Corona ist zwar ein Thema, aber aktuell im Juni 2021 sind die Bestimmungen ertr\u00e4glich. Wir sind beide durchgeimpft, daher beste Aussichten f\u00fcr eine unproblematische Fahrt, insbesondere da wir in Deutschland bleiben. Leider ist der Wetterbericht gerade nicht sehr positiv. Da wir nichts gebucht [&hellip;]<\/p>\n","protected":false},"author":1,"featured_media":0,"parent":0,"menu_order":0,"comment_status":"closed","ping_status":"closed","template":"","meta":{"footnotes":""},"class_list":["post-1024","page","type-page","status-publish","hentry"],"_links":{"self":[{"href":"https:\/\/wernerzehe.de\/index.php?rest_route=\/wp\/v2\/pages\/1024","targetHints":{"allow":["GET"]}}],"collection":[{"href":"https:\/\/wernerzehe.de\/index.php?rest_route=\/wp\/v2\/pages"}],"about":[{"href":"https:\/\/wernerzehe.de\/index.php?rest_route=\/wp\/v2\/types\/page"}],"author":[{"embeddable":true,"href":"https:\/\/wernerzehe.de\/index.php?rest_route=\/wp\/v2\/users\/1"}],"replies":[{"embeddable":true,"href":"https:\/\/wernerzehe.de\/index.php?rest_route=%2Fwp%2Fv2%2Fcomments&post=1024"}],"version-history":[{"count":2,"href":"https:\/\/wernerzehe.de\/index.php?rest_route=\/wp\/v2\/pages\/1024\/revisions"}],"predecessor-version":[{"id":1041,"href":"https:\/\/wernerzehe.de\/index.php?rest_route=\/wp\/v2\/pages\/1024\/revisions\/1041"}],"wp:attachment":[{"href":"https:\/\/wernerzehe.de\/index.php?rest_route=%2Fwp%2Fv2%2Fmedia&parent=1024"}],"curies":[{"name":"wp","href":"https:\/\/api.w.org\/{rel}","templated":true}]}}