{"id":1055,"date":"2021-11-26T16:08:48","date_gmt":"2021-11-26T15:08:48","guid":{"rendered":"https:\/\/wernerzehe.de\/?page_id=1055"},"modified":"2021-11-26T16:08:48","modified_gmt":"2021-11-26T15:08:48","slug":"2017-friaul","status":"publish","type":"page","link":"https:\/\/wernerzehe.de\/?page_id=1055","title":{"rendered":"2017 &#8211; Friaul"},"content":{"rendered":"\n<p>2017 hatte ich mal Lust mit meiner KLR auch ein paar Schotterstrecken unter die Achse zu nehmen. Doch wo kann man noch legal solche Strecken fahren? Da ich alleine unterwegs sein w\u00fcrde kamen anspruchsvolle Strecken daf\u00fcr leider nicht in Frage. Das Friaul, welches touristisch (zu Unrecht) doch noch etwas unerschlossen ist, sollte da einiges zu bieten haben.<\/p>\n\n\n\n<p>Also KLR auf den H\u00e4nger, und ab nach Ovaro, wo ich im Hotel Aplis untergekommen bin. Gute Lage f\u00fcr Touren und preislich OK. Das Abendessen war mir aber zu expensiv, da habe ich die benachbarte Pizzeria  in Tomasin besucht.<\/p>\n\n\n\n<figure class=\"wp-block-image size-large\"><a href=\"https:\/\/wernerzehe.de\/wp-content\/uploads\/2021\/11\/IMG_6435-scaled.jpg\"><img loading=\"lazy\" decoding=\"async\" width=\"1024\" height=\"768\" src=\"https:\/\/wernerzehe.de\/wp-content\/uploads\/2021\/11\/IMG_6435-1024x768.jpg\" alt=\"\" class=\"wp-image-1059\" srcset=\"https:\/\/wernerzehe.de\/wp-content\/uploads\/2021\/11\/IMG_6435-1024x768.jpg 1024w, https:\/\/wernerzehe.de\/wp-content\/uploads\/2021\/11\/IMG_6435-300x225.jpg 300w, https:\/\/wernerzehe.de\/wp-content\/uploads\/2021\/11\/IMG_6435-768x576.jpg 768w, https:\/\/wernerzehe.de\/wp-content\/uploads\/2021\/11\/IMG_6435-1536x1152.jpg 1536w, https:\/\/wernerzehe.de\/wp-content\/uploads\/2021\/11\/IMG_6435-2048x1536.jpg 2048w, https:\/\/wernerzehe.de\/wp-content\/uploads\/2021\/11\/IMG_6435-1200x900.jpg 1200w, https:\/\/wernerzehe.de\/wp-content\/uploads\/2021\/11\/IMG_6435-1980x1485.jpg 1980w\" sizes=\"auto, (max-width: 1024px) 100vw, 1024px\" \/><\/a><\/figure>\n\n\n\n<p>Am ersten Tag ging es nat\u00fcrlich gleich mal hoch zum Monte Zoncolan. Sch\u00f6ne Ecke mit witzigen Stra\u00dfen.<\/p>\n\n\n\n<figure class=\"wp-block-image size-large\"><a href=\"https:\/\/wernerzehe.de\/wp-content\/uploads\/2021\/11\/IMG_6433-scaled.jpg\"><img loading=\"lazy\" decoding=\"async\" width=\"1024\" height=\"768\" src=\"https:\/\/wernerzehe.de\/wp-content\/uploads\/2021\/11\/IMG_6433-1024x768.jpg\" alt=\"\" class=\"wp-image-1057\" srcset=\"https:\/\/wernerzehe.de\/wp-content\/uploads\/2021\/11\/IMG_6433-1024x768.jpg 1024w, https:\/\/wernerzehe.de\/wp-content\/uploads\/2021\/11\/IMG_6433-300x225.jpg 300w, https:\/\/wernerzehe.de\/wp-content\/uploads\/2021\/11\/IMG_6433-768x576.jpg 768w, https:\/\/wernerzehe.de\/wp-content\/uploads\/2021\/11\/IMG_6433-1536x1152.jpg 1536w, https:\/\/wernerzehe.de\/wp-content\/uploads\/2021\/11\/IMG_6433-2048x1536.jpg 2048w, https:\/\/wernerzehe.de\/wp-content\/uploads\/2021\/11\/IMG_6433-1200x900.jpg 1200w, https:\/\/wernerzehe.de\/wp-content\/uploads\/2021\/11\/IMG_6433-1980x1485.jpg 1980w\" sizes=\"auto, (max-width: 1024px) 100vw, 1024px\" \/><\/a><\/figure>\n\n\n\n<figure class=\"wp-block-image size-large\"><a href=\"https:\/\/wernerzehe.de\/wp-content\/uploads\/2021\/11\/IMG_6434-scaled.jpg\"><img loading=\"lazy\" decoding=\"async\" width=\"1024\" height=\"768\" src=\"https:\/\/wernerzehe.de\/wp-content\/uploads\/2021\/11\/IMG_6434-1024x768.jpg\" alt=\"\" class=\"wp-image-1058\" srcset=\"https:\/\/wernerzehe.de\/wp-content\/uploads\/2021\/11\/IMG_6434-1024x768.jpg 1024w, https:\/\/wernerzehe.de\/wp-content\/uploads\/2021\/11\/IMG_6434-300x225.jpg 300w, https:\/\/wernerzehe.de\/wp-content\/uploads\/2021\/11\/IMG_6434-768x576.jpg 768w, https:\/\/wernerzehe.de\/wp-content\/uploads\/2021\/11\/IMG_6434-1536x1152.jpg 1536w, https:\/\/wernerzehe.de\/wp-content\/uploads\/2021\/11\/IMG_6434-2048x1536.jpg 2048w, https:\/\/wernerzehe.de\/wp-content\/uploads\/2021\/11\/IMG_6434-1200x900.jpg 1200w, https:\/\/wernerzehe.de\/wp-content\/uploads\/2021\/11\/IMG_6434-1980x1485.jpg 1980w\" sizes=\"auto, (max-width: 1024px) 100vw, 1024px\" \/><\/a><\/figure>\n\n\n\n<p>Das war es dann auch schon an dem Tag. Ein Ast war vom Wind, bei einer kleinen Offroad Einlage, die Halterung am Visier besch\u00e4digt. Dadurch war das Visier so locker, dass ich es entsorgen musste. Ein netter italienischer BMW-Fahrer, den ich an der Stelle getroffen hatte, telefonierte daraufhin alle H\u00e4ndler in der Umgebung ab, ob einer, ein passendes Visier vorr\u00e4tig hatte.<\/p>\n\n\n\n<p>Erst in Udine wurde er f\u00fcndig. Also ohne Visier nach Udine, dort gleich montiert und bis ich dann im Hotel war, war der Tag auch schon rum.<\/p>\n\n\n\n<p>Tag 2: Heute ging es mitten ins Herz von Friaul.<\/p>\n\n\n\n<figure class=\"wp-block-image size-large\"><a href=\"https:\/\/wernerzehe.de\/wp-content\/uploads\/2021\/11\/IMG_6459-scaled.jpg\"><img loading=\"lazy\" decoding=\"async\" width=\"1024\" height=\"768\" src=\"https:\/\/wernerzehe.de\/wp-content\/uploads\/2021\/11\/IMG_6459-1024x768.jpg\" alt=\"\" class=\"wp-image-1060\" srcset=\"https:\/\/wernerzehe.de\/wp-content\/uploads\/2021\/11\/IMG_6459-1024x768.jpg 1024w, https:\/\/wernerzehe.de\/wp-content\/uploads\/2021\/11\/IMG_6459-300x225.jpg 300w, https:\/\/wernerzehe.de\/wp-content\/uploads\/2021\/11\/IMG_6459-768x576.jpg 768w, https:\/\/wernerzehe.de\/wp-content\/uploads\/2021\/11\/IMG_6459-1536x1152.jpg 1536w, https:\/\/wernerzehe.de\/wp-content\/uploads\/2021\/11\/IMG_6459-2048x1536.jpg 2048w, https:\/\/wernerzehe.de\/wp-content\/uploads\/2021\/11\/IMG_6459-1200x900.jpg 1200w, https:\/\/wernerzehe.de\/wp-content\/uploads\/2021\/11\/IMG_6459-1980x1485.jpg 1980w\" sizes=\"auto, (max-width: 1024px) 100vw, 1024px\" \/><\/a><\/figure>\n\n\n\n<figure class=\"wp-block-image size-large\"><a href=\"https:\/\/wernerzehe.de\/wp-content\/uploads\/2021\/11\/IMG_6466-scaled.jpg\"><img loading=\"lazy\" decoding=\"async\" width=\"1024\" height=\"768\" src=\"https:\/\/wernerzehe.de\/wp-content\/uploads\/2021\/11\/IMG_6466-1024x768.jpg\" alt=\"\" class=\"wp-image-1061\" srcset=\"https:\/\/wernerzehe.de\/wp-content\/uploads\/2021\/11\/IMG_6466-1024x768.jpg 1024w, https:\/\/wernerzehe.de\/wp-content\/uploads\/2021\/11\/IMG_6466-300x225.jpg 300w, https:\/\/wernerzehe.de\/wp-content\/uploads\/2021\/11\/IMG_6466-768x576.jpg 768w, https:\/\/wernerzehe.de\/wp-content\/uploads\/2021\/11\/IMG_6466-1536x1152.jpg 1536w, https:\/\/wernerzehe.de\/wp-content\/uploads\/2021\/11\/IMG_6466-2048x1536.jpg 2048w, https:\/\/wernerzehe.de\/wp-content\/uploads\/2021\/11\/IMG_6466-1200x900.jpg 1200w, https:\/\/wernerzehe.de\/wp-content\/uploads\/2021\/11\/IMG_6466-1980x1485.jpg 1980w\" sizes=\"auto, (max-width: 1024px) 100vw, 1024px\" \/><\/a><\/figure>\n\n\n\n<figure class=\"wp-block-image size-large\"><a href=\"https:\/\/wernerzehe.de\/wp-content\/uploads\/2021\/11\/IMG_6458-scaled.jpg\"><img loading=\"lazy\" decoding=\"async\" width=\"1024\" height=\"768\" src=\"https:\/\/wernerzehe.de\/wp-content\/uploads\/2021\/11\/IMG_6458-1024x768.jpg\" alt=\"\" class=\"wp-image-1062\" srcset=\"https:\/\/wernerzehe.de\/wp-content\/uploads\/2021\/11\/IMG_6458-1024x768.jpg 1024w, https:\/\/wernerzehe.de\/wp-content\/uploads\/2021\/11\/IMG_6458-300x225.jpg 300w, https:\/\/wernerzehe.de\/wp-content\/uploads\/2021\/11\/IMG_6458-768x576.jpg 768w, https:\/\/wernerzehe.de\/wp-content\/uploads\/2021\/11\/IMG_6458-1536x1152.jpg 1536w, https:\/\/wernerzehe.de\/wp-content\/uploads\/2021\/11\/IMG_6458-2048x1536.jpg 2048w, https:\/\/wernerzehe.de\/wp-content\/uploads\/2021\/11\/IMG_6458-1200x900.jpg 1200w, https:\/\/wernerzehe.de\/wp-content\/uploads\/2021\/11\/IMG_6458-1980x1485.jpg 1980w\" sizes=\"auto, (max-width: 1024px) 100vw, 1024px\" \/><\/a><\/figure>\n\n\n\n<p>Am n\u00e4chsten Tag stand ein Abstecher zum Mangart auf dem Plan. <\/p>\n\n\n\n<figure class=\"wp-block-image size-large\"><a href=\"https:\/\/wernerzehe.de\/wp-content\/uploads\/2021\/11\/IMG_6479-scaled.jpg\"><img loading=\"lazy\" decoding=\"async\" width=\"1024\" height=\"768\" src=\"https:\/\/wernerzehe.de\/wp-content\/uploads\/2021\/11\/IMG_6479-1024x768.jpg\" alt=\"\" class=\"wp-image-1063\" srcset=\"https:\/\/wernerzehe.de\/wp-content\/uploads\/2021\/11\/IMG_6479-1024x768.jpg 1024w, https:\/\/wernerzehe.de\/wp-content\/uploads\/2021\/11\/IMG_6479-300x225.jpg 300w, https:\/\/wernerzehe.de\/wp-content\/uploads\/2021\/11\/IMG_6479-768x576.jpg 768w, https:\/\/wernerzehe.de\/wp-content\/uploads\/2021\/11\/IMG_6479-1536x1152.jpg 1536w, https:\/\/wernerzehe.de\/wp-content\/uploads\/2021\/11\/IMG_6479-2048x1536.jpg 2048w, https:\/\/wernerzehe.de\/wp-content\/uploads\/2021\/11\/IMG_6479-1200x900.jpg 1200w, https:\/\/wernerzehe.de\/wp-content\/uploads\/2021\/11\/IMG_6479-1980x1485.jpg 1980w\" sizes=\"auto, (max-width: 1024px) 100vw, 1024px\" \/><\/a><\/figure>\n\n\n\n<figure class=\"wp-block-image size-large\"><a href=\"https:\/\/wernerzehe.de\/wp-content\/uploads\/2021\/11\/IMG_6484-scaled.jpg\"><img loading=\"lazy\" decoding=\"async\" width=\"1024\" height=\"768\" src=\"https:\/\/wernerzehe.de\/wp-content\/uploads\/2021\/11\/IMG_6484-1024x768.jpg\" alt=\"\" class=\"wp-image-1064\" srcset=\"https:\/\/wernerzehe.de\/wp-content\/uploads\/2021\/11\/IMG_6484-1024x768.jpg 1024w, https:\/\/wernerzehe.de\/wp-content\/uploads\/2021\/11\/IMG_6484-300x225.jpg 300w, https:\/\/wernerzehe.de\/wp-content\/uploads\/2021\/11\/IMG_6484-768x576.jpg 768w, https:\/\/wernerzehe.de\/wp-content\/uploads\/2021\/11\/IMG_6484-1536x1152.jpg 1536w, https:\/\/wernerzehe.de\/wp-content\/uploads\/2021\/11\/IMG_6484-2048x1536.jpg 2048w, https:\/\/wernerzehe.de\/wp-content\/uploads\/2021\/11\/IMG_6484-1200x900.jpg 1200w, https:\/\/wernerzehe.de\/wp-content\/uploads\/2021\/11\/IMG_6484-1980x1485.jpg 1980w\" sizes=\"auto, (max-width: 1024px) 100vw, 1024px\" \/><\/a><\/figure>\n\n\n\n<figure class=\"wp-block-image size-large\"><a href=\"https:\/\/wernerzehe.de\/wp-content\/uploads\/2021\/11\/IMG_6486-scaled.jpg\"><img loading=\"lazy\" decoding=\"async\" width=\"1024\" height=\"768\" src=\"https:\/\/wernerzehe.de\/wp-content\/uploads\/2021\/11\/IMG_6486-1024x768.jpg\" alt=\"\" class=\"wp-image-1065\" srcset=\"https:\/\/wernerzehe.de\/wp-content\/uploads\/2021\/11\/IMG_6486-1024x768.jpg 1024w, https:\/\/wernerzehe.de\/wp-content\/uploads\/2021\/11\/IMG_6486-300x225.jpg 300w, https:\/\/wernerzehe.de\/wp-content\/uploads\/2021\/11\/IMG_6486-768x576.jpg 768w, https:\/\/wernerzehe.de\/wp-content\/uploads\/2021\/11\/IMG_6486-1536x1152.jpg 1536w, https:\/\/wernerzehe.de\/wp-content\/uploads\/2021\/11\/IMG_6486-2048x1536.jpg 2048w, https:\/\/wernerzehe.de\/wp-content\/uploads\/2021\/11\/IMG_6486-1200x900.jpg 1200w, https:\/\/wernerzehe.de\/wp-content\/uploads\/2021\/11\/IMG_6486-1980x1485.jpg 1980w\" sizes=\"auto, (max-width: 1024px) 100vw, 1024px\" \/><\/a><\/figure>\n\n\n\n<figure class=\"wp-block-image size-large\"><a href=\"https:\/\/wernerzehe.de\/wp-content\/uploads\/2021\/11\/IMG_6490-scaled.jpg\"><img loading=\"lazy\" decoding=\"async\" width=\"1024\" height=\"768\" src=\"https:\/\/wernerzehe.de\/wp-content\/uploads\/2021\/11\/IMG_6490-1024x768.jpg\" alt=\"\" class=\"wp-image-1066\" srcset=\"https:\/\/wernerzehe.de\/wp-content\/uploads\/2021\/11\/IMG_6490-1024x768.jpg 1024w, https:\/\/wernerzehe.de\/wp-content\/uploads\/2021\/11\/IMG_6490-300x225.jpg 300w, https:\/\/wernerzehe.de\/wp-content\/uploads\/2021\/11\/IMG_6490-768x576.jpg 768w, https:\/\/wernerzehe.de\/wp-content\/uploads\/2021\/11\/IMG_6490-1536x1152.jpg 1536w, https:\/\/wernerzehe.de\/wp-content\/uploads\/2021\/11\/IMG_6490-2048x1536.jpg 2048w, https:\/\/wernerzehe.de\/wp-content\/uploads\/2021\/11\/IMG_6490-1200x900.jpg 1200w, https:\/\/wernerzehe.de\/wp-content\/uploads\/2021\/11\/IMG_6490-1980x1485.jpg 1980w\" sizes=\"auto, (max-width: 1024px) 100vw, 1024px\" \/><\/a><\/figure>\n\n\n\n<figure class=\"wp-block-image size-large\"><a href=\"https:\/\/wernerzehe.de\/wp-content\/uploads\/2021\/11\/IMG_6495-scaled.jpg\"><img loading=\"lazy\" decoding=\"async\" width=\"1024\" height=\"768\" src=\"https:\/\/wernerzehe.de\/wp-content\/uploads\/2021\/11\/IMG_6495-1024x768.jpg\" alt=\"\" class=\"wp-image-1067\" srcset=\"https:\/\/wernerzehe.de\/wp-content\/uploads\/2021\/11\/IMG_6495-1024x768.jpg 1024w, https:\/\/wernerzehe.de\/wp-content\/uploads\/2021\/11\/IMG_6495-300x225.jpg 300w, https:\/\/wernerzehe.de\/wp-content\/uploads\/2021\/11\/IMG_6495-768x576.jpg 768w, https:\/\/wernerzehe.de\/wp-content\/uploads\/2021\/11\/IMG_6495-1536x1152.jpg 1536w, https:\/\/wernerzehe.de\/wp-content\/uploads\/2021\/11\/IMG_6495-2048x1536.jpg 2048w, https:\/\/wernerzehe.de\/wp-content\/uploads\/2021\/11\/IMG_6495-1200x900.jpg 1200w, https:\/\/wernerzehe.de\/wp-content\/uploads\/2021\/11\/IMG_6495-1980x1485.jpg 1980w\" sizes=\"auto, (max-width: 1024px) 100vw, 1024px\" \/><\/a><\/figure>\n\n\n\n<p>Die Strecke hoch ist zwar eine Mautstrecke, aber total g\u00fcnstig und es lohnt sich!<\/p>\n\n\n\n<p>Am n\u00e4chsten Tag standen kleine Strecken im Friaul auf dem Plan.<\/p>\n\n\n\n<figure class=\"wp-block-image size-large\"><a href=\"https:\/\/wernerzehe.de\/wp-content\/uploads\/2021\/11\/IMG_6501-scaled.jpg\"><img loading=\"lazy\" decoding=\"async\" width=\"1024\" height=\"768\" src=\"https:\/\/wernerzehe.de\/wp-content\/uploads\/2021\/11\/IMG_6501-1024x768.jpg\" alt=\"\" class=\"wp-image-1068\" srcset=\"https:\/\/wernerzehe.de\/wp-content\/uploads\/2021\/11\/IMG_6501-1024x768.jpg 1024w, https:\/\/wernerzehe.de\/wp-content\/uploads\/2021\/11\/IMG_6501-300x225.jpg 300w, https:\/\/wernerzehe.de\/wp-content\/uploads\/2021\/11\/IMG_6501-768x576.jpg 768w, https:\/\/wernerzehe.de\/wp-content\/uploads\/2021\/11\/IMG_6501-1536x1152.jpg 1536w, https:\/\/wernerzehe.de\/wp-content\/uploads\/2021\/11\/IMG_6501-2048x1536.jpg 2048w, https:\/\/wernerzehe.de\/wp-content\/uploads\/2021\/11\/IMG_6501-1200x900.jpg 1200w, https:\/\/wernerzehe.de\/wp-content\/uploads\/2021\/11\/IMG_6501-1980x1485.jpg 1980w\" sizes=\"auto, (max-width: 1024px) 100vw, 1024px\" \/><\/a><\/figure>\n\n\n\n<figure class=\"wp-block-image size-large\"><a href=\"https:\/\/wernerzehe.de\/wp-content\/uploads\/2021\/11\/IMG_6504-scaled.jpg\"><img loading=\"lazy\" decoding=\"async\" width=\"1024\" height=\"768\" src=\"https:\/\/wernerzehe.de\/wp-content\/uploads\/2021\/11\/IMG_6504-1024x768.jpg\" alt=\"\" class=\"wp-image-1069\" srcset=\"https:\/\/wernerzehe.de\/wp-content\/uploads\/2021\/11\/IMG_6504-1024x768.jpg 1024w, https:\/\/wernerzehe.de\/wp-content\/uploads\/2021\/11\/IMG_6504-300x225.jpg 300w, https:\/\/wernerzehe.de\/wp-content\/uploads\/2021\/11\/IMG_6504-768x576.jpg 768w, https:\/\/wernerzehe.de\/wp-content\/uploads\/2021\/11\/IMG_6504-1536x1152.jpg 1536w, https:\/\/wernerzehe.de\/wp-content\/uploads\/2021\/11\/IMG_6504-2048x1536.jpg 2048w, https:\/\/wernerzehe.de\/wp-content\/uploads\/2021\/11\/IMG_6504-1200x900.jpg 1200w, https:\/\/wernerzehe.de\/wp-content\/uploads\/2021\/11\/IMG_6504-1980x1485.jpg 1980w\" sizes=\"auto, (max-width: 1024px) 100vw, 1024px\" \/><\/a><\/figure>\n\n\n\n<figure class=\"wp-block-image size-large\"><a href=\"https:\/\/wernerzehe.de\/wp-content\/uploads\/2021\/11\/IMG_6508-scaled.jpg\"><img loading=\"lazy\" decoding=\"async\" width=\"1024\" height=\"768\" src=\"https:\/\/wernerzehe.de\/wp-content\/uploads\/2021\/11\/IMG_6508-1024x768.jpg\" alt=\"\" class=\"wp-image-1070\" srcset=\"https:\/\/wernerzehe.de\/wp-content\/uploads\/2021\/11\/IMG_6508-1024x768.jpg 1024w, https:\/\/wernerzehe.de\/wp-content\/uploads\/2021\/11\/IMG_6508-300x225.jpg 300w, https:\/\/wernerzehe.de\/wp-content\/uploads\/2021\/11\/IMG_6508-768x576.jpg 768w, https:\/\/wernerzehe.de\/wp-content\/uploads\/2021\/11\/IMG_6508-1536x1152.jpg 1536w, https:\/\/wernerzehe.de\/wp-content\/uploads\/2021\/11\/IMG_6508-2048x1536.jpg 2048w, https:\/\/wernerzehe.de\/wp-content\/uploads\/2021\/11\/IMG_6508-1200x900.jpg 1200w, https:\/\/wernerzehe.de\/wp-content\/uploads\/2021\/11\/IMG_6508-1980x1485.jpg 1980w\" sizes=\"auto, (max-width: 1024px) 100vw, 1024px\" \/><\/a><\/figure>\n\n\n\n<figure class=\"wp-block-image size-large\"><a href=\"https:\/\/wernerzehe.de\/wp-content\/uploads\/2021\/11\/IMG_6510-scaled.jpg\"><img loading=\"lazy\" decoding=\"async\" width=\"1024\" height=\"768\" src=\"https:\/\/wernerzehe.de\/wp-content\/uploads\/2021\/11\/IMG_6510-1024x768.jpg\" alt=\"\" class=\"wp-image-1071\" srcset=\"https:\/\/wernerzehe.de\/wp-content\/uploads\/2021\/11\/IMG_6510-1024x768.jpg 1024w, https:\/\/wernerzehe.de\/wp-content\/uploads\/2021\/11\/IMG_6510-300x225.jpg 300w, https:\/\/wernerzehe.de\/wp-content\/uploads\/2021\/11\/IMG_6510-768x576.jpg 768w, https:\/\/wernerzehe.de\/wp-content\/uploads\/2021\/11\/IMG_6510-1536x1152.jpg 1536w, https:\/\/wernerzehe.de\/wp-content\/uploads\/2021\/11\/IMG_6510-2048x1536.jpg 2048w, https:\/\/wernerzehe.de\/wp-content\/uploads\/2021\/11\/IMG_6510-1200x900.jpg 1200w, https:\/\/wernerzehe.de\/wp-content\/uploads\/2021\/11\/IMG_6510-1980x1485.jpg 1980w\" sizes=\"auto, (max-width: 1024px) 100vw, 1024px\" \/><\/a><\/figure>\n\n\n\n<p>Und wieder ein Tag rum.<\/p>\n\n\n\n<figure class=\"wp-block-image size-large\"><a href=\"https:\/\/wernerzehe.de\/wp-content\/uploads\/2021\/11\/IMG_6511-scaled.jpg\"><img loading=\"lazy\" decoding=\"async\" width=\"1024\" height=\"768\" src=\"https:\/\/wernerzehe.de\/wp-content\/uploads\/2021\/11\/IMG_6511-1024x768.jpg\" alt=\"\" class=\"wp-image-1072\" srcset=\"https:\/\/wernerzehe.de\/wp-content\/uploads\/2021\/11\/IMG_6511-1024x768.jpg 1024w, https:\/\/wernerzehe.de\/wp-content\/uploads\/2021\/11\/IMG_6511-300x225.jpg 300w, https:\/\/wernerzehe.de\/wp-content\/uploads\/2021\/11\/IMG_6511-768x576.jpg 768w, https:\/\/wernerzehe.de\/wp-content\/uploads\/2021\/11\/IMG_6511-1536x1152.jpg 1536w, https:\/\/wernerzehe.de\/wp-content\/uploads\/2021\/11\/IMG_6511-2048x1536.jpg 2048w, https:\/\/wernerzehe.de\/wp-content\/uploads\/2021\/11\/IMG_6511-1200x900.jpg 1200w, https:\/\/wernerzehe.de\/wp-content\/uploads\/2021\/11\/IMG_6511-1980x1485.jpg 1980w\" sizes=\"auto, (max-width: 1024px) 100vw, 1024px\" \/><\/a><\/figure>\n\n\n\n<figure class=\"wp-block-image size-large\"><a href=\"https:\/\/wernerzehe.de\/wp-content\/uploads\/2021\/11\/IMG_6512-scaled.jpg\"><img loading=\"lazy\" decoding=\"async\" width=\"1024\" height=\"768\" src=\"https:\/\/wernerzehe.de\/wp-content\/uploads\/2021\/11\/IMG_6512-1024x768.jpg\" alt=\"\" class=\"wp-image-1073\" srcset=\"https:\/\/wernerzehe.de\/wp-content\/uploads\/2021\/11\/IMG_6512-1024x768.jpg 1024w, https:\/\/wernerzehe.de\/wp-content\/uploads\/2021\/11\/IMG_6512-300x225.jpg 300w, https:\/\/wernerzehe.de\/wp-content\/uploads\/2021\/11\/IMG_6512-768x576.jpg 768w, https:\/\/wernerzehe.de\/wp-content\/uploads\/2021\/11\/IMG_6512-1536x1152.jpg 1536w, https:\/\/wernerzehe.de\/wp-content\/uploads\/2021\/11\/IMG_6512-2048x1536.jpg 2048w, https:\/\/wernerzehe.de\/wp-content\/uploads\/2021\/11\/IMG_6512-1200x900.jpg 1200w, https:\/\/wernerzehe.de\/wp-content\/uploads\/2021\/11\/IMG_6512-1980x1485.jpg 1980w\" sizes=\"auto, (max-width: 1024px) 100vw, 1024px\" \/><\/a><\/figure>\n\n\n\n<figure class=\"wp-block-image size-large\"><a href=\"https:\/\/wernerzehe.de\/wp-content\/uploads\/2021\/11\/IMG_6520-scaled.jpg\"><img loading=\"lazy\" decoding=\"async\" width=\"768\" height=\"1024\" src=\"https:\/\/wernerzehe.de\/wp-content\/uploads\/2021\/11\/IMG_6520-768x1024.jpg\" alt=\"\" class=\"wp-image-1074\" srcset=\"https:\/\/wernerzehe.de\/wp-content\/uploads\/2021\/11\/IMG_6520-768x1024.jpg 768w, https:\/\/wernerzehe.de\/wp-content\/uploads\/2021\/11\/IMG_6520-225x300.jpg 225w, https:\/\/wernerzehe.de\/wp-content\/uploads\/2021\/11\/IMG_6520-1152x1536.jpg 1152w, https:\/\/wernerzehe.de\/wp-content\/uploads\/2021\/11\/IMG_6520-1536x2048.jpg 1536w, https:\/\/wernerzehe.de\/wp-content\/uploads\/2021\/11\/IMG_6520-1200x1600.jpg 1200w, https:\/\/wernerzehe.de\/wp-content\/uploads\/2021\/11\/IMG_6520-1980x2640.jpg 1980w, https:\/\/wernerzehe.de\/wp-content\/uploads\/2021\/11\/IMG_6520-scaled.jpg 1920w\" sizes=\"auto, (max-width: 768px) 100vw, 768px\" \/><\/a><\/figure>\n\n\n\n<p>Die Temperaturen waren teilweise echt heftig mit weit \u00fcber 30 Grad. Da waren Schatten oder mal etwas k\u00fchles nass eine echte Erholung.<\/p>\n\n\n\n<figure class=\"wp-block-image size-large\"><a href=\"https:\/\/wernerzehe.de\/wp-content\/uploads\/2021\/11\/IMG_6522-scaled.jpg\"><img loading=\"lazy\" decoding=\"async\" width=\"1024\" height=\"768\" src=\"https:\/\/wernerzehe.de\/wp-content\/uploads\/2021\/11\/IMG_6522-1024x768.jpg\" alt=\"\" class=\"wp-image-1075\" srcset=\"https:\/\/wernerzehe.de\/wp-content\/uploads\/2021\/11\/IMG_6522-1024x768.jpg 1024w, https:\/\/wernerzehe.de\/wp-content\/uploads\/2021\/11\/IMG_6522-300x225.jpg 300w, https:\/\/wernerzehe.de\/wp-content\/uploads\/2021\/11\/IMG_6522-768x576.jpg 768w, https:\/\/wernerzehe.de\/wp-content\/uploads\/2021\/11\/IMG_6522-1536x1152.jpg 1536w, https:\/\/wernerzehe.de\/wp-content\/uploads\/2021\/11\/IMG_6522-2048x1536.jpg 2048w, https:\/\/wernerzehe.de\/wp-content\/uploads\/2021\/11\/IMG_6522-1200x900.jpg 1200w, https:\/\/wernerzehe.de\/wp-content\/uploads\/2021\/11\/IMG_6522-1980x1485.jpg 1980w\" sizes=\"auto, (max-width: 1024px) 100vw, 1024px\" \/><\/a><\/figure>\n\n\n\n<figure class=\"wp-block-image size-large\"><a href=\"https:\/\/wernerzehe.de\/wp-content\/uploads\/2021\/11\/IMG_6525-rotated.jpg\"><img loading=\"lazy\" decoding=\"async\" width=\"768\" height=\"1024\" src=\"https:\/\/wernerzehe.de\/wp-content\/uploads\/2021\/11\/IMG_6525-768x1024.jpg\" alt=\"\" class=\"wp-image-1076\" srcset=\"https:\/\/wernerzehe.de\/wp-content\/uploads\/2021\/11\/IMG_6525-768x1024.jpg 768w, https:\/\/wernerzehe.de\/wp-content\/uploads\/2021\/11\/IMG_6525-225x300.jpg 225w, https:\/\/wernerzehe.de\/wp-content\/uploads\/2021\/11\/IMG_6525-rotated.jpg 960w\" sizes=\"auto, (max-width: 768px) 100vw, 768px\" \/><\/a><\/figure>\n\n\n\n<p>Am n\u00e4chsten Tag ging es durch die berge nach \u00d6sterreich und \u00fcber Nassfeld wieder zur\u00fcck.<\/p>\n\n\n\n<figure class=\"wp-block-image size-large\"><a href=\"https:\/\/wernerzehe.de\/wp-content\/uploads\/2021\/11\/IMG_6534-scaled.jpg\"><img loading=\"lazy\" decoding=\"async\" width=\"1024\" height=\"768\" src=\"https:\/\/wernerzehe.de\/wp-content\/uploads\/2021\/11\/IMG_6534-1024x768.jpg\" alt=\"\" class=\"wp-image-1077\" srcset=\"https:\/\/wernerzehe.de\/wp-content\/uploads\/2021\/11\/IMG_6534-1024x768.jpg 1024w, https:\/\/wernerzehe.de\/wp-content\/uploads\/2021\/11\/IMG_6534-300x225.jpg 300w, https:\/\/wernerzehe.de\/wp-content\/uploads\/2021\/11\/IMG_6534-768x576.jpg 768w, https:\/\/wernerzehe.de\/wp-content\/uploads\/2021\/11\/IMG_6534-1536x1152.jpg 1536w, https:\/\/wernerzehe.de\/wp-content\/uploads\/2021\/11\/IMG_6534-2048x1536.jpg 2048w, https:\/\/wernerzehe.de\/wp-content\/uploads\/2021\/11\/IMG_6534-1200x900.jpg 1200w, https:\/\/wernerzehe.de\/wp-content\/uploads\/2021\/11\/IMG_6534-1980x1485.jpg 1980w\" sizes=\"auto, (max-width: 1024px) 100vw, 1024px\" \/><\/a><\/figure>\n\n\n\n<figure class=\"wp-block-image size-large\"><a href=\"https:\/\/wernerzehe.de\/wp-content\/uploads\/2021\/11\/IMG_6540-scaled.jpg\"><img loading=\"lazy\" decoding=\"async\" width=\"1024\" height=\"768\" src=\"https:\/\/wernerzehe.de\/wp-content\/uploads\/2021\/11\/IMG_6540-1024x768.jpg\" alt=\"\" class=\"wp-image-1078\" srcset=\"https:\/\/wernerzehe.de\/wp-content\/uploads\/2021\/11\/IMG_6540-1024x768.jpg 1024w, https:\/\/wernerzehe.de\/wp-content\/uploads\/2021\/11\/IMG_6540-300x225.jpg 300w, https:\/\/wernerzehe.de\/wp-content\/uploads\/2021\/11\/IMG_6540-768x576.jpg 768w, https:\/\/wernerzehe.de\/wp-content\/uploads\/2021\/11\/IMG_6540-1536x1152.jpg 1536w, https:\/\/wernerzehe.de\/wp-content\/uploads\/2021\/11\/IMG_6540-2048x1536.jpg 2048w, https:\/\/wernerzehe.de\/wp-content\/uploads\/2021\/11\/IMG_6540-1200x900.jpg 1200w, https:\/\/wernerzehe.de\/wp-content\/uploads\/2021\/11\/IMG_6540-1980x1485.jpg 1980w\" sizes=\"auto, (max-width: 1024px) 100vw, 1024px\" \/><\/a><\/figure>\n\n\n\n<p>Die obige Stra\u00dfe war  bis vor ein paar Jahren noch unbefestigt. Da ben\u00f6tigt man gute Bremsen.<\/p>\n\n\n\n<p>Und dass war dann auch schon der letzte Tag im Friaul.<\/p>\n","protected":false},"excerpt":{"rendered":"<p>2017 hatte ich mal Lust mit meiner KLR auch ein paar Schotterstrecken unter die Achse zu nehmen. Doch wo kann man noch legal solche Strecken fahren? Da ich alleine unterwegs sein w\u00fcrde kamen anspruchsvolle Strecken daf\u00fcr leider nicht in Frage. Das Friaul, welches touristisch (zu Unrecht) doch noch etwas unerschlossen ist, sollte da einiges zu [&hellip;]<\/p>\n","protected":false},"author":1,"featured_media":0,"parent":0,"menu_order":0,"comment_status":"closed","ping_status":"closed","template":"","meta":{"footnotes":""},"class_list":["post-1055","page","type-page","status-publish","hentry"],"_links":{"self":[{"href":"https:\/\/wernerzehe.de\/index.php?rest_route=\/wp\/v2\/pages\/1055","targetHints":{"allow":["GET"]}}],"collection":[{"href":"https:\/\/wernerzehe.de\/index.php?rest_route=\/wp\/v2\/pages"}],"about":[{"href":"https:\/\/wernerzehe.de\/index.php?rest_route=\/wp\/v2\/types\/page"}],"author":[{"embeddable":true,"href":"https:\/\/wernerzehe.de\/index.php?rest_route=\/wp\/v2\/users\/1"}],"replies":[{"embeddable":true,"href":"https:\/\/wernerzehe.de\/index.php?rest_route=%2Fwp%2Fv2%2Fcomments&post=1055"}],"version-history":[{"count":1,"href":"https:\/\/wernerzehe.de\/index.php?rest_route=\/wp\/v2\/pages\/1055\/revisions"}],"predecessor-version":[{"id":1081,"href":"https:\/\/wernerzehe.de\/index.php?rest_route=\/wp\/v2\/pages\/1055\/revisions\/1081"}],"wp:attachment":[{"href":"https:\/\/wernerzehe.de\/index.php?rest_route=%2Fwp%2Fv2%2Fmedia&parent=1055"}],"curies":[{"name":"wp","href":"https:\/\/api.w.org\/{rel}","templated":true}]}}