{"id":111,"date":"2013-06-25T13:09:19","date_gmt":"2013-06-25T11:09:19","guid":{"rendered":"http:\/\/www.wernerzehe.de\/wp\/?page_id=111"},"modified":"2015-10-19T15:28:38","modified_gmt":"2015-10-19T13:28:38","slug":"audi-tt-roadster-8j","status":"publish","type":"page","link":"https:\/\/wernerzehe.de\/?page_id=111","title":{"rendered":"AUDI TT Roadster 8J"},"content":{"rendered":"<div align=\"center\">\nSo habe ich ihn gekauft<br \/>\n<a href=\"https:\/\/www.wernerzehe.de\/wp-content\/uploads\/2013\/07\/tt01.jpg\" rel=\"lightbox[tt]\"><img loading=\"lazy\" decoding=\"async\" class=\"aligncenter size-medium wp-image-395\" alt=\"tt01\" src=\"https:\/\/www.wernerzehe.de\/wp-content\/uploads\/2013\/07\/tt01-300x225.jpg\" width=\"300\" height=\"225\" srcset=\"https:\/\/wernerzehe.de\/wp-content\/uploads\/2013\/07\/tt01-300x225.jpg 300w, https:\/\/wernerzehe.de\/wp-content\/uploads\/2013\/07\/tt01-1024x768.jpg 1024w, https:\/\/wernerzehe.de\/wp-content\/uploads\/2013\/07\/tt01-400x300.jpg 400w, https:\/\/wernerzehe.de\/wp-content\/uploads\/2013\/07\/tt01.jpg 1280w\" sizes=\"auto, (max-width: 300px) 100vw, 300px\" \/><\/a><\/p>\n<\/div>\n<div align=\"left\">\n<ul>Ausstattung:<\/ul>\n<ul>\n<li>2.0 TFSI mit 200PS<\/li>\n<li>S line Sportpaket plus mit 18&#8243; Bereifung 245\/40 ZR 18; Sportfahrwerk und Schaltwegverk\u00fcrzung<\/li>\n<li>Leder\/Alcantara gelocht mit silbernen Ziern\u00e4hten<\/li>\n<li>automatisches Verdeck<\/li>\n<li>elektrisches Windschott<\/li>\n<li>Audi Navi plus<\/li>\n<li>Au\u00dfenspiegel, elektrisch einstell-, anklapp- und beheizbar<\/li>\n<li>Innenspiegel automatisch abblendend, mit Licht-\/Regensensor<\/li>\n<li>Erweiterte Aluminiumoptik<\/li>\n<li>S line Multifunktionslenkrad<\/li>\n<li>Sitzheizung<\/li>\n<li>Frontscheibe mit grauem Colorstreifen<\/li>\n<li>Audi parking system<\/li>\n<li>Geschwindigkeitsregelanlage<\/li>\n<li>Klimaautomatik in eigenst\u00e4ndiger TT Optik<\/li>\n<li>Handyvorbereitung (Bluetooth)<\/li>\n<\/ul>\n<\/div>\n<p><a href=\"https:\/\/www.wernerzehe.de\/wp-content\/uploads\/2013\/07\/tt02.jpg\" rel=\"lightbox[tt]\"><img loading=\"lazy\" decoding=\"async\" class=\"aligncenter size-medium wp-image-396\" alt=\"tt02\" src=\"https:\/\/www.wernerzehe.de\/wp-content\/uploads\/2013\/07\/tt02-300x225.jpg\" width=\"300\" height=\"225\" srcset=\"https:\/\/wernerzehe.de\/wp-content\/uploads\/2013\/07\/tt02-300x225.jpg 300w, https:\/\/wernerzehe.de\/wp-content\/uploads\/2013\/07\/tt02-1024x768.jpg 1024w, https:\/\/wernerzehe.de\/wp-content\/uploads\/2013\/07\/tt02-400x300.jpg 400w, https:\/\/wernerzehe.de\/wp-content\/uploads\/2013\/07\/tt02.jpg 1280w\" sizes=\"auto, (max-width: 300px) 100vw, 300px\" \/><\/a><br \/>\n<a href=\"https:\/\/www.wernerzehe.de\/wp-content\/uploads\/2013\/07\/tt03.jpg\" rel=\"lightbox[tt]\"><img loading=\"lazy\" decoding=\"async\" class=\"aligncenter size-medium wp-image-397\" alt=\"tt03\" src=\"https:\/\/www.wernerzehe.de\/wp-content\/uploads\/2013\/07\/tt03-300x225.jpg\" width=\"300\" height=\"225\" srcset=\"https:\/\/wernerzehe.de\/wp-content\/uploads\/2013\/07\/tt03-300x225.jpg 300w, https:\/\/wernerzehe.de\/wp-content\/uploads\/2013\/07\/tt03-1024x768.jpg 1024w, https:\/\/wernerzehe.de\/wp-content\/uploads\/2013\/07\/tt03-400x300.jpg 400w, https:\/\/wernerzehe.de\/wp-content\/uploads\/2013\/07\/tt03.jpg 1280w\" sizes=\"auto, (max-width: 300px) 100vw, 300px\" \/><\/a><br \/>\n<a href=\"https:\/\/www.wernerzehe.de\/wp-content\/uploads\/2013\/07\/tt04.jpg\" rel=\"lightbox[tt]\"><img loading=\"lazy\" decoding=\"async\" class=\"aligncenter size-medium wp-image-398\" alt=\"tt04\" src=\"https:\/\/www.wernerzehe.de\/wp-content\/uploads\/2013\/07\/tt04-300x225.jpg\" width=\"300\" height=\"225\" srcset=\"https:\/\/wernerzehe.de\/wp-content\/uploads\/2013\/07\/tt04-300x225.jpg 300w, https:\/\/wernerzehe.de\/wp-content\/uploads\/2013\/07\/tt04-1024x768.jpg 1024w, https:\/\/wernerzehe.de\/wp-content\/uploads\/2013\/07\/tt04-400x300.jpg 400w, https:\/\/wernerzehe.de\/wp-content\/uploads\/2013\/07\/tt04.jpg 1280w\" sizes=\"auto, (max-width: 300px) 100vw, 300px\" \/><\/a><br \/>\n<a href=\"https:\/\/www.wernerzehe.de\/wp-content\/uploads\/2013\/07\/tt05.jpg\" rel=\"lightbox[tt]\"><img loading=\"lazy\" decoding=\"async\" class=\"aligncenter size-medium wp-image-399\" alt=\"tt05\" src=\"https:\/\/www.wernerzehe.de\/wp-content\/uploads\/2013\/07\/tt05-300x225.jpg\" width=\"300\" height=\"225\" srcset=\"https:\/\/wernerzehe.de\/wp-content\/uploads\/2013\/07\/tt05-300x225.jpg 300w, https:\/\/wernerzehe.de\/wp-content\/uploads\/2013\/07\/tt05-1024x768.jpg 1024w, https:\/\/wernerzehe.de\/wp-content\/uploads\/2013\/07\/tt05-400x300.jpg 400w, https:\/\/wernerzehe.de\/wp-content\/uploads\/2013\/07\/tt05.jpg 1280w\" sizes=\"auto, (max-width: 300px) 100vw, 300px\" \/><\/a><br \/>\n<a href=\"https:\/\/www.wernerzehe.de\/wp-content\/uploads\/2013\/07\/tt06.jpg\" rel=\"lightbox[tt]\"><img loading=\"lazy\" decoding=\"async\" class=\"aligncenter size-medium wp-image-400\" alt=\"tt06\" src=\"https:\/\/www.wernerzehe.de\/wp-content\/uploads\/2013\/07\/tt06-300x225.jpg\" width=\"300\" height=\"225\" srcset=\"https:\/\/wernerzehe.de\/wp-content\/uploads\/2013\/07\/tt06-300x225.jpg 300w, https:\/\/wernerzehe.de\/wp-content\/uploads\/2013\/07\/tt06-1024x768.jpg 1024w, https:\/\/wernerzehe.de\/wp-content\/uploads\/2013\/07\/tt06-400x300.jpg 400w, https:\/\/wernerzehe.de\/wp-content\/uploads\/2013\/07\/tt06.jpg 1280w\" sizes=\"auto, (max-width: 300px) 100vw, 300px\" \/><\/a><br \/>\n<a href=\"https:\/\/www.wernerzehe.de\/wp-content\/uploads\/2013\/07\/tt07.jpg\" rel=\"lightbox[tt]\"><img loading=\"lazy\" decoding=\"async\" class=\"aligncenter size-medium wp-image-401\" alt=\"tt07\" src=\"https:\/\/www.wernerzehe.de\/wp-content\/uploads\/2013\/07\/tt07-300x225.jpg\" width=\"300\" height=\"225\" srcset=\"https:\/\/wernerzehe.de\/wp-content\/uploads\/2013\/07\/tt07-300x225.jpg 300w, https:\/\/wernerzehe.de\/wp-content\/uploads\/2013\/07\/tt07-1024x768.jpg 1024w, https:\/\/wernerzehe.de\/wp-content\/uploads\/2013\/07\/tt07-400x300.jpg 400w, https:\/\/wernerzehe.de\/wp-content\/uploads\/2013\/07\/tt07.jpg 1280w\" sizes=\"auto, (max-width: 300px) 100vw, 300px\" \/><\/a><br \/>\n<a href=\"https:\/\/www.wernerzehe.de\/wp-content\/uploads\/2013\/07\/tt08.jpg\" rel=\"lightbox[tt]\"><img loading=\"lazy\" decoding=\"async\" class=\"aligncenter size-medium wp-image-402\" alt=\"tt08\" src=\"https:\/\/www.wernerzehe.de\/wp-content\/uploads\/2013\/07\/tt08-300x225.jpg\" width=\"300\" height=\"225\" srcset=\"https:\/\/wernerzehe.de\/wp-content\/uploads\/2013\/07\/tt08-300x225.jpg 300w, https:\/\/wernerzehe.de\/wp-content\/uploads\/2013\/07\/tt08-1024x768.jpg 1024w, https:\/\/wernerzehe.de\/wp-content\/uploads\/2013\/07\/tt08-400x300.jpg 400w, https:\/\/wernerzehe.de\/wp-content\/uploads\/2013\/07\/tt08.jpg 1280w\" sizes=\"auto, (max-width: 300px) 100vw, 300px\" \/><\/a><br \/>\n<a href=\"https:\/\/www.wernerzehe.de\/wp-content\/uploads\/2013\/07\/tt09.jpg\" rel=\"lightbox[tt]\"><img loading=\"lazy\" decoding=\"async\" class=\"aligncenter size-medium wp-image-403\" alt=\"tt09\" src=\"https:\/\/www.wernerzehe.de\/wp-content\/uploads\/2013\/07\/tt09-300x225.jpg\" width=\"300\" height=\"225\" srcset=\"https:\/\/wernerzehe.de\/wp-content\/uploads\/2013\/07\/tt09-300x225.jpg 300w, https:\/\/wernerzehe.de\/wp-content\/uploads\/2013\/07\/tt09-1024x768.jpg 1024w, https:\/\/wernerzehe.de\/wp-content\/uploads\/2013\/07\/tt09-400x300.jpg 400w, https:\/\/wernerzehe.de\/wp-content\/uploads\/2013\/07\/tt09.jpg 1280w\" sizes=\"auto, (max-width: 300px) 100vw, 300px\" \/><\/a><br \/>\n<a href=\"https:\/\/www.wernerzehe.de\/wp-content\/uploads\/2013\/07\/tt10.jpg\" rel=\"lightbox[tt]\"><img loading=\"lazy\" decoding=\"async\" class=\"aligncenter size-medium wp-image-404\" alt=\"tt10\" src=\"https:\/\/www.wernerzehe.de\/wp-content\/uploads\/2013\/07\/tt10-300x225.jpg\" width=\"300\" height=\"225\" srcset=\"https:\/\/wernerzehe.de\/wp-content\/uploads\/2013\/07\/tt10-300x225.jpg 300w, https:\/\/wernerzehe.de\/wp-content\/uploads\/2013\/07\/tt10-1024x768.jpg 1024w, https:\/\/wernerzehe.de\/wp-content\/uploads\/2013\/07\/tt10-400x300.jpg 400w, https:\/\/wernerzehe.de\/wp-content\/uploads\/2013\/07\/tt10.jpg 1280w\" sizes=\"auto, (max-width: 300px) 100vw, 300px\" \/><\/a><br \/>\n<a href=\"https:\/\/www.wernerzehe.de\/wp-content\/uploads\/2013\/07\/tt11.jpg\" rel=\"lightbox[tt]\"><img loading=\"lazy\" decoding=\"async\" class=\"aligncenter size-medium wp-image-405\" alt=\"tt11\" src=\"https:\/\/www.wernerzehe.de\/wp-content\/uploads\/2013\/07\/tt11-300x225.jpg\" width=\"300\" height=\"225\" srcset=\"https:\/\/wernerzehe.de\/wp-content\/uploads\/2013\/07\/tt11-300x225.jpg 300w, https:\/\/wernerzehe.de\/wp-content\/uploads\/2013\/07\/tt11-1024x768.jpg 1024w, https:\/\/wernerzehe.de\/wp-content\/uploads\/2013\/07\/tt11-400x300.jpg 400w, https:\/\/wernerzehe.de\/wp-content\/uploads\/2013\/07\/tt11.jpg 1280w\" sizes=\"auto, (max-width: 300px) 100vw, 300px\" \/><\/a><\/p>\n<p>Viel hat sich eigentlich nicht getan seit ich den TT habe. Seltsam eines der ersten Fahrzeuge an dem ich fast nichts ver\u00e4ndert habe. Irgendwie ist er Perfekt so wie er ist. 2012 hat der TT neue Sohlen bekommen. Nachdem ich mich an den Original S-Line Felgen irgendwie satt gesehen hatte, und die Reifen eh bei 0mm Profil waren, habe ich g\u00fcnstig einen Original TTRS-Reifensatz mit Felgen erstanden. Gefallen mir sehr gut und man sieht sie nicht an jeder Ecke.<\/p>\n<p><a href=\"https:\/\/www.wernerzehe.de\/wp-content\/uploads\/2013\/07\/tt12ath.jpg\" rel=\"lightbox[tt]\"><img loading=\"lazy\" decoding=\"async\" class=\"aligncenter size-medium wp-image-407\" alt=\"tt12ath\" src=\"https:\/\/www.wernerzehe.de\/wp-content\/uploads\/2013\/07\/tt12ath-300x225.jpg\" width=\"300\" height=\"225\" srcset=\"https:\/\/wernerzehe.de\/wp-content\/uploads\/2013\/07\/tt12ath-300x225.jpg 300w, https:\/\/wernerzehe.de\/wp-content\/uploads\/2013\/07\/tt12ath-1024x768.jpg 1024w, https:\/\/wernerzehe.de\/wp-content\/uploads\/2013\/07\/tt12ath-400x300.jpg 400w, https:\/\/wernerzehe.de\/wp-content\/uploads\/2013\/07\/tt12ath.jpg 1200w\" sizes=\"auto, (max-width: 300px) 100vw, 300px\" \/><\/a><br \/>\n<a href=\"https:\/\/www.wernerzehe.de\/wp-content\/uploads\/2013\/07\/tt12b.jpg\" rel=\"lightbox[tt]\"><img loading=\"lazy\" decoding=\"async\" class=\"aligncenter size-medium wp-image-408\" alt=\"tt12b\" src=\"https:\/\/www.wernerzehe.de\/wp-content\/uploads\/2013\/07\/tt12b-300x225.jpg\" width=\"300\" height=\"225\" srcset=\"https:\/\/wernerzehe.de\/wp-content\/uploads\/2013\/07\/tt12b-300x225.jpg 300w, https:\/\/wernerzehe.de\/wp-content\/uploads\/2013\/07\/tt12b-1024x768.jpg 1024w, https:\/\/wernerzehe.de\/wp-content\/uploads\/2013\/07\/tt12b-400x300.jpg 400w, https:\/\/wernerzehe.de\/wp-content\/uploads\/2013\/07\/tt12b.jpg 2000w\" sizes=\"auto, (max-width: 300px) 100vw, 300px\" \/><\/a><br \/>\n<a href=\"https:\/\/www.wernerzehe.de\/wp-content\/uploads\/2013\/07\/tt12c.jpg\" rel=\"lightbox[tt]\"><img loading=\"lazy\" decoding=\"async\" class=\"aligncenter size-medium wp-image-410\" alt=\"tt12c\" src=\"https:\/\/www.wernerzehe.de\/wp-content\/uploads\/2013\/07\/tt12c-300x225.jpg\" width=\"300\" height=\"225\" srcset=\"https:\/\/wernerzehe.de\/wp-content\/uploads\/2013\/07\/tt12c-300x225.jpg 300w, https:\/\/wernerzehe.de\/wp-content\/uploads\/2013\/07\/tt12c-1024x768.jpg 1024w, https:\/\/wernerzehe.de\/wp-content\/uploads\/2013\/07\/tt12c-400x300.jpg 400w, https:\/\/wernerzehe.de\/wp-content\/uploads\/2013\/07\/tt12c.jpg 2000w\" sizes=\"auto, (max-width: 300px) 100vw, 300px\" \/><\/a><\/p>\n<p>Tja das waren die letzten Bilder, jetzt (Oktober 2015) ist der TT Geschichte. Leider musste ich mich von dem Wagen trennen. meine Bandscheibe wollte einfach nicht mehr. Nach vielen Jahren in denen er verdammt viel Spa\u00df gemacht hat, war es nicht einfach das sch\u00f6ne Teil zu verkaufen. Aber nach dem 2ten abgebrochenen Urlaub wegen massiver Bandscheiben Beschwerden, h\u00e4tte es einfach keinen Sinn mehr gemacht den Wagen zu behalten. Aber das neue Cabrio ist schon in Arbeit. Bilder etc. folgen \ud83d\ude09<\/p>\n","protected":false},"excerpt":{"rendered":"<p>So habe ich ihn gekauft Ausstattung: 2.0 TFSI mit 200PS S line Sportpaket plus mit 18&#8243; Bereifung 245\/40 ZR 18; Sportfahrwerk und Schaltwegverk\u00fcrzung Leder\/Alcantara gelocht mit silbernen Ziern\u00e4hten automatisches Verdeck elektrisches Windschott Audi Navi plus Au\u00dfenspiegel, elektrisch einstell-, anklapp- und beheizbar Innenspiegel automatisch abblendend, mit Licht-\/Regensensor Erweiterte Aluminiumoptik S line Multifunktionslenkrad Sitzheizung Frontscheibe mit grauem [&hellip;]<\/p>\n","protected":false},"author":1,"featured_media":0,"parent":0,"menu_order":301,"comment_status":"open","ping_status":"open","template":"","meta":{"footnotes":""},"class_list":["post-111","page","type-page","status-publish","hentry"],"_links":{"self":[{"href":"https:\/\/wernerzehe.de\/index.php?rest_route=\/wp\/v2\/pages\/111","targetHints":{"allow":["GET"]}}],"collection":[{"href":"https:\/\/wernerzehe.de\/index.php?rest_route=\/wp\/v2\/pages"}],"about":[{"href":"https:\/\/wernerzehe.de\/index.php?rest_route=\/wp\/v2\/types\/page"}],"author":[{"embeddable":true,"href":"https:\/\/wernerzehe.de\/index.php?rest_route=\/wp\/v2\/users\/1"}],"replies":[{"embeddable":true,"href":"https:\/\/wernerzehe.de\/index.php?rest_route=%2Fwp%2Fv2%2Fcomments&post=111"}],"version-history":[{"count":13,"href":"https:\/\/wernerzehe.de\/index.php?rest_route=\/wp\/v2\/pages\/111\/revisions"}],"predecessor-version":[{"id":757,"href":"https:\/\/wernerzehe.de\/index.php?rest_route=\/wp\/v2\/pages\/111\/revisions\/757"}],"wp:attachment":[{"href":"https:\/\/wernerzehe.de\/index.php?rest_route=%2Fwp%2Fv2%2Fmedia&parent=111"}],"curies":[{"name":"wp","href":"https:\/\/api.w.org\/{rel}","templated":true}]}}