{"id":1303,"date":"2021-11-28T11:12:03","date_gmt":"2021-11-28T10:12:03","guid":{"rendered":"https:\/\/wernerzehe.de\/?page_id=1303"},"modified":"2021-11-28T11:12:03","modified_gmt":"2021-11-28T10:12:03","slug":"kickstarter-nachruesten-bei-einer-klr-650","status":"publish","type":"page","link":"https:\/\/wernerzehe.de\/?page_id=1303","title":{"rendered":"Kickstarter nachr\u00fcsten bei einer KLR 650"},"content":{"rendered":"\n<p>Da ich einen defekten Motor mit Kickstarter hatte, habe ich den Ausbau mit Bildern dokumentiert und in umgekehrter Reihenfolge ergibt sich da nat\u00fcrlich eine Nachr\u00fcstanleitung \ud83d\ude42<\/p>\n\n\n\n<p>Einbau:<\/p>\n\n\n\n<p>Seitendeckel rechts abbauen und den Blindstopfen f\u00fcr den Kickstarter entfernen. Da kommt der Simmerring f\u00fcr die Welle rein. Kawasaki Artikel Nummer 92049-1048<\/p>\n\n\n\n<p>Kupplungskorb mit Scheiben demontieren. Wenn es ein neuer Kupplungskorb ohne Zahnrad auf der R\u00fcckseite ist, muss man diesen durch einen mit Zahnrad ersetzen, hier ein Bild von dem richtigen\u00a0 Kupplungskorb.<\/p>\n\n\n\n<figure class=\"wp-block-image size-full\"><a href=\"https:\/\/wernerzehe.de\/wp-content\/uploads\/2021\/11\/kuri.jpg\"><img loading=\"lazy\" decoding=\"async\" width=\"800\" height=\"573\" src=\"https:\/\/wernerzehe.de\/wp-content\/uploads\/2021\/11\/kuri.jpg\" alt=\"\" class=\"wp-image-1304\" srcset=\"https:\/\/wernerzehe.de\/wp-content\/uploads\/2021\/11\/kuri.jpg 800w, https:\/\/wernerzehe.de\/wp-content\/uploads\/2021\/11\/kuri-300x215.jpg 300w, https:\/\/wernerzehe.de\/wp-content\/uploads\/2021\/11\/kuri-768x550.jpg 768w\" sizes=\"auto, (max-width: 800px) 100vw, 800px\" \/><\/a><\/figure>\n\n\n\n<p>Verbindungsritzel aufstecken und mit Scheibe und Sprengring sichern.<\/p>\n\n\n\n<figure class=\"wp-block-image size-large\"><a href=\"https:\/\/wernerzehe.de\/wp-content\/uploads\/2021\/11\/1.jpg\"><img loading=\"lazy\" decoding=\"async\" width=\"1024\" height=\"768\" src=\"https:\/\/wernerzehe.de\/wp-content\/uploads\/2021\/11\/1-1024x768.jpg\" alt=\"\" class=\"wp-image-1305\" srcset=\"https:\/\/wernerzehe.de\/wp-content\/uploads\/2021\/11\/1-1024x768.jpg 1024w, https:\/\/wernerzehe.de\/wp-content\/uploads\/2021\/11\/1-300x225.jpg 300w, https:\/\/wernerzehe.de\/wp-content\/uploads\/2021\/11\/1-768x576.jpg 768w, https:\/\/wernerzehe.de\/wp-content\/uploads\/2021\/11\/1.jpg 1047w\" sizes=\"auto, (max-width: 1024px) 100vw, 1024px\" \/><\/a><\/figure>\n\n\n\n<p>Anschlagpl\u00e4ttchen f\u00fcr die Kickstarterwelle ins Geh\u00e4use schrauben.<\/p>\n\n\n\n<figure class=\"wp-block-image size-large\"><a href=\"https:\/\/wernerzehe.de\/wp-content\/uploads\/2021\/11\/pl.jpg\"><img loading=\"lazy\" decoding=\"async\" width=\"1024\" height=\"652\" src=\"https:\/\/wernerzehe.de\/wp-content\/uploads\/2021\/11\/pl-1024x652.jpg\" alt=\"\" class=\"wp-image-1306\" srcset=\"https:\/\/wernerzehe.de\/wp-content\/uploads\/2021\/11\/pl-1024x652.jpg 1024w, https:\/\/wernerzehe.de\/wp-content\/uploads\/2021\/11\/pl-300x191.jpg 300w, https:\/\/wernerzehe.de\/wp-content\/uploads\/2021\/11\/pl-768x489.jpg 768w, https:\/\/wernerzehe.de\/wp-content\/uploads\/2021\/11\/pl-1536x978.jpg 1536w, https:\/\/wernerzehe.de\/wp-content\/uploads\/2021\/11\/pl-1200x764.jpg 1200w, https:\/\/wernerzehe.de\/wp-content\/uploads\/2021\/11\/pl.jpg 1850w\" sizes=\"auto, (max-width: 1024px) 100vw, 1024px\" \/><\/a><\/figure>\n\n\n\n<figure class=\"wp-block-image size-large\"><a href=\"https:\/\/wernerzehe.de\/wp-content\/uploads\/2021\/11\/ruecks.jpg\"><img loading=\"lazy\" decoding=\"async\" width=\"1024\" height=\"877\" src=\"https:\/\/wernerzehe.de\/wp-content\/uploads\/2021\/11\/ruecks-1024x877.jpg\" alt=\"\" class=\"wp-image-1307\" srcset=\"https:\/\/wernerzehe.de\/wp-content\/uploads\/2021\/11\/ruecks-1024x877.jpg 1024w, https:\/\/wernerzehe.de\/wp-content\/uploads\/2021\/11\/ruecks-300x257.jpg 300w, https:\/\/wernerzehe.de\/wp-content\/uploads\/2021\/11\/ruecks-768x658.jpg 768w, https:\/\/wernerzehe.de\/wp-content\/uploads\/2021\/11\/ruecks.jpg 1200w\" sizes=\"auto, (max-width: 1024px) 100vw, 1024px\" \/><\/a><\/figure>\n\n\n\n<p>U-Scheibe und Kickstarterwelle einbauen<\/p>\n\n\n\n<figure class=\"wp-block-image size-full\"><a href=\"https:\/\/wernerzehe.de\/wp-content\/uploads\/2021\/11\/ki.jpg\"><img loading=\"lazy\" decoding=\"async\" width=\"904\" height=\"1000\" src=\"https:\/\/wernerzehe.de\/wp-content\/uploads\/2021\/11\/ki.jpg\" alt=\"\" class=\"wp-image-1308\" srcset=\"https:\/\/wernerzehe.de\/wp-content\/uploads\/2021\/11\/ki.jpg 904w, https:\/\/wernerzehe.de\/wp-content\/uploads\/2021\/11\/ki-271x300.jpg 271w, https:\/\/wernerzehe.de\/wp-content\/uploads\/2021\/11\/ki-768x850.jpg 768w\" sizes=\"auto, (max-width: 904px) 100vw, 904px\" \/><\/a><\/figure>\n\n\n\n<p>R\u00fcckholfeder aufstecken und einh\u00e4ngen<\/p>\n\n\n\n<figure class=\"wp-block-image size-full\"><a href=\"https:\/\/wernerzehe.de\/wp-content\/uploads\/2021\/11\/rue1.jpg\"><img loading=\"lazy\" decoding=\"async\" width=\"959\" height=\"1000\" src=\"https:\/\/wernerzehe.de\/wp-content\/uploads\/2021\/11\/rue1.jpg\" alt=\"\" class=\"wp-image-1309\" srcset=\"https:\/\/wernerzehe.de\/wp-content\/uploads\/2021\/11\/rue1.jpg 959w, https:\/\/wernerzehe.de\/wp-content\/uploads\/2021\/11\/rue1-288x300.jpg 288w, https:\/\/wernerzehe.de\/wp-content\/uploads\/2021\/11\/rue1-768x801.jpg 768w\" sizes=\"auto, (max-width: 959px) 100vw, 959px\" \/><\/a><\/figure>\n\n\n\n<figure class=\"wp-block-image size-full\"><a href=\"https:\/\/wernerzehe.de\/wp-content\/uploads\/2021\/11\/rue2.jpg\"><img loading=\"lazy\" decoding=\"async\" width=\"1000\" height=\"758\" src=\"https:\/\/wernerzehe.de\/wp-content\/uploads\/2021\/11\/rue2.jpg\" alt=\"\" class=\"wp-image-1310\" srcset=\"https:\/\/wernerzehe.de\/wp-content\/uploads\/2021\/11\/rue2.jpg 1000w, https:\/\/wernerzehe.de\/wp-content\/uploads\/2021\/11\/rue2-300x227.jpg 300w, https:\/\/wernerzehe.de\/wp-content\/uploads\/2021\/11\/rue2-768x582.jpg 768w\" sizes=\"auto, (max-width: 1000px) 100vw, 1000px\" \/><\/a><\/figure>\n\n\n\n<p>Auf dem Bild ist schon der Kupplungskorb montiert, das sollte man aber erst zum Schluss machen.<\/p>\n\n\n\n<p>R\u00fcckholfeder in die vorgesehene Bohrung dr\u00fccken.<\/p>\n\n\n\n<figure class=\"wp-block-image size-full\"><a href=\"https:\/\/wernerzehe.de\/wp-content\/uploads\/2021\/11\/rue3.jpg\"><img loading=\"lazy\" decoding=\"async\" width=\"800\" height=\"753\" src=\"https:\/\/wernerzehe.de\/wp-content\/uploads\/2021\/11\/rue3.jpg\" alt=\"\" class=\"wp-image-1311\" srcset=\"https:\/\/wernerzehe.de\/wp-content\/uploads\/2021\/11\/rue3.jpg 800w, https:\/\/wernerzehe.de\/wp-content\/uploads\/2021\/11\/rue3-300x282.jpg 300w, https:\/\/wernerzehe.de\/wp-content\/uploads\/2021\/11\/rue3-768x723.jpg 768w\" sizes=\"auto, (max-width: 800px) 100vw, 800px\" \/><\/a><\/figure>\n\n\n\n<p>Kupplungskorb wieder montieren.<\/p>\n\n\n\n<p>Deckel wieder drauf und fertig.<\/p>\n\n\n\n<p>Hier noch ein Bild mit den Teilen, es fehlt nur der Simmerring.<\/p>\n\n\n\n<figure class=\"wp-block-image size-large\"><a href=\"https:\/\/wernerzehe.de\/wp-content\/uploads\/2021\/11\/kom.jpg\"><img loading=\"lazy\" decoding=\"async\" width=\"656\" height=\"1024\" src=\"https:\/\/wernerzehe.de\/wp-content\/uploads\/2021\/11\/kom-656x1024.jpg\" alt=\"\" class=\"wp-image-1312\" srcset=\"https:\/\/wernerzehe.de\/wp-content\/uploads\/2021\/11\/kom-656x1024.jpg 656w, https:\/\/wernerzehe.de\/wp-content\/uploads\/2021\/11\/kom-192x300.jpg 192w, https:\/\/wernerzehe.de\/wp-content\/uploads\/2021\/11\/kom-768x1198.jpg 768w, https:\/\/wernerzehe.de\/wp-content\/uploads\/2021\/11\/kom.jpg 769w\" sizes=\"auto, (max-width: 656px) 100vw, 656px\" \/><\/a><\/figure>\n","protected":false},"excerpt":{"rendered":"<p>Da ich einen defekten Motor mit Kickstarter hatte, habe ich den Ausbau mit Bildern dokumentiert und in umgekehrter Reihenfolge ergibt sich da nat\u00fcrlich eine Nachr\u00fcstanleitung \ud83d\ude42 Einbau: Seitendeckel rechts abbauen und den Blindstopfen f\u00fcr den Kickstarter entfernen. Da kommt der Simmerring f\u00fcr die Welle rein. Kawasaki Artikel Nummer 92049-1048 Kupplungskorb mit Scheiben demontieren. Wenn es [&hellip;]<\/p>\n","protected":false},"author":1,"featured_media":0,"parent":0,"menu_order":0,"comment_status":"closed","ping_status":"closed","template":"","meta":{"footnotes":""},"class_list":["post-1303","page","type-page","status-publish","hentry"],"_links":{"self":[{"href":"https:\/\/wernerzehe.de\/index.php?rest_route=\/wp\/v2\/pages\/1303","targetHints":{"allow":["GET"]}}],"collection":[{"href":"https:\/\/wernerzehe.de\/index.php?rest_route=\/wp\/v2\/pages"}],"about":[{"href":"https:\/\/wernerzehe.de\/index.php?rest_route=\/wp\/v2\/types\/page"}],"author":[{"embeddable":true,"href":"https:\/\/wernerzehe.de\/index.php?rest_route=\/wp\/v2\/users\/1"}],"replies":[{"embeddable":true,"href":"https:\/\/wernerzehe.de\/index.php?rest_route=%2Fwp%2Fv2%2Fcomments&post=1303"}],"version-history":[{"count":1,"href":"https:\/\/wernerzehe.de\/index.php?rest_route=\/wp\/v2\/pages\/1303\/revisions"}],"predecessor-version":[{"id":1314,"href":"https:\/\/wernerzehe.de\/index.php?rest_route=\/wp\/v2\/pages\/1303\/revisions\/1314"}],"wp:attachment":[{"href":"https:\/\/wernerzehe.de\/index.php?rest_route=%2Fwp%2Fv2%2Fmedia&parent=1303"}],"curies":[{"name":"wp","href":"https:\/\/api.w.org\/{rel}","templated":true}]}}