{"id":1318,"date":"2021-11-28T11:40:22","date_gmt":"2021-11-28T10:40:22","guid":{"rendered":"https:\/\/wernerzehe.de\/?page_id=1318"},"modified":"2024-10-24T10:57:04","modified_gmt":"2024-10-24T09:57:04","slug":"anhaenger","status":"publish","type":"page","link":"https:\/\/wernerzehe.de\/?page_id=1318","title":{"rendered":"Anh\u00e4nger"},"content":{"rendered":"\n<p>Was ben\u00f6tigt man, wenn man ein Haus hat und Garten- \/ Bauarbeiten selbst macht? Genau einen Anh\u00e4nger.<\/p>\n\n\n\n<p>Angefangen hat es mit einem schon etwas mitgenommen, \u00e4lteren Modell, dass ich erstmal komplett saniert habe. Elektrik, Bodenplatte, Bremsen.<\/p>\n\n\n\n<figure class=\"wp-block-image size-large\"><a href=\"https:\/\/wernerzehe.de\/wp-content\/uploads\/2021\/11\/anhaenger-alt-scaled.jpg\"><img loading=\"lazy\" decoding=\"async\" width=\"1024\" height=\"768\" src=\"https:\/\/wernerzehe.de\/wp-content\/uploads\/2021\/11\/anhaenger-alt-1024x768.jpg\" alt=\"\" class=\"wp-image-1319\" srcset=\"https:\/\/wernerzehe.de\/wp-content\/uploads\/2021\/11\/anhaenger-alt-1024x768.jpg 1024w, https:\/\/wernerzehe.de\/wp-content\/uploads\/2021\/11\/anhaenger-alt-300x225.jpg 300w, https:\/\/wernerzehe.de\/wp-content\/uploads\/2021\/11\/anhaenger-alt-768x576.jpg 768w, https:\/\/wernerzehe.de\/wp-content\/uploads\/2021\/11\/anhaenger-alt-1536x1152.jpg 1536w, https:\/\/wernerzehe.de\/wp-content\/uploads\/2021\/11\/anhaenger-alt-2048x1536.jpg 2048w, https:\/\/wernerzehe.de\/wp-content\/uploads\/2021\/11\/anhaenger-alt-1200x900.jpg 1200w, https:\/\/wernerzehe.de\/wp-content\/uploads\/2021\/11\/anhaenger-alt-1980x1485.jpg 1980w\" sizes=\"auto, (max-width: 1024px) 100vw, 1024px\" \/><\/a><\/figure>\n\n\n\n<figure class=\"wp-block-image size-large\"><a href=\"https:\/\/wernerzehe.de\/wp-content\/uploads\/2015\/05\/garda02.jpg\"><img loading=\"lazy\" decoding=\"async\" width=\"768\" height=\"1024\" src=\"https:\/\/wernerzehe.de\/wp-content\/uploads\/2015\/05\/garda02-768x1024.jpg\" alt=\"\" class=\"wp-image-686\" srcset=\"https:\/\/wernerzehe.de\/wp-content\/uploads\/2015\/05\/garda02-768x1024.jpg 768w, https:\/\/wernerzehe.de\/wp-content\/uploads\/2015\/05\/garda02-225x300.jpg 225w, https:\/\/wernerzehe.de\/wp-content\/uploads\/2015\/05\/garda02.jpg 900w\" sizes=\"auto, (max-width: 768px) 100vw, 768px\" \/><\/a><\/figure>\n\n\n\n<p>Der Anh\u00e4nger war zwar ganz praktisch und mit zwei Vorderrad-Wippen passten da auch mit M\u00fche und Not zwei Motorr\u00e4der drauf, aber dass war schon eher schwierig. Au\u00dferdem wollte ich einfach mal ein ordentlichen, neuen H\u00e4nger.<\/p>\n\n\n\n<p>Es wurde dann ein Stema SyStema Tieflader ST 02.13-25-15.1<\/p>\n\n\n\n<figure class=\"wp-block-image size-full\"><a href=\"https:\/\/wernerzehe.de\/wp-content\/uploads\/2021\/11\/anh2.jpg\"><img loading=\"lazy\" decoding=\"async\" width=\"768\" height=\"1024\" src=\"https:\/\/wernerzehe.de\/wp-content\/uploads\/2021\/11\/anh2.jpg\" alt=\"\" class=\"wp-image-1320\" srcset=\"https:\/\/wernerzehe.de\/wp-content\/uploads\/2021\/11\/anh2.jpg 768w, https:\/\/wernerzehe.de\/wp-content\/uploads\/2021\/11\/anh2-225x300.jpg 225w\" sizes=\"auto, (max-width: 768px) 100vw, 768px\" \/><\/a><\/figure>\n\n\n\n<p>Ein tolles Teil mit einem sch\u00f6nen gro\u00dfen Kasten von 251 x 153cm und einer Nutzlast von 981kg. Da muss man sich beim Sand und Steine holen keine Gedanken machen.<\/p>\n\n\n\n<p>Unter den Anh\u00e4nger kam eine Schien f\u00fcr die Auffahrrampe. Das Nummernschild kann man ab Werk wegklappen. Dazu gab es noch passende Flachplane.<\/p>\n\n\n\n<figure class=\"wp-block-image size-full\"><a href=\"https:\/\/wernerzehe.de\/wp-content\/uploads\/2021\/11\/anh4.jpg\"><img loading=\"lazy\" decoding=\"async\" width=\"1024\" height=\"768\" src=\"https:\/\/wernerzehe.de\/wp-content\/uploads\/2021\/11\/anh4.jpg\" alt=\"\" class=\"wp-image-1321\" srcset=\"https:\/\/wernerzehe.de\/wp-content\/uploads\/2021\/11\/anh4.jpg 1024w, https:\/\/wernerzehe.de\/wp-content\/uploads\/2021\/11\/anh4-300x225.jpg 300w, https:\/\/wernerzehe.de\/wp-content\/uploads\/2021\/11\/anh4-768x576.jpg 768w\" sizes=\"auto, (max-width: 1024px) 100vw, 1024px\" \/><\/a><\/figure>\n\n\n\n<p>Das tolle an dem Anh\u00e4nger ist, dass man vorne und hinten Klappen hat, und bei Notwendigkeit auch die Seitenbordw\u00e4nde abschrauben und so einen Plattformanh\u00e4nger machen.<\/p>\n\n\n\n<p>Der Anh\u00e4nger begleitet mich nun schon einige Jahre durch Europa und selbst der T\u00dcV ist immer wieder begeistert von der Qualit\u00e4t.<\/p>\n\n\n\n<p>Tempo 100 Zulassung hat er selbstverst\u00e4ndlich auch.<\/p>\n\n\n\n<figure class=\"wp-block-image size-large\"><a href=\"https:\/\/wernerzehe.de\/wp-content\/uploads\/2021\/11\/IMG_5829.jpg\"><img loading=\"lazy\" decoding=\"async\" width=\"1024\" height=\"1024\" src=\"https:\/\/wernerzehe.de\/wp-content\/uploads\/2021\/11\/IMG_5829-1024x1024.jpg\" alt=\"\" class=\"wp-image-1322\" srcset=\"https:\/\/wernerzehe.de\/wp-content\/uploads\/2021\/11\/IMG_5829-1024x1024.jpg 1024w, https:\/\/wernerzehe.de\/wp-content\/uploads\/2021\/11\/IMG_5829-300x300.jpg 300w, https:\/\/wernerzehe.de\/wp-content\/uploads\/2021\/11\/IMG_5829-150x150.jpg 150w, https:\/\/wernerzehe.de\/wp-content\/uploads\/2021\/11\/IMG_5829-768x768.jpg 768w, https:\/\/wernerzehe.de\/wp-content\/uploads\/2021\/11\/IMG_5829-1536x1536.jpg 1536w, https:\/\/wernerzehe.de\/wp-content\/uploads\/2021\/11\/IMG_5829-2048x2048.jpg 2048w, https:\/\/wernerzehe.de\/wp-content\/uploads\/2021\/11\/IMG_5829-1200x1200.jpg 1200w, https:\/\/wernerzehe.de\/wp-content\/uploads\/2021\/11\/IMG_5829-1980x1980.jpg 1980w\" sizes=\"auto, (max-width: 1024px) 100vw, 1024px\" \/><\/a><\/figure>\n\n\n\n<figure class=\"wp-block-image size-large\"><a href=\"https:\/\/wernerzehe.de\/wp-content\/uploads\/2021\/11\/anh.jpg\"><img loading=\"lazy\" decoding=\"async\" width=\"912\" height=\"1024\" src=\"https:\/\/wernerzehe.de\/wp-content\/uploads\/2021\/11\/anh-912x1024.jpg\" alt=\"\" class=\"wp-image-1323\" srcset=\"https:\/\/wernerzehe.de\/wp-content\/uploads\/2021\/11\/anh-912x1024.jpg 912w, https:\/\/wernerzehe.de\/wp-content\/uploads\/2021\/11\/anh-267x300.jpg 267w, https:\/\/wernerzehe.de\/wp-content\/uploads\/2021\/11\/anh-768x862.jpg 768w, https:\/\/wernerzehe.de\/wp-content\/uploads\/2021\/11\/anh-1368x1536.jpg 1368w, https:\/\/wernerzehe.de\/wp-content\/uploads\/2021\/11\/anh-1824x2048.jpg 1824w, https:\/\/wernerzehe.de\/wp-content\/uploads\/2021\/11\/anh-1200x1347.jpg 1200w, https:\/\/wernerzehe.de\/wp-content\/uploads\/2021\/11\/anh.jpg 1835w\" sizes=\"auto, (max-width: 912px) 100vw, 912px\" \/><\/a><figcaption class=\"wp-element-caption\">Friaul &#8211; Italien<\/figcaption><\/figure>\n\n\n\n<figure class=\"wp-block-image size-large\"><a href=\"https:\/\/wernerzehe.de\/wp-content\/uploads\/2021\/11\/b02-scaled.jpg\"><img loading=\"lazy\" decoding=\"async\" width=\"1024\" height=\"768\" src=\"https:\/\/wernerzehe.de\/wp-content\/uploads\/2021\/11\/b02-1024x768.jpg\" alt=\"\" class=\"wp-image-1178\" srcset=\"https:\/\/wernerzehe.de\/wp-content\/uploads\/2021\/11\/b02-1024x768.jpg 1024w, https:\/\/wernerzehe.de\/wp-content\/uploads\/2021\/11\/b02-300x225.jpg 300w, https:\/\/wernerzehe.de\/wp-content\/uploads\/2021\/11\/b02-768x576.jpg 768w, https:\/\/wernerzehe.de\/wp-content\/uploads\/2021\/11\/b02-1536x1152.jpg 1536w, https:\/\/wernerzehe.de\/wp-content\/uploads\/2021\/11\/b02-2048x1536.jpg 2048w, https:\/\/wernerzehe.de\/wp-content\/uploads\/2021\/11\/b02-1200x900.jpg 1200w, https:\/\/wernerzehe.de\/wp-content\/uploads\/2021\/11\/b02-1980x1485.jpg 1980w\" sizes=\"auto, (max-width: 1024px) 100vw, 1024px\" \/><\/a><figcaption class=\"wp-element-caption\">2021 Cote d Azur<\/figcaption><\/figure>\n","protected":false},"excerpt":{"rendered":"<p>Was ben\u00f6tigt man, wenn man ein Haus hat und Garten- \/ Bauarbeiten selbst macht? Genau einen Anh\u00e4nger. Angefangen hat es mit einem schon etwas mitgenommen, \u00e4lteren Modell, dass ich erstmal komplett saniert habe. Elektrik, Bodenplatte, Bremsen. Der Anh\u00e4nger war zwar ganz praktisch und mit zwei Vorderrad-Wippen passten da auch mit M\u00fche und Not zwei Motorr\u00e4der [&hellip;]<\/p>\n","protected":false},"author":1,"featured_media":0,"parent":0,"menu_order":0,"comment_status":"closed","ping_status":"closed","template":"","meta":{"footnotes":""},"class_list":["post-1318","page","type-page","status-publish","hentry"],"_links":{"self":[{"href":"https:\/\/wernerzehe.de\/index.php?rest_route=\/wp\/v2\/pages\/1318","targetHints":{"allow":["GET"]}}],"collection":[{"href":"https:\/\/wernerzehe.de\/index.php?rest_route=\/wp\/v2\/pages"}],"about":[{"href":"https:\/\/wernerzehe.de\/index.php?rest_route=\/wp\/v2\/types\/page"}],"author":[{"embeddable":true,"href":"https:\/\/wernerzehe.de\/index.php?rest_route=\/wp\/v2\/users\/1"}],"replies":[{"embeddable":true,"href":"https:\/\/wernerzehe.de\/index.php?rest_route=%2Fwp%2Fv2%2Fcomments&post=1318"}],"version-history":[{"count":2,"href":"https:\/\/wernerzehe.de\/index.php?rest_route=\/wp\/v2\/pages\/1318\/revisions"}],"predecessor-version":[{"id":1709,"href":"https:\/\/wernerzehe.de\/index.php?rest_route=\/wp\/v2\/pages\/1318\/revisions\/1709"}],"wp:attachment":[{"href":"https:\/\/wernerzehe.de\/index.php?rest_route=%2Fwp%2Fv2%2Fmedia&parent=1318"}],"curies":[{"name":"wp","href":"https:\/\/api.w.org\/{rel}","templated":true}]}}