{"id":1518,"date":"2021-11-28T18:23:16","date_gmt":"2021-11-28T17:23:16","guid":{"rendered":"https:\/\/wernerzehe.de\/?page_id=1518"},"modified":"2021-11-28T18:23:16","modified_gmt":"2021-11-28T17:23:16","slug":"2006-vogesen","status":"publish","type":"page","link":"https:\/\/wernerzehe.de\/?page_id=1518","title":{"rendered":"2006 Vogesen"},"content":{"rendered":"\n<p>Obwohl ich Frankreich als Urlaubsland seit ich 18 bin genie\u00dfe, waren die Vogesen, obwohl fast vor meiner Haust\u00fcr, irgendwie ausgeblendet.<\/p>\n\n\n\n<p>Elsass und Cote d&#8217;Azur kannte ich aber die Vogesen. Seltsam. Zum Gl\u00fcck gab es 2006 eine Motorradgruppe bei der Stadt und einen Vogesenkenner der uns an diesem Wochenende mal die Vogesen zeigen wollte.<\/p>\n\n\n\n<p>Ich nutze dass, f\u00fcr ein verl\u00e4ngertes Wochenende und reiste schon Donnerstags in die Region.<\/p>\n\n\n\n<figure class=\"wp-block-image size-full\"><a href=\"https:\/\/wernerzehe.de\/wp-content\/uploads\/2021\/11\/IMG_3842.jpg\"><img loading=\"lazy\" decoding=\"async\" width=\"1024\" height=\"768\" src=\"https:\/\/wernerzehe.de\/wp-content\/uploads\/2021\/11\/IMG_3842.jpg\" alt=\"\" class=\"wp-image-1519\" srcset=\"https:\/\/wernerzehe.de\/wp-content\/uploads\/2021\/11\/IMG_3842.jpg 1024w, https:\/\/wernerzehe.de\/wp-content\/uploads\/2021\/11\/IMG_3842-300x225.jpg 300w, https:\/\/wernerzehe.de\/wp-content\/uploads\/2021\/11\/IMG_3842-768x576.jpg 768w\" sizes=\"auto, (max-width: 1024px) 100vw, 1024px\" \/><\/a><\/figure>\n\n\n\n<figure class=\"wp-block-image size-full\"><a href=\"https:\/\/wernerzehe.de\/wp-content\/uploads\/2021\/11\/IMG_3843.jpg\"><img loading=\"lazy\" decoding=\"async\" width=\"1024\" height=\"768\" src=\"https:\/\/wernerzehe.de\/wp-content\/uploads\/2021\/11\/IMG_3843.jpg\" alt=\"\" class=\"wp-image-1520\" srcset=\"https:\/\/wernerzehe.de\/wp-content\/uploads\/2021\/11\/IMG_3843.jpg 1024w, https:\/\/wernerzehe.de\/wp-content\/uploads\/2021\/11\/IMG_3843-300x225.jpg 300w, https:\/\/wernerzehe.de\/wp-content\/uploads\/2021\/11\/IMG_3843-768x576.jpg 768w\" sizes=\"auto, (max-width: 1024px) 100vw, 1024px\" \/><\/a><\/figure>\n\n\n\n<figure class=\"wp-block-image size-full\"><a href=\"https:\/\/wernerzehe.de\/wp-content\/uploads\/2021\/11\/IMG_3844.jpg\"><img loading=\"lazy\" decoding=\"async\" width=\"1024\" height=\"768\" src=\"https:\/\/wernerzehe.de\/wp-content\/uploads\/2021\/11\/IMG_3844.jpg\" alt=\"\" class=\"wp-image-1521\" srcset=\"https:\/\/wernerzehe.de\/wp-content\/uploads\/2021\/11\/IMG_3844.jpg 1024w, https:\/\/wernerzehe.de\/wp-content\/uploads\/2021\/11\/IMG_3844-300x225.jpg 300w, https:\/\/wernerzehe.de\/wp-content\/uploads\/2021\/11\/IMG_3844-768x576.jpg 768w\" sizes=\"auto, (max-width: 1024px) 100vw, 1024px\" \/><\/a><\/figure>\n\n\n\n<p>Ich hatte das Gl\u00fcck, dass meine Nachbarn zu der zeit auch unweit der Deutsch \/ Franz\u00f6sischen Grenze bei Moulhouse Ihre zelte aufgeschlagen hatten und mein Zelt und Gep\u00e4ck mitgenommen hatten, so konnte ich mit kleinem Gep\u00e4ck reisen.<\/p>\n\n\n\n<figure class=\"wp-block-image size-full\"><a href=\"https:\/\/wernerzehe.de\/wp-content\/uploads\/2021\/11\/IMG_3846.jpg\"><img loading=\"lazy\" decoding=\"async\" width=\"1024\" height=\"768\" src=\"https:\/\/wernerzehe.de\/wp-content\/uploads\/2021\/11\/IMG_3846.jpg\" alt=\"\" class=\"wp-image-1522\" srcset=\"https:\/\/wernerzehe.de\/wp-content\/uploads\/2021\/11\/IMG_3846.jpg 1024w, https:\/\/wernerzehe.de\/wp-content\/uploads\/2021\/11\/IMG_3846-300x225.jpg 300w, https:\/\/wernerzehe.de\/wp-content\/uploads\/2021\/11\/IMG_3846-768x576.jpg 768w\" sizes=\"auto, (max-width: 1024px) 100vw, 1024px\" \/><\/a><\/figure>\n\n\n\n<p>Am n\u00e4chsten Tag traf ich mich dann in den Vogesen mit meinen Arbeitskollegen.<\/p>\n\n\n\n<figure class=\"wp-block-image size-full\"><a href=\"https:\/\/wernerzehe.de\/wp-content\/uploads\/2021\/11\/IMG_3849.jpg\"><img loading=\"lazy\" decoding=\"async\" width=\"1024\" height=\"768\" src=\"https:\/\/wernerzehe.de\/wp-content\/uploads\/2021\/11\/IMG_3849.jpg\" alt=\"\" class=\"wp-image-1524\" srcset=\"https:\/\/wernerzehe.de\/wp-content\/uploads\/2021\/11\/IMG_3849.jpg 1024w, https:\/\/wernerzehe.de\/wp-content\/uploads\/2021\/11\/IMG_3849-300x225.jpg 300w, https:\/\/wernerzehe.de\/wp-content\/uploads\/2021\/11\/IMG_3849-768x576.jpg 768w\" sizes=\"auto, (max-width: 1024px) 100vw, 1024px\" \/><\/a><\/figure>\n\n\n\n<figure class=\"wp-block-image size-full\"><a href=\"https:\/\/wernerzehe.de\/wp-content\/uploads\/2021\/11\/IMG_3848.jpg\"><img loading=\"lazy\" decoding=\"async\" width=\"1024\" height=\"768\" src=\"https:\/\/wernerzehe.de\/wp-content\/uploads\/2021\/11\/IMG_3848.jpg\" alt=\"\" class=\"wp-image-1523\" srcset=\"https:\/\/wernerzehe.de\/wp-content\/uploads\/2021\/11\/IMG_3848.jpg 1024w, https:\/\/wernerzehe.de\/wp-content\/uploads\/2021\/11\/IMG_3848-300x225.jpg 300w, https:\/\/wernerzehe.de\/wp-content\/uploads\/2021\/11\/IMG_3848-768x576.jpg 768w\" sizes=\"auto, (max-width: 1024px) 100vw, 1024px\" \/><\/a><figcaption>Erste Pause<\/figcaption><\/figure>\n\n\n\n<figure class=\"wp-block-image size-full\"><a href=\"https:\/\/wernerzehe.de\/wp-content\/uploads\/2021\/11\/IMG_3853.jpg\"><img loading=\"lazy\" decoding=\"async\" width=\"1024\" height=\"768\" src=\"https:\/\/wernerzehe.de\/wp-content\/uploads\/2021\/11\/IMG_3853.jpg\" alt=\"\" class=\"wp-image-1525\" srcset=\"https:\/\/wernerzehe.de\/wp-content\/uploads\/2021\/11\/IMG_3853.jpg 1024w, https:\/\/wernerzehe.de\/wp-content\/uploads\/2021\/11\/IMG_3853-300x225.jpg 300w, https:\/\/wernerzehe.de\/wp-content\/uploads\/2021\/11\/IMG_3853-768x576.jpg 768w\" sizes=\"auto, (max-width: 1024px) 100vw, 1024px\" \/><\/a><\/figure>\n\n\n\n<figure class=\"wp-block-image size-full\"><a href=\"https:\/\/wernerzehe.de\/wp-content\/uploads\/2021\/11\/IMG_3854.jpg\"><img loading=\"lazy\" decoding=\"async\" width=\"1024\" height=\"768\" src=\"https:\/\/wernerzehe.de\/wp-content\/uploads\/2021\/11\/IMG_3854.jpg\" alt=\"\" class=\"wp-image-1526\" srcset=\"https:\/\/wernerzehe.de\/wp-content\/uploads\/2021\/11\/IMG_3854.jpg 1024w, https:\/\/wernerzehe.de\/wp-content\/uploads\/2021\/11\/IMG_3854-300x225.jpg 300w, https:\/\/wernerzehe.de\/wp-content\/uploads\/2021\/11\/IMG_3854-768x576.jpg 768w\" sizes=\"auto, (max-width: 1024px) 100vw, 1024px\" \/><\/a><\/figure>\n\n\n\n<figure class=\"wp-block-image size-full\"><a href=\"https:\/\/wernerzehe.de\/wp-content\/uploads\/2021\/11\/IMG_3856.jpg\"><img loading=\"lazy\" decoding=\"async\" width=\"1024\" height=\"768\" src=\"https:\/\/wernerzehe.de\/wp-content\/uploads\/2021\/11\/IMG_3856.jpg\" alt=\"\" class=\"wp-image-1527\" srcset=\"https:\/\/wernerzehe.de\/wp-content\/uploads\/2021\/11\/IMG_3856.jpg 1024w, https:\/\/wernerzehe.de\/wp-content\/uploads\/2021\/11\/IMG_3856-300x225.jpg 300w, https:\/\/wernerzehe.de\/wp-content\/uploads\/2021\/11\/IMG_3856-768x576.jpg 768w\" sizes=\"auto, (max-width: 1024px) 100vw, 1024px\" \/><\/a><figcaption>Im Gegensatz zu mir, machen die gerne Pausen \ud83d\ude42<\/figcaption><\/figure>\n\n\n\n<p>Die n\u00e4chsten Tage nutze ich dann um mich in die Vogesen so Richtig zu verlieben.<\/p>\n\n\n\n<figure class=\"wp-block-image size-full\"><a href=\"https:\/\/wernerzehe.de\/wp-content\/uploads\/2021\/11\/IMG_3859.jpg\"><img loading=\"lazy\" decoding=\"async\" width=\"1024\" height=\"768\" src=\"https:\/\/wernerzehe.de\/wp-content\/uploads\/2021\/11\/IMG_3859.jpg\" alt=\"\" class=\"wp-image-1528\" srcset=\"https:\/\/wernerzehe.de\/wp-content\/uploads\/2021\/11\/IMG_3859.jpg 1024w, https:\/\/wernerzehe.de\/wp-content\/uploads\/2021\/11\/IMG_3859-300x225.jpg 300w, https:\/\/wernerzehe.de\/wp-content\/uploads\/2021\/11\/IMG_3859-768x576.jpg 768w\" sizes=\"auto, (max-width: 1024px) 100vw, 1024px\" \/><\/a><\/figure>\n\n\n\n<figure class=\"wp-block-image size-full\"><a href=\"https:\/\/wernerzehe.de\/wp-content\/uploads\/2021\/11\/IMG_3862.jpg\"><img loading=\"lazy\" decoding=\"async\" width=\"1024\" height=\"768\" src=\"https:\/\/wernerzehe.de\/wp-content\/uploads\/2021\/11\/IMG_3862.jpg\" alt=\"\" class=\"wp-image-1529\" srcset=\"https:\/\/wernerzehe.de\/wp-content\/uploads\/2021\/11\/IMG_3862.jpg 1024w, https:\/\/wernerzehe.de\/wp-content\/uploads\/2021\/11\/IMG_3862-300x225.jpg 300w, https:\/\/wernerzehe.de\/wp-content\/uploads\/2021\/11\/IMG_3862-768x576.jpg 768w\" sizes=\"auto, (max-width: 1024px) 100vw, 1024px\" \/><\/a><\/figure>\n\n\n\n<figure class=\"wp-block-image size-full\"><a href=\"https:\/\/wernerzehe.de\/wp-content\/uploads\/2021\/11\/IMG_3866.jpg\"><img loading=\"lazy\" decoding=\"async\" width=\"1024\" height=\"768\" src=\"https:\/\/wernerzehe.de\/wp-content\/uploads\/2021\/11\/IMG_3866.jpg\" alt=\"\" class=\"wp-image-1530\" srcset=\"https:\/\/wernerzehe.de\/wp-content\/uploads\/2021\/11\/IMG_3866.jpg 1024w, https:\/\/wernerzehe.de\/wp-content\/uploads\/2021\/11\/IMG_3866-300x225.jpg 300w, https:\/\/wernerzehe.de\/wp-content\/uploads\/2021\/11\/IMG_3866-768x576.jpg 768w\" sizes=\"auto, (max-width: 1024px) 100vw, 1024px\" \/><\/a><\/figure>\n\n\n\n<figure class=\"wp-block-image size-full\"><a href=\"https:\/\/wernerzehe.de\/wp-content\/uploads\/2021\/11\/IMG_3873.jpg\"><img loading=\"lazy\" decoding=\"async\" width=\"1024\" height=\"768\" src=\"https:\/\/wernerzehe.de\/wp-content\/uploads\/2021\/11\/IMG_3873.jpg\" alt=\"\" class=\"wp-image-1531\" srcset=\"https:\/\/wernerzehe.de\/wp-content\/uploads\/2021\/11\/IMG_3873.jpg 1024w, https:\/\/wernerzehe.de\/wp-content\/uploads\/2021\/11\/IMG_3873-300x225.jpg 300w, https:\/\/wernerzehe.de\/wp-content\/uploads\/2021\/11\/IMG_3873-768x576.jpg 768w\" sizes=\"auto, (max-width: 1024px) 100vw, 1024px\" \/><\/a><\/figure>\n\n\n\n<figure class=\"wp-block-image size-full\"><a href=\"https:\/\/wernerzehe.de\/wp-content\/uploads\/2021\/11\/IMG_3878.jpg\"><img loading=\"lazy\" decoding=\"async\" width=\"1024\" height=\"768\" src=\"https:\/\/wernerzehe.de\/wp-content\/uploads\/2021\/11\/IMG_3878.jpg\" alt=\"\" class=\"wp-image-1532\" srcset=\"https:\/\/wernerzehe.de\/wp-content\/uploads\/2021\/11\/IMG_3878.jpg 1024w, https:\/\/wernerzehe.de\/wp-content\/uploads\/2021\/11\/IMG_3878-300x225.jpg 300w, https:\/\/wernerzehe.de\/wp-content\/uploads\/2021\/11\/IMG_3878-768x576.jpg 768w\" sizes=\"auto, (max-width: 1024px) 100vw, 1024px\" \/><\/a><\/figure>\n\n\n\n<figure class=\"wp-block-image size-full\"><a href=\"https:\/\/wernerzehe.de\/wp-content\/uploads\/2021\/11\/IMG_3881.jpg\"><img loading=\"lazy\" decoding=\"async\" width=\"1024\" height=\"768\" src=\"https:\/\/wernerzehe.de\/wp-content\/uploads\/2021\/11\/IMG_3881.jpg\" alt=\"\" class=\"wp-image-1533\" srcset=\"https:\/\/wernerzehe.de\/wp-content\/uploads\/2021\/11\/IMG_3881.jpg 1024w, https:\/\/wernerzehe.de\/wp-content\/uploads\/2021\/11\/IMG_3881-300x225.jpg 300w, https:\/\/wernerzehe.de\/wp-content\/uploads\/2021\/11\/IMG_3881-768x576.jpg 768w\" sizes=\"auto, (max-width: 1024px) 100vw, 1024px\" \/><\/a><\/figure>\n\n\n\n<figure class=\"wp-block-image size-full\"><a href=\"https:\/\/wernerzehe.de\/wp-content\/uploads\/2021\/11\/IMG_3885.jpg\"><img loading=\"lazy\" decoding=\"async\" width=\"1024\" height=\"768\" src=\"https:\/\/wernerzehe.de\/wp-content\/uploads\/2021\/11\/IMG_3885.jpg\" alt=\"\" class=\"wp-image-1534\" srcset=\"https:\/\/wernerzehe.de\/wp-content\/uploads\/2021\/11\/IMG_3885.jpg 1024w, https:\/\/wernerzehe.de\/wp-content\/uploads\/2021\/11\/IMG_3885-300x225.jpg 300w, https:\/\/wernerzehe.de\/wp-content\/uploads\/2021\/11\/IMG_3885-768x576.jpg 768w\" sizes=\"auto, (max-width: 1024px) 100vw, 1024px\" \/><\/a><\/figure>\n\n\n\n<figure class=\"wp-block-image size-full\"><a href=\"https:\/\/wernerzehe.de\/wp-content\/uploads\/2021\/11\/IMG_3891.jpg\"><img loading=\"lazy\" decoding=\"async\" width=\"1024\" height=\"768\" src=\"https:\/\/wernerzehe.de\/wp-content\/uploads\/2021\/11\/IMG_3891.jpg\" alt=\"\" class=\"wp-image-1535\" srcset=\"https:\/\/wernerzehe.de\/wp-content\/uploads\/2021\/11\/IMG_3891.jpg 1024w, https:\/\/wernerzehe.de\/wp-content\/uploads\/2021\/11\/IMG_3891-300x225.jpg 300w, https:\/\/wernerzehe.de\/wp-content\/uploads\/2021\/11\/IMG_3891-768x576.jpg 768w\" sizes=\"auto, (max-width: 1024px) 100vw, 1024px\" \/><\/a><\/figure>\n\n\n\n<figure class=\"wp-block-image size-full\"><a href=\"https:\/\/wernerzehe.de\/wp-content\/uploads\/2021\/11\/IMG_3894.jpg\"><img loading=\"lazy\" decoding=\"async\" width=\"1024\" height=\"768\" src=\"https:\/\/wernerzehe.de\/wp-content\/uploads\/2021\/11\/IMG_3894.jpg\" alt=\"\" class=\"wp-image-1536\" srcset=\"https:\/\/wernerzehe.de\/wp-content\/uploads\/2021\/11\/IMG_3894.jpg 1024w, https:\/\/wernerzehe.de\/wp-content\/uploads\/2021\/11\/IMG_3894-300x225.jpg 300w, https:\/\/wernerzehe.de\/wp-content\/uploads\/2021\/11\/IMG_3894-768x576.jpg 768w\" sizes=\"auto, (max-width: 1024px) 100vw, 1024px\" \/><\/a><\/figure>\n\n\n\n<figure class=\"wp-block-image size-full\"><a href=\"https:\/\/wernerzehe.de\/wp-content\/uploads\/2021\/11\/IMG_3897.jpg\"><img loading=\"lazy\" decoding=\"async\" width=\"1024\" height=\"768\" src=\"https:\/\/wernerzehe.de\/wp-content\/uploads\/2021\/11\/IMG_3897.jpg\" alt=\"\" class=\"wp-image-1537\" srcset=\"https:\/\/wernerzehe.de\/wp-content\/uploads\/2021\/11\/IMG_3897.jpg 1024w, https:\/\/wernerzehe.de\/wp-content\/uploads\/2021\/11\/IMG_3897-300x225.jpg 300w, https:\/\/wernerzehe.de\/wp-content\/uploads\/2021\/11\/IMG_3897-768x576.jpg 768w\" sizes=\"auto, (max-width: 1024px) 100vw, 1024px\" \/><\/a><\/figure>\n\n\n\n<figure class=\"wp-block-image size-full\"><a href=\"https:\/\/wernerzehe.de\/wp-content\/uploads\/2021\/11\/IMG_3901.jpg\"><img loading=\"lazy\" decoding=\"async\" width=\"768\" height=\"1024\" src=\"https:\/\/wernerzehe.de\/wp-content\/uploads\/2021\/11\/IMG_3901.jpg\" alt=\"\" class=\"wp-image-1538\" srcset=\"https:\/\/wernerzehe.de\/wp-content\/uploads\/2021\/11\/IMG_3901.jpg 768w, https:\/\/wernerzehe.de\/wp-content\/uploads\/2021\/11\/IMG_3901-225x300.jpg 225w\" sizes=\"auto, (max-width: 768px) 100vw, 768px\" \/><\/a><\/figure>\n\n\n\n<figure class=\"wp-block-image size-full\"><a href=\"https:\/\/wernerzehe.de\/wp-content\/uploads\/2021\/11\/IMG_3906.jpg\"><img loading=\"lazy\" decoding=\"async\" width=\"1024\" height=\"768\" src=\"https:\/\/wernerzehe.de\/wp-content\/uploads\/2021\/11\/IMG_3906.jpg\" alt=\"\" class=\"wp-image-1539\" srcset=\"https:\/\/wernerzehe.de\/wp-content\/uploads\/2021\/11\/IMG_3906.jpg 1024w, https:\/\/wernerzehe.de\/wp-content\/uploads\/2021\/11\/IMG_3906-300x225.jpg 300w, https:\/\/wernerzehe.de\/wp-content\/uploads\/2021\/11\/IMG_3906-768x576.jpg 768w\" sizes=\"auto, (max-width: 1024px) 100vw, 1024px\" \/><\/a><\/figure>\n\n\n\n<figure class=\"wp-block-image size-full\"><a href=\"https:\/\/wernerzehe.de\/wp-content\/uploads\/2021\/11\/IMG_3909.jpg\"><img loading=\"lazy\" decoding=\"async\" width=\"1024\" height=\"768\" src=\"https:\/\/wernerzehe.de\/wp-content\/uploads\/2021\/11\/IMG_3909.jpg\" alt=\"\" class=\"wp-image-1540\" srcset=\"https:\/\/wernerzehe.de\/wp-content\/uploads\/2021\/11\/IMG_3909.jpg 1024w, https:\/\/wernerzehe.de\/wp-content\/uploads\/2021\/11\/IMG_3909-300x225.jpg 300w, https:\/\/wernerzehe.de\/wp-content\/uploads\/2021\/11\/IMG_3909-768x576.jpg 768w\" sizes=\"auto, (max-width: 1024px) 100vw, 1024px\" \/><\/a><\/figure>\n\n\n\n<figure class=\"wp-block-image size-full\"><a href=\"https:\/\/wernerzehe.de\/wp-content\/uploads\/2021\/11\/IMG_3916.jpg\"><img loading=\"lazy\" decoding=\"async\" width=\"1024\" height=\"768\" src=\"https:\/\/wernerzehe.de\/wp-content\/uploads\/2021\/11\/IMG_3916.jpg\" alt=\"\" class=\"wp-image-1541\" srcset=\"https:\/\/wernerzehe.de\/wp-content\/uploads\/2021\/11\/IMG_3916.jpg 1024w, https:\/\/wernerzehe.de\/wp-content\/uploads\/2021\/11\/IMG_3916-300x225.jpg 300w, https:\/\/wernerzehe.de\/wp-content\/uploads\/2021\/11\/IMG_3916-768x576.jpg 768w\" sizes=\"auto, (max-width: 1024px) 100vw, 1024px\" \/><\/a><\/figure>\n\n\n\n<figure class=\"wp-block-image size-full\"><a href=\"https:\/\/wernerzehe.de\/wp-content\/uploads\/2021\/11\/IMG_3928.jpg\"><img loading=\"lazy\" decoding=\"async\" width=\"1024\" height=\"768\" src=\"https:\/\/wernerzehe.de\/wp-content\/uploads\/2021\/11\/IMG_3928.jpg\" alt=\"\" class=\"wp-image-1542\" srcset=\"https:\/\/wernerzehe.de\/wp-content\/uploads\/2021\/11\/IMG_3928.jpg 1024w, https:\/\/wernerzehe.de\/wp-content\/uploads\/2021\/11\/IMG_3928-300x225.jpg 300w, https:\/\/wernerzehe.de\/wp-content\/uploads\/2021\/11\/IMG_3928-768x576.jpg 768w\" sizes=\"auto, (max-width: 1024px) 100vw, 1024px\" \/><\/a><\/figure>\n","protected":false},"excerpt":{"rendered":"<p>Obwohl ich Frankreich als Urlaubsland seit ich 18 bin genie\u00dfe, waren die Vogesen, obwohl fast vor meiner Haust\u00fcr, irgendwie ausgeblendet. Elsass und Cote d&#8217;Azur kannte ich aber die Vogesen. Seltsam. Zum Gl\u00fcck gab es 2006 eine Motorradgruppe bei der Stadt und einen Vogesenkenner der uns an diesem Wochenende mal die Vogesen zeigen wollte. Ich nutze [&hellip;]<\/p>\n","protected":false},"author":1,"featured_media":0,"parent":0,"menu_order":0,"comment_status":"closed","ping_status":"closed","template":"","meta":{"footnotes":""},"class_list":["post-1518","page","type-page","status-publish","hentry"],"_links":{"self":[{"href":"https:\/\/wernerzehe.de\/index.php?rest_route=\/wp\/v2\/pages\/1518","targetHints":{"allow":["GET"]}}],"collection":[{"href":"https:\/\/wernerzehe.de\/index.php?rest_route=\/wp\/v2\/pages"}],"about":[{"href":"https:\/\/wernerzehe.de\/index.php?rest_route=\/wp\/v2\/types\/page"}],"author":[{"embeddable":true,"href":"https:\/\/wernerzehe.de\/index.php?rest_route=\/wp\/v2\/users\/1"}],"replies":[{"embeddable":true,"href":"https:\/\/wernerzehe.de\/index.php?rest_route=%2Fwp%2Fv2%2Fcomments&post=1518"}],"version-history":[{"count":1,"href":"https:\/\/wernerzehe.de\/index.php?rest_route=\/wp\/v2\/pages\/1518\/revisions"}],"predecessor-version":[{"id":1544,"href":"https:\/\/wernerzehe.de\/index.php?rest_route=\/wp\/v2\/pages\/1518\/revisions\/1544"}],"wp:attachment":[{"href":"https:\/\/wernerzehe.de\/index.php?rest_route=%2Fwp%2Fv2%2Fmedia&parent=1518"}],"curies":[{"name":"wp","href":"https:\/\/api.w.org\/{rel}","templated":true}]}}