{"id":1583,"date":"2022-07-14T17:39:43","date_gmt":"2022-07-14T16:39:43","guid":{"rendered":"https:\/\/wernerzehe.de\/?page_id=1583"},"modified":"2024-04-16T08:46:26","modified_gmt":"2024-04-16T07:46:26","slug":"navigationsloesungen","status":"publish","type":"page","link":"https:\/\/wernerzehe.de\/?page_id=1583","title":{"rendered":"Navigationsl\u00f6sungen"},"content":{"rendered":"\n<p>Seit vielen Jahren besch\u00e4ftige ich mich mit dem Thema Navigation. Genauer gesagt seit 2008 als ich mit Geocaching angefangen habe. Neben den ersten Auto Navigationsger\u00e4ten und einem Pocket PC mit TomTom Software habe ich im Laufe der Jahre diverse iPhones, Garmin und TomTom Navigationsger\u00e4te verwendet.<\/p>\n\n\n\n<p>Auch auf dem Motorrad war ein Navi immer ein interessantes Thema. Zum einen ist es bei Regen und Wind deutlich schwieriger, mal eben auf die Stra\u00dfenkarte zu schauen, wenn man sich orientieren muss, zum anderen war ich nie so der Typ, der vorgeplante Routen gefahren ist, sondern ich bin viel, einfach mal drauf los, und da war es immer ganz praktisch, wenn man den ungef\u00e4hren Stra\u00dfenverlauf absch\u00e4tzen konnte.<\/p>\n\n\n\n<p>Auch beim Wandern oder Fahrrad fahren waren Navis (meistens Garmin Oregon Modelle) immer mein st\u00e4ndiger Begleiter.<\/p>\n\n\n\n<p>Aber das Thema Navigation, insbesondere beim Fahrrad fahren und auf dem Motorrad war auch immer mit sehr viel Frust verbunden.<\/p>\n\n\n\n<p>Schlechte Software, schlechtes Kartenmaterial, \u00fcberteuerte Hardware, die Liste lie\u00dfe sich beliebig fortf\u00fchren, was ich so alles an mieser Qualit\u00e4t schon in den H\u00e4nden gehalten habe.<\/p>\n\n\n\n<p>Um diesen Frust zu minimieren war klar, dass ich mich aus der Abh\u00e4ngigkeit der beiden verbliebenen Player (Garmin und TomTom) befreien musste.<\/p>\n\n\n\n<p>Dazu waren Apps dass Mittel der Wahl. Denn im Gegensatz zu den beiden Gro\u00dfen, denen daran gelegen ist \u00fcberteuerte Hardware zu verkaufen, haben die oft kleinen APP-Hersteller nur Ihre App. Wenn sie da einen schlechten Job machen, sind sie schnell weg vom Fenster.<\/p>\n\n\n\n<p>Wie sieht also meine aktuelle Config aus?<\/p>\n\n\n\n<p class=\"has-larger-font-size\">Hier geht es zur <a href=\"https:\/\/wernerzehe.de\/?page_id=1642\">Motorradnavigation<\/a><\/p>\n\n\n\n<p class=\"has-larger-font-size\">Hier geht es zur <a href=\"https:\/\/wernerzehe.de\/?page_id=1637\" data-type=\"page\" data-id=\"1637\">Fahhradnavigation<\/a><\/p>\n\n\n\n<p><\/p>\n","protected":false},"excerpt":{"rendered":"<p>Seit vielen Jahren besch\u00e4ftige ich mich mit dem Thema Navigation. Genauer gesagt seit 2008 als ich mit Geocaching angefangen habe. Neben den ersten Auto Navigationsger\u00e4ten und einem Pocket PC mit TomTom Software habe ich im Laufe der Jahre diverse iPhones, Garmin und TomTom Navigationsger\u00e4te verwendet. Auch auf dem Motorrad war ein Navi immer ein interessantes [&hellip;]<\/p>\n","protected":false},"author":1,"featured_media":0,"parent":0,"menu_order":0,"comment_status":"closed","ping_status":"closed","template":"","meta":{"footnotes":""},"class_list":["post-1583","page","type-page","status-publish","hentry"],"_links":{"self":[{"href":"https:\/\/wernerzehe.de\/index.php?rest_route=\/wp\/v2\/pages\/1583","targetHints":{"allow":["GET"]}}],"collection":[{"href":"https:\/\/wernerzehe.de\/index.php?rest_route=\/wp\/v2\/pages"}],"about":[{"href":"https:\/\/wernerzehe.de\/index.php?rest_route=\/wp\/v2\/types\/page"}],"author":[{"embeddable":true,"href":"https:\/\/wernerzehe.de\/index.php?rest_route=\/wp\/v2\/users\/1"}],"replies":[{"embeddable":true,"href":"https:\/\/wernerzehe.de\/index.php?rest_route=%2Fwp%2Fv2%2Fcomments&post=1583"}],"version-history":[{"count":4,"href":"https:\/\/wernerzehe.de\/index.php?rest_route=\/wp\/v2\/pages\/1583\/revisions"}],"predecessor-version":[{"id":1647,"href":"https:\/\/wernerzehe.de\/index.php?rest_route=\/wp\/v2\/pages\/1583\/revisions\/1647"}],"wp:attachment":[{"href":"https:\/\/wernerzehe.de\/index.php?rest_route=%2Fwp%2Fv2%2Fmedia&parent=1583"}],"curies":[{"name":"wp","href":"https:\/\/api.w.org\/{rel}","templated":true}]}}