{"id":1611,"date":"2023-04-18T12:41:54","date_gmt":"2023-04-18T11:41:54","guid":{"rendered":"https:\/\/wernerzehe.de\/?page_id=1611"},"modified":"2023-04-18T12:41:54","modified_gmt":"2023-04-18T11:41:54","slug":"motorradfahrer-dein-freund-und-helfer","status":"publish","type":"page","link":"https:\/\/wernerzehe.de\/?page_id=1611","title":{"rendered":"Motorradfahrer, dein Freund und Helfer"},"content":{"rendered":"\n<p>Da mir im letzten Urlaub, eine wirklich besondere Hilfe zuteil geworden ist, will ich die Geschichte hier verewigen. <\/p>\n\n\n\n<p>Prinzipiell gab es schon viele kleine Hilfeleistungen durch Forenmember, aber das war wirklich was besonderes:<\/p>\n\n\n\n<p>Sind mit dem Cabrio in Urlaub an der Cote. Hatte vorher kurz mit dem Member Fred aus dem Forum Kontakt, da er auch gerade dort Urlaub machte. Vielleicht sieht man sich ja mal?\u00a0<\/p>\n\n\n\n<p>Dann Donnerstag Nachmittag, Reifen platt am Cabrio. Abschleppen hat etwas gedauert, standen dann ohne Gep\u00e4ck (war in der Ferienwohnung) nur in den Wanderklamotten in Castellane. Da es schon nach 18.00 Uhr war, machte der Abschlepper hinter uns zu und Feierabend. Die meisten Hotels  waren ausgebucht, Auto Vermietung gab es keine, Taxi zur Ferienwohnung 250 Euro.\u00a0<\/p>\n\n\n\n<p>Also im erst besten Hotel \u00fcbernachtet. (Dar\u00fcber h\u00fcllen wir dann den Mantel des Schweigens)<\/p>\n\n\n\n<p>Am n\u00e4chsten Morgen, der Abschlepper hat keinen passenden Reifen. Ich rum telefoniert und in Digne bei VW passende Reifen gefunden. Nur wie hin kommen?\u00a0<\/p>\n\n\n\n<p>Taxis nur mit 5-6 Stunden Wartezeit, dass w\u00fcrde nicht mehr reichen um die Reifen drauf ziehen zu lassen und Samstags hat der Abschlepper zu. Der einzige Bus ist durch.\u00a0<\/p>\n\n\n\n<p>Mietwagen gibt es nicht.&nbsp;<\/p>\n\n\n\n<p>Fred unterbricht seinen Urlaub, f\u00e4hrt fast 2 Stunden um uns in Castellane abzuholen, f\u00e4hrt uns nach Digne. Als wir kurz nach 12.00 Uhr ankommen hat das Autohaus Mittagspause. Fred und seine Frau warten mit uns und fahren uns nach dem Kauf der Reifen wieder zum Abschleppdienst.\u00a0<\/p>\n\n\n\n<p>Reifen werden montiert und wir k\u00f6nnen in unsere Ferienwohnung und unseren Urlaub fortsetzen.\u00a0<\/p>\n\n\n\n<p>Trotz meiner Bem\u00fchungen, war das einzige was Fred als Entsch\u00e4digung akzeptiert hat, ein H\u00e4ndedruck.\u00a0<\/p>\n\n\n\n<p>Das ist Hilfe unter Motorradfahrer!<\/p>\n\n\n\n<p><\/p>\n","protected":false},"excerpt":{"rendered":"<p>Da mir im letzten Urlaub, eine wirklich besondere Hilfe zuteil geworden ist, will ich die Geschichte hier verewigen. Prinzipiell gab es schon viele kleine Hilfeleistungen durch Forenmember, aber das war wirklich was besonderes: Sind mit dem Cabrio in Urlaub an der Cote. Hatte vorher kurz mit dem Member Fred aus dem Forum Kontakt, da er [&hellip;]<\/p>\n","protected":false},"author":1,"featured_media":0,"parent":0,"menu_order":0,"comment_status":"closed","ping_status":"closed","template":"","meta":{"footnotes":""},"class_list":["post-1611","page","type-page","status-publish","hentry"],"_links":{"self":[{"href":"https:\/\/wernerzehe.de\/index.php?rest_route=\/wp\/v2\/pages\/1611","targetHints":{"allow":["GET"]}}],"collection":[{"href":"https:\/\/wernerzehe.de\/index.php?rest_route=\/wp\/v2\/pages"}],"about":[{"href":"https:\/\/wernerzehe.de\/index.php?rest_route=\/wp\/v2\/types\/page"}],"author":[{"embeddable":true,"href":"https:\/\/wernerzehe.de\/index.php?rest_route=\/wp\/v2\/users\/1"}],"replies":[{"embeddable":true,"href":"https:\/\/wernerzehe.de\/index.php?rest_route=%2Fwp%2Fv2%2Fcomments&post=1611"}],"version-history":[{"count":1,"href":"https:\/\/wernerzehe.de\/index.php?rest_route=\/wp\/v2\/pages\/1611\/revisions"}],"predecessor-version":[{"id":1613,"href":"https:\/\/wernerzehe.de\/index.php?rest_route=\/wp\/v2\/pages\/1611\/revisions\/1613"}],"wp:attachment":[{"href":"https:\/\/wernerzehe.de\/index.php?rest_route=%2Fwp%2Fv2%2Fmedia&parent=1611"}],"curies":[{"name":"wp","href":"https:\/\/api.w.org\/{rel}","templated":true}]}}