{"id":1642,"date":"2024-04-16T08:40:10","date_gmt":"2024-04-16T07:40:10","guid":{"rendered":"https:\/\/wernerzehe.de\/?page_id=1642"},"modified":"2025-11-11T13:13:25","modified_gmt":"2025-11-11T12:13:25","slug":"motorradnavigation","status":"publish","type":"page","link":"https:\/\/wernerzehe.de\/?page_id=1642","title":{"rendered":"Motorradnavigation"},"content":{"rendered":"\n<p id=\"block-a6683460-d893-4b9d-b270-9aa514233afd\">Nach mehreren Versuchen mit verschiedener Hardware und APPs, sieht meine aktuelle Konfiguration so aus:<\/p>\n\n\n\n<p id=\"block-a521ba17-0d43-430e-bb24-19c3a32f97b6\">Ein Ram-Mount Halter mit Stromversorgung \u00fcber Pogo-Pins:<\/p>\n\n\n\n<figure class=\"wp-block-image\" id=\"block-a5bf3b0e-4888-4bf8-bb0e-32cbab2d8989\"><a href=\"https:\/\/wernerzehe.de\/wp-content\/uploads\/2022\/07\/20220714_164907-scaled.jpg\"><img decoding=\"async\" src=\"https:\/\/wernerzehe.de\/wp-content\/uploads\/2022\/07\/20220714_164907-1024x768.jpg\" alt=\"Dieses Bild hat ein leeres Alt-Attribut. Der Dateiname ist 20220714_164907-1024x768.jpg\"\/><\/a><\/figure>\n\n\n\n<p id=\"block-c3e56fa4-0588-4a71-9379-45cdfa1a39b2\">Macht nat\u00fcrlich nur Sinn, wenn das Tablett auch Pogo-Pins hat:<\/p>\n\n\n\n<figure class=\"wp-block-image\" id=\"block-7bb09173-7c40-42bc-b187-8e94f08a31e1\"><a href=\"https:\/\/wernerzehe.de\/wp-content\/uploads\/2022\/07\/20220714_173801-scaled.jpg\"><img decoding=\"async\" src=\"https:\/\/wernerzehe.de\/wp-content\/uploads\/2022\/07\/20220714_173801-768x1024.jpg\" alt=\"Dieses Bild hat ein leeres Alt-Attribut. Der Dateiname ist 20220714_173801-768x1024.jpg\"\/><\/a><\/figure>\n\n\n\n<p id=\"block-d8609733-4384-4751-b329-ffb2c316b7b2\">Hier mal der ungef\u00e4hre Blick auf die Instrumente bei montiertem Tab:<\/p>\n\n\n\n<figure class=\"wp-block-image\" id=\"block-ff06ea9c-025c-47c7-93c3-e19e8d3ed2f7\"><a href=\"https:\/\/wernerzehe.de\/wp-content\/uploads\/2022\/07\/20220714_164919.jpg\"><img decoding=\"async\" src=\"https:\/\/wernerzehe.de\/wp-content\/uploads\/2022\/07\/20220714_164919-1024x793.jpg\" alt=\"Dieses Bild hat ein leeres Alt-Attribut. Der Dateiname ist 20220714_164919-1024x793.jpg\"\/><\/a><\/figure>\n\n\n\n<p id=\"block-e49803af-6716-4343-a13e-4c6a9509287b\">Ich verwende aktuell dass Samsung Active Tab 5. Dass hat den Vorteil der Stromversorgung \u00fcber Pogo-Pins, ist Wasser dicht, mit Handschuhen bedienbar (auch wenn diese nicht Smartphone f\u00e4hig sind) und robust f\u00fcr den Au\u00dfeneinsatz konzipiert.<\/p>\n\n\n\n<p id=\"block-2a04232a-93f8-4536-ba03-4d09df4a2e3f\">Ich hatte vorher dass Model 2 und 3 im Einsatz, ging auch, hatte aber wenig interner Speicher und RAM, da waren Updates immer nervig. Das Problem hat dass 5er nicht mehr und es hat auch ein deutlich besseres Display. Die bilder hier sind noch vom alten 3er.<\/p>\n\n\n\n<figure class=\"wp-block-image\" id=\"block-0e5b64f5-65a8-4033-ad57-e3b9a569c121\"><a href=\"https:\/\/wernerzehe.de\/wp-content\/uploads\/2022\/07\/20220714_164952-scaled.jpg\"><img decoding=\"async\" src=\"https:\/\/wernerzehe.de\/wp-content\/uploads\/2022\/07\/20220714_164952-1024x768.jpg\" alt=\"Dieses Bild hat ein leeres Alt-Attribut. Der Dateiname ist 20220714_164952-1024x768.jpg\"\/><\/a><\/figure>\n\n\n\n<p id=\"block-b75546f6-f7a0-44ce-90f6-eba18cb6e0e8\">leider spiegelt das Display in der Garage beim Fotografieren stark, im freien ist dies Problem deutlich geringer, da ist es auch bei Sonneneinstrahlung gut ablesbar. Auf dem Bild sieht man die APP: Drive Mode Dashboard, ein ganz witziges Tool: <a href=\"https:\/\/www.drivemodedashboard.com\/\" target=\"_blank\" rel=\"noreferrer noopener\">https:\/\/www.drivemodedashboard.com\/<\/a><\/p>\n\n\n\n<p id=\"block-3d43d12d-38a9-446a-bbb2-599ad09c52ec\">Alle meine Motorr\u00e4der haben eine Ram Mount Halterung im Lenkerbereich, sodass ich dort die Tab-Halterung anbringen kann.<\/p>\n\n\n\n<p id=\"block-81e8f407-acc3-4cb1-9ec5-a76f18b779f9\">Auch wenn es auf dem Bild so aussieht, aber man kann die Anzeigen des Motorrades noch gut ablesen, ist dem Winkel geschuldet.<\/p>\n\n\n\n<p id=\"block-861b32d7-cb0c-42f7-bb0b-dd75932d4abd\">Als Navi APP verwende ich Google Maps wenn ich einfach von A nach B will, ansonsten die urspr\u00fcngliche Kuviger APP, die jetzt als Cruiser vermarktet wird.<\/p>\n\n\n\n<p><a href=\"https:\/\/play.google.com\/store\/apps\/details?id=gr.talent.cruiser&amp;hl=de&amp;gl=US\">https:\/\/play.google.com\/store\/apps\/details?id=gr.talent.cruiser&amp;hl=de&amp;gl=US<\/a><\/p>\n\n\n\n<p>Ich hatte auch die neue Kurvier APP getestet, diese ist mir aber mit Funktionen zu \u00fcberladen. Der Focus liegt bei der neuen Kurviger APP sehr stark auf Navigation, f\u00fcr viele Funktionen die in der Crusier APP \u00fcber einen Klick verf\u00fcgbar sind muss man sich jetzt durch teilweise sehr kleine Men\u00fcs hangeln. Bei einigen mir wichtigen Funktionen ben\u00f6tigt man bei Cruiser einem Klick , was zur Not auch w\u00e4hrend der Fahrt geht, daf\u00fcr muss man bei der neuen kurviger App, immer stehen bleiben, Handschuhe ausziehen (weil die Buttons zu klein sind um sie mit handschuhen zu treffen) anklicken, handschuhe wieder anziehen, weiter fahren.<\/p>\n\n\n\n<figure class=\"wp-block-image\" id=\"block-0ab8900e-8de2-4a05-b13e-639c94fd8ef3\"><a href=\"https:\/\/wernerzehe.de\/wp-content\/uploads\/2022\/07\/20220714_165035-scaled.jpg\"><img decoding=\"async\" src=\"https:\/\/wernerzehe.de\/wp-content\/uploads\/2022\/07\/20220714_165035-1024x768.jpg\" alt=\"Dieses Bild hat ein leeres Alt-Attribut. Der Dateiname ist 20220714_165035-1024x768.jpg\"\/><\/a><\/figure>\n\n\n\n<p id=\"block-0cef4698-4edf-4330-9761-46885f9d8556\">So ein gro\u00dfer Bildschirm ist da halt totaler Luxus. Bei Cruiser kann man den Zoom auch mit den Lautst\u00e4rketasten bedienen, was f\u00fcr mich ein echtes Killer Feature ist.<\/p>\n\n\n\n<p id=\"block-c83e64f7-8593-452e-b69a-fbbf49c32fad\">Die Stromversorgung der aktiven Halterung geschah urspr\u00fcnglich normal \u00fcber einen Stecker f\u00fcr einen Zigarettenanz\u00fcnder. Dass ist nat\u00fcrlich extrem unpraktisch, da meine Tiger z.B. die kleinere Bordsteckdose verbaut hat, und ich diese Riesen Zigarettenanz\u00fcnderstecker auch total unpraktisch f\u00fcrs Motorrad finde. Weiterhin hatte ich bei den alten KLRs im Gel\u00e4nde auch \u00f6fter mal, dass der Stecker sich etwas los ger\u00fcttelt hat, was man nat\u00fcrlich nicht immer mitbekommt, und irgendwann kam dann die Akku Leer Warnung.<\/p>\n\n\n\n<p id=\"block-88525943-e08a-4bd4-9d3a-16f40cd893fe\">Also habe ich erst einmal die 5V Versorgungsspannung \u00fcber einen in die Zuleitung eingebauten Wandler 12V ready gemacht.<\/p>\n\n\n\n<figure class=\"wp-block-image\" id=\"block-2ecd0136-de06-4972-8964-25586e3b2f9d\"><a href=\"https:\/\/wernerzehe.de\/wp-content\/uploads\/2022\/07\/20220714_174420-scaled.jpg\"><img decoding=\"async\" src=\"https:\/\/wernerzehe.de\/wp-content\/uploads\/2022\/07\/20220714_174420-768x1024.jpg\" alt=\"Dieses Bild hat ein leeres Alt-Attribut. Der Dateiname ist 20220714_174420-768x1024.jpg\"\/><\/a><\/figure>\n\n\n\n<p id=\"block-a5d2d5e0-51de-485d-a584-52a922926d59\">An meinen alten Enduros war eh kein Zigarettenanz\u00fcnder verbaut, also habe ich auf das Clingo-Stecksystem umgestellt. Da gibt es Massen an unterschiedlichen Steckertypen in hervorragender Qualit\u00e4t. Da es sich um ein Stecksystem handelt, kann sich die Verbindung auch nicht durch Vibrationen (was bei den KLRs ja schon ein Thema ist) l\u00f6sen.<\/p>\n\n\n\n<figure class=\"wp-block-image\" id=\"block-fdf42f86-a753-4c46-9bb5-db491e396772\"><a href=\"https:\/\/wernerzehe.de\/wp-content\/uploads\/2022\/07\/20220714_174436.jpg\"><img decoding=\"async\" src=\"https:\/\/wernerzehe.de\/wp-content\/uploads\/2022\/07\/20220714_174436-941x1024.jpg\" alt=\"Dieses Bild hat ein leeres Alt-Attribut. Der Dateiname ist 20220714_174436-941x1024.jpg\"\/><\/a><\/figure>\n\n\n\n<figure class=\"wp-block-image\" id=\"block-aa2d433d-4c15-419a-8e36-0809dca16c3e\"><a href=\"https:\/\/wernerzehe.de\/wp-content\/uploads\/2022\/07\/20220714_174447.jpg\"><img decoding=\"async\" src=\"https:\/\/wernerzehe.de\/wp-content\/uploads\/2022\/07\/20220714_174447-941x1024.jpg\" alt=\"Dieses Bild hat ein leeres Alt-Attribut. Der Dateiname ist 20220714_174447-941x1024.jpg\"\/><\/a><figcaption class=\"wp-element-caption\">An der Tiger<\/figcaption><\/figure>\n\n\n\n<figure class=\"wp-block-image\" id=\"block-81a3bac8-ba84-4acf-87f0-8171264a6d5c\"><a href=\"https:\/\/wernerzehe.de\/wp-content\/uploads\/2022\/07\/20220714_174501.jpg\"><img decoding=\"async\" src=\"https:\/\/wernerzehe.de\/wp-content\/uploads\/2022\/07\/20220714_174501-768x1024.jpg\" alt=\"Dieses Bild hat ein leeres Alt-Attribut. Der Dateiname ist 20220714_174501-768x1024.jpg\"\/><\/a><figcaption class=\"wp-element-caption\">An meiner A-KLR<\/figcaption><\/figure>\n\n\n\n<figure class=\"wp-block-image\" id=\"block-326f0b88-f7f7-4fcc-ab01-f061d67bc5a9\"><a href=\"https:\/\/wernerzehe.de\/wp-content\/uploads\/2022\/07\/20220714_174536.jpg\"><img decoding=\"async\" src=\"https:\/\/wernerzehe.de\/wp-content\/uploads\/2022\/07\/20220714_174536-922x1024.jpg\" alt=\"Dieses Bild hat ein leeres Alt-Attribut. Der Dateiname ist 20220714_174536-922x1024.jpg\"\/><\/a><figcaption class=\"wp-element-caption\">Bei meiner Sumo-KLR<\/figcaption><\/figure>\n\n\n\n<p id=\"block-162aa1bc-0109-44c6-b949-24eba9097edc\">Das sch\u00f6ne bei Android ist, dass man auch externe Ger\u00e4te koppeln kann. Da k\u00f6nnte man noch eine Fernsteuerung ala Carpe-iter Nutzen, oder was selber bauen.<\/p>\n\n\n\n<p id=\"block-9b3d11c7-16ca-481b-9986-78e5c1975c84\">Die meisten der Ideen, die ich hier umgesetzt habe, kommen auch von den (nat\u00fcrlich deutlich professionelleren) Carpe Iter L\u00f6sungen:<\/p>\n\n\n\n<figure class=\"wp-block-embed is-type-wp-embed is-provider-carpe-iter wp-block-embed-carpe-iter\"><div class=\"wp-block-embed__wrapper\">\n<blockquote class=\"wp-embedded-content\" data-secret=\"Uh8pz0P9WX\"><a href=\"https:\/\/carpe-iter.com\/\">Home 2020<\/a><\/blockquote><iframe loading=\"lazy\" class=\"wp-embedded-content\" sandbox=\"allow-scripts\" security=\"restricted\" style=\"position: absolute; clip: rect(1px, 1px, 1px, 1px);\" title=\"&#8220;Home 2020&#8221; &#8212; Carpe Iter\" src=\"https:\/\/carpe-iter.com\/embed\/#?secret=TGlRsBTEzC#?secret=Uh8pz0P9WX\" data-secret=\"Uh8pz0P9WX\" width=\"580\" height=\"327\" frameborder=\"0\" marginwidth=\"0\" marginheight=\"0\" scrolling=\"no\"><\/iframe>\n<\/div><\/figure>\n","protected":false},"excerpt":{"rendered":"<p>Nach mehreren Versuchen mit verschiedener Hardware und APPs, sieht meine aktuelle Konfiguration so aus: Ein Ram-Mount Halter mit Stromversorgung \u00fcber Pogo-Pins: Macht nat\u00fcrlich nur Sinn, wenn das Tablett auch Pogo-Pins hat: Hier mal der ungef\u00e4hre Blick auf die Instrumente bei montiertem Tab: Ich verwende aktuell dass Samsung Active Tab 5. Dass hat den Vorteil der [&hellip;]<\/p>\n","protected":false},"author":1,"featured_media":0,"parent":0,"menu_order":0,"comment_status":"closed","ping_status":"closed","template":"","meta":{"footnotes":""},"class_list":["post-1642","page","type-page","status-publish","hentry"],"_links":{"self":[{"href":"https:\/\/wernerzehe.de\/index.php?rest_route=\/wp\/v2\/pages\/1642","targetHints":{"allow":["GET"]}}],"collection":[{"href":"https:\/\/wernerzehe.de\/index.php?rest_route=\/wp\/v2\/pages"}],"about":[{"href":"https:\/\/wernerzehe.de\/index.php?rest_route=\/wp\/v2\/types\/page"}],"author":[{"embeddable":true,"href":"https:\/\/wernerzehe.de\/index.php?rest_route=\/wp\/v2\/users\/1"}],"replies":[{"embeddable":true,"href":"https:\/\/wernerzehe.de\/index.php?rest_route=%2Fwp%2Fv2%2Fcomments&post=1642"}],"version-history":[{"count":2,"href":"https:\/\/wernerzehe.de\/index.php?rest_route=\/wp\/v2\/pages\/1642\/revisions"}],"predecessor-version":[{"id":2002,"href":"https:\/\/wernerzehe.de\/index.php?rest_route=\/wp\/v2\/pages\/1642\/revisions\/2002"}],"wp:attachment":[{"href":"https:\/\/wernerzehe.de\/index.php?rest_route=%2Fwp%2Fv2%2Fmedia&parent=1642"}],"curies":[{"name":"wp","href":"https:\/\/api.w.org\/{rel}","templated":true}]}}