{"id":1651,"date":"2024-06-26T19:35:16","date_gmt":"2024-06-26T18:35:16","guid":{"rendered":"https:\/\/wernerzehe.de\/?page_id=1651"},"modified":"2024-06-26T19:40:21","modified_gmt":"2024-06-26T18:40:21","slug":"kontaktloser-seitenstaenderschalter","status":"publish","type":"page","link":"https:\/\/wernerzehe.de\/?page_id=1651","title":{"rendered":"Kontaktloser Seitenst\u00e4nderschalter"},"content":{"rendered":"\n<p>Da ich ja schon bei meiner Twin gute Erfahrungen mit einem kontaktlosen Seitenst\u00e4nderschalter (SSS) gemacht habe, habe ich nat\u00fcrlich auch meine KLRs auf einen kontaktlosen SSS umgebaut.<\/p>\n\n\n\n<p>Verwendet habe ich dazu den MK26 1C90C&nbsp;Reed-Sensor von Standex:<\/p>\n\n\n\n<p><a href=\"https:\/\/www.reichelt.de\/reed-sensor-175-v-0-5-a-wechsler-mk26-1c90c-p151871.html\">https:\/\/www.reichelt.de\/reed-sensor-175-v-0-5-a-wechsler-mk26-1c90c-p151871.html<\/a><\/p>\n\n\n\n<p> Je nach Seitenst\u00e4nder Bauweise, die L\u00f6sung ist ja bei jedem Motorrad umsetzbar, kann nat\u00fcrlich auch eine andere Bauform sinnvoller sein.<\/p>\n\n\n\n<p>Warum ein Wechsler? In der Regel ist der SSS ein Schlie\u00dfer. Allerdings ist es ja abh\u00e4ngig von der Einbaulage, ob der Schalter am Magnet anliegt wenn der Seitenst\u00e4nder aus- bzw. eingeklappt ist. Au\u00dferdem hatte ich bei der Planung auch ein Komplettumbau des Kabelbaums auf eine Digitalbox im Auge und da war ja die endg\u00fcltige Beschaltung der Eing\u00e4nge noch offen. Mit einem Wechsler ist man da halt flexibel und die eine Litze mehr im Anschlusskabel, macht nun wirklich keinen Unterschied.<\/p>\n\n\n\n<p>Bei der KLR 650 ist Original eine Abdeckung \u00fcber dem Zug angebracht. Diese Abdeckung habe ich entfernt und noch ein zweites Gewinde gebohrt. Daran ist ein Blech befestigt, welches den Reed Kontakt aufnimmt.<\/p>\n\n\n\n<figure class=\"wp-block-image size-full\"><a href=\"https:\/\/wernerzehe.de\/wp-content\/uploads\/2024\/06\/05-2.jpg\"><img loading=\"lazy\" decoding=\"async\" width=\"482\" height=\"500\" src=\"https:\/\/wernerzehe.de\/wp-content\/uploads\/2024\/06\/05-2.jpg\" alt=\"\" class=\"wp-image-1655\" srcset=\"https:\/\/wernerzehe.de\/wp-content\/uploads\/2024\/06\/05-2.jpg 482w, https:\/\/wernerzehe.de\/wp-content\/uploads\/2024\/06\/05-2-289x300.jpg 289w\" sizes=\"auto, (max-width: 482px) 100vw, 482px\" \/><\/a><\/figure>\n\n\n\n<p>Von vorne sieht das dann so aus:<\/p>\n\n\n\n<figure class=\"wp-block-image size-full\"><a href=\"https:\/\/wernerzehe.de\/wp-content\/uploads\/2024\/06\/01.jpg\"><img loading=\"lazy\" decoding=\"async\" width=\"540\" height=\"500\" src=\"https:\/\/wernerzehe.de\/wp-content\/uploads\/2024\/06\/01.jpg\" alt=\"\" class=\"wp-image-1656\" srcset=\"https:\/\/wernerzehe.de\/wp-content\/uploads\/2024\/06\/01.jpg 540w, https:\/\/wernerzehe.de\/wp-content\/uploads\/2024\/06\/01-300x278.jpg 300w\" sizes=\"auto, (max-width: 540px) 100vw, 540px\" \/><\/a><\/figure>\n\n\n\n<p>Der Magnet ist ein normalen Neodym Magnet mit Mittelloch, den ich an den Seitenst\u00e4nder fest geschraubt habe. An einer anderen KLR, ist der Neodym seit ca. 3.000km nicht angeschraubt und immer noch an der gleichen Stelle. Muss also jeder selbst entscheiden, ob das sein muss.<\/p>\n\n\n\n<p>Dass Anschlusskabel habe ich dann den gleichen Weg nach oben gef\u00fchrt wie den Original Zug:<\/p>\n\n\n\n<figure class=\"wp-block-image size-full\"><a href=\"https:\/\/wernerzehe.de\/wp-content\/uploads\/2024\/06\/03.jpg\"><img loading=\"lazy\" decoding=\"async\" width=\"375\" height=\"500\" src=\"https:\/\/wernerzehe.de\/wp-content\/uploads\/2024\/06\/03.jpg\" alt=\"\" class=\"wp-image-1657\" srcset=\"https:\/\/wernerzehe.de\/wp-content\/uploads\/2024\/06\/03.jpg 375w, https:\/\/wernerzehe.de\/wp-content\/uploads\/2024\/06\/03-225x300.jpg 225w\" sizes=\"auto, (max-width: 375px) 100vw, 375px\" \/><\/a><\/figure>\n\n\n\n<p>Dann noch den Schalter an den Original Anschluss vom urspr\u00fcnglichen SSS anschlie\u00dfen und fertig. Den Original Stecker habe ich dazu gegen einen zweipoligen Ampseal Stecker getauscht:<\/p>\n\n\n\n<figure class=\"wp-block-image size-full\"><a href=\"https:\/\/wernerzehe.de\/wp-content\/uploads\/2024\/06\/04.jpg\"><img loading=\"lazy\" decoding=\"async\" width=\"326\" height=\"273\" src=\"https:\/\/wernerzehe.de\/wp-content\/uploads\/2024\/06\/04.jpg\" alt=\"\" class=\"wp-image-1658\" srcset=\"https:\/\/wernerzehe.de\/wp-content\/uploads\/2024\/06\/04.jpg 326w, https:\/\/wernerzehe.de\/wp-content\/uploads\/2024\/06\/04-300x251.jpg 300w\" sizes=\"auto, (max-width: 326px) 100vw, 326px\" \/><\/a><\/figure>\n\n\n\n<p>Nicht wundern, warum die Bilder so unterschiedliche Farben haben und der Seitenst\u00e4nder auch verschieden ist. Ich habe wie gesagt alle meine drei KLR auf diese L\u00f6sung umgebaut und beim Erstellen dieser Anleitung Bilder von verschiedenen Modellen genommen, je nachdem welches besser gepasst hat \ud83d\ude42<\/p>\n","protected":false},"excerpt":{"rendered":"<p>Da ich ja schon bei meiner Twin gute Erfahrungen mit einem kontaktlosen Seitenst\u00e4nderschalter (SSS) gemacht habe, habe ich nat\u00fcrlich auch meine KLRs auf einen kontaktlosen SSS umgebaut. Verwendet habe ich dazu den MK26 1C90C&nbsp;Reed-Sensor von Standex: https:\/\/www.reichelt.de\/reed-sensor-175-v-0-5-a-wechsler-mk26-1c90c-p151871.html Je nach Seitenst\u00e4nder Bauweise, die L\u00f6sung ist ja bei jedem Motorrad umsetzbar, kann nat\u00fcrlich auch eine andere Bauform [&hellip;]<\/p>\n","protected":false},"author":1,"featured_media":0,"parent":0,"menu_order":0,"comment_status":"closed","ping_status":"closed","template":"","meta":{"footnotes":""},"class_list":["post-1651","page","type-page","status-publish","hentry"],"_links":{"self":[{"href":"https:\/\/wernerzehe.de\/index.php?rest_route=\/wp\/v2\/pages\/1651","targetHints":{"allow":["GET"]}}],"collection":[{"href":"https:\/\/wernerzehe.de\/index.php?rest_route=\/wp\/v2\/pages"}],"about":[{"href":"https:\/\/wernerzehe.de\/index.php?rest_route=\/wp\/v2\/types\/page"}],"author":[{"embeddable":true,"href":"https:\/\/wernerzehe.de\/index.php?rest_route=\/wp\/v2\/users\/1"}],"replies":[{"embeddable":true,"href":"https:\/\/wernerzehe.de\/index.php?rest_route=%2Fwp%2Fv2%2Fcomments&post=1651"}],"version-history":[{"count":2,"href":"https:\/\/wernerzehe.de\/index.php?rest_route=\/wp\/v2\/pages\/1651\/revisions"}],"predecessor-version":[{"id":1663,"href":"https:\/\/wernerzehe.de\/index.php?rest_route=\/wp\/v2\/pages\/1651\/revisions\/1663"}],"wp:attachment":[{"href":"https:\/\/wernerzehe.de\/index.php?rest_route=%2Fwp%2Fv2%2Fmedia&parent=1651"}],"curies":[{"name":"wp","href":"https:\/\/api.w.org\/{rel}","templated":true}]}}