{"id":1668,"date":"2024-08-21T08:57:56","date_gmt":"2024-08-21T07:57:56","guid":{"rendered":"https:\/\/wernerzehe.de\/?page_id=1668"},"modified":"2024-08-21T09:13:37","modified_gmt":"2024-08-21T08:13:37","slug":"3d-spielereien-vito","status":"publish","type":"page","link":"https:\/\/wernerzehe.de\/?page_id=1668","title":{"rendered":"3D Druck Vito"},"content":{"rendered":"\n<ol class=\"wp-block-list\">\n<li>Da wir die Schlafbank ausgebaut haben um mehr Platz im Bus zu bekommen, ich will ja auch eines meiner Motorr\u00e4der im Fahrzeug transportieren, und wir auch keine &#8222;Hutablage&#8220; verbaut haben, stand Rechts und Links an der Heckklappe die Halter von der Schlafbank ab. Ein Freund hat mir mit dem 3D-Drucker zwei Abdeckungen gedruckt, in welche ich die beiden Befestigungsl\u00f6cher der urspr\u00fcnglichen Halter gebohrt habe. Damit habe ich die M\u00f6glichkeit, wenn der Bedarf es erfordert hier Befestigungshaken oder dergleichen anzuschrauben. Aktuell ist nur die Abdeckung mit einer Schraube montiert.<\/li>\n<\/ol>\n\n\n\n<figure class=\"wp-block-image size-full\"><a href=\"https:\/\/wernerzehe.de\/wp-content\/uploads\/2024\/08\/01_img1.jpg\"><img loading=\"lazy\" decoding=\"async\" width=\"756\" height=\"1008\" src=\"https:\/\/wernerzehe.de\/wp-content\/uploads\/2024\/08\/01_img1.jpg\" alt=\"\" class=\"wp-image-1669\" srcset=\"https:\/\/wernerzehe.de\/wp-content\/uploads\/2024\/08\/01_img1.jpg 756w, https:\/\/wernerzehe.de\/wp-content\/uploads\/2024\/08\/01_img1-225x300.jpg 225w\" sizes=\"auto, (max-width: 756px) 100vw, 756px\" \/><\/a><\/figure>\n\n\n\n<p>2. Rechts vom Radio ist ja eine ungl\u00fccklich geformte Ablage. So richtig kann man die wirklich nicht gebrauchen. urspr\u00fcnglich hatte ich vor, hier einen zweiten Zigarettenanz\u00fcnder unterzubringen, um z.B. weitere Ger\u00e4te per USB zu laden. Daher hat mir mein Freund einen Block gedruckt um den Zigarettenanz\u00fcnder darin unterzubringen. Wie man sieht, haben wir die Winkel der Ablage nicht zu 100% getroffen, sieht man aber eigentlich, im verbautem Zustand nicht:<\/p>\n\n\n\n<figure class=\"wp-block-image size-full\"><a href=\"https:\/\/wernerzehe.de\/wp-content\/uploads\/2024\/08\/02_img2-1.jpg\"><img loading=\"lazy\" decoding=\"async\" width=\"756\" height=\"1008\" src=\"https:\/\/wernerzehe.de\/wp-content\/uploads\/2024\/08\/02_img2-1.jpg\" alt=\"\" class=\"wp-image-1673\" srcset=\"https:\/\/wernerzehe.de\/wp-content\/uploads\/2024\/08\/02_img2-1.jpg 756w, https:\/\/wernerzehe.de\/wp-content\/uploads\/2024\/08\/02_img2-1-225x300.jpg 225w\" sizes=\"auto, (max-width: 756px) 100vw, 756px\" \/><\/a><\/figure>\n\n\n\n<figure class=\"wp-block-image size-full\"><a href=\"https:\/\/wernerzehe.de\/wp-content\/uploads\/2024\/08\/03_img3.jpg\"><img loading=\"lazy\" decoding=\"async\" width=\"317\" height=\"471\" src=\"https:\/\/wernerzehe.de\/wp-content\/uploads\/2024\/08\/03_img3.jpg\" alt=\"\" class=\"wp-image-1672\" srcset=\"https:\/\/wernerzehe.de\/wp-content\/uploads\/2024\/08\/03_img3.jpg 317w, https:\/\/wernerzehe.de\/wp-content\/uploads\/2024\/08\/03_img3-202x300.jpg 202w\" sizes=\"auto, (max-width: 317px) 100vw, 317px\" \/><\/a><\/figure>\n\n\n\n<figure class=\"wp-block-image size-full\"><a href=\"https:\/\/wernerzehe.de\/wp-content\/uploads\/2024\/08\/04_img4-1.jpg\"><img loading=\"lazy\" decoding=\"async\" width=\"364\" height=\"503\" src=\"https:\/\/wernerzehe.de\/wp-content\/uploads\/2024\/08\/04_img4-1.jpg\" alt=\"\" class=\"wp-image-1674\" srcset=\"https:\/\/wernerzehe.de\/wp-content\/uploads\/2024\/08\/04_img4-1.jpg 364w, https:\/\/wernerzehe.de\/wp-content\/uploads\/2024\/08\/04_img4-1-217x300.jpg 217w\" sizes=\"auto, (max-width: 364px) 100vw, 364px\" \/><\/a><\/figure>\n\n\n\n<p>Da mit K\u00fchlschrank, zweiter R\u00fcckfahrkamera f\u00fcr den Fahrradtr\u00e4ger, Handy der Frau weitere Stromabnehmer eingefunden haben, hatte ich mir einen gro\u00dfen Stromverteiler angeschafft. Daher kam ich auf die Idee, den Handyhalter (ich navigiere ausschlie\u00dflich mit Google Maps \u00fcber Android Auto) in diese Ablage einzubauen.<\/p>\n\n\n\n<p>Dazu haben wir einen Block ohne Loch gedruckt. Einen Handyhalter f\u00fcr Getr\u00e4nkehalter hatte ich noch, den habe ich kurzerhand an den Block dran gebaut.<\/p>\n\n\n\n<figure class=\"wp-block-image size-full\"><a href=\"https:\/\/wernerzehe.de\/wp-content\/uploads\/2024\/08\/05_img5-1.jpg\"><img loading=\"lazy\" decoding=\"async\" width=\"566\" height=\"532\" src=\"https:\/\/wernerzehe.de\/wp-content\/uploads\/2024\/08\/05_img5-1.jpg\" alt=\"\" class=\"wp-image-1677\" srcset=\"https:\/\/wernerzehe.de\/wp-content\/uploads\/2024\/08\/05_img5-1.jpg 566w, https:\/\/wernerzehe.de\/wp-content\/uploads\/2024\/08\/05_img5-1-300x282.jpg 300w\" sizes=\"auto, (max-width: 566px) 100vw, 566px\" \/><\/a><\/figure>\n\n\n\n<figure class=\"wp-block-image size-full\"><a href=\"https:\/\/wernerzehe.de\/wp-content\/uploads\/2024\/08\/07_img7.jpg\"><img loading=\"lazy\" decoding=\"async\" width=\"437\" height=\"682\" src=\"https:\/\/wernerzehe.de\/wp-content\/uploads\/2024\/08\/07_img7.jpg\" alt=\"\" class=\"wp-image-1678\" srcset=\"https:\/\/wernerzehe.de\/wp-content\/uploads\/2024\/08\/07_img7.jpg 437w, https:\/\/wernerzehe.de\/wp-content\/uploads\/2024\/08\/07_img7-192x300.jpg 192w\" sizes=\"auto, (max-width: 437px) 100vw, 437px\" \/><\/a><\/figure>\n\n\n\n<figure class=\"wp-block-image size-full\"><a href=\"https:\/\/wernerzehe.de\/wp-content\/uploads\/2024\/08\/06_img6.jpg\"><img loading=\"lazy\" decoding=\"async\" width=\"418\" height=\"541\" src=\"https:\/\/wernerzehe.de\/wp-content\/uploads\/2024\/08\/06_img6.jpg\" alt=\"\" class=\"wp-image-1675\" srcset=\"https:\/\/wernerzehe.de\/wp-content\/uploads\/2024\/08\/06_img6.jpg 418w, https:\/\/wernerzehe.de\/wp-content\/uploads\/2024\/08\/06_img6-232x300.jpg 232w\" sizes=\"auto, (max-width: 418px) 100vw, 418px\" \/><\/a><\/figure>\n\n\n\n<p>Die L\u00f6cher in dem Block sind von einem Fehlversuch mit einem andere Handyhalter.<\/p>\n\n\n\n<p><\/p>\n","protected":false},"excerpt":{"rendered":"<p>2. Rechts vom Radio ist ja eine ungl\u00fccklich geformte Ablage. So richtig kann man die wirklich nicht gebrauchen. urspr\u00fcnglich hatte ich vor, hier einen zweiten Zigarettenanz\u00fcnder unterzubringen, um z.B. weitere Ger\u00e4te per USB zu laden. Daher hat mir mein Freund einen Block gedruckt um den Zigarettenanz\u00fcnder darin unterzubringen. Wie man sieht, haben wir die Winkel [&hellip;]<\/p>\n","protected":false},"author":1,"featured_media":0,"parent":0,"menu_order":0,"comment_status":"closed","ping_status":"closed","template":"","meta":{"footnotes":""},"class_list":["post-1668","page","type-page","status-publish","hentry"],"_links":{"self":[{"href":"https:\/\/wernerzehe.de\/index.php?rest_route=\/wp\/v2\/pages\/1668","targetHints":{"allow":["GET"]}}],"collection":[{"href":"https:\/\/wernerzehe.de\/index.php?rest_route=\/wp\/v2\/pages"}],"about":[{"href":"https:\/\/wernerzehe.de\/index.php?rest_route=\/wp\/v2\/types\/page"}],"author":[{"embeddable":true,"href":"https:\/\/wernerzehe.de\/index.php?rest_route=\/wp\/v2\/users\/1"}],"replies":[{"embeddable":true,"href":"https:\/\/wernerzehe.de\/index.php?rest_route=%2Fwp%2Fv2%2Fcomments&post=1668"}],"version-history":[{"count":2,"href":"https:\/\/wernerzehe.de\/index.php?rest_route=\/wp\/v2\/pages\/1668\/revisions"}],"predecessor-version":[{"id":1682,"href":"https:\/\/wernerzehe.de\/index.php?rest_route=\/wp\/v2\/pages\/1668\/revisions\/1682"}],"wp:attachment":[{"href":"https:\/\/wernerzehe.de\/index.php?rest_route=%2Fwp%2Fv2%2Fmedia&parent=1668"}],"curies":[{"name":"wp","href":"https:\/\/api.w.org\/{rel}","templated":true}]}}