{"id":1739,"date":"2025-03-21T16:29:26","date_gmt":"2025-03-21T15:29:26","guid":{"rendered":"https:\/\/wernerzehe.de\/?page_id=1739"},"modified":"2025-10-27T12:20:37","modified_gmt":"2025-10-27T11:20:37","slug":"klr-650-c-sumo-zu-verkaufen","status":"publish","type":"page","link":"https:\/\/wernerzehe.de\/?page_id=1739","title":{"rendered":"KLR 650 C SuMo"},"content":{"rendered":"\n<p>Ich habe vor ein paar Jahren mal einen Supermoto Umbau einer KLR 650 C mit Motorschaden (wie immer das Doo) gekauft.<\/p>\n\n\n\n<figure class=\"wp-block-gallery has-nested-images columns-default is-cropped wp-block-gallery-1 is-layout-flex wp-block-gallery-is-layout-flex\">\n<figure class=\"wp-block-image size-large\"><a href=\"https:\/\/wernerzehe.de\/wp-content\/uploads\/2025\/10\/01.jpg\"><img loading=\"lazy\" decoding=\"async\" width=\"1024\" height=\"846\" data-id=\"1807\" src=\"https:\/\/wernerzehe.de\/wp-content\/uploads\/2025\/10\/01-1024x846.jpg\" alt=\"\" class=\"wp-image-1807\" srcset=\"https:\/\/wernerzehe.de\/wp-content\/uploads\/2025\/10\/01-1024x846.jpg 1024w, https:\/\/wernerzehe.de\/wp-content\/uploads\/2025\/10\/01-300x248.jpg 300w, https:\/\/wernerzehe.de\/wp-content\/uploads\/2025\/10\/01-768x635.jpg 768w, https:\/\/wernerzehe.de\/wp-content\/uploads\/2025\/10\/01.jpg 1192w\" sizes=\"auto, (max-width: 1024px) 100vw, 1024px\" \/><\/a><\/figure>\n\n\n\n<figure class=\"wp-block-image size-large\"><a href=\"https:\/\/wernerzehe.de\/wp-content\/uploads\/2025\/10\/02.jpg\"><img loading=\"lazy\" decoding=\"async\" width=\"1024\" height=\"753\" data-id=\"1809\" src=\"https:\/\/wernerzehe.de\/wp-content\/uploads\/2025\/10\/02-1024x753.jpg\" alt=\"\" class=\"wp-image-1809\" srcset=\"https:\/\/wernerzehe.de\/wp-content\/uploads\/2025\/10\/02-1024x753.jpg 1024w, https:\/\/wernerzehe.de\/wp-content\/uploads\/2025\/10\/02-300x221.jpg 300w, https:\/\/wernerzehe.de\/wp-content\/uploads\/2025\/10\/02-768x565.jpg 768w, https:\/\/wernerzehe.de\/wp-content\/uploads\/2025\/10\/02-1200x882.jpg 1200w, https:\/\/wernerzehe.de\/wp-content\/uploads\/2025\/10\/02.jpg 1291w\" sizes=\"auto, (max-width: 1024px) 100vw, 1024px\" \/><\/a><\/figure>\n\n\n\n<figure class=\"wp-block-image size-large\"><a href=\"https:\/\/wernerzehe.de\/wp-content\/uploads\/2025\/10\/03.jpg\"><img loading=\"lazy\" decoding=\"async\" width=\"1024\" height=\"645\" data-id=\"1808\" src=\"https:\/\/wernerzehe.de\/wp-content\/uploads\/2025\/10\/03-1024x645.jpg\" alt=\"\" class=\"wp-image-1808\" srcset=\"https:\/\/wernerzehe.de\/wp-content\/uploads\/2025\/10\/03-1024x645.jpg 1024w, https:\/\/wernerzehe.de\/wp-content\/uploads\/2025\/10\/03-300x189.jpg 300w, https:\/\/wernerzehe.de\/wp-content\/uploads\/2025\/10\/03-768x484.jpg 768w, https:\/\/wernerzehe.de\/wp-content\/uploads\/2025\/10\/03.jpg 1102w\" sizes=\"auto, (max-width: 1024px) 100vw, 1024px\" \/><\/a><\/figure>\n<\/figure>\n\n\n\n<p>Diese Maschine habe ich komplett zerlegt und neu aufgebaut. Da mir der rote Lacksatz besser Gefallen hat wie der Gr\u00fcne wurde die Maschine halt Rot.<\/p>\n\n\n\n<p>Hier das Ergebnis:<\/p>\n\n\n\n<figure class=\"wp-block-image size-large\"><a href=\"https:\/\/wernerzehe.de\/wp-content\/uploads\/2025\/03\/20250321_131018-1-scaled.jpg\"><img loading=\"lazy\" decoding=\"async\" width=\"1024\" height=\"768\" src=\"https:\/\/wernerzehe.de\/wp-content\/uploads\/2025\/03\/20250321_131018-1-1024x768.jpg\" alt=\"\" class=\"wp-image-1762\" srcset=\"https:\/\/wernerzehe.de\/wp-content\/uploads\/2025\/03\/20250321_131018-1-1024x768.jpg 1024w, https:\/\/wernerzehe.de\/wp-content\/uploads\/2025\/03\/20250321_131018-1-300x225.jpg 300w, https:\/\/wernerzehe.de\/wp-content\/uploads\/2025\/03\/20250321_131018-1-768x576.jpg 768w, https:\/\/wernerzehe.de\/wp-content\/uploads\/2025\/03\/20250321_131018-1-1536x1152.jpg 1536w, https:\/\/wernerzehe.de\/wp-content\/uploads\/2025\/03\/20250321_131018-1-2048x1536.jpg 2048w, https:\/\/wernerzehe.de\/wp-content\/uploads\/2025\/03\/20250321_131018-1-1200x900.jpg 1200w, https:\/\/wernerzehe.de\/wp-content\/uploads\/2025\/03\/20250321_131018-1-1980x1485.jpg 1980w\" sizes=\"auto, (max-width: 1024px) 100vw, 1024px\" \/><\/a><\/figure>\n\n\n\n<figure class=\"wp-block-gallery has-nested-images columns-default is-cropped wp-block-gallery-2 is-layout-flex wp-block-gallery-is-layout-flex\">\n<figure class=\"wp-block-image size-large\"><a href=\"https:\/\/wernerzehe.de\/wp-content\/uploads\/2025\/03\/20250321_131238-scaled.jpg\"><img loading=\"lazy\" decoding=\"async\" width=\"1024\" height=\"768\" data-id=\"1756\" src=\"https:\/\/wernerzehe.de\/wp-content\/uploads\/2025\/03\/20250321_131238-1024x768.jpg\" alt=\"\" class=\"wp-image-1756\" srcset=\"https:\/\/wernerzehe.de\/wp-content\/uploads\/2025\/03\/20250321_131238-1024x768.jpg 1024w, https:\/\/wernerzehe.de\/wp-content\/uploads\/2025\/03\/20250321_131238-300x225.jpg 300w, https:\/\/wernerzehe.de\/wp-content\/uploads\/2025\/03\/20250321_131238-768x576.jpg 768w, https:\/\/wernerzehe.de\/wp-content\/uploads\/2025\/03\/20250321_131238-1536x1152.jpg 1536w, https:\/\/wernerzehe.de\/wp-content\/uploads\/2025\/03\/20250321_131238-2048x1536.jpg 2048w, https:\/\/wernerzehe.de\/wp-content\/uploads\/2025\/03\/20250321_131238-1200x900.jpg 1200w, https:\/\/wernerzehe.de\/wp-content\/uploads\/2025\/03\/20250321_131238-1980x1485.jpg 1980w\" sizes=\"auto, (max-width: 1024px) 100vw, 1024px\" \/><\/a><\/figure>\n\n\n\n<figure class=\"wp-block-image size-large\"><a href=\"https:\/\/wernerzehe.de\/wp-content\/uploads\/2025\/03\/20250321_130944-scaled.jpg\"><img loading=\"lazy\" decoding=\"async\" width=\"768\" height=\"1024\" data-id=\"1761\" src=\"https:\/\/wernerzehe.de\/wp-content\/uploads\/2025\/03\/20250321_130944-768x1024.jpg\" alt=\"\" class=\"wp-image-1761\" srcset=\"https:\/\/wernerzehe.de\/wp-content\/uploads\/2025\/03\/20250321_130944-768x1024.jpg 768w, https:\/\/wernerzehe.de\/wp-content\/uploads\/2025\/03\/20250321_130944-225x300.jpg 225w, https:\/\/wernerzehe.de\/wp-content\/uploads\/2025\/03\/20250321_130944-1152x1536.jpg 1152w, https:\/\/wernerzehe.de\/wp-content\/uploads\/2025\/03\/20250321_130944-1536x2048.jpg 1536w, https:\/\/wernerzehe.de\/wp-content\/uploads\/2025\/03\/20250321_130944-1200x1600.jpg 1200w, https:\/\/wernerzehe.de\/wp-content\/uploads\/2025\/03\/20250321_130944-1980x2640.jpg 1980w, https:\/\/wernerzehe.de\/wp-content\/uploads\/2025\/03\/20250321_130944-scaled.jpg 1920w\" sizes=\"auto, (max-width: 768px) 100vw, 768px\" \/><\/a><\/figure>\n\n\n\n<figure class=\"wp-block-image size-large\"><a href=\"https:\/\/wernerzehe.de\/wp-content\/uploads\/2025\/03\/20250321_131004-scaled.jpg\"><img loading=\"lazy\" decoding=\"async\" width=\"768\" height=\"1024\" data-id=\"1758\" src=\"https:\/\/wernerzehe.de\/wp-content\/uploads\/2025\/03\/20250321_131004-768x1024.jpg\" alt=\"\" class=\"wp-image-1758\" srcset=\"https:\/\/wernerzehe.de\/wp-content\/uploads\/2025\/03\/20250321_131004-768x1024.jpg 768w, https:\/\/wernerzehe.de\/wp-content\/uploads\/2025\/03\/20250321_131004-225x300.jpg 225w, https:\/\/wernerzehe.de\/wp-content\/uploads\/2025\/03\/20250321_131004-1152x1536.jpg 1152w, https:\/\/wernerzehe.de\/wp-content\/uploads\/2025\/03\/20250321_131004-1536x2048.jpg 1536w, https:\/\/wernerzehe.de\/wp-content\/uploads\/2025\/03\/20250321_131004-1200x1600.jpg 1200w, https:\/\/wernerzehe.de\/wp-content\/uploads\/2025\/03\/20250321_131004-1980x2640.jpg 1980w, https:\/\/wernerzehe.de\/wp-content\/uploads\/2025\/03\/20250321_131004-scaled.jpg 1920w\" sizes=\"auto, (max-width: 768px) 100vw, 768px\" \/><\/a><\/figure>\n\n\n\n<figure class=\"wp-block-image size-large\"><a href=\"https:\/\/wernerzehe.de\/wp-content\/uploads\/2025\/03\/20250321_131007-scaled.jpg\"><img loading=\"lazy\" decoding=\"async\" width=\"768\" height=\"1024\" data-id=\"1751\" src=\"https:\/\/wernerzehe.de\/wp-content\/uploads\/2025\/03\/20250321_131007-768x1024.jpg\" alt=\"\" class=\"wp-image-1751\" srcset=\"https:\/\/wernerzehe.de\/wp-content\/uploads\/2025\/03\/20250321_131007-768x1024.jpg 768w, https:\/\/wernerzehe.de\/wp-content\/uploads\/2025\/03\/20250321_131007-225x300.jpg 225w, https:\/\/wernerzehe.de\/wp-content\/uploads\/2025\/03\/20250321_131007-1152x1536.jpg 1152w, https:\/\/wernerzehe.de\/wp-content\/uploads\/2025\/03\/20250321_131007-1536x2048.jpg 1536w, https:\/\/wernerzehe.de\/wp-content\/uploads\/2025\/03\/20250321_131007-1200x1600.jpg 1200w, https:\/\/wernerzehe.de\/wp-content\/uploads\/2025\/03\/20250321_131007-1980x2640.jpg 1980w, https:\/\/wernerzehe.de\/wp-content\/uploads\/2025\/03\/20250321_131007-scaled.jpg 1920w\" sizes=\"auto, (max-width: 768px) 100vw, 768px\" \/><\/a><\/figure>\n\n\n\n<figure class=\"wp-block-image size-large\"><a href=\"https:\/\/wernerzehe.de\/wp-content\/uploads\/2025\/03\/20250321_131011-scaled.jpg\"><img loading=\"lazy\" decoding=\"async\" width=\"768\" height=\"1024\" data-id=\"1749\" src=\"https:\/\/wernerzehe.de\/wp-content\/uploads\/2025\/03\/20250321_131011-768x1024.jpg\" alt=\"\" class=\"wp-image-1749\" srcset=\"https:\/\/wernerzehe.de\/wp-content\/uploads\/2025\/03\/20250321_131011-768x1024.jpg 768w, https:\/\/wernerzehe.de\/wp-content\/uploads\/2025\/03\/20250321_131011-225x300.jpg 225w, https:\/\/wernerzehe.de\/wp-content\/uploads\/2025\/03\/20250321_131011-1152x1536.jpg 1152w, https:\/\/wernerzehe.de\/wp-content\/uploads\/2025\/03\/20250321_131011-1536x2048.jpg 1536w, https:\/\/wernerzehe.de\/wp-content\/uploads\/2025\/03\/20250321_131011-1200x1600.jpg 1200w, https:\/\/wernerzehe.de\/wp-content\/uploads\/2025\/03\/20250321_131011-1980x2640.jpg 1980w, https:\/\/wernerzehe.de\/wp-content\/uploads\/2025\/03\/20250321_131011-scaled.jpg 1920w\" sizes=\"auto, (max-width: 768px) 100vw, 768px\" \/><\/a><\/figure>\n\n\n\n<figure class=\"wp-block-image size-large\"><a href=\"https:\/\/wernerzehe.de\/wp-content\/uploads\/2025\/03\/20250321_131104-scaled.jpg\"><img loading=\"lazy\" decoding=\"async\" width=\"768\" height=\"1024\" data-id=\"1747\" src=\"https:\/\/wernerzehe.de\/wp-content\/uploads\/2025\/03\/20250321_131104-768x1024.jpg\" alt=\"\" class=\"wp-image-1747\" srcset=\"https:\/\/wernerzehe.de\/wp-content\/uploads\/2025\/03\/20250321_131104-768x1024.jpg 768w, https:\/\/wernerzehe.de\/wp-content\/uploads\/2025\/03\/20250321_131104-225x300.jpg 225w, https:\/\/wernerzehe.de\/wp-content\/uploads\/2025\/03\/20250321_131104-1152x1536.jpg 1152w, https:\/\/wernerzehe.de\/wp-content\/uploads\/2025\/03\/20250321_131104-1536x2048.jpg 1536w, https:\/\/wernerzehe.de\/wp-content\/uploads\/2025\/03\/20250321_131104-1200x1600.jpg 1200w, https:\/\/wernerzehe.de\/wp-content\/uploads\/2025\/03\/20250321_131104-1980x2640.jpg 1980w, https:\/\/wernerzehe.de\/wp-content\/uploads\/2025\/03\/20250321_131104-scaled.jpg 1920w\" sizes=\"auto, (max-width: 768px) 100vw, 768px\" \/><\/a><\/figure>\n\n\n\n<figure class=\"wp-block-image size-large\"><a href=\"https:\/\/wernerzehe.de\/wp-content\/uploads\/2025\/03\/20250321_131128-scaled.jpg\"><img loading=\"lazy\" decoding=\"async\" width=\"1024\" height=\"768\" data-id=\"1746\" src=\"https:\/\/wernerzehe.de\/wp-content\/uploads\/2025\/03\/20250321_131128-1024x768.jpg\" alt=\"\" class=\"wp-image-1746\" srcset=\"https:\/\/wernerzehe.de\/wp-content\/uploads\/2025\/03\/20250321_131128-1024x768.jpg 1024w, https:\/\/wernerzehe.de\/wp-content\/uploads\/2025\/03\/20250321_131128-300x225.jpg 300w, https:\/\/wernerzehe.de\/wp-content\/uploads\/2025\/03\/20250321_131128-768x576.jpg 768w, https:\/\/wernerzehe.de\/wp-content\/uploads\/2025\/03\/20250321_131128-1536x1152.jpg 1536w, https:\/\/wernerzehe.de\/wp-content\/uploads\/2025\/03\/20250321_131128-2048x1536.jpg 2048w, https:\/\/wernerzehe.de\/wp-content\/uploads\/2025\/03\/20250321_131128-1200x900.jpg 1200w, https:\/\/wernerzehe.de\/wp-content\/uploads\/2025\/03\/20250321_131128-1980x1485.jpg 1980w\" sizes=\"auto, (max-width: 1024px) 100vw, 1024px\" \/><\/a><\/figure>\n\n\n\n<figure class=\"wp-block-image size-large\"><a href=\"https:\/\/wernerzehe.de\/wp-content\/uploads\/2025\/03\/20250321_131123-scaled.jpg\"><img loading=\"lazy\" decoding=\"async\" width=\"1024\" height=\"768\" data-id=\"1745\" src=\"https:\/\/wernerzehe.de\/wp-content\/uploads\/2025\/03\/20250321_131123-1024x768.jpg\" alt=\"\" class=\"wp-image-1745\" srcset=\"https:\/\/wernerzehe.de\/wp-content\/uploads\/2025\/03\/20250321_131123-1024x768.jpg 1024w, https:\/\/wernerzehe.de\/wp-content\/uploads\/2025\/03\/20250321_131123-300x225.jpg 300w, https:\/\/wernerzehe.de\/wp-content\/uploads\/2025\/03\/20250321_131123-768x576.jpg 768w, https:\/\/wernerzehe.de\/wp-content\/uploads\/2025\/03\/20250321_131123-1536x1152.jpg 1536w, https:\/\/wernerzehe.de\/wp-content\/uploads\/2025\/03\/20250321_131123-2048x1536.jpg 2048w, https:\/\/wernerzehe.de\/wp-content\/uploads\/2025\/03\/20250321_131123-1200x900.jpg 1200w, https:\/\/wernerzehe.de\/wp-content\/uploads\/2025\/03\/20250321_131123-1980x1485.jpg 1980w\" sizes=\"auto, (max-width: 1024px) 100vw, 1024px\" \/><\/a><\/figure>\n\n\n\n<figure class=\"wp-block-image size-large\"><a href=\"https:\/\/wernerzehe.de\/wp-content\/uploads\/2025\/03\/20250321_131117-scaled.jpg\"><img loading=\"lazy\" decoding=\"async\" width=\"1024\" height=\"768\" data-id=\"1744\" src=\"https:\/\/wernerzehe.de\/wp-content\/uploads\/2025\/03\/20250321_131117-1024x768.jpg\" alt=\"\" class=\"wp-image-1744\" srcset=\"https:\/\/wernerzehe.de\/wp-content\/uploads\/2025\/03\/20250321_131117-1024x768.jpg 1024w, https:\/\/wernerzehe.de\/wp-content\/uploads\/2025\/03\/20250321_131117-300x225.jpg 300w, https:\/\/wernerzehe.de\/wp-content\/uploads\/2025\/03\/20250321_131117-768x576.jpg 768w, https:\/\/wernerzehe.de\/wp-content\/uploads\/2025\/03\/20250321_131117-1536x1152.jpg 1536w, https:\/\/wernerzehe.de\/wp-content\/uploads\/2025\/03\/20250321_131117-2048x1536.jpg 2048w, https:\/\/wernerzehe.de\/wp-content\/uploads\/2025\/03\/20250321_131117-1200x900.jpg 1200w, https:\/\/wernerzehe.de\/wp-content\/uploads\/2025\/03\/20250321_131117-1980x1485.jpg 1980w\" sizes=\"auto, (max-width: 1024px) 100vw, 1024px\" \/><\/a><\/figure>\n\n\n\n<figure class=\"wp-block-image size-large\"><a href=\"https:\/\/wernerzehe.de\/wp-content\/uploads\/2025\/03\/20250321_131228-scaled.jpg\"><img loading=\"lazy\" decoding=\"async\" width=\"768\" height=\"1024\" data-id=\"1740\" src=\"https:\/\/wernerzehe.de\/wp-content\/uploads\/2025\/03\/20250321_131228-768x1024.jpg\" alt=\"\" class=\"wp-image-1740\" srcset=\"https:\/\/wernerzehe.de\/wp-content\/uploads\/2025\/03\/20250321_131228-768x1024.jpg 768w, https:\/\/wernerzehe.de\/wp-content\/uploads\/2025\/03\/20250321_131228-225x300.jpg 225w, https:\/\/wernerzehe.de\/wp-content\/uploads\/2025\/03\/20250321_131228-1152x1536.jpg 1152w, https:\/\/wernerzehe.de\/wp-content\/uploads\/2025\/03\/20250321_131228-1536x2048.jpg 1536w, https:\/\/wernerzehe.de\/wp-content\/uploads\/2025\/03\/20250321_131228-1200x1600.jpg 1200w, https:\/\/wernerzehe.de\/wp-content\/uploads\/2025\/03\/20250321_131228-1980x2640.jpg 1980w, https:\/\/wernerzehe.de\/wp-content\/uploads\/2025\/03\/20250321_131228-scaled.jpg 1920w\" sizes=\"auto, (max-width: 768px) 100vw, 768px\" \/><\/a><\/figure>\n\n\n\n<figure class=\"wp-block-image size-large\"><a href=\"https:\/\/wernerzehe.de\/wp-content\/uploads\/2025\/03\/20250321_131222-scaled.jpg\"><img loading=\"lazy\" decoding=\"async\" width=\"768\" height=\"1024\" data-id=\"1741\" src=\"https:\/\/wernerzehe.de\/wp-content\/uploads\/2025\/03\/20250321_131222-768x1024.jpg\" alt=\"\" class=\"wp-image-1741\" srcset=\"https:\/\/wernerzehe.de\/wp-content\/uploads\/2025\/03\/20250321_131222-768x1024.jpg 768w, https:\/\/wernerzehe.de\/wp-content\/uploads\/2025\/03\/20250321_131222-225x300.jpg 225w, https:\/\/wernerzehe.de\/wp-content\/uploads\/2025\/03\/20250321_131222-1152x1536.jpg 1152w, https:\/\/wernerzehe.de\/wp-content\/uploads\/2025\/03\/20250321_131222-1536x2048.jpg 1536w, https:\/\/wernerzehe.de\/wp-content\/uploads\/2025\/03\/20250321_131222-1200x1600.jpg 1200w, https:\/\/wernerzehe.de\/wp-content\/uploads\/2025\/03\/20250321_131222-1980x2640.jpg 1980w, https:\/\/wernerzehe.de\/wp-content\/uploads\/2025\/03\/20250321_131222-scaled.jpg 1920w\" sizes=\"auto, (max-width: 768px) 100vw, 768px\" \/><\/a><\/figure>\n\n\n\n<figure class=\"wp-block-image size-large\"><a href=\"https:\/\/wernerzehe.de\/wp-content\/uploads\/2025\/03\/20250321_131035b-scaled.jpg\"><img loading=\"lazy\" decoding=\"async\" width=\"768\" height=\"1024\" data-id=\"1772\" src=\"https:\/\/wernerzehe.de\/wp-content\/uploads\/2025\/03\/20250321_131035b-768x1024.jpg\" alt=\"\" class=\"wp-image-1772\" srcset=\"https:\/\/wernerzehe.de\/wp-content\/uploads\/2025\/03\/20250321_131035b-768x1024.jpg 768w, https:\/\/wernerzehe.de\/wp-content\/uploads\/2025\/03\/20250321_131035b-225x300.jpg 225w, https:\/\/wernerzehe.de\/wp-content\/uploads\/2025\/03\/20250321_131035b-1152x1536.jpg 1152w, https:\/\/wernerzehe.de\/wp-content\/uploads\/2025\/03\/20250321_131035b-1536x2048.jpg 1536w, https:\/\/wernerzehe.de\/wp-content\/uploads\/2025\/03\/20250321_131035b-1200x1600.jpg 1200w, https:\/\/wernerzehe.de\/wp-content\/uploads\/2025\/03\/20250321_131035b-1980x2640.jpg 1980w, https:\/\/wernerzehe.de\/wp-content\/uploads\/2025\/03\/20250321_131035b-scaled.jpg 1920w\" sizes=\"auto, (max-width: 768px) 100vw, 768px\" \/><\/a><\/figure>\n<\/figure>\n\n\n\n<p>Aktuelle Daten:<\/p>\n\n\n\n<ul class=\"wp-block-list\">\n<li>Umbau auf 120 \/ 70 R 17 vorne und 150 \/ 60 R 17 Hinten auf Speichenfelgen von Behr<\/li>\n\n\n\n<li>neues YSS Federbein<\/li>\n\n\n\n<li>Wilbers Gabelfedern <\/li>\n\n\n\n<li>Umbau auf verstellbare Hebel der Zephyr 750<\/li>\n\n\n\n<li>Bereifung: Bridgestone BT 016, Vorne 4mm, Hinten 3,5mm aus 2021<\/li>\n\n\n\n<li>Lucas ALU Lenker mit Querstrebe <\/li>\n\n\n\n<li>Stahlflex-Bremsleitungen Vorne und Hinten<\/li>\n\n\n\n<li>Tusk Schalthebel (ideal f\u00fcr gro\u00dfe F\u00fc\u00dfe, ich habe Schuhgr\u00f6\u00dfe 48)<\/li>\n\n\n\n<li>Umbau auf kontaktlosen Seitenst\u00e4nderschalter<\/li>\n\n\n\n<li>LiFePo4 Batterie<\/li>\n\n\n\n<li>Neuer ALU-K\u00fchler<\/li>\n\n\n\n<li>LeoVince Auspuff <\/li>\n\n\n\n<li>Nat\u00fcrlich Spiralfeder DOO<\/li>\n\n\n\n<li>Umbau auf Kellerman Standlicht und Blinker vorne<\/li>\n\n\n\n<li>Umbau auf Kellermann Blinker, R\u00fccklich, Bremslicht hinten.<\/li>\n\n\n\n<li>Umbau auf SW-Motech Fu\u00dfrasten <\/li>\n<\/ul>\n\n\n\n<p>Die Maschine habe ich inzwischen verkauft, da ich 4 Maschinen angemeldet hatte und ich mit den KLR doch eher etwas Offroad fahre. War mal eine nette Sache so eine SuMo zu haben, aber ich bleibe dann doch lieber bei den Offroad Versionen.<\/p>\n","protected":false},"excerpt":{"rendered":"<p>Ich habe vor ein paar Jahren mal einen Supermoto Umbau einer KLR 650 C mit Motorschaden (wie immer das Doo) gekauft. Diese Maschine habe ich komplett zerlegt und neu aufgebaut. Da mir der rote Lacksatz besser Gefallen hat wie der Gr\u00fcne wurde die Maschine halt Rot. Hier das Ergebnis: Aktuelle Daten: Die Maschine habe ich [&hellip;]<\/p>\n","protected":false},"author":1,"featured_media":0,"parent":0,"menu_order":0,"comment_status":"closed","ping_status":"closed","template":"","meta":{"footnotes":""},"class_list":["post-1739","page","type-page","status-publish","hentry"],"_links":{"self":[{"href":"https:\/\/wernerzehe.de\/index.php?rest_route=\/wp\/v2\/pages\/1739","targetHints":{"allow":["GET"]}}],"collection":[{"href":"https:\/\/wernerzehe.de\/index.php?rest_route=\/wp\/v2\/pages"}],"about":[{"href":"https:\/\/wernerzehe.de\/index.php?rest_route=\/wp\/v2\/types\/page"}],"author":[{"embeddable":true,"href":"https:\/\/wernerzehe.de\/index.php?rest_route=\/wp\/v2\/users\/1"}],"replies":[{"embeddable":true,"href":"https:\/\/wernerzehe.de\/index.php?rest_route=%2Fwp%2Fv2%2Fcomments&post=1739"}],"version-history":[{"count":12,"href":"https:\/\/wernerzehe.de\/index.php?rest_route=\/wp\/v2\/pages\/1739\/revisions"}],"predecessor-version":[{"id":1810,"href":"https:\/\/wernerzehe.de\/index.php?rest_route=\/wp\/v2\/pages\/1739\/revisions\/1810"}],"wp:attachment":[{"href":"https:\/\/wernerzehe.de\/index.php?rest_route=%2Fwp%2Fv2%2Fmedia&parent=1739"}],"curies":[{"name":"wp","href":"https:\/\/api.w.org\/{rel}","templated":true}]}}