{"id":1869,"date":"2025-10-27T13:42:15","date_gmt":"2025-10-27T12:42:15","guid":{"rendered":"https:\/\/wernerzehe.de\/?page_id=1869"},"modified":"2025-10-27T13:42:15","modified_gmt":"2025-10-27T12:42:15","slug":"2023-klr-treffen","status":"publish","type":"page","link":"https:\/\/wernerzehe.de\/?page_id=1869","title":{"rendered":"2023 &#8211; KLR Treffen"},"content":{"rendered":"\n<p>Wir haben es tats\u00e4chlich dieses Jahr mal wieder geschafft ein kleines KLR Treffen zu organisieren. Diesmal durfte ich ran und habe nat\u00fcrlich daf\u00fcr meine Lieblingsecke Elsass ausgew\u00e4hlt.<\/p>\n\n\n\n<p>Trotz durchwachsenem Wetter ahtten wir viel Spa\u00df. Leider gab es wenige Bilder. Aber ich wollte das Treffen trotzdem nicht unter den Tsich fallen lassen:<\/p>\n\n\n\n<figure class=\"wp-block-gallery has-nested-images columns-default is-cropped wp-block-gallery-1 is-layout-flex wp-block-gallery-is-layout-flex\">\n<figure class=\"wp-block-image size-large\"><a href=\"https:\/\/wernerzehe.de\/wp-content\/uploads\/2025\/10\/01_img1-2.jpg\"><img loading=\"lazy\" decoding=\"async\" width=\"1008\" height=\"756\" data-id=\"1870\" src=\"https:\/\/wernerzehe.de\/wp-content\/uploads\/2025\/10\/01_img1-2.jpg\" alt=\"\" class=\"wp-image-1870\" srcset=\"https:\/\/wernerzehe.de\/wp-content\/uploads\/2025\/10\/01_img1-2.jpg 1008w, https:\/\/wernerzehe.de\/wp-content\/uploads\/2025\/10\/01_img1-2-300x225.jpg 300w, https:\/\/wernerzehe.de\/wp-content\/uploads\/2025\/10\/01_img1-2-768x576.jpg 768w\" sizes=\"auto, (max-width: 1008px) 100vw, 1008px\" \/><\/a><\/figure>\n\n\n\n<figure class=\"wp-block-image size-large\"><a href=\"https:\/\/wernerzehe.de\/wp-content\/uploads\/2025\/10\/02_img2.jpg\"><img loading=\"lazy\" decoding=\"async\" width=\"1008\" height=\"756\" data-id=\"1871\" src=\"https:\/\/wernerzehe.de\/wp-content\/uploads\/2025\/10\/02_img2.jpg\" alt=\"\" class=\"wp-image-1871\" srcset=\"https:\/\/wernerzehe.de\/wp-content\/uploads\/2025\/10\/02_img2.jpg 1008w, https:\/\/wernerzehe.de\/wp-content\/uploads\/2025\/10\/02_img2-300x225.jpg 300w, https:\/\/wernerzehe.de\/wp-content\/uploads\/2025\/10\/02_img2-768x576.jpg 768w\" sizes=\"auto, (max-width: 1008px) 100vw, 1008px\" \/><\/a><\/figure>\n\n\n\n<figure class=\"wp-block-image size-large\"><a href=\"https:\/\/wernerzehe.de\/wp-content\/uploads\/2025\/10\/03_img3-2.jpg\"><img loading=\"lazy\" decoding=\"async\" width=\"1008\" height=\"756\" data-id=\"1872\" src=\"https:\/\/wernerzehe.de\/wp-content\/uploads\/2025\/10\/03_img3-2.jpg\" alt=\"\" class=\"wp-image-1872\" srcset=\"https:\/\/wernerzehe.de\/wp-content\/uploads\/2025\/10\/03_img3-2.jpg 1008w, https:\/\/wernerzehe.de\/wp-content\/uploads\/2025\/10\/03_img3-2-300x225.jpg 300w, https:\/\/wernerzehe.de\/wp-content\/uploads\/2025\/10\/03_img3-2-768x576.jpg 768w\" sizes=\"auto, (max-width: 1008px) 100vw, 1008px\" \/><\/a><\/figure>\n\n\n\n<figure class=\"wp-block-image size-large\"><a href=\"https:\/\/wernerzehe.de\/wp-content\/uploads\/2025\/10\/04_img4.jpg\"><img loading=\"lazy\" decoding=\"async\" width=\"1008\" height=\"756\" data-id=\"1873\" src=\"https:\/\/wernerzehe.de\/wp-content\/uploads\/2025\/10\/04_img4.jpg\" alt=\"\" class=\"wp-image-1873\" srcset=\"https:\/\/wernerzehe.de\/wp-content\/uploads\/2025\/10\/04_img4.jpg 1008w, https:\/\/wernerzehe.de\/wp-content\/uploads\/2025\/10\/04_img4-300x225.jpg 300w, https:\/\/wernerzehe.de\/wp-content\/uploads\/2025\/10\/04_img4-768x576.jpg 768w\" sizes=\"auto, (max-width: 1008px) 100vw, 1008px\" \/><\/a><\/figure>\n\n\n\n<figure class=\"wp-block-image size-large\"><a href=\"https:\/\/wernerzehe.de\/wp-content\/uploads\/2025\/10\/05_img5-2.jpg\"><img loading=\"lazy\" decoding=\"async\" width=\"1008\" height=\"756\" data-id=\"1875\" src=\"https:\/\/wernerzehe.de\/wp-content\/uploads\/2025\/10\/05_img5-2.jpg\" alt=\"\" class=\"wp-image-1875\" srcset=\"https:\/\/wernerzehe.de\/wp-content\/uploads\/2025\/10\/05_img5-2.jpg 1008w, https:\/\/wernerzehe.de\/wp-content\/uploads\/2025\/10\/05_img5-2-300x225.jpg 300w, https:\/\/wernerzehe.de\/wp-content\/uploads\/2025\/10\/05_img5-2-768x576.jpg 768w\" sizes=\"auto, (max-width: 1008px) 100vw, 1008px\" \/><\/a><\/figure>\n\n\n\n<figure class=\"wp-block-image size-large\"><a href=\"https:\/\/wernerzehe.de\/wp-content\/uploads\/2025\/10\/06_img6-2.jpg\"><img loading=\"lazy\" decoding=\"async\" width=\"1008\" height=\"756\" data-id=\"1874\" src=\"https:\/\/wernerzehe.de\/wp-content\/uploads\/2025\/10\/06_img6-2.jpg\" alt=\"\" class=\"wp-image-1874\" srcset=\"https:\/\/wernerzehe.de\/wp-content\/uploads\/2025\/10\/06_img6-2.jpg 1008w, https:\/\/wernerzehe.de\/wp-content\/uploads\/2025\/10\/06_img6-2-300x225.jpg 300w, https:\/\/wernerzehe.de\/wp-content\/uploads\/2025\/10\/06_img6-2-768x576.jpg 768w\" sizes=\"auto, (max-width: 1008px) 100vw, 1008px\" \/><\/a><\/figure>\n<\/figure>\n","protected":false},"excerpt":{"rendered":"<p>Wir haben es tats\u00e4chlich dieses Jahr mal wieder geschafft ein kleines KLR Treffen zu organisieren. Diesmal durfte ich ran und habe nat\u00fcrlich daf\u00fcr meine Lieblingsecke Elsass ausgew\u00e4hlt. Trotz durchwachsenem Wetter ahtten wir viel Spa\u00df. Leider gab es wenige Bilder. Aber ich wollte das Treffen trotzdem nicht unter den Tsich fallen lassen:<\/p>\n","protected":false},"author":1,"featured_media":0,"parent":0,"menu_order":0,"comment_status":"closed","ping_status":"closed","template":"","meta":{"footnotes":""},"class_list":["post-1869","page","type-page","status-publish","hentry"],"_links":{"self":[{"href":"https:\/\/wernerzehe.de\/index.php?rest_route=\/wp\/v2\/pages\/1869","targetHints":{"allow":["GET"]}}],"collection":[{"href":"https:\/\/wernerzehe.de\/index.php?rest_route=\/wp\/v2\/pages"}],"about":[{"href":"https:\/\/wernerzehe.de\/index.php?rest_route=\/wp\/v2\/types\/page"}],"author":[{"embeddable":true,"href":"https:\/\/wernerzehe.de\/index.php?rest_route=\/wp\/v2\/users\/1"}],"replies":[{"embeddable":true,"href":"https:\/\/wernerzehe.de\/index.php?rest_route=%2Fwp%2Fv2%2Fcomments&post=1869"}],"version-history":[{"count":1,"href":"https:\/\/wernerzehe.de\/index.php?rest_route=\/wp\/v2\/pages\/1869\/revisions"}],"predecessor-version":[{"id":1876,"href":"https:\/\/wernerzehe.de\/index.php?rest_route=\/wp\/v2\/pages\/1869\/revisions\/1876"}],"wp:attachment":[{"href":"https:\/\/wernerzehe.de\/index.php?rest_route=%2Fwp%2Fv2%2Fmedia&parent=1869"}],"curies":[{"name":"wp","href":"https:\/\/api.w.org\/{rel}","templated":true}]}}