{"id":32,"date":"2013-05-27T15:10:26","date_gmt":"2013-05-27T13:10:26","guid":{"rendered":"http:\/\/www.wernerzehe.de\/wp\/?page_id=32"},"modified":"2015-05-27T09:56:03","modified_gmt":"2015-05-27T07:56:03","slug":"zr-7","status":"publish","type":"page","link":"https:\/\/wernerzehe.de\/?page_id=32","title":{"rendered":"ZR-7"},"content":{"rendered":"<div align=\"center\">\n<h2>Kawasaki ZR-7, Bj.99<\/h2>\n<\/div>\n<p><a href=\"https:\/\/www.wernerzehe.de\/wp-content\/uploads\/2013\/07\/02zr01.jpg\" rel=\"lightbox[zr799]\"><img loading=\"lazy\" decoding=\"async\" class=\"aligncenter size-medium wp-image-438\" alt=\"02zr01\" src=\"https:\/\/www.wernerzehe.de\/wp-content\/uploads\/2013\/07\/02zr01-300x225.jpg\" width=\"300\" height=\"225\" srcset=\"https:\/\/wernerzehe.de\/wp-content\/uploads\/2013\/07\/02zr01-300x225.jpg 300w, https:\/\/wernerzehe.de\/wp-content\/uploads\/2013\/07\/02zr01-400x300.jpg 400w, https:\/\/wernerzehe.de\/wp-content\/uploads\/2013\/07\/02zr01.jpg 1024w\" sizes=\"auto, (max-width: 300px) 100vw, 300px\" \/><\/a><\/p>\n<p><a href=\"https:\/\/www.wernerzehe.de\/wp-content\/uploads\/2013\/07\/02zr02.jpg\" rel=\"lightbox[zr799]\"><img loading=\"lazy\" decoding=\"async\" class=\"aligncenter size-medium wp-image-439\" alt=\"02zr02\" src=\"https:\/\/www.wernerzehe.de\/wp-content\/uploads\/2013\/07\/02zr02-300x225.jpg\" width=\"300\" height=\"225\" srcset=\"https:\/\/wernerzehe.de\/wp-content\/uploads\/2013\/07\/02zr02-300x225.jpg 300w, https:\/\/wernerzehe.de\/wp-content\/uploads\/2013\/07\/02zr02-400x300.jpg 400w, https:\/\/wernerzehe.de\/wp-content\/uploads\/2013\/07\/02zr02.jpg 1024w\" sizes=\"auto, (max-width: 300px) 100vw, 300px\" \/><\/a><\/p>\n<p><a href=\"https:\/\/www.wernerzehe.de\/wp-content\/uploads\/2013\/07\/02zr03.jpg\" rel=\"lightbox[zr799]\"><img loading=\"lazy\" decoding=\"async\" class=\"aligncenter size-medium wp-image-440\" alt=\"02zr03\" src=\"https:\/\/www.wernerzehe.de\/wp-content\/uploads\/2013\/07\/02zr03-300x225.jpg\" width=\"300\" height=\"225\" srcset=\"https:\/\/wernerzehe.de\/wp-content\/uploads\/2013\/07\/02zr03-300x225.jpg 300w, https:\/\/wernerzehe.de\/wp-content\/uploads\/2013\/07\/02zr03-400x300.jpg 400w, https:\/\/wernerzehe.de\/wp-content\/uploads\/2013\/07\/02zr03.jpg 1024w\" sizes=\"auto, (max-width: 300px) 100vw, 300px\" \/><\/a><br \/>\nAls erstes mu\u00dften nat\u00fcrlich andere Gabelfedern(Wirth) rein. Der Unterschied ist schon immens. Das Gabel\u00f6l habe ich auch gleich mitgewechselt.<\/p>\n<div align=\"left\">\n<p>Ich kann es allen ZR-7 Fahrern nur empfehlen zu wechseln. Der Unterschied im Fahrverhalten ist enorm. mit den With Federn bin ich sehr zufrieden. G\u00fcnstige Einkaufsm\u00f6glichkeiten und Einbauhilfen findet Ihr im ZR-7 Forum.<\/p>\n<p>Am Sound haben wir auch schon etwas gebastelt. H\u00f6rt sich jetzt ganz ordentlich an, ohne aufdringlich laut zu sein. F\u00fcr meine Frau gabs dann noch ne tiefergelegte Sitzbank.<\/p>\n<p>F\u00fcr den Winter 03\/04, waren dann folgende Verbesserungen angesagt:<\/p>\n<ul>\n<li>Wirth &#8211; Gabelfedern<\/li>\n<li>Superbike Lenker<\/li>\n<li>Hepco-Becker Sturzb\u00fcgel<\/li>\n<li>Spiegler Stahlflex vorne und hinten<\/li>\n<li>Mini-Blinker vorne und hinten<\/li>\n<li>Edelstahl K\u00fchlergrill<\/li>\n<li>L\u00f6cher in Seitenteilen verkleidet<\/li>\n<li>Komplettes Airbrush, wie immer von\u00a0<a href=\"http:\/\/www.atelier-bohn.de\/\" target=\"_blank\">Lothar Bohn<\/a><\/li>\n<\/ul>\n<\/div>\n<p><a href=\"https:\/\/www.wernerzehe.de\/wp-content\/uploads\/2013\/07\/04zr01.jpg\" rel=\"lightbox[zr799]\"><img loading=\"lazy\" decoding=\"async\" class=\"aligncenter size-medium wp-image-441\" alt=\"04zr01\" src=\"https:\/\/www.wernerzehe.de\/wp-content\/uploads\/2013\/07\/04zr01-300x225.jpg\" width=\"300\" height=\"225\" srcset=\"https:\/\/wernerzehe.de\/wp-content\/uploads\/2013\/07\/04zr01-300x225.jpg 300w, https:\/\/wernerzehe.de\/wp-content\/uploads\/2013\/07\/04zr01-400x300.jpg 400w, https:\/\/wernerzehe.de\/wp-content\/uploads\/2013\/07\/04zr01.jpg 1024w\" sizes=\"auto, (max-width: 300px) 100vw, 300px\" \/><\/a><br \/>\n<a href=\"https:\/\/www.wernerzehe.de\/wp-content\/uploads\/2013\/07\/04zr02.jpg\" rel=\"lightbox[zr799]\"><img loading=\"lazy\" decoding=\"async\" class=\"aligncenter size-medium wp-image-442\" alt=\"04zr02\" src=\"https:\/\/www.wernerzehe.de\/wp-content\/uploads\/2013\/07\/04zr02-300x225.jpg\" width=\"300\" height=\"225\" srcset=\"https:\/\/wernerzehe.de\/wp-content\/uploads\/2013\/07\/04zr02-300x225.jpg 300w, https:\/\/wernerzehe.de\/wp-content\/uploads\/2013\/07\/04zr02-400x300.jpg 400w, https:\/\/wernerzehe.de\/wp-content\/uploads\/2013\/07\/04zr02.jpg 1024w\" sizes=\"auto, (max-width: 300px) 100vw, 300px\" \/><\/a><br \/>\n<a href=\"https:\/\/www.wernerzehe.de\/wp-content\/uploads\/2013\/07\/04zr03.jpg\" rel=\"lightbox[zr799]\"><img loading=\"lazy\" decoding=\"async\" class=\"aligncenter size-medium wp-image-443\" alt=\"04zr03\" src=\"https:\/\/www.wernerzehe.de\/wp-content\/uploads\/2013\/07\/04zr03-225x300.jpg\" width=\"225\" height=\"300\" srcset=\"https:\/\/wernerzehe.de\/wp-content\/uploads\/2013\/07\/04zr03-225x300.jpg 225w, https:\/\/wernerzehe.de\/wp-content\/uploads\/2013\/07\/04zr03.jpg 768w\" sizes=\"auto, (max-width: 225px) 100vw, 225px\" \/><\/a><br \/>\n<a href=\"https:\/\/www.wernerzehe.de\/wp-content\/uploads\/2013\/07\/04zr04.jpg\" rel=\"lightbox[zr799]\"><img loading=\"lazy\" decoding=\"async\" class=\"aligncenter size-medium wp-image-444\" alt=\"04zr04\" src=\"https:\/\/www.wernerzehe.de\/wp-content\/uploads\/2013\/07\/04zr04-300x225.jpg\" width=\"300\" height=\"225\" srcset=\"https:\/\/wernerzehe.de\/wp-content\/uploads\/2013\/07\/04zr04-300x225.jpg 300w, https:\/\/wernerzehe.de\/wp-content\/uploads\/2013\/07\/04zr04-400x300.jpg 400w, https:\/\/wernerzehe.de\/wp-content\/uploads\/2013\/07\/04zr04.jpg 1024w\" sizes=\"auto, (max-width: 300px) 100vw, 300px\" \/><\/a><br \/>\n<a href=\"https:\/\/www.wernerzehe.de\/wp-content\/uploads\/2013\/07\/04zr05.jpg\" rel=\"lightbox[zr799]\"><img loading=\"lazy\" decoding=\"async\" class=\"aligncenter size-medium wp-image-445\" alt=\"04zr05\" src=\"https:\/\/www.wernerzehe.de\/wp-content\/uploads\/2013\/07\/04zr05-300x225.jpg\" width=\"300\" height=\"225\" srcset=\"https:\/\/wernerzehe.de\/wp-content\/uploads\/2013\/07\/04zr05-300x225.jpg 300w, https:\/\/wernerzehe.de\/wp-content\/uploads\/2013\/07\/04zr05-400x300.jpg 400w, https:\/\/wernerzehe.de\/wp-content\/uploads\/2013\/07\/04zr05.jpg 1024w\" sizes=\"auto, (max-width: 300px) 100vw, 300px\" \/><\/a><br \/>\n<a href=\"https:\/\/www.wernerzehe.de\/wp-content\/uploads\/2013\/07\/04zr06.jpg\" rel=\"lightbox[zr799]\"><img loading=\"lazy\" decoding=\"async\" class=\"aligncenter size-medium wp-image-446\" alt=\"04zr06\" src=\"https:\/\/www.wernerzehe.de\/wp-content\/uploads\/2013\/07\/04zr06-300x225.jpg\" width=\"300\" height=\"225\" srcset=\"https:\/\/wernerzehe.de\/wp-content\/uploads\/2013\/07\/04zr06-300x225.jpg 300w, https:\/\/wernerzehe.de\/wp-content\/uploads\/2013\/07\/04zr06-400x300.jpg 400w, https:\/\/wernerzehe.de\/wp-content\/uploads\/2013\/07\/04zr06.jpg 1024w\" sizes=\"auto, (max-width: 300px) 100vw, 300px\" \/><\/a><\/p>\n<div align=\"center\">\u00a0Einige Jahre bin ich die ZR-7 gerne gefahren, aber meiner Frau war sie zu schwer und ich hatte ja meine Z750 (Bj. 04), also haben wir sie wieder verkauft.<\/div>\n","protected":false},"excerpt":{"rendered":"<p>Kawasaki ZR-7, Bj.99 Als erstes mu\u00dften nat\u00fcrlich andere Gabelfedern(Wirth) rein. Der Unterschied ist schon immens. Das Gabel\u00f6l habe ich auch gleich mitgewechselt. Ich kann es allen ZR-7 Fahrern nur empfehlen zu wechseln. Der Unterschied im Fahrverhalten ist enorm. mit den With Federn bin ich sehr zufrieden. G\u00fcnstige Einkaufsm\u00f6glichkeiten und Einbauhilfen findet Ihr im ZR-7 Forum. [&hellip;]<\/p>\n","protected":false},"author":1,"featured_media":0,"parent":0,"menu_order":801,"comment_status":"open","ping_status":"open","template":"sidebar-page.php","meta":{"footnotes":""},"class_list":["post-32","page","type-page","status-publish","hentry"],"_links":{"self":[{"href":"https:\/\/wernerzehe.de\/index.php?rest_route=\/wp\/v2\/pages\/32","targetHints":{"allow":["GET"]}}],"collection":[{"href":"https:\/\/wernerzehe.de\/index.php?rest_route=\/wp\/v2\/pages"}],"about":[{"href":"https:\/\/wernerzehe.de\/index.php?rest_route=\/wp\/v2\/types\/page"}],"author":[{"embeddable":true,"href":"https:\/\/wernerzehe.de\/index.php?rest_route=\/wp\/v2\/users\/1"}],"replies":[{"embeddable":true,"href":"https:\/\/wernerzehe.de\/index.php?rest_route=%2Fwp%2Fv2%2Fcomments&post=32"}],"version-history":[{"count":6,"href":"https:\/\/wernerzehe.de\/index.php?rest_route=\/wp\/v2\/pages\/32\/revisions"}],"predecessor-version":[{"id":675,"href":"https:\/\/wernerzehe.de\/index.php?rest_route=\/wp\/v2\/pages\/32\/revisions\/675"}],"wp:attachment":[{"href":"https:\/\/wernerzehe.de\/index.php?rest_route=%2Fwp%2Fv2%2Fmedia&parent=32"}],"curies":[{"name":"wp","href":"https:\/\/api.w.org\/{rel}","templated":true}]}}