{"id":34,"date":"2013-05-27T15:10:58","date_gmt":"2013-05-27T13:10:58","guid":{"rendered":"http:\/\/www.wernerzehe.de\/wp\/?page_id=34"},"modified":"2015-05-27T09:56:32","modified_gmt":"2015-05-27T07:56:32","slug":"en500c","status":"publish","type":"page","link":"https:\/\/wernerzehe.de\/?page_id=34","title":{"rendered":"EN500C"},"content":{"rendered":"<div align=\"center\">\n<h2>Kawasaki En 500C, Bj.98<\/h2>\n<\/div>\n<p><a href=\"https:\/\/www.wernerzehe.de\/wp-content\/uploads\/2013\/06\/en01.jpg\" rel=\"lightbox[99en500]\"><img loading=\"lazy\" decoding=\"async\" class=\"aligncenter size-medium wp-image-212\" alt=\"en01\" src=\"https:\/\/www.wernerzehe.de\/wp-content\/uploads\/2013\/06\/en01-300x201.jpg\" width=\"300\" height=\"201\" srcset=\"https:\/\/wernerzehe.de\/wp-content\/uploads\/2013\/06\/en01-300x201.jpg 300w, https:\/\/wernerzehe.de\/wp-content\/uploads\/2013\/06\/en01-1024x687.jpg 1024w, https:\/\/wernerzehe.de\/wp-content\/uploads\/2013\/06\/en01-447x300.jpg 447w, https:\/\/wernerzehe.de\/wp-content\/uploads\/2013\/06\/en01.jpg 1280w\" sizes=\"auto, (max-width: 300px) 100vw, 300px\" \/><\/a><br \/>\n<a href=\"https:\/\/www.wernerzehe.de\/wp-content\/uploads\/2013\/06\/en02.jpg\" rel=\"lightbox[99en500]\"><img loading=\"lazy\" decoding=\"async\" class=\"aligncenter size-medium wp-image-213\" alt=\"en02\" src=\"https:\/\/www.wernerzehe.de\/wp-content\/uploads\/2013\/06\/en02-300x239.jpg\" width=\"300\" height=\"239\" srcset=\"https:\/\/wernerzehe.de\/wp-content\/uploads\/2013\/06\/en02-300x239.jpg 300w, https:\/\/wernerzehe.de\/wp-content\/uploads\/2013\/06\/en02-1024x817.jpg 1024w, https:\/\/wernerzehe.de\/wp-content\/uploads\/2013\/06\/en02-375x300.jpg 375w, https:\/\/wernerzehe.de\/wp-content\/uploads\/2013\/06\/en02.jpg 1280w\" sizes=\"auto, (max-width: 300px) 100vw, 300px\" \/><\/a><br \/>\n<a href=\"https:\/\/www.wernerzehe.de\/wp-content\/uploads\/2013\/06\/en03.jpg\" rel=\"lightbox[99en500]\"><img loading=\"lazy\" decoding=\"async\" class=\"aligncenter size-medium wp-image-214\" alt=\"en03\" src=\"https:\/\/www.wernerzehe.de\/wp-content\/uploads\/2013\/06\/en03-225x300.jpg\" width=\"225\" height=\"300\" srcset=\"https:\/\/wernerzehe.de\/wp-content\/uploads\/2013\/06\/en03-225x300.jpg 225w, https:\/\/wernerzehe.de\/wp-content\/uploads\/2013\/06\/en03-768x1024.jpg 768w, https:\/\/wernerzehe.de\/wp-content\/uploads\/2013\/06\/en03.jpg 960w\" sizes=\"auto, (max-width: 225px) 100vw, 225px\" \/><\/a><br \/>\n<a href=\"https:\/\/www.wernerzehe.de\/wp-content\/uploads\/2013\/06\/en04.jpg\" rel=\"lightbox[99en500]\"><img loading=\"lazy\" decoding=\"async\" class=\"aligncenter size-medium wp-image-215\" alt=\"en04\" src=\"https:\/\/www.wernerzehe.de\/wp-content\/uploads\/2013\/06\/en04-225x300.jpg\" width=\"225\" height=\"300\" srcset=\"https:\/\/wernerzehe.de\/wp-content\/uploads\/2013\/06\/en04-225x300.jpg 225w, https:\/\/wernerzehe.de\/wp-content\/uploads\/2013\/06\/en04-768x1024.jpg 768w, https:\/\/wernerzehe.de\/wp-content\/uploads\/2013\/06\/en04.jpg 960w\" sizes=\"auto, (max-width: 225px) 100vw, 225px\" \/><\/a><\/p>\n<div align=\"left\">\n<p>Die Maschine ist trotz Ihrer 12 Jahre in einem Super Zustand. Aufgrund der wenigen Kilometer sah sich nur leider der Vorbesitzer nicht gen\u00f6tigt mal eine Inspektion durchzuf\u00fchren. Darum musste als erstes mal ein Rundumschlag gemacht werden.<\/p>\n<div align=\"left\">\n<p>Das war angesagt:<\/p>\n<ul>\n<li>Neuer Luftfilter<\/li>\n<li>Neue Z\u00fcndkerzen<\/li>\n<li>\u00d6lwechsel<\/li>\n<li>K\u00fchlfl\u00fcssigkeitswechsel<\/li>\n<li>Neue Bremsbel\u00e4ge Vorne<\/li>\n<li>Ein Satz neuer Reifen (Michelin Commander)<\/li>\n<li>Stahlflex-Bremsleiitung<\/li>\n<li>Verchromter Bremsfl\u00fcssigkeitsdeckel<\/li>\n<li>Edelstahl Kettenschutz (verchromt)<\/li>\n<li>Entdrosselt auf 46 PS<\/li>\n<\/ul>\n<p>Die Maschine gab leider nur ein kurzes Gastspiel bei uns, da sie nur gestanden hat, haben wir sie wieder verkauft. War aber ein nettes Teil, gut zu fahren.<\/p>\n<\/div>\n<\/div>\n","protected":false},"excerpt":{"rendered":"<p>Kawasaki En 500C, Bj.98 Die Maschine ist trotz Ihrer 12 Jahre in einem Super Zustand. Aufgrund der wenigen Kilometer sah sich nur leider der Vorbesitzer nicht gen\u00f6tigt mal eine Inspektion durchzuf\u00fchren. Darum musste als erstes mal ein Rundumschlag gemacht werden. Das war angesagt: Neuer Luftfilter Neue Z\u00fcndkerzen \u00d6lwechsel K\u00fchlfl\u00fcssigkeitswechsel Neue Bremsbel\u00e4ge Vorne Ein Satz neuer [&hellip;]<\/p>\n","protected":false},"author":1,"featured_media":0,"parent":0,"menu_order":701,"comment_status":"open","ping_status":"open","template":"sidebar-page.php","meta":{"footnotes":""},"class_list":["post-34","page","type-page","status-publish","hentry"],"_links":{"self":[{"href":"https:\/\/wernerzehe.de\/index.php?rest_route=\/wp\/v2\/pages\/34","targetHints":{"allow":["GET"]}}],"collection":[{"href":"https:\/\/wernerzehe.de\/index.php?rest_route=\/wp\/v2\/pages"}],"about":[{"href":"https:\/\/wernerzehe.de\/index.php?rest_route=\/wp\/v2\/types\/page"}],"author":[{"embeddable":true,"href":"https:\/\/wernerzehe.de\/index.php?rest_route=\/wp\/v2\/users\/1"}],"replies":[{"embeddable":true,"href":"https:\/\/wernerzehe.de\/index.php?rest_route=%2Fwp%2Fv2%2Fcomments&post=34"}],"version-history":[{"count":7,"href":"https:\/\/wernerzehe.de\/index.php?rest_route=\/wp\/v2\/pages\/34\/revisions"}],"predecessor-version":[{"id":677,"href":"https:\/\/wernerzehe.de\/index.php?rest_route=\/wp\/v2\/pages\/34\/revisions\/677"}],"wp:attachment":[{"href":"https:\/\/wernerzehe.de\/index.php?rest_route=%2Fwp%2Fv2%2Fmedia&parent=34"}],"curies":[{"name":"wp","href":"https:\/\/api.w.org\/{rel}","templated":true}]}}