{"id":35,"date":"2013-05-27T15:11:13","date_gmt":"2013-05-27T13:11:13","guid":{"rendered":"http:\/\/www.wernerzehe.de\/wp\/?page_id=35"},"modified":"2021-11-28T10:38:35","modified_gmt":"2021-11-28T09:38:35","slug":"twin-ldt","status":"publish","type":"page","link":"https:\/\/wernerzehe.de\/?page_id=35","title":{"rendered":"Z750 Twin LTD BD"},"content":{"rendered":"<div align=\"center\">\n<h2>Kawasaki Z750 LTD BD Twin, Bj.1984<\/h2>\n<p>Wie bei vielen meiner Projekte bin ich auch hier der Admin des dazugeh\u00f6rigen Fourms:\u00a0<a href=\"https:\/\/www.z750twin.de\/forum\/\">https:\/\/www.z750twin.de\/forum\/<\/a><\/p>\n<p>Tja, das ist mein neues Projekt. Ein Exot auf deutschen Stra\u00dfen. eine Z750 Twin LTD Belt Drive. Der letzte Twin von Kawa mit mehr als 500ccm. Im Original ein typischer Vertreter der ersten japanischen Versuche im Choppersegment Fu\u00df zu fassen. Ein (optisch zumindest zu Recht) nicht ganz unumstrittener Versuch. Wobei der Motor eine ideale Basis ist. 750ccm Zweizylinder Paralleltwin, Gleichl\u00e4ufer, der Garant f\u00fcr Druck aus dem Keller, uriges Fahrvergn\u00fcgen und archarische Vibrationen. Und so sah Sie mal im Original aus:<\/p>\n<\/div>\n<div align=\"center\">\n<p><a href=\"https:\/\/www.wernerzehe.de\/wp-content\/uploads\/2013\/07\/orig.jpg\" rel=\"lightbox[ltdbd]\"><img loading=\"lazy\" decoding=\"async\" class=\"aligncenter size-medium wp-image-297\" src=\"https:\/\/www.wernerzehe.de\/wp-content\/uploads\/2013\/07\/orig-300x199.jpg\" alt=\"orig\" width=\"300\" height=\"199\" srcset=\"https:\/\/wernerzehe.de\/wp-content\/uploads\/2013\/07\/orig-300x199.jpg 300w, https:\/\/wernerzehe.de\/wp-content\/uploads\/2013\/07\/orig-451x300.jpg 451w, https:\/\/wernerzehe.de\/wp-content\/uploads\/2013\/07\/orig.jpg 1024w\" sizes=\"auto, (max-width: 300px) 100vw, 300px\" \/><\/a>&#8222;Klassischer Barock&#8220;<\/p>\n<\/div>\n<h2 align=\"center\">Fr\u00fchjahr 2009<\/h2>\n<div align=\"left\">\n<p>Nach 24 Jahren mehr oder weniger guter Pflege war einiges zu machen, insbesondere da mir das Originaldesign nicht so wirklich zu sagte. So sieht es derzeit in der Garage aus, die meisten Teile sind zum Verchromen oder zum Pulvern. Vieeeeeeeeeeeeeeeeel Arbeit steht da in der Garage.<br \/>\n<a href=\"https:\/\/www.wernerzehe.de\/wp-content\/uploads\/2013\/07\/baustelle01.jpg\" rel=\"lightbox[ltdbd]\"><img loading=\"lazy\" decoding=\"async\" class=\"aligncenter size-medium wp-image-308\" src=\"https:\/\/www.wernerzehe.de\/wp-content\/uploads\/2013\/07\/baustelle01-300x225.jpg\" alt=\"baustelle01\" width=\"300\" height=\"225\" srcset=\"https:\/\/wernerzehe.de\/wp-content\/uploads\/2013\/07\/baustelle01-300x225.jpg 300w, https:\/\/wernerzehe.de\/wp-content\/uploads\/2013\/07\/baustelle01-400x300.jpg 400w, https:\/\/wernerzehe.de\/wp-content\/uploads\/2013\/07\/baustelle01.jpg 800w\" sizes=\"auto, (max-width: 300px) 100vw, 300px\" \/><\/a><br \/>\n<a href=\"https:\/\/www.wernerzehe.de\/wp-content\/uploads\/2013\/07\/baustelle02.jpg\" rel=\"lightbox[ltdbd]\"><img loading=\"lazy\" decoding=\"async\" class=\"aligncenter size-medium wp-image-309\" src=\"https:\/\/www.wernerzehe.de\/wp-content\/uploads\/2013\/07\/baustelle02-300x225.jpg\" alt=\"baustelle02\" width=\"300\" height=\"225\" srcset=\"https:\/\/wernerzehe.de\/wp-content\/uploads\/2013\/07\/baustelle02-300x225.jpg 300w, https:\/\/wernerzehe.de\/wp-content\/uploads\/2013\/07\/baustelle02-400x300.jpg 400w, https:\/\/wernerzehe.de\/wp-content\/uploads\/2013\/07\/baustelle02.jpg 800w\" sizes=\"auto, (max-width: 300px) 100vw, 300px\" \/><\/a><br \/>\n<a href=\"https:\/\/www.wernerzehe.de\/wp-content\/uploads\/2013\/07\/baustelle03.jpg\" rel=\"lightbox[ltdbd]\"><img loading=\"lazy\" decoding=\"async\" class=\"aligncenter size-medium wp-image-310\" src=\"https:\/\/www.wernerzehe.de\/wp-content\/uploads\/2013\/07\/baustelle03-300x225.jpg\" alt=\"baustelle03\" width=\"300\" height=\"225\" srcset=\"https:\/\/wernerzehe.de\/wp-content\/uploads\/2013\/07\/baustelle03-300x225.jpg 300w, https:\/\/wernerzehe.de\/wp-content\/uploads\/2013\/07\/baustelle03-400x300.jpg 400w, https:\/\/wernerzehe.de\/wp-content\/uploads\/2013\/07\/baustelle03.jpg 800w\" sizes=\"auto, (max-width: 300px) 100vw, 300px\" \/><\/a><br \/>\n<a href=\"https:\/\/www.wernerzehe.de\/wp-content\/uploads\/2013\/07\/baustelle04.jpg\" rel=\"lightbox[ltdbd]\"><img loading=\"lazy\" decoding=\"async\" class=\"aligncenter size-medium wp-image-311\" src=\"https:\/\/www.wernerzehe.de\/wp-content\/uploads\/2013\/07\/baustelle04-300x226.jpg\" alt=\"baustelle04\" width=\"300\" height=\"226\" srcset=\"https:\/\/wernerzehe.de\/wp-content\/uploads\/2013\/07\/baustelle04-300x226.jpg 300w, https:\/\/wernerzehe.de\/wp-content\/uploads\/2013\/07\/baustelle04-397x300.jpg 397w, https:\/\/wernerzehe.de\/wp-content\/uploads\/2013\/07\/baustelle04.jpg 800w\" sizes=\"auto, (max-width: 300px) 100vw, 300px\" \/><\/a><\/p>\n<\/div>\n<div align=\"center\">\n<p>&#8222;\u00c4h, ja, em, hat keiner gesagt dass es einfach wird.&#8220;<br \/>\n<a href=\"https:\/\/www.wernerzehe.de\/wp-content\/uploads\/2013\/07\/baustelle05.jpg\" rel=\"lightbox[ltdbd]\"><img loading=\"lazy\" decoding=\"async\" class=\"aligncenter size-medium wp-image-312\" src=\"https:\/\/www.wernerzehe.de\/wp-content\/uploads\/2013\/07\/baustelle05-300x161.jpg\" alt=\"baustelle05\" width=\"300\" height=\"161\" srcset=\"https:\/\/wernerzehe.de\/wp-content\/uploads\/2013\/07\/baustelle05-300x161.jpg 300w, https:\/\/wernerzehe.de\/wp-content\/uploads\/2013\/07\/baustelle05-500x268.jpg 500w, https:\/\/wernerzehe.de\/wp-content\/uploads\/2013\/07\/baustelle05.jpg 800w\" sizes=\"auto, (max-width: 300px) 100vw, 300px\" \/><\/a><\/p>\n<p>&#8222;Sind nat\u00fcrlich noch mehr Teile&#8220;<\/p>\n<p>&#8222;Der Motor&#8220;<br \/>\n<a href=\"https:\/\/www.wernerzehe.de\/wp-content\/uploads\/2013\/07\/motorr.jpg\" rel=\"lightbox[ltdbd]\"><img loading=\"lazy\" decoding=\"async\" class=\"aligncenter size-medium wp-image-296\" src=\"https:\/\/www.wernerzehe.de\/wp-content\/uploads\/2013\/07\/motorr-300x225.jpg\" alt=\"motorr\" width=\"300\" height=\"225\" srcset=\"https:\/\/wernerzehe.de\/wp-content\/uploads\/2013\/07\/motorr-300x225.jpg 300w, https:\/\/wernerzehe.de\/wp-content\/uploads\/2013\/07\/motorr-400x300.jpg 400w, https:\/\/wernerzehe.de\/wp-content\/uploads\/2013\/07\/motorr.jpg 800w\" sizes=\"auto, (max-width: 300px) 100vw, 300px\" \/><\/a><br \/>\n<a href=\"https:\/\/www.wernerzehe.de\/wp-content\/uploads\/2013\/07\/motorl.jpg\" rel=\"lightbox[ltdbd]\"><img loading=\"lazy\" decoding=\"async\" class=\"aligncenter size-medium wp-image-295\" src=\"https:\/\/www.wernerzehe.de\/wp-content\/uploads\/2013\/07\/motorl-300x225.jpg\" alt=\"motorl\" width=\"300\" height=\"225\" srcset=\"https:\/\/wernerzehe.de\/wp-content\/uploads\/2013\/07\/motorl-300x225.jpg 300w, https:\/\/wernerzehe.de\/wp-content\/uploads\/2013\/07\/motorl-400x300.jpg 400w, https:\/\/wernerzehe.de\/wp-content\/uploads\/2013\/07\/motorl.jpg 800w\" sizes=\"auto, (max-width: 300px) 100vw, 300px\" \/><\/a><br \/>\n<a href=\"https:\/\/www.wernerzehe.de\/wp-content\/uploads\/2013\/07\/chrom.jpg\" rel=\"lightbox[ltdbd]\"><img loading=\"lazy\" decoding=\"async\" class=\"aligncenter size-medium wp-image-289\" src=\"https:\/\/www.wernerzehe.de\/wp-content\/uploads\/2013\/07\/chrom-269x300.jpg\" alt=\"chrom\" width=\"269\" height=\"300\" srcset=\"https:\/\/wernerzehe.de\/wp-content\/uploads\/2013\/07\/chrom-269x300.jpg 269w, https:\/\/wernerzehe.de\/wp-content\/uploads\/2013\/07\/chrom.jpg 600w\" sizes=\"auto, (max-width: 269px) 100vw, 269px\" \/><\/a><\/p>\n<p>&#8222;Das gl\u00e4nzt ja schon mal Richtig&#8220;<\/p>\n<\/div>\n<div align=\"left\">\n<p>Umgebaut wurde folgendes:<\/p>\n<ul>\n<li>Schwinge und Rahmen pulvern<\/li>\n<li>Alle Chromteile aufpoliert, bzw viele Teile neu verchromt.<\/li>\n<li>Anderer Lenker<\/li>\n<li>Vergaser\u00fcberholung mit DynoJet kit<\/li>\n<li>Pulvern verschiedener Teile Rahmenteile<\/li>\n<li>Umbau auf K&amp;N Einzelluftfilter<\/li>\n<li>ge\u00e4nderte Sitzbank<\/li>\n<li>vorverlegte Fu\u00dfrastenanlage<\/li>\n<\/ul>\n<\/div>\n<div align=\"center\"><a href=\"https:\/\/www.wernerzehe.de\/wp-content\/uploads\/2013\/07\/vorv.jpg\" rel=\"lightbox[ltdbd]\"><img loading=\"lazy\" decoding=\"async\" class=\"aligncenter size-medium wp-image-300\" src=\"https:\/\/www.wernerzehe.de\/wp-content\/uploads\/2013\/07\/vorv-300x295.jpg\" alt=\"vorv\" width=\"300\" height=\"295\" srcset=\"https:\/\/wernerzehe.de\/wp-content\/uploads\/2013\/07\/vorv-300x295.jpg 300w, https:\/\/wernerzehe.de\/wp-content\/uploads\/2013\/07\/vorv-304x300.jpg 304w, https:\/\/wernerzehe.de\/wp-content\/uploads\/2013\/07\/vorv.jpg 800w\" sizes=\"auto, (max-width: 300px) 100vw, 300px\" \/><\/a><br \/>\n&#8222;Noch unrestauriert!&#8220;<\/p>\n<h2>\u00a0Sommer 2009<\/h2>\n<p><a href=\"https:\/\/www.wernerzehe.de\/wp-content\/uploads\/2013\/07\/08ltd02.jpg\" rel=\"lightbox[ltdbd]\"><img loading=\"lazy\" decoding=\"async\" class=\"aligncenter size-medium wp-image-302\" src=\"https:\/\/www.wernerzehe.de\/wp-content\/uploads\/2013\/07\/08ltd02-300x208.jpg\" alt=\"08ltd02\" width=\"300\" height=\"208\" srcset=\"https:\/\/wernerzehe.de\/wp-content\/uploads\/2013\/07\/08ltd02-300x208.jpg 300w, https:\/\/wernerzehe.de\/wp-content\/uploads\/2013\/07\/08ltd02-431x300.jpg 431w, https:\/\/wernerzehe.de\/wp-content\/uploads\/2013\/07\/08ltd02.jpg 1024w\" sizes=\"auto, (max-width: 300px) 100vw, 300px\" \/><\/a><br \/>\n<a href=\"https:\/\/www.wernerzehe.de\/wp-content\/uploads\/2013\/07\/08ltd01.jpg\" rel=\"lightbox[ltdbd]\"><img loading=\"lazy\" decoding=\"async\" class=\"aligncenter size-medium wp-image-301\" src=\"https:\/\/www.wernerzehe.de\/wp-content\/uploads\/2013\/07\/08ltd01-300x204.jpg\" alt=\"08ltd01\" width=\"300\" height=\"204\" srcset=\"https:\/\/wernerzehe.de\/wp-content\/uploads\/2013\/07\/08ltd01-300x204.jpg 300w, https:\/\/wernerzehe.de\/wp-content\/uploads\/2013\/07\/08ltd01-440x300.jpg 440w, https:\/\/wernerzehe.de\/wp-content\/uploads\/2013\/07\/08ltd01.jpg 1024w\" sizes=\"auto, (max-width: 300px) 100vw, 300px\" \/><\/a><\/p>\n<\/div>\n<div align=\"left\">\n<p>Leider musste ich bei den ersten Probefahrten feststellen, dass die Zylinderkopfdichtung \u00d6l wirft ohne Ende. So war kein Fahren m\u00f6glich. Also bin ich notgedrungen dran, den Motor zu \u00fcberholen. Nach dem aufmachen erwartete mich leider eine b\u00f6se \u00dcberraschung. Irgendjemand hatte den Motor schon mal auf, und den ersten Satz \u00dcberma\u00dfkolben verbaut. Aber das ziemlich dilettantisch. Die zu einer Motor\u00fcberholung notwendigen neuen O-Ringe, hatte sich der jenige gespart und statt dessen wieder die alten O-Ringe verbaut, bzw. diese ganz weggelassen und versucht hier mit Helicoil rum zu schmieren.<\/p>\n<p>Das hies f\u00fcr mich, alles auseinander:<\/p>\n<ul>\n<li>neue O-Ringe<\/li>\n<li>neue Kopf- und Fu\u00dfdichtung<\/li>\n<li>neue Ventilschaftdichtungen<\/li>\n<li>Zylinder planen lassen<\/li>\n<\/ul>\n<p>Da f\u00fcr die Beschaffung der notwendigen Teile Monate drauf gingen (einiges musste ich in Amerika bestellen, da die Teile in D nicht mehr lieferbar sind), wurde es Herbst bis der Motor wieder zusammen war. Da die Vergaserabstimmung auch noch etwas hakte, war es das dann mit dem Sommer 2009.<\/p>\n<p>Auch den Umbau auf Speichenfelgen musste ich nun zum zweiten Mal angehen. Die Felgen welche ich neu einspeichen lassen wollte, hat der H\u00e4ndler verdummbeutelt. Da ich leider auch keinen schriftlichen Beleg hatte, was ich alles bei Ihm abgeliefert hatte, waren meine Felgen weg. Aber inzwischen steht ein neuer Satz Speichenfelgen in der Garage, die kommen zum T\u00dcV-Termin drauf.<\/p>\n<\/div>\n<div align=\"center\">\n<h2>Fr\u00fchjahr 2010<\/h2>\n<\/div>\n<div align=\"left\">\n<p>Ich bin wieder voll in der Umbauphase. Da die Originalschalter bei mir leider so zerst\u00f6rt waren, dass ich neue ben\u00f6tige, bin ich gleich mal das Theme Seitenst\u00e4nderschalter, autom. Blinkerr\u00fcckstellung und \u00dcberpr\u00fcfung des Kabelbaum angegangen. Zuerst habe ich um eine bessere \u00dcbersicht zu bekommen, die sehr schlechten Originalschaltpl\u00e4ne aus den Wartungshandb\u00fcchern neu gezeichnet. Empfehlen kann ich f\u00fcr zweifarbige Linien in Schaltpl\u00e4nen Adobe Illustrator. man muss nur schnell arbeiten, da die Version welche man von der Homepage herunter laden kann, nach 30 Tagen den Dienst versagt.<\/p>\n<p>Leider musste ich feststellen, dass Kawasaki bei dem Schaltplan f\u00fcr die K1 es sich einfach gemacht hat und einfach den von der Y1 im WHB abgedruckt hat. Nur stimmt da sehr wenig \u00fcberein. Das hies f\u00fcr mich Kabelbaum raus und alle Leitungsfarben und Verbindungen \u00fcberpr\u00fcfen. Inzwischen hatte ich auch von einer Yamaha XS 650 die verchromten Schaltereinheiten bei Ebay ergattert, und konnte in dem Zusammenhang gleich den Kabelbaum den ge\u00e4nderten Schaltern anpassen. Denn die Metallschalter schalten gegen Masse, w\u00e4hren bei Kawa die Plastikschalter gegen Plus schalten. Zum Gl\u00fcck gibt es bei Louis die entsprechenden Japan-Stecker und Rundstecker Sortimente g\u00fcnstig zu kaufen. Und f\u00fcr alles was man bei Louis nicht bekommt, gibt es noch diesen Shop:\u00a0<a href=\"http:\/\/www.kabel-schmidt.de\/\" target=\"_blank\" rel=\"noopener\">Kabel Schmidt<\/a><\/p>\n<p>Hierbei habe ich auch die st\u00f6rungsanf\u00e4llige Seitenst\u00e4nderschaltung gegen eine neue wartungsfreie L\u00f6sung ausgetauscht.\u00a0Folgende Punkte stehen damit f\u00fcr die letzten Wintermonate noch an:<\/p>\n<ul>\n<li>Montage der neuen verchromten Amaturen<\/li>\n<li>Umbau auf Ochsenaugen<\/li>\n<li>Montage gek\u00fcrztes Schutzblech hinten<\/li>\n<li>Neues R\u00fccklicht<\/li>\n<li>Umbau auf Speichenfelgen<\/li>\n<\/ul>\n<p><a href=\"https:\/\/www.wernerzehe.de\/wp-content\/uploads\/2013\/07\/elektro.jpg\" rel=\"lightbox[ltdbd]\"><img loading=\"lazy\" decoding=\"async\" class=\"aligncenter size-medium wp-image-290\" src=\"https:\/\/www.wernerzehe.de\/wp-content\/uploads\/2013\/07\/elektro-300x225.jpg\" alt=\"elektro\" width=\"300\" height=\"225\" srcset=\"https:\/\/wernerzehe.de\/wp-content\/uploads\/2013\/07\/elektro-300x225.jpg 300w, https:\/\/wernerzehe.de\/wp-content\/uploads\/2013\/07\/elektro-400x300.jpg 400w, https:\/\/wernerzehe.de\/wp-content\/uploads\/2013\/07\/elektro.jpg 800w\" sizes=\"auto, (max-width: 300px) 100vw, 300px\" \/><\/a><\/p>\n<p>&#8222;Nicht gerade Optimal, aber man kann wenigstens im Warmen arbeiten&#8220;<\/p>\n<p>So langsam n\u00e4hert sich der Umbau einem fahrbereiten Zustand. Der Tank und die Seitenteile wurden wieder von meinem Haus und Hof Airbrush Spezialisten\u00a0<a href=\"http:\/\/www.atelier-bohn.de\/\" target=\"_blank\" rel=\"noopener\">Lothar Bohn<\/a>\u00a0verfeinert. Bis auf ein paar Details ist sie jetzt fertig. T\u00dcV ist auch drauf. Jetzt fehlen nur noch ein paar Eintragungen, aber da sehe ich dann eher kein Problem.<a href=\"https:\/\/www.wernerzehe.de\/wp-content\/uploads\/2013\/07\/10ltd01.jpg\" rel=\"lightbox[ltdbd]\"><img loading=\"lazy\" decoding=\"async\" class=\"aligncenter size-medium wp-image-303\" src=\"https:\/\/www.wernerzehe.de\/wp-content\/uploads\/2013\/07\/10ltd01-300x225.jpg\" alt=\"10ltd01\" width=\"300\" height=\"225\" srcset=\"https:\/\/wernerzehe.de\/wp-content\/uploads\/2013\/07\/10ltd01-300x225.jpg 300w, https:\/\/wernerzehe.de\/wp-content\/uploads\/2013\/07\/10ltd01-1024x768.jpg 1024w, https:\/\/wernerzehe.de\/wp-content\/uploads\/2013\/07\/10ltd01-400x300.jpg 400w, https:\/\/wernerzehe.de\/wp-content\/uploads\/2013\/07\/10ltd01.jpg 1280w\" sizes=\"auto, (max-width: 300px) 100vw, 300px\" \/><\/a><br \/>\n<a href=\"https:\/\/www.wernerzehe.de\/wp-content\/uploads\/2013\/07\/10ltd02.jpg\" rel=\"lightbox[ltdbd]\"><img loading=\"lazy\" decoding=\"async\" class=\"aligncenter size-medium wp-image-304\" src=\"https:\/\/www.wernerzehe.de\/wp-content\/uploads\/2013\/07\/10ltd02-300x225.jpg\" alt=\"10ltd02\" width=\"300\" height=\"225\" srcset=\"https:\/\/wernerzehe.de\/wp-content\/uploads\/2013\/07\/10ltd02-300x225.jpg 300w, https:\/\/wernerzehe.de\/wp-content\/uploads\/2013\/07\/10ltd02-1024x768.jpg 1024w, https:\/\/wernerzehe.de\/wp-content\/uploads\/2013\/07\/10ltd02-400x300.jpg 400w, https:\/\/wernerzehe.de\/wp-content\/uploads\/2013\/07\/10ltd02.jpg 1280w\" sizes=\"auto, (max-width: 300px) 100vw, 300px\" \/><\/a><br \/>\n<a href=\"https:\/\/www.wernerzehe.de\/wp-content\/uploads\/2013\/07\/10ltd03.jpg\" rel=\"lightbox[ltdbd]\"><img loading=\"lazy\" decoding=\"async\" class=\"aligncenter size-medium wp-image-305\" src=\"https:\/\/www.wernerzehe.de\/wp-content\/uploads\/2013\/07\/10ltd03-300x225.jpg\" alt=\"10ltd03\" width=\"300\" height=\"225\" srcset=\"https:\/\/wernerzehe.de\/wp-content\/uploads\/2013\/07\/10ltd03-300x225.jpg 300w, https:\/\/wernerzehe.de\/wp-content\/uploads\/2013\/07\/10ltd03-1024x768.jpg 1024w, https:\/\/wernerzehe.de\/wp-content\/uploads\/2013\/07\/10ltd03-400x300.jpg 400w, https:\/\/wernerzehe.de\/wp-content\/uploads\/2013\/07\/10ltd03.jpg 1280w\" sizes=\"auto, (max-width: 300px) 100vw, 300px\" \/><\/a><br \/>\n<a href=\"https:\/\/www.wernerzehe.de\/wp-content\/uploads\/2013\/07\/10ltd04.jpg\" rel=\"lightbox[ltdbd]\"><img loading=\"lazy\" decoding=\"async\" class=\"aligncenter size-medium wp-image-306\" src=\"https:\/\/www.wernerzehe.de\/wp-content\/uploads\/2013\/07\/10ltd04-300x225.jpg\" alt=\"10ltd04\" width=\"300\" height=\"225\" srcset=\"https:\/\/wernerzehe.de\/wp-content\/uploads\/2013\/07\/10ltd04-300x225.jpg 300w, https:\/\/wernerzehe.de\/wp-content\/uploads\/2013\/07\/10ltd04-1024x768.jpg 1024w, https:\/\/wernerzehe.de\/wp-content\/uploads\/2013\/07\/10ltd04-400x300.jpg 400w, https:\/\/wernerzehe.de\/wp-content\/uploads\/2013\/07\/10ltd04.jpg 1280w\" sizes=\"auto, (max-width: 300px) 100vw, 300px\" \/><\/a><br \/>\n<a href=\"https:\/\/www.wernerzehe.de\/wp-content\/uploads\/2013\/07\/10ltd05.jpg\" rel=\"lightbox[ltdbd]\"><img loading=\"lazy\" decoding=\"async\" class=\"aligncenter size-medium wp-image-307\" src=\"https:\/\/www.wernerzehe.de\/wp-content\/uploads\/2013\/07\/10ltd05-225x300.jpg\" alt=\"10ltd05\" width=\"225\" height=\"300\" srcset=\"https:\/\/wernerzehe.de\/wp-content\/uploads\/2013\/07\/10ltd05-225x300.jpg 225w, https:\/\/wernerzehe.de\/wp-content\/uploads\/2013\/07\/10ltd05-768x1024.jpg 768w, https:\/\/wernerzehe.de\/wp-content\/uploads\/2013\/07\/10ltd05.jpg 960w\" sizes=\"auto, (max-width: 225px) 100vw, 225px\" \/><\/a><\/p>\n<p>Tja das war es dann auch mit der sch\u00f6nen Twin-Zeit.<br \/>\nLeider l\u00e4\u00dft es meine Bandscheibe nicht mehr zu, dass ich solche Mopeds fahre. Daher jetzt nur noch Enduros. Schade, aber besser Enduro fahren, wie gar kein Moped mehr.<\/p>\n<\/div>\n","protected":false},"excerpt":{"rendered":"<p>Kawasaki Z750 LTD BD Twin, Bj.1984 Wie bei vielen meiner Projekte bin ich auch hier der Admin des dazugeh\u00f6rigen Fourms:\u00a0https:\/\/www.z750twin.de\/forum\/ Tja, das ist mein neues Projekt. Ein Exot auf deutschen Stra\u00dfen. eine Z750 Twin LTD Belt Drive. Der letzte Twin von Kawa mit mehr als 500ccm. Im Original ein typischer Vertreter der ersten japanischen Versuche [&hellip;]<\/p>\n","protected":false},"author":1,"featured_media":0,"parent":0,"menu_order":602,"comment_status":"open","ping_status":"open","template":"sidebar-page.php","meta":{"footnotes":""},"class_list":["post-35","page","type-page","status-publish","hentry"],"_links":{"self":[{"href":"https:\/\/wernerzehe.de\/index.php?rest_route=\/wp\/v2\/pages\/35","targetHints":{"allow":["GET"]}}],"collection":[{"href":"https:\/\/wernerzehe.de\/index.php?rest_route=\/wp\/v2\/pages"}],"about":[{"href":"https:\/\/wernerzehe.de\/index.php?rest_route=\/wp\/v2\/types\/page"}],"author":[{"embeddable":true,"href":"https:\/\/wernerzehe.de\/index.php?rest_route=\/wp\/v2\/users\/1"}],"replies":[{"embeddable":true,"href":"https:\/\/wernerzehe.de\/index.php?rest_route=%2Fwp%2Fv2%2Fcomments&post=35"}],"version-history":[{"count":10,"href":"https:\/\/wernerzehe.de\/index.php?rest_route=\/wp\/v2\/pages\/35\/revisions"}],"predecessor-version":[{"id":1288,"href":"https:\/\/wernerzehe.de\/index.php?rest_route=\/wp\/v2\/pages\/35\/revisions\/1288"}],"wp:attachment":[{"href":"https:\/\/wernerzehe.de\/index.php?rest_route=%2Fwp%2Fv2%2Fmedia&parent=35"}],"curies":[{"name":"wp","href":"https:\/\/api.w.org\/{rel}","templated":true}]}}