{"id":39,"date":"2013-05-27T15:12:05","date_gmt":"2013-05-27T13:12:05","guid":{"rendered":"http:\/\/www.wernerzehe.de\/wp\/?page_id=39"},"modified":"2022-05-30T07:22:27","modified_gmt":"2022-05-30T06:22:27","slug":"alteisen","status":"publish","type":"page","link":"https:\/\/wernerzehe.de\/?page_id=39","title":{"rendered":"Anf\u00e4nge"},"content":{"rendered":"<div align=\"center\">\n<h2>Hier Bilder und Infos \u00fcber unsere ersten Touren die wir unternommen haben, so wie Bilder von unseren ersten Motorr\u00e4dern.<\/h2>\n<p>Mit einem Chopper fing es an, eine Kawasaki EN 450 LTD<br \/>\n<a href=\"https:\/\/www.wernerzehe.de\/wp-content\/uploads\/2013\/07\/ltd01.jpg\" rel=\"lightbox[ltd1]\"><img loading=\"lazy\" decoding=\"async\" class=\"aligncenter size-medium wp-image-380\" src=\"https:\/\/www.wernerzehe.de\/wp-content\/uploads\/2013\/07\/ltd01-300x201.jpg\" alt=\"ltd01\" width=\"300\" height=\"201\" srcset=\"https:\/\/wernerzehe.de\/wp-content\/uploads\/2013\/07\/ltd01-300x201.jpg 300w, https:\/\/wernerzehe.de\/wp-content\/uploads\/2013\/07\/ltd01-446x300.jpg 446w, https:\/\/wernerzehe.de\/wp-content\/uploads\/2013\/07\/ltd01.jpg 865w\" sizes=\"auto, (max-width: 300px) 100vw, 300px\" \/><\/a><br \/>\n<a href=\"https:\/\/www.wernerzehe.de\/wp-content\/uploads\/2013\/07\/ltd02.jpg\" rel=\"lightbox[ltd1]\"><img loading=\"lazy\" decoding=\"async\" class=\"aligncenter size-medium wp-image-381\" src=\"https:\/\/www.wernerzehe.de\/wp-content\/uploads\/2013\/07\/ltd02-300x201.jpg\" alt=\"ltd02\" width=\"300\" height=\"201\" srcset=\"https:\/\/wernerzehe.de\/wp-content\/uploads\/2013\/07\/ltd02-300x201.jpg 300w, https:\/\/wernerzehe.de\/wp-content\/uploads\/2013\/07\/ltd02-445x300.jpg 445w, https:\/\/wernerzehe.de\/wp-content\/uploads\/2013\/07\/ltd02.jpg 865w\" sizes=\"auto, (max-width: 300px) 100vw, 300px\" \/><\/a><\/p>\n<p>Danach kam eine Suzuki GSX400, extrem g\u00fcnstig in der Unterhaltung, (Als Student ein wichtiges Argument), nicht klein zu kriegen.<br \/>\n<a href=\"https:\/\/www.wernerzehe.de\/wp-content\/uploads\/2013\/07\/gsx4001.jpg\" rel=\"lightbox[gsx4]\"><img loading=\"lazy\" decoding=\"async\" class=\"aligncenter size-medium wp-image-376\" src=\"https:\/\/www.wernerzehe.de\/wp-content\/uploads\/2013\/07\/gsx4001-300x200.jpg\" alt=\"gsx4001\" width=\"300\" height=\"200\" srcset=\"https:\/\/wernerzehe.de\/wp-content\/uploads\/2013\/07\/gsx4001-300x200.jpg 300w, https:\/\/wernerzehe.de\/wp-content\/uploads\/2013\/07\/gsx4001-448x300.jpg 448w, https:\/\/wernerzehe.de\/wp-content\/uploads\/2013\/07\/gsx4001.jpg 865w\" sizes=\"auto, (max-width: 300px) 100vw, 300px\" \/><\/a><br \/>\n<a href=\"https:\/\/www.wernerzehe.de\/wp-content\/uploads\/2013\/07\/gsx4002.jpg\" rel=\"lightbox[gsx4]\"><img loading=\"lazy\" decoding=\"async\" class=\"aligncenter size-medium wp-image-377\" src=\"https:\/\/www.wernerzehe.de\/wp-content\/uploads\/2013\/07\/gsx4002-300x200.jpg\" alt=\"gsx4002\" width=\"300\" height=\"200\" srcset=\"https:\/\/wernerzehe.de\/wp-content\/uploads\/2013\/07\/gsx4002-300x200.jpg 300w, https:\/\/wernerzehe.de\/wp-content\/uploads\/2013\/07\/gsx4002-449x300.jpg 449w, https:\/\/wernerzehe.de\/wp-content\/uploads\/2013\/07\/gsx4002.jpg 867w\" sizes=\"auto, (max-width: 300px) 100vw, 300px\" \/><\/a><\/p>\n<p>Da meine Frau auch Ihren 1er gemacht hatte, mu\u00dften logischerweise zwei Mopeds her.\u00a0Es wurde bei meiner Frau wieder eine EN 450 LTD, und ich holte mir eine Yamaha XJ600.\u00a0Damit ging es dann auf gro\u00dfe Fahrt.<\/p>\n<p>Unser erster Moped-Urlaub. Ratet mal wohin \ud83d\ude42<br \/>\n<a href=\"https:\/\/www.wernerzehe.de\/wp-content\/uploads\/2013\/07\/ltd03.jpg\" rel=\"lightbox[mop1]\"><img loading=\"lazy\" decoding=\"async\" class=\"aligncenter size-medium wp-image-382\" src=\"https:\/\/www.wernerzehe.de\/wp-content\/uploads\/2013\/07\/ltd03-300x201.jpg\" alt=\"ltd03\" width=\"300\" height=\"201\" srcset=\"https:\/\/wernerzehe.de\/wp-content\/uploads\/2013\/07\/ltd03-300x201.jpg 300w, https:\/\/wernerzehe.de\/wp-content\/uploads\/2013\/07\/ltd03-446x300.jpg 446w, https:\/\/wernerzehe.de\/wp-content\/uploads\/2013\/07\/ltd03.jpg 867w\" sizes=\"auto, (max-width: 300px) 100vw, 300px\" \/><\/a><br \/>\n<a href=\"https:\/\/www.wernerzehe.de\/wp-content\/uploads\/2013\/07\/yam.jpg\" rel=\"lightbox[mop1]\"><img loading=\"lazy\" decoding=\"async\" class=\"aligncenter size-medium wp-image-386\" src=\"https:\/\/www.wernerzehe.de\/wp-content\/uploads\/2013\/07\/yam-300x202.jpg\" alt=\"yam\" width=\"300\" height=\"202\" srcset=\"https:\/\/wernerzehe.de\/wp-content\/uploads\/2013\/07\/yam-300x202.jpg 300w, https:\/\/wernerzehe.de\/wp-content\/uploads\/2013\/07\/yam-443x300.jpg 443w, https:\/\/wernerzehe.de\/wp-content\/uploads\/2013\/07\/yam.jpg 862w\" sizes=\"auto, (max-width: 300px) 100vw, 300px\" \/><\/a><\/p>\n<p>Im Jahr darauf, ging es an den Gardasee, ich kann euch sagen ultrakorrekte Gegend, nur zu empfehlen.<br \/>\n<a href=\"https:\/\/www.wernerzehe.de\/wp-content\/uploads\/2013\/07\/garda01.jpg\" rel=\"lightbox[mop2]\"><img loading=\"lazy\" decoding=\"async\" class=\"aligncenter size-medium wp-image-369\" src=\"https:\/\/www.wernerzehe.de\/wp-content\/uploads\/2013\/07\/garda01-300x201.jpg\" alt=\"garda01\" width=\"300\" height=\"201\" srcset=\"https:\/\/wernerzehe.de\/wp-content\/uploads\/2013\/07\/garda01-300x201.jpg 300w, https:\/\/wernerzehe.de\/wp-content\/uploads\/2013\/07\/garda01-446x300.jpg 446w, https:\/\/wernerzehe.de\/wp-content\/uploads\/2013\/07\/garda01.jpg 864w\" sizes=\"auto, (max-width: 300px) 100vw, 300px\" \/><\/a><br \/>\n<a href=\"https:\/\/www.wernerzehe.de\/wp-content\/uploads\/2013\/07\/garda02.jpg\" rel=\"lightbox[mop2]\"><img loading=\"lazy\" decoding=\"async\" class=\"aligncenter size-medium wp-image-370\" src=\"https:\/\/www.wernerzehe.de\/wp-content\/uploads\/2013\/07\/garda02-209x300.jpg\" alt=\"garda02\" width=\"209\" height=\"300\" srcset=\"https:\/\/wernerzehe.de\/wp-content\/uploads\/2013\/07\/garda02-209x300.jpg 209w, https:\/\/wernerzehe.de\/wp-content\/uploads\/2013\/07\/garda02.jpg 600w\" sizes=\"auto, (max-width: 209px) 100vw, 209px\" \/><\/a><\/p>\n<p>Danach stieg ich auf eine Kawasaki 750er Zephyr um. Fahrwerk und Optik begeisterten mich total, der Motor hatte auch gut Druck von unten, aber leider hatte ich mit allen den Problemen zu k\u00e4mpfen, die symptomatisch sind f\u00fcr die Zephyrs der ersten Baujahre (bis 1994). neben dem f\u00fcr Kawa typischen Rasseln und Scheppern, hatte auch Sie die defekte Zylinderfu\u00dfdichtung, die Startprobleme und den defekten Anlasserfreilauf. Alle diese Problem hat Kawasaki im Laufe der Jahre in den Griff bekommen. Das schlechte Anspringen mit einer verbesserten Vergaser Abstimmung, die sabbernden Zylinderfu\u00dfdichtung mit einer neuen verbesserten Ausf\u00fchrung, und auch der Anlasserfreilauf wurde \u00fcberarbeitet.<\/p>\n<p>F\u00fcr mich bedeute das aber nat\u00fcrlich kostspielige Werkstattbesuche. (Ein Punkt warum ich angefangen habe selber zu schrauben.) Wie wir mit der ZR-7 (der direkten Nachfolgerin mit dem gleichen Motor) erfahren konnten, ist der Motor in der Endstufe wirklich ein richtig gutes Teil.<\/p>\n<p>Leider habe ich keine ordentlichen Bilder mehr von der Maschine, die sind irgendwann einmal verloren gegangen.<br \/>\n<a href=\"https:\/\/www.wernerzehe.de\/wp-content\/uploads\/2013\/07\/zephyr01.jpg\" rel=\"lightbox[mop3]\"><img loading=\"lazy\" decoding=\"async\" class=\"aligncenter size-full wp-image-387\" src=\"https:\/\/www.wernerzehe.de\/wp-content\/uploads\/2013\/07\/zephyr01.jpg\" alt=\"zephyr01\" width=\"300\" height=\"213\" \/><\/a><br \/>\n<a href=\"https:\/\/www.wernerzehe.de\/wp-content\/uploads\/2013\/07\/zephyr02.jpg\" rel=\"lightbox[mop3]\"><img loading=\"lazy\" decoding=\"async\" class=\"aligncenter size-medium wp-image-388\" src=\"https:\/\/www.wernerzehe.de\/wp-content\/uploads\/2013\/07\/zephyr02-300x195.jpg\" alt=\"zephyr02\" width=\"300\" height=\"195\" srcset=\"https:\/\/wernerzehe.de\/wp-content\/uploads\/2013\/07\/zephyr02-300x195.jpg 300w, https:\/\/wernerzehe.de\/wp-content\/uploads\/2013\/07\/zephyr02-461x300.jpg 461w, https:\/\/wernerzehe.de\/wp-content\/uploads\/2013\/07\/zephyr02.jpg 747w\" sizes=\"auto, (max-width: 300px) 100vw, 300px\" \/><\/a><\/p>\n<p>Ich stieg dann auf eine Suzuki GSX 750 Typ AE um. Die gesamte Umbaustory findet hier im entsprechenden Blog.<\/p>\n<p>2002 war dann mal wieder eine Tour zum Gardasee f\u00e4llig. Ich kann nur sagen er begeistert uns immer mehr, ja \u00f6fter wir unten sind.<br \/>\n<a href=\"https:\/\/www.wernerzehe.de\/wp-content\/uploads\/2013\/07\/garda03.jpg\" rel=\"lightbox[mop4]\"><img loading=\"lazy\" decoding=\"async\" class=\"aligncenter size-medium wp-image-371\" src=\"https:\/\/www.wernerzehe.de\/wp-content\/uploads\/2013\/07\/garda03-221x300.jpg\" alt=\"garda03\" width=\"221\" height=\"300\" srcset=\"https:\/\/wernerzehe.de\/wp-content\/uploads\/2013\/07\/garda03-221x300.jpg 221w, https:\/\/wernerzehe.de\/wp-content\/uploads\/2013\/07\/garda03-757x1024.jpg 757w, https:\/\/wernerzehe.de\/wp-content\/uploads\/2013\/07\/garda03.jpg 984w\" sizes=\"auto, (max-width: 221px) 100vw, 221px\" \/><\/a><br \/>\n<a href=\"https:\/\/www.wernerzehe.de\/wp-content\/uploads\/2013\/07\/garda04.jpg\" rel=\"lightbox[mop4]\"><img loading=\"lazy\" decoding=\"async\" class=\"aligncenter size-medium wp-image-372\" src=\"https:\/\/www.wernerzehe.de\/wp-content\/uploads\/2013\/07\/garda04-204x300.jpg\" alt=\"garda04\" width=\"204\" height=\"300\" srcset=\"https:\/\/wernerzehe.de\/wp-content\/uploads\/2013\/07\/garda04-204x300.jpg 204w, https:\/\/wernerzehe.de\/wp-content\/uploads\/2013\/07\/garda04.jpg 588w\" sizes=\"auto, (max-width: 204px) 100vw, 204px\" \/><\/a><br \/>\n<a href=\"https:\/\/www.wernerzehe.de\/wp-content\/uploads\/2013\/07\/garda05.jpg\" rel=\"lightbox[mop4]\"><img loading=\"lazy\" decoding=\"async\" class=\"aligncenter size-medium wp-image-373\" src=\"https:\/\/www.wernerzehe.de\/wp-content\/uploads\/2013\/07\/garda05-212x300.jpg\" alt=\"garda05\" width=\"212\" height=\"300\" srcset=\"https:\/\/wernerzehe.de\/wp-content\/uploads\/2013\/07\/garda05-212x300.jpg 212w, https:\/\/wernerzehe.de\/wp-content\/uploads\/2013\/07\/garda05.jpg 588w\" sizes=\"auto, (max-width: 212px) 100vw, 212px\" \/><\/a><br \/>\n<a href=\"https:\/\/www.wernerzehe.de\/wp-content\/uploads\/2013\/07\/ltd05.jpg\" rel=\"lightbox[mop4]\"><img loading=\"lazy\" decoding=\"async\" class=\"aligncenter size-medium wp-image-384\" src=\"https:\/\/www.wernerzehe.de\/wp-content\/uploads\/2013\/07\/ltd05-300x200.jpg\" alt=\"ltd05\" width=\"300\" height=\"200\" srcset=\"https:\/\/wernerzehe.de\/wp-content\/uploads\/2013\/07\/ltd05-300x200.jpg 300w, https:\/\/wernerzehe.de\/wp-content\/uploads\/2013\/07\/ltd05-450x300.jpg 450w, https:\/\/wernerzehe.de\/wp-content\/uploads\/2013\/07\/ltd05.jpg 864w\" sizes=\"auto, (max-width: 300px) 100vw, 300px\" \/><\/a><br \/>\n<a href=\"https:\/\/www.wernerzehe.de\/wp-content\/uploads\/2013\/07\/ltd04.jpg\" rel=\"lightbox[mop4]\"><img loading=\"lazy\" decoding=\"async\" class=\"aligncenter size-medium wp-image-383\" src=\"https:\/\/www.wernerzehe.de\/wp-content\/uploads\/2013\/07\/ltd04-300x200.jpg\" alt=\"ltd04\" width=\"300\" height=\"200\" srcset=\"https:\/\/wernerzehe.de\/wp-content\/uploads\/2013\/07\/ltd04-300x200.jpg 300w, https:\/\/wernerzehe.de\/wp-content\/uploads\/2013\/07\/ltd04-450x300.jpg 450w, https:\/\/wernerzehe.de\/wp-content\/uploads\/2013\/07\/ltd04.jpg 864w\" sizes=\"auto, (max-width: 300px) 100vw, 300px\" \/><\/a><br \/>\nDanach stieg meine Frau auf die Kawasaki ZR-7 um. Da diese ebenfalls umfangreich ver\u00e4ndert wurde, habe ich ihr auch einen eigenen Blog gewidmet.<\/p>\n<p>Aber damit ist die Geschichte nat\u00fcrlich noch nicht beendet. Wie es weiter geht lest Ihr auf den n\u00e4chsten Seiten.<\/p>\n<\/div>\n","protected":false},"excerpt":{"rendered":"<p>Hier Bilder und Infos \u00fcber unsere ersten Touren die wir unternommen haben, so wie Bilder von unseren ersten Motorr\u00e4dern. Mit einem Chopper fing es an, eine Kawasaki EN 450 LTD Danach kam eine Suzuki GSX400, extrem g\u00fcnstig in der Unterhaltung, (Als Student ein wichtiges Argument), nicht klein zu kriegen. Da meine Frau auch Ihren 1er [&hellip;]<\/p>\n","protected":false},"author":1,"featured_media":0,"parent":0,"menu_order":999,"comment_status":"open","ping_status":"open","template":"sidebar-page.php","meta":{"footnotes":""},"class_list":["post-39","page","type-page","status-publish","hentry"],"_links":{"self":[{"href":"https:\/\/wernerzehe.de\/index.php?rest_route=\/wp\/v2\/pages\/39","targetHints":{"allow":["GET"]}}],"collection":[{"href":"https:\/\/wernerzehe.de\/index.php?rest_route=\/wp\/v2\/pages"}],"about":[{"href":"https:\/\/wernerzehe.de\/index.php?rest_route=\/wp\/v2\/types\/page"}],"author":[{"embeddable":true,"href":"https:\/\/wernerzehe.de\/index.php?rest_route=\/wp\/v2\/users\/1"}],"replies":[{"embeddable":true,"href":"https:\/\/wernerzehe.de\/index.php?rest_route=%2Fwp%2Fv2%2Fcomments&post=39"}],"version-history":[{"count":18,"href":"https:\/\/wernerzehe.de\/index.php?rest_route=\/wp\/v2\/pages\/39\/revisions"}],"predecessor-version":[{"id":1559,"href":"https:\/\/wernerzehe.de\/index.php?rest_route=\/wp\/v2\/pages\/39\/revisions\/1559"}],"wp:attachment":[{"href":"https:\/\/wernerzehe.de\/index.php?rest_route=%2Fwp%2Fv2%2Fmedia&parent=39"}],"curies":[{"name":"wp","href":"https:\/\/api.w.org\/{rel}","templated":true}]}}