{"id":487,"date":"2013-07-08T10:31:40","date_gmt":"2013-07-08T08:31:40","guid":{"rendered":"http:\/\/www.wernerzehe.de\/?page_id=487"},"modified":"2021-11-26T14:57:34","modified_gmt":"2021-11-26T13:57:34","slug":"kleine-vogesenrundfahrt","status":"publish","type":"page","link":"https:\/\/wernerzehe.de\/?page_id=487","title":{"rendered":"2013 &#8211; Kleine Vogesenrundfahrt"},"content":{"rendered":"\n<p>Heute war mal wieder meine Lieblingstourenregion angesagt: die Vogesen. Da ich viel Zeit hatte, habe ich mir gro\u00dfes vorgenommen, eine Tour \u00fcber Land zum Grand Ballon und zur\u00fcck. Bis auf zwei kleine Autobahnstrecken auch komplett so gepackt.<br>Die Gesamtstrecke belief sich auf 712km. Abfahrt war um 09.00 Uhr, Ankunft wieder Zuhause um 22.00 Uhr. Insgesamt waren 3 l\u00e4nger Pausen dabei.<\/p>\n\n\n\n<div class=\"wp-block-image\"><figure class=\"aligncenter\"><a href=\"https:\/\/www.wernerzehe.de\/wp-content\/uploads\/2013\/07\/anfahrt.jpg\" rel=\"lightbox[13vog]\"><img loading=\"lazy\" decoding=\"async\" width=\"152\" height=\"300\" src=\"https:\/\/www.wernerzehe.de\/wp-content\/uploads\/2013\/07\/anfahrt-152x300.jpg\" alt=\"anfahrt\" class=\"wp-image-521\" srcset=\"https:\/\/wernerzehe.de\/wp-content\/uploads\/2013\/07\/anfahrt-152x300.jpg 152w, https:\/\/wernerzehe.de\/wp-content\/uploads\/2013\/07\/anfahrt.jpg 268w\" sizes=\"auto, (max-width: 152px) 100vw, 152px\" \/><\/a><\/figure><\/div>\n\n\n\n<p>Abfahrt war um 09.00 Uhr, zuerst ging es \u00fcber die Autobahn nach Enkenbach-Alsenborn und dann \u00fcber Johanniskreuz, Pirmasens, Bitche nach La Petite Pierre. Dann weiter nach Phalsbourg (tanken) nach Lutzelbourg (kurze Pause).<\/p>\n\n\n\n<div class=\"wp-block-image\"><figure class=\"aligncenter\"><a href=\"https:\/\/www.wernerzehe.de\/wp-content\/uploads\/2013\/07\/anfahrt1.jpg\" rel=\"lightbox[13vog]\"><img loading=\"lazy\" decoding=\"async\" width=\"252\" height=\"300\" src=\"https:\/\/www.wernerzehe.de\/wp-content\/uploads\/2013\/07\/anfahrt1-252x300.jpg\" alt=\"anfahrt1\" class=\"wp-image-522\" srcset=\"https:\/\/wernerzehe.de\/wp-content\/uploads\/2013\/07\/anfahrt1-252x300.jpg 252w, https:\/\/wernerzehe.de\/wp-content\/uploads\/2013\/07\/anfahrt1.jpg 768w\" sizes=\"auto, (max-width: 252px) 100vw, 252px\" \/><\/a><\/figure><\/div>\n\n\n\n<div class=\"wp-block-image\"><figure class=\"aligncenter\"><a href=\"https:\/\/www.wernerzehe.de\/wp-content\/uploads\/2013\/07\/anfahrt2.jpg\" rel=\"lightbox[13vog]\"><img loading=\"lazy\" decoding=\"async\" width=\"131\" height=\"300\" src=\"https:\/\/www.wernerzehe.de\/wp-content\/uploads\/2013\/07\/anfahrt2-131x300.jpg\" alt=\"anfahrt2\" class=\"wp-image-523\" srcset=\"https:\/\/wernerzehe.de\/wp-content\/uploads\/2013\/07\/anfahrt2-131x300.jpg 131w, https:\/\/wernerzehe.de\/wp-content\/uploads\/2013\/07\/anfahrt2.jpg 401w\" sizes=\"auto, (max-width: 131px) 100vw, 131px\" \/><\/a><\/figure><\/div>\n\n\n\n<div class=\"wp-block-image\"><figure class=\"aligncenter\"><a href=\"https:\/\/www.wernerzehe.de\/wp-content\/uploads\/2013\/07\/lutzel1.jpg\" rel=\"lightbox[13vog]\"><img loading=\"lazy\" decoding=\"async\" width=\"300\" height=\"225\" src=\"https:\/\/www.wernerzehe.de\/wp-content\/uploads\/2013\/07\/lutzel1-300x225.jpg\" alt=\"lutzel1\" class=\"wp-image-538\" srcset=\"https:\/\/wernerzehe.de\/wp-content\/uploads\/2013\/07\/lutzel1-300x225.jpg 300w, https:\/\/wernerzehe.de\/wp-content\/uploads\/2013\/07\/lutzel1-1024x768.jpg 1024w, https:\/\/wernerzehe.de\/wp-content\/uploads\/2013\/07\/lutzel1-400x300.jpg 400w\" sizes=\"auto, (max-width: 300px) 100vw, 300px\" \/><\/a><\/figure><\/div>\n\n\n\n<div class=\"wp-block-image\"><figure class=\"aligncenter\"><a href=\"https:\/\/www.wernerzehe.de\/wp-content\/uploads\/2013\/07\/lutzel2.jpg\" rel=\"lightbox[13vog]\"><img loading=\"lazy\" decoding=\"async\" width=\"300\" height=\"225\" src=\"https:\/\/www.wernerzehe.de\/wp-content\/uploads\/2013\/07\/lutzel2-300x225.jpg\" alt=\"lutzel2\" class=\"wp-image-539\" srcset=\"https:\/\/wernerzehe.de\/wp-content\/uploads\/2013\/07\/lutzel2-300x225.jpg 300w, https:\/\/wernerzehe.de\/wp-content\/uploads\/2013\/07\/lutzel2-1024x768.jpg 1024w, https:\/\/wernerzehe.de\/wp-content\/uploads\/2013\/07\/lutzel2-400x300.jpg 400w\" sizes=\"auto, (max-width: 300px) 100vw, 300px\" \/><\/a><\/figure><\/div>\n\n\n\n<div class=\"wp-block-image\"><figure class=\"aligncenter\"><a href=\"https:\/\/www.wernerzehe.de\/wp-content\/uploads\/2013\/07\/lutzel3.jpg\" rel=\"lightbox[13vog]\"><img loading=\"lazy\" decoding=\"async\" width=\"300\" height=\"225\" src=\"https:\/\/www.wernerzehe.de\/wp-content\/uploads\/2013\/07\/lutzel3-300x225.jpg\" alt=\"lutzel3\" class=\"wp-image-540\" srcset=\"https:\/\/wernerzehe.de\/wp-content\/uploads\/2013\/07\/lutzel3-300x225.jpg 300w, https:\/\/wernerzehe.de\/wp-content\/uploads\/2013\/07\/lutzel3-1024x768.jpg 1024w, https:\/\/wernerzehe.de\/wp-content\/uploads\/2013\/07\/lutzel3-400x300.jpg 400w\" sizes=\"auto, (max-width: 300px) 100vw, 300px\" \/><\/a><\/figure><\/div>\n\n\n\n<p>Dann ging es weiter \u00fcber Dabo und Niederhaslach Richtung Odilienberg. Kurz vorher bin ich abgebogen nach Le Hohwald. Hier war dann erst einmal eine kurze rast mit Sandwich angesagt.<\/p>\n\n\n\n<div class=\"wp-block-image\"><figure class=\"aligncenter\"><a href=\"https:\/\/www.wernerzehe.de\/wp-content\/uploads\/2013\/07\/hohwald1.jpg\" rel=\"lightbox[13vog]\"><img loading=\"lazy\" decoding=\"async\" width=\"225\" height=\"300\" src=\"https:\/\/www.wernerzehe.de\/wp-content\/uploads\/2013\/07\/hohwald1-225x300.jpg\" alt=\"hohwald1\" class=\"wp-image-534\" srcset=\"https:\/\/wernerzehe.de\/wp-content\/uploads\/2013\/07\/hohwald1-225x300.jpg 225w, https:\/\/wernerzehe.de\/wp-content\/uploads\/2013\/07\/hohwald1-768x1024.jpg 768w\" sizes=\"auto, (max-width: 225px) 100vw, 225px\" \/><\/a><\/figure><\/div>\n\n\n\n<div class=\"wp-block-image\"><figure class=\"aligncenter\"><a href=\"https:\/\/www.wernerzehe.de\/wp-content\/uploads\/2013\/07\/hohwald2.jpg\" rel=\"lightbox[13vog]\"><img loading=\"lazy\" decoding=\"async\" width=\"225\" height=\"300\" src=\"https:\/\/www.wernerzehe.de\/wp-content\/uploads\/2013\/07\/hohwald2-225x300.jpg\" alt=\"hohwald2\" class=\"wp-image-535\" srcset=\"https:\/\/wernerzehe.de\/wp-content\/uploads\/2013\/07\/hohwald2-225x300.jpg 225w, https:\/\/wernerzehe.de\/wp-content\/uploads\/2013\/07\/hohwald2-768x1024.jpg 768w\" sizes=\"auto, (max-width: 225px) 100vw, 225px\" \/><\/a><\/figure><\/div>\n\n\n\n<div class=\"wp-block-image\"><figure class=\"aligncenter\"><a href=\"https:\/\/www.wernerzehe.de\/wp-content\/uploads\/2013\/07\/hohwald3.jpg\" rel=\"lightbox[13vog]\"><img loading=\"lazy\" decoding=\"async\" width=\"193\" height=\"300\" src=\"https:\/\/www.wernerzehe.de\/wp-content\/uploads\/2013\/07\/hohwald3-193x300.jpg\" alt=\"hohwald3\" class=\"wp-image-536\" srcset=\"https:\/\/wernerzehe.de\/wp-content\/uploads\/2013\/07\/hohwald3-193x300.jpg 193w, https:\/\/wernerzehe.de\/wp-content\/uploads\/2013\/07\/hohwald3-660x1024.jpg 660w, https:\/\/wernerzehe.de\/wp-content\/uploads\/2013\/07\/hohwald3.jpg 1928w\" sizes=\"auto, (max-width: 193px) 100vw, 193px\" \/><\/a><\/figure><\/div>\n\n\n\n<p>So gest\u00e4rkt ging es weiter Richtung Ville und dann \u00fcber die extrem tolle Strecke des Col de Fouchy<\/p>\n\n\n\n<div class=\"wp-block-image\"><figure class=\"aligncenter\"><a href=\"https:\/\/www.wernerzehe.de\/wp-content\/uploads\/2013\/07\/fouchy.jpg\"><img loading=\"lazy\" decoding=\"async\" width=\"252\" height=\"300\" src=\"https:\/\/www.wernerzehe.de\/wp-content\/uploads\/2013\/07\/fouchy-252x300.jpg\" alt=\"fouchy\" class=\"wp-image-533\" srcset=\"https:\/\/wernerzehe.de\/wp-content\/uploads\/2013\/07\/fouchy-252x300.jpg 252w, https:\/\/wernerzehe.de\/wp-content\/uploads\/2013\/07\/fouchy-861x1024.jpg 861w\" sizes=\"auto, (max-width: 252px) 100vw, 252px\" \/><\/a><\/figure><\/div>\n\n\n\n<p>und Liepvre nach Sainte-Marie-aux-Mines. Hier war wieder ein Tankstopp angesagt. \u00dcber den Col de Bagenelles<\/p>\n\n\n\n<div class=\"wp-block-image\"><figure class=\"aligncenter\"><a href=\"https:\/\/www.wernerzehe.de\/wp-content\/uploads\/2013\/07\/bagenelles1.jpg\" rel=\"lightbox[13vog]\"><img loading=\"lazy\" decoding=\"async\" width=\"300\" height=\"225\" src=\"https:\/\/www.wernerzehe.de\/wp-content\/uploads\/2013\/07\/bagenelles1-300x225.jpg\" alt=\"bagenelles1\" class=\"wp-image-527\" srcset=\"https:\/\/wernerzehe.de\/wp-content\/uploads\/2013\/07\/bagenelles1-300x225.jpg 300w, https:\/\/wernerzehe.de\/wp-content\/uploads\/2013\/07\/bagenelles1-1024x768.jpg 1024w, https:\/\/wernerzehe.de\/wp-content\/uploads\/2013\/07\/bagenelles1-400x300.jpg 400w\" sizes=\"auto, (max-width: 300px) 100vw, 300px\" \/><\/a><\/figure><\/div>\n\n\n\n<div class=\"wp-block-image\"><figure class=\"aligncenter\"><a href=\"https:\/\/www.wernerzehe.de\/wp-content\/uploads\/2013\/07\/bagenelles2.jpg\" rel=\"lightbox[13vog]\"><img loading=\"lazy\" decoding=\"async\" width=\"300\" height=\"225\" src=\"https:\/\/www.wernerzehe.de\/wp-content\/uploads\/2013\/07\/bagenelles2-300x225.jpg\" alt=\"bagenelles2\" class=\"wp-image-528\" srcset=\"https:\/\/wernerzehe.de\/wp-content\/uploads\/2013\/07\/bagenelles2-300x225.jpg 300w, https:\/\/wernerzehe.de\/wp-content\/uploads\/2013\/07\/bagenelles2-1024x768.jpg 1024w, https:\/\/wernerzehe.de\/wp-content\/uploads\/2013\/07\/bagenelles2-400x300.jpg 400w\" sizes=\"auto, (max-width: 300px) 100vw, 300px\" \/><\/a><\/figure><\/div>\n\n\n\n<p>ging es weiter zum Col du Bonhommes, Col de la Schlucht<\/p>\n\n\n\n<div class=\"wp-block-image\"><figure class=\"aligncenter\"><a href=\"https:\/\/www.wernerzehe.de\/wp-content\/uploads\/2013\/07\/anfahrt3.jpg\" rel=\"lightbox[13vog]\"><img loading=\"lazy\" decoding=\"async\" width=\"204\" height=\"300\" src=\"https:\/\/www.wernerzehe.de\/wp-content\/uploads\/2013\/07\/anfahrt3-204x300.jpg\" alt=\"anfahrt3\" class=\"wp-image-524\" srcset=\"https:\/\/wernerzehe.de\/wp-content\/uploads\/2013\/07\/anfahrt3-204x300.jpg 204w, https:\/\/wernerzehe.de\/wp-content\/uploads\/2013\/07\/anfahrt3.jpg 619w\" sizes=\"auto, (max-width: 204px) 100vw, 204px\" \/><\/a><\/figure><\/div>\n\n\n\n<div class=\"wp-block-image\"><figure class=\"aligncenter\"><a href=\"https:\/\/www.wernerzehe.de\/wp-content\/uploads\/2013\/07\/schlucht.jpg\" rel=\"lightbox[13vog]\"><img loading=\"lazy\" decoding=\"async\" width=\"225\" height=\"300\" src=\"https:\/\/www.wernerzehe.de\/wp-content\/uploads\/2013\/07\/schlucht-225x300.jpg\" alt=\"schlucht\" class=\"wp-image-552\" srcset=\"https:\/\/wernerzehe.de\/wp-content\/uploads\/2013\/07\/schlucht-225x300.jpg 225w, https:\/\/wernerzehe.de\/wp-content\/uploads\/2013\/07\/schlucht-768x1024.jpg 768w\" sizes=\"auto, (max-width: 225px) 100vw, 225px\" \/><\/a><\/figure><\/div>\n\n\n\n<p>zum Grand Ballon!<br>Geschafft nach 367 km<\/p>\n\n\n\n<div class=\"wp-block-image\"><figure class=\"aligncenter\"><a href=\"https:\/\/www.wernerzehe.de\/wp-content\/uploads\/2013\/07\/ballon1.jpg\" rel=\"lightbox[13vog]\"><img loading=\"lazy\" decoding=\"async\" width=\"300\" height=\"225\" src=\"https:\/\/www.wernerzehe.de\/wp-content\/uploads\/2013\/07\/ballon1-300x225.jpg\" alt=\"ballon1\" class=\"wp-image-529\" srcset=\"https:\/\/wernerzehe.de\/wp-content\/uploads\/2013\/07\/ballon1-300x225.jpg 300w, https:\/\/wernerzehe.de\/wp-content\/uploads\/2013\/07\/ballon1-1024x768.jpg 1024w, https:\/\/wernerzehe.de\/wp-content\/uploads\/2013\/07\/ballon1-400x300.jpg 400w\" sizes=\"auto, (max-width: 300px) 100vw, 300px\" \/><\/a><\/figure><\/div>\n\n\n\n<div class=\"wp-block-image\"><figure class=\"aligncenter\"><a href=\"https:\/\/www.wernerzehe.de\/wp-content\/uploads\/2013\/07\/ballon2.jpg\" rel=\"lightbox[13vog]\"><img loading=\"lazy\" decoding=\"async\" width=\"241\" height=\"300\" src=\"https:\/\/www.wernerzehe.de\/wp-content\/uploads\/2013\/07\/ballon2-241x300.jpg\" alt=\"ballon2\" class=\"wp-image-530\" srcset=\"https:\/\/wernerzehe.de\/wp-content\/uploads\/2013\/07\/ballon2-241x300.jpg 241w, https:\/\/wernerzehe.de\/wp-content\/uploads\/2013\/07\/ballon2-825x1024.jpg 825w\" sizes=\"auto, (max-width: 241px) 100vw, 241px\" \/><\/a><\/figure><\/div>\n\n\n\n<div class=\"wp-block-image\"><figure class=\"aligncenter\"><a href=\"https:\/\/www.wernerzehe.de\/wp-content\/uploads\/2013\/07\/ballon3.jpg\" rel=\"lightbox[13vog]\"><img loading=\"lazy\" decoding=\"async\" width=\"300\" height=\"225\" src=\"https:\/\/www.wernerzehe.de\/wp-content\/uploads\/2013\/07\/ballon3-300x225.jpg\" alt=\"ballon3\" class=\"wp-image-531\" srcset=\"https:\/\/wernerzehe.de\/wp-content\/uploads\/2013\/07\/ballon3-300x225.jpg 300w, https:\/\/wernerzehe.de\/wp-content\/uploads\/2013\/07\/ballon3-1024x768.jpg 1024w, https:\/\/wernerzehe.de\/wp-content\/uploads\/2013\/07\/ballon3-400x300.jpg 400w\" sizes=\"auto, (max-width: 300px) 100vw, 300px\" \/><\/a><\/figure><\/div>\n\n\n\n<div class=\"wp-block-image\"><figure class=\"aligncenter\"><a href=\"https:\/\/www.wernerzehe.de\/wp-content\/uploads\/2013\/07\/ballon4.jpg\"><img loading=\"lazy\" decoding=\"async\" width=\"300\" height=\"225\" src=\"https:\/\/www.wernerzehe.de\/wp-content\/uploads\/2013\/07\/ballon4-300x225.jpg\" alt=\"ballon4\" class=\"wp-image-532\" srcset=\"https:\/\/wernerzehe.de\/wp-content\/uploads\/2013\/07\/ballon4-300x225.jpg 300w, https:\/\/wernerzehe.de\/wp-content\/uploads\/2013\/07\/ballon4-1024x768.jpg 1024w, https:\/\/wernerzehe.de\/wp-content\/uploads\/2013\/07\/ballon4-400x300.jpg 400w\" sizes=\"auto, (max-width: 300px) 100vw, 300px\" \/><\/a><\/figure><\/div>\n\n\n\n<p>Nach einer l\u00e4ngeren Pause, ging es wieder den letzten Teil der Strecke zur\u00fcck.<\/p>\n\n\n\n<div class=\"wp-block-image\"><figure class=\"aligncenter\"><a href=\"https:\/\/www.wernerzehe.de\/wp-content\/uploads\/2013\/07\/rueck.jpg\" rel=\"lightbox[13vog]\"><img loading=\"lazy\" decoding=\"async\" width=\"169\" height=\"300\" src=\"https:\/\/www.wernerzehe.de\/wp-content\/uploads\/2013\/07\/rueck-169x300.jpg\" alt=\"rueck\" class=\"wp-image-541\"\/><\/a><\/figure><\/div>\n\n\n\n<div class=\"wp-block-image\"><figure class=\"aligncenter\"><a href=\"https:\/\/www.wernerzehe.de\/wp-content\/uploads\/2013\/07\/rueck1.jpg\" rel=\"lightbox[13vog]\"><img loading=\"lazy\" decoding=\"async\" width=\"120\" height=\"300\" src=\"https:\/\/www.wernerzehe.de\/wp-content\/uploads\/2013\/07\/rueck1-120x300.jpg\" alt=\"rueck1\" class=\"wp-image-542\" srcset=\"https:\/\/wernerzehe.de\/wp-content\/uploads\/2013\/07\/rueck1-120x300.jpg 120w, https:\/\/wernerzehe.de\/wp-content\/uploads\/2013\/07\/rueck1.jpg 378w\" sizes=\"auto, (max-width: 120px) 100vw, 120px\" \/><\/a><\/figure><\/div>\n\n\n\n<div class=\"wp-block-image\"><figure class=\"aligncenter\"><a href=\"https:\/\/www.wernerzehe.de\/wp-content\/uploads\/2013\/07\/anfahrt4.jpg\" rel=\"lightbox[13vog]\"><img loading=\"lazy\" decoding=\"async\" width=\"300\" height=\"225\" src=\"https:\/\/www.wernerzehe.de\/wp-content\/uploads\/2013\/07\/anfahrt4-300x225.jpg\" alt=\"anfahrt4\" class=\"wp-image-525\" srcset=\"https:\/\/wernerzehe.de\/wp-content\/uploads\/2013\/07\/anfahrt4-300x225.jpg 300w, https:\/\/wernerzehe.de\/wp-content\/uploads\/2013\/07\/anfahrt4-1024x768.jpg 1024w, https:\/\/wernerzehe.de\/wp-content\/uploads\/2013\/07\/anfahrt4-400x300.jpg 400w\" sizes=\"auto, (max-width: 300px) 100vw, 300px\" \/><\/a><\/figure><\/div>\n\n\n\n<div class=\"wp-block-image\"><figure class=\"aligncenter\"><a href=\"https:\/\/www.wernerzehe.de\/wp-content\/uploads\/2013\/07\/anfahrt5.jpg\" rel=\"lightbox[13vog]\"><img loading=\"lazy\" decoding=\"async\" width=\"300\" height=\"225\" src=\"https:\/\/www.wernerzehe.de\/wp-content\/uploads\/2013\/07\/anfahrt5-300x225.jpg\" alt=\"anfahrt5\" class=\"wp-image-526\" srcset=\"https:\/\/wernerzehe.de\/wp-content\/uploads\/2013\/07\/anfahrt5-300x225.jpg 300w, https:\/\/wernerzehe.de\/wp-content\/uploads\/2013\/07\/anfahrt5-1024x768.jpg 1024w, https:\/\/wernerzehe.de\/wp-content\/uploads\/2013\/07\/anfahrt5-400x300.jpg 400w\" sizes=\"auto, (max-width: 300px) 100vw, 300px\" \/><\/a><\/figure><\/div>\n\n\n\n<p>Am Col du Bonhommes bin ich dann links abgebogen, Richtung Fraize. Dort ging es dann rechts ab nach Provenchere-sur-Fave. Jetzt wieder links und \u00fcber La-Petite-Fosse und unendlich vieler kleiner Stra\u00dfen zum Col du Donon.<\/p>\n\n\n\n<div class=\"wp-block-image\"><figure class=\"aligncenter\"><a href=\"https:\/\/www.wernerzehe.de\/wp-content\/uploads\/2013\/07\/rueck2.jpg\" rel=\"lightbox[13vog]\"><img loading=\"lazy\" decoding=\"async\" width=\"161\" height=\"300\" src=\"https:\/\/www.wernerzehe.de\/wp-content\/uploads\/2013\/07\/rueck2-161x300.jpg\" alt=\"rueck2\" class=\"wp-image-543\" srcset=\"https:\/\/wernerzehe.de\/wp-content\/uploads\/2013\/07\/rueck2-161x300.jpg 161w, https:\/\/wernerzehe.de\/wp-content\/uploads\/2013\/07\/rueck2.jpg 524w\" sizes=\"auto, (max-width: 161px) 100vw, 161px\" \/><\/a><\/figure><\/div>\n\n\n\n<div class=\"wp-block-image\"><figure class=\"aligncenter\"><a href=\"https:\/\/www.wernerzehe.de\/wp-content\/uploads\/2013\/07\/las.jpg\" rel=\"lightbox[13vog]\"><img loading=\"lazy\" decoding=\"async\" width=\"264\" height=\"300\" src=\"https:\/\/www.wernerzehe.de\/wp-content\/uploads\/2013\/07\/las-264x300.jpg\" alt=\"las\" class=\"wp-image-537\" srcset=\"https:\/\/wernerzehe.de\/wp-content\/uploads\/2013\/07\/las-264x300.jpg 264w, https:\/\/wernerzehe.de\/wp-content\/uploads\/2013\/07\/las-904x1024.jpg 904w\" sizes=\"auto, (max-width: 264px) 100vw, 264px\" \/><\/a><\/figure><\/div>\n\n\n\n<div class=\"wp-block-image\"><figure class=\"aligncenter\"><a href=\"https:\/\/www.wernerzehe.de\/wp-content\/uploads\/2013\/07\/rueck8.jpg\" rel=\"lightbox[13vog]\"><img loading=\"lazy\" decoding=\"async\" width=\"300\" height=\"225\" src=\"https:\/\/www.wernerzehe.de\/wp-content\/uploads\/2013\/07\/rueck8-300x225.jpg\" alt=\"rueck8\" class=\"wp-image-549\" srcset=\"https:\/\/wernerzehe.de\/wp-content\/uploads\/2013\/07\/rueck8-300x225.jpg 300w, https:\/\/wernerzehe.de\/wp-content\/uploads\/2013\/07\/rueck8-1024x768.jpg 1024w, https:\/\/wernerzehe.de\/wp-content\/uploads\/2013\/07\/rueck8-400x300.jpg 400w\" sizes=\"auto, (max-width: 300px) 100vw, 300px\" \/><\/a><\/figure><\/div>\n\n\n\n<div class=\"wp-block-image\"><figure class=\"aligncenter\"><a href=\"https:\/\/www.wernerzehe.de\/wp-content\/uploads\/2013\/07\/rueck7.jpg\"><img loading=\"lazy\" decoding=\"async\" width=\"224\" height=\"300\" src=\"https:\/\/www.wernerzehe.de\/wp-content\/uploads\/2013\/07\/rueck7-224x300.jpg\" alt=\"rueck7\" class=\"wp-image-548\" srcset=\"https:\/\/wernerzehe.de\/wp-content\/uploads\/2013\/07\/rueck7-224x300.jpg 224w, https:\/\/wernerzehe.de\/wp-content\/uploads\/2013\/07\/rueck7-765x1024.jpg 765w\" sizes=\"auto, (max-width: 224px) 100vw, 224px\" \/><\/a><\/figure><\/div>\n\n\n\n<div class=\"wp-block-image\"><figure class=\"aligncenter\"><a href=\"https:\/\/www.wernerzehe.de\/wp-content\/uploads\/2013\/07\/rueck6.jpg\" rel=\"lightbox[13vog]\"><img loading=\"lazy\" decoding=\"async\" width=\"225\" height=\"300\" src=\"https:\/\/www.wernerzehe.de\/wp-content\/uploads\/2013\/07\/rueck6-225x300.jpg\" alt=\"rueck6\" class=\"wp-image-547\" srcset=\"https:\/\/wernerzehe.de\/wp-content\/uploads\/2013\/07\/rueck6-225x300.jpg 225w, https:\/\/wernerzehe.de\/wp-content\/uploads\/2013\/07\/rueck6-771x1024.jpg 771w\" sizes=\"auto, (max-width: 225px) 100vw, 225px\" \/><\/a><\/figure><\/div>\n\n\n\n<p>Von dort \u00fcber Abreschviller, Phalsbourg (wieder tanken) und Bouxviller, Lembach, nach Bundenthal.<\/p>\n\n\n\n<div class=\"wp-block-image\"><figure class=\"aligncenter\"><a href=\"https:\/\/www.wernerzehe.de\/wp-content\/uploads\/2013\/07\/rueck3.jpg\" rel=\"lightbox[13vog]\"><img loading=\"lazy\" decoding=\"async\" width=\"300\" height=\"255\" src=\"https:\/\/www.wernerzehe.de\/wp-content\/uploads\/2013\/07\/rueck3-300x255.jpg\" alt=\"rueck3\" class=\"wp-image-544\" srcset=\"https:\/\/wernerzehe.de\/wp-content\/uploads\/2013\/07\/rueck3-300x255.jpg 300w, https:\/\/wernerzehe.de\/wp-content\/uploads\/2013\/07\/rueck3-1024x873.jpg 1024w, https:\/\/wernerzehe.de\/wp-content\/uploads\/2013\/07\/rueck3-351x300.jpg 351w, https:\/\/wernerzehe.de\/wp-content\/uploads\/2013\/07\/rueck3.jpg 1086w\" sizes=\"auto, (max-width: 300px) 100vw, 300px\" \/><\/a><\/figure><\/div>\n\n\n\n<p>Dort im Schnitzelbahnhof gab es nach 610km Strecke ein gutes Schnitzel als Belohnung. Dann hatte ich aber auch genug f\u00fcr den Tag, sodass ich eine etwas schnellere Route f\u00fcr die Heimreise w\u00e4hlte. \u00dcber Klingenm\u00fcnster ging es dann vor Landau auf die Autobahn, und dann \u00fcber Deidesheim, Bad-D\u00fcrkheim, Freinsheim zur\u00fcck nach Offstein.<\/p>\n\n\n\n<div class=\"wp-block-image\"><figure class=\"aligncenter\"><a href=\"https:\/\/www.wernerzehe.de\/wp-content\/uploads\/2013\/07\/rueck4.jpg\" rel=\"lightbox[13vog]\"><img loading=\"lazy\" decoding=\"async\" width=\"239\" height=\"300\" src=\"https:\/\/www.wernerzehe.de\/wp-content\/uploads\/2013\/07\/rueck4-239x300.jpg\" alt=\"rueck4\" class=\"wp-image-545\" srcset=\"https:\/\/wernerzehe.de\/wp-content\/uploads\/2013\/07\/rueck4-239x300.jpg 239w, https:\/\/wernerzehe.de\/wp-content\/uploads\/2013\/07\/rueck4.jpg 742w\" sizes=\"auto, (max-width: 239px) 100vw, 239px\" \/><\/a><\/figure><\/div>\n\n\n\n<div class=\"wp-block-image\"><figure class=\"aligncenter\"><a href=\"https:\/\/www.wernerzehe.de\/wp-content\/uploads\/2013\/07\/rueck5.jpg\" rel=\"lightbox[13vog]\"><img loading=\"lazy\" decoding=\"async\" width=\"93\" height=\"300\" src=\"https:\/\/www.wernerzehe.de\/wp-content\/uploads\/2013\/07\/rueck5-93x300.jpg\" alt=\"rueck5\" class=\"wp-image-546\"\/><\/a><\/figure><\/div>\n\n\n\n<p>Die R\u00fcckfahrt waren dann 345km.<\/p>\n","protected":false},"excerpt":{"rendered":"<p>Heute war mal wieder meine Lieblingstourenregion angesagt: die Vogesen. Da ich viel Zeit hatte, habe ich mir gro\u00dfes vorgenommen, eine Tour \u00fcber Land zum Grand Ballon und zur\u00fcck. Bis auf zwei kleine Autobahnstrecken auch komplett so gepackt.Die Gesamtstrecke belief sich auf 712km. Abfahrt war um 09.00 Uhr, Ankunft wieder Zuhause um 22.00 Uhr. Insgesamt waren [&hellip;]<\/p>\n","protected":false},"author":1,"featured_media":0,"parent":0,"menu_order":903,"comment_status":"open","ping_status":"open","template":"","meta":{"footnotes":""},"class_list":["post-487","page","type-page","status-publish","hentry"],"_links":{"self":[{"href":"https:\/\/wernerzehe.de\/index.php?rest_route=\/wp\/v2\/pages\/487","targetHints":{"allow":["GET"]}}],"collection":[{"href":"https:\/\/wernerzehe.de\/index.php?rest_route=\/wp\/v2\/pages"}],"about":[{"href":"https:\/\/wernerzehe.de\/index.php?rest_route=\/wp\/v2\/types\/page"}],"author":[{"embeddable":true,"href":"https:\/\/wernerzehe.de\/index.php?rest_route=\/wp\/v2\/users\/1"}],"replies":[{"embeddable":true,"href":"https:\/\/wernerzehe.de\/index.php?rest_route=%2Fwp%2Fv2%2Fcomments&post=487"}],"version-history":[{"count":6,"href":"https:\/\/wernerzehe.de\/index.php?rest_route=\/wp\/v2\/pages\/487\/revisions"}],"predecessor-version":[{"id":1046,"href":"https:\/\/wernerzehe.de\/index.php?rest_route=\/wp\/v2\/pages\/487\/revisions\/1046"}],"wp:attachment":[{"href":"https:\/\/wernerzehe.de\/index.php?rest_route=%2Fwp%2Fv2%2Fmedia&parent=487"}],"curies":[{"name":"wp","href":"https:\/\/api.w.org\/{rel}","templated":true}]}}