{"id":601,"date":"2013-09-29T19:59:07","date_gmt":"2013-09-29T17:59:07","guid":{"rendered":"http:\/\/www.wernerzehe.de\/?page_id=601"},"modified":"2015-05-27T09:57:34","modified_gmt":"2015-05-27T07:57:34","slug":"zephyr-750-c4-b","status":"publish","type":"page","link":"https:\/\/wernerzehe.de\/?page_id=601","title":{"rendered":"Zephyr 750 (C4) Rot"},"content":{"rendered":"<p>Langsam wird es aber echt voll. Noch eine zweite C4 hat den Weg in unsere Garage gefunden. Ich wurde quasi dazu gezwungen. Der Vorbesitzer hat sehr viel Geld in die Wartung und Verfeinerung der Maschine gesteckt. Und jetzt vor dem Winter sich zu einem angenehmen Kurs von Ihr getrennt. F\u00e4hrt sich Super, deutlich bessere Vergaserabstimmung wie meine vor dem DynoJet Umbau hatte. Dazu ne sch\u00f6ne Optik und sehr gute Technik. Was will man mehr. Die eine oder andere Ver\u00e4nderung ist zwar noch n\u00f6tig (Elektrik bereinigen, anderer Lenker, Griffe, etc.) Sind aber alles nur Kleinigkeiten.<\/p>\n<p><a href=\"https:\/\/www.wernerzehe.de\/wp-content\/uploads\/2013\/09\/c4b01.jpg\"><img loading=\"lazy\" decoding=\"async\" class=\"aligncenter size-medium wp-image-602\" src=\"https:\/\/www.wernerzehe.de\/wp-content\/uploads\/2013\/09\/c4b01-300x185.jpg\" alt=\"c4b01\" width=\"300\" height=\"185\" srcset=\"https:\/\/wernerzehe.de\/wp-content\/uploads\/2013\/09\/c4b01-300x185.jpg 300w, https:\/\/wernerzehe.de\/wp-content\/uploads\/2013\/09\/c4b01-1024x634.jpg 1024w, https:\/\/wernerzehe.de\/wp-content\/uploads\/2013\/09\/c4b01-484x300.jpg 484w, https:\/\/wernerzehe.de\/wp-content\/uploads\/2013\/09\/c4b01.jpg 1600w\" sizes=\"auto, (max-width: 300px) 100vw, 300px\" \/><\/a><\/p>\n<p><a href=\"https:\/\/www.wernerzehe.de\/wp-content\/uploads\/2013\/09\/c4b02.jpg\"><img loading=\"lazy\" decoding=\"async\" class=\"aligncenter size-medium wp-image-603\" src=\"https:\/\/www.wernerzehe.de\/wp-content\/uploads\/2013\/09\/c4b02-300x215.jpg\" alt=\"c4b02\" width=\"300\" height=\"215\" srcset=\"https:\/\/wernerzehe.de\/wp-content\/uploads\/2013\/09\/c4b02-300x215.jpg 300w, https:\/\/wernerzehe.de\/wp-content\/uploads\/2013\/09\/c4b02-1024x735.jpg 1024w, https:\/\/wernerzehe.de\/wp-content\/uploads\/2013\/09\/c4b02-417x300.jpg 417w, https:\/\/wernerzehe.de\/wp-content\/uploads\/2013\/09\/c4b02.jpg 1600w\" sizes=\"auto, (max-width: 300px) 100vw, 300px\" \/><\/a><\/p>\n<p><a href=\"https:\/\/www.wernerzehe.de\/wp-content\/uploads\/2013\/09\/c4b03.jpg\"><img loading=\"lazy\" decoding=\"async\" class=\"aligncenter size-medium wp-image-604\" src=\"https:\/\/www.wernerzehe.de\/wp-content\/uploads\/2013\/09\/c4b03-300x225.jpg\" alt=\"c4b03\" width=\"300\" height=\"225\" srcset=\"https:\/\/wernerzehe.de\/wp-content\/uploads\/2013\/09\/c4b03-300x225.jpg 300w, https:\/\/wernerzehe.de\/wp-content\/uploads\/2013\/09\/c4b03-1024x768.jpg 1024w, https:\/\/wernerzehe.de\/wp-content\/uploads\/2013\/09\/c4b03-400x300.jpg 400w, https:\/\/wernerzehe.de\/wp-content\/uploads\/2013\/09\/c4b03.jpg 1600w\" sizes=\"auto, (max-width: 300px) 100vw, 300px\" \/><\/a><\/p>\n<p><a href=\"https:\/\/www.wernerzehe.de\/wp-content\/uploads\/2013\/09\/c4b04.jpg\"><img loading=\"lazy\" decoding=\"async\" class=\"aligncenter size-medium wp-image-605\" src=\"https:\/\/www.wernerzehe.de\/wp-content\/uploads\/2013\/09\/c4b04-300x225.jpg\" alt=\"c4b04\" width=\"300\" height=\"225\" srcset=\"https:\/\/wernerzehe.de\/wp-content\/uploads\/2013\/09\/c4b04-300x225.jpg 300w, https:\/\/wernerzehe.de\/wp-content\/uploads\/2013\/09\/c4b04-1024x768.jpg 1024w, https:\/\/wernerzehe.de\/wp-content\/uploads\/2013\/09\/c4b04-400x300.jpg 400w, https:\/\/wernerzehe.de\/wp-content\/uploads\/2013\/09\/c4b04.jpg 1600w\" sizes=\"auto, (max-width: 300px) 100vw, 300px\" \/><\/a><\/p>\n<p>So wurde mal Zeit f\u00fcr aktuelle Bilder. Die Maschine, hat ein anderes Heck, andere Griffe, Spiegel, Blinker etc. bekommen. Dazu noch einiges poliert. Sieht doch schon ganz ordentlich aus.<\/p>\n<p><a href=\"https:\/\/www.wernerzehe.de\/wp-content\/uploads\/2013\/09\/red1401.jpg\"><img loading=\"lazy\" decoding=\"async\" class=\"aligncenter size-medium wp-image-624\" src=\"https:\/\/www.wernerzehe.de\/wp-content\/uploads\/2013\/09\/red1401-300x225.jpg\" alt=\"red1401\" width=\"300\" height=\"225\" srcset=\"https:\/\/wernerzehe.de\/wp-content\/uploads\/2013\/09\/red1401-300x225.jpg 300w, https:\/\/wernerzehe.de\/wp-content\/uploads\/2013\/09\/red1401-1024x768.jpg 1024w, https:\/\/wernerzehe.de\/wp-content\/uploads\/2013\/09\/red1401-400x300.jpg 400w, https:\/\/wernerzehe.de\/wp-content\/uploads\/2013\/09\/red1401.jpg 1600w\" sizes=\"auto, (max-width: 300px) 100vw, 300px\" \/><\/a><\/p>\n<p><a href=\"https:\/\/www.wernerzehe.de\/wp-content\/uploads\/2013\/09\/red1402.jpg\"><img loading=\"lazy\" decoding=\"async\" class=\"aligncenter size-medium wp-image-625\" src=\"https:\/\/www.wernerzehe.de\/wp-content\/uploads\/2013\/09\/red1402-225x300.jpg\" alt=\"red1402\" width=\"225\" height=\"300\" srcset=\"https:\/\/wernerzehe.de\/wp-content\/uploads\/2013\/09\/red1402-225x300.jpg 225w, https:\/\/wernerzehe.de\/wp-content\/uploads\/2013\/09\/red1402-768x1024.jpg 768w, https:\/\/wernerzehe.de\/wp-content\/uploads\/2013\/09\/red1402.jpg 1200w\" sizes=\"auto, (max-width: 225px) 100vw, 225px\" \/><\/a><\/p>\n<p><a href=\"https:\/\/www.wernerzehe.de\/wp-content\/uploads\/2013\/09\/red1403.jpg\"><img loading=\"lazy\" decoding=\"async\" class=\"aligncenter size-medium wp-image-626\" src=\"https:\/\/www.wernerzehe.de\/wp-content\/uploads\/2013\/09\/red1403-225x300.jpg\" alt=\"red1403\" width=\"225\" height=\"300\" srcset=\"https:\/\/wernerzehe.de\/wp-content\/uploads\/2013\/09\/red1403-225x300.jpg 225w, https:\/\/wernerzehe.de\/wp-content\/uploads\/2013\/09\/red1403-768x1024.jpg 768w, https:\/\/wernerzehe.de\/wp-content\/uploads\/2013\/09\/red1403.jpg 1200w\" sizes=\"auto, (max-width: 225px) 100vw, 225px\" \/><\/a><\/p>\n<p>Hier die Bilder vor dem verkauf der Maschine. Das war der Stand im Fr\u00fchjahr 2015. Schon schade, dass ich mich von Ihr trennen mu\u00dfte. \ud83d\ude41 <\/p>\n<p><a href=\"https:\/\/www.wernerzehe.de\/wp-content\/uploads\/2013\/09\/15c4b4.jpg\"><img loading=\"lazy\" decoding=\"async\" class=\"aligncenter size-medium wp-image-651\" src=\"https:\/\/www.wernerzehe.de\/wp-content\/uploads\/2013\/09\/15c4b4-300x225.jpg\" alt=\"15c4b4\" width=\"300\" height=\"225\" srcset=\"https:\/\/wernerzehe.de\/wp-content\/uploads\/2013\/09\/15c4b4-300x225.jpg 300w, https:\/\/wernerzehe.de\/wp-content\/uploads\/2013\/09\/15c4b4-1024x768.jpg 1024w, https:\/\/wernerzehe.de\/wp-content\/uploads\/2013\/09\/15c4b4-400x300.jpg 400w, https:\/\/wernerzehe.de\/wp-content\/uploads\/2013\/09\/15c4b4.jpg 1200w\" sizes=\"auto, (max-width: 300px) 100vw, 300px\" \/><\/a> <\/p>\n<p><a href=\"https:\/\/www.wernerzehe.de\/wp-content\/uploads\/2013\/09\/15c4b1.jpg\"><img loading=\"lazy\" decoding=\"async\" class=\"aligncenter size-medium wp-image-652\" src=\"https:\/\/www.wernerzehe.de\/wp-content\/uploads\/2013\/09\/15c4b1-300x185.jpg\" alt=\"15c4b1\" width=\"300\" height=\"185\" srcset=\"https:\/\/wernerzehe.de\/wp-content\/uploads\/2013\/09\/15c4b1-300x185.jpg 300w, https:\/\/wernerzehe.de\/wp-content\/uploads\/2013\/09\/15c4b1-1024x630.jpg 1024w, https:\/\/wernerzehe.de\/wp-content\/uploads\/2013\/09\/15c4b1-488x300.jpg 488w, https:\/\/wernerzehe.de\/wp-content\/uploads\/2013\/09\/15c4b1.jpg 1200w\" sizes=\"auto, (max-width: 300px) 100vw, 300px\" \/><\/a> <\/p>\n<p><a href=\"https:\/\/www.wernerzehe.de\/wp-content\/uploads\/2013\/09\/15c4b2.jpg\"><img loading=\"lazy\" decoding=\"async\" class=\"aligncenter size-medium wp-image-653\" src=\"https:\/\/www.wernerzehe.de\/wp-content\/uploads\/2013\/09\/15c4b2-300x225.jpg\" alt=\"15c4b2\" width=\"300\" height=\"225\" srcset=\"https:\/\/wernerzehe.de\/wp-content\/uploads\/2013\/09\/15c4b2-300x225.jpg 300w, https:\/\/wernerzehe.de\/wp-content\/uploads\/2013\/09\/15c4b2-1024x768.jpg 1024w, https:\/\/wernerzehe.de\/wp-content\/uploads\/2013\/09\/15c4b2-400x300.jpg 400w, https:\/\/wernerzehe.de\/wp-content\/uploads\/2013\/09\/15c4b2.jpg 1200w\" sizes=\"auto, (max-width: 300px) 100vw, 300px\" \/><\/a> <\/p>\n<p><a href=\"https:\/\/www.wernerzehe.de\/wp-content\/uploads\/2013\/09\/15c4b3.jpg\"><img loading=\"lazy\" decoding=\"async\" class=\"aligncenter size-medium wp-image-654\" src=\"https:\/\/www.wernerzehe.de\/wp-content\/uploads\/2013\/09\/15c4b3-225x300.jpg\" alt=\"15c4b3\" width=\"225\" height=\"300\" srcset=\"https:\/\/wernerzehe.de\/wp-content\/uploads\/2013\/09\/15c4b3-225x300.jpg 225w, https:\/\/wernerzehe.de\/wp-content\/uploads\/2013\/09\/15c4b3-768x1024.jpg 768w, https:\/\/wernerzehe.de\/wp-content\/uploads\/2013\/09\/15c4b3.jpg 900w\" sizes=\"auto, (max-width: 225px) 100vw, 225px\" \/><\/a><\/p>\n","protected":false},"excerpt":{"rendered":"<p>Langsam wird es aber echt voll. Noch eine zweite C4 hat den Weg in unsere Garage gefunden. Ich wurde quasi dazu gezwungen. Der Vorbesitzer hat sehr viel Geld in die Wartung und Verfeinerung der Maschine gesteckt. Und jetzt vor dem Winter sich zu einem angenehmen Kurs von Ihr getrennt. F\u00e4hrt sich Super, deutlich bessere Vergaserabstimmung [&hellip;]<\/p>\n","protected":false},"author":1,"featured_media":0,"parent":0,"menu_order":604,"comment_status":"open","ping_status":"open","template":"","meta":{"footnotes":""},"class_list":["post-601","page","type-page","status-publish","hentry"],"_links":{"self":[{"href":"https:\/\/wernerzehe.de\/index.php?rest_route=\/wp\/v2\/pages\/601","targetHints":{"allow":["GET"]}}],"collection":[{"href":"https:\/\/wernerzehe.de\/index.php?rest_route=\/wp\/v2\/pages"}],"about":[{"href":"https:\/\/wernerzehe.de\/index.php?rest_route=\/wp\/v2\/types\/page"}],"author":[{"embeddable":true,"href":"https:\/\/wernerzehe.de\/index.php?rest_route=\/wp\/v2\/users\/1"}],"replies":[{"embeddable":true,"href":"https:\/\/wernerzehe.de\/index.php?rest_route=%2Fwp%2Fv2%2Fcomments&post=601"}],"version-history":[{"count":5,"href":"https:\/\/wernerzehe.de\/index.php?rest_route=\/wp\/v2\/pages\/601\/revisions"}],"predecessor-version":[{"id":655,"href":"https:\/\/wernerzehe.de\/index.php?rest_route=\/wp\/v2\/pages\/601\/revisions\/655"}],"wp:attachment":[{"href":"https:\/\/wernerzehe.de\/index.php?rest_route=%2Fwp%2Fv2%2Fmedia&parent=601"}],"curies":[{"name":"wp","href":"https:\/\/api.w.org\/{rel}","templated":true}]}}