{"id":630,"date":"2015-01-14T09:37:34","date_gmt":"2015-01-14T07:37:34","guid":{"rendered":"http:\/\/www.wernerzehe.de\/?page_id=630"},"modified":"2025-10-27T12:04:22","modified_gmt":"2025-10-27T11:04:22","slug":"klr-650-a","status":"publish","type":"page","link":"https:\/\/wernerzehe.de\/?page_id=630","title":{"rendered":"KLR 650 A"},"content":{"rendered":"\n<p>So ein netter Stoppelhopser stand ja schon ewig auf meiner Wunschliste. Dieses Jahr habe ich mich dann dazu entschieden es w\u00e4re soweit das Projekt durch zu ziehen. Also ging ich auf die Suche und fand nach ewig langer Zeit eine gute Basis. Wie fast immer gilt auch hier der Spruch: &#8222;Der gr\u00f6\u00dfte Feind des Motorrads ist der Vorbesitzer.&#8220; Auf den ersten Blick, sah alles ganz ordentlich aus. Die Lackierung ist eigentlich auch ganz ordentlich gemacht, der Auspuff ist nett. Laufleistung und Motor machten bei der Probefahrt einen ganz korrekten Eindruck.<\/p>\n\n\n\n<p>Wie immer habe ich mich nat\u00fcrlich im dazugeh\u00f6rigen Forum angemeldet und nach einiger Zeit war ich auf einmal der Admin: <a href=\"http:\/\/klr650.de\/\" target=\"_blank\" rel=\"noreferrer noopener\">http:\/\/klr650.de\/<\/a><\/p>\n\n\n\n<p>So sah die Maschine aus, als Sie bei mir ankam:<\/p>\n\n\n<div class=\"wp-block-image\">\n<figure class=\"aligncenter\"><a href=\"https:\/\/www.wernerzehe.de\/wp-content\/uploads\/2015\/01\/klr141101.jpg\"><img loading=\"lazy\" decoding=\"async\" width=\"300\" height=\"225\" src=\"https:\/\/www.wernerzehe.de\/wp-content\/uploads\/2015\/01\/klr141101-300x225.jpg\" alt=\"klr141101\" class=\"wp-image-633\" srcset=\"https:\/\/wernerzehe.de\/wp-content\/uploads\/2015\/01\/klr141101-300x225.jpg 300w, https:\/\/wernerzehe.de\/wp-content\/uploads\/2015\/01\/klr141101-400x300.jpg 400w, https:\/\/wernerzehe.de\/wp-content\/uploads\/2015\/01\/klr141101.jpg 1024w\" sizes=\"auto, (max-width: 300px) 100vw, 300px\" \/><\/a><\/figure>\n<\/div>\n\n\n<p>Bei n\u00e4herer Begutachtung stelte sich dann nat\u00fcrlich schnell heraus, dass die Maschine mal eine Renovierung ben\u00f6tigt. Einige Vorbesitzer hatten ganz sch\u00f6n rum geschmiert mit Farbe. der urspr\u00fcnglich silberne Rahmen wurde wohl mal rot lackiert, und dann im Zuge des Umbaus auf schwarz\/weiss nochmal schwarz. Alles im zusammen gebauten Zustand, den Rest kann man sich denken. \ud83d\ude41<\/p>\n\n\n\n<p>Also gibt es f\u00fcr diesen Winter eine ganze Latte an Ma\u00dfnahmen:<\/p>\n\n\n\n<ul class=\"wp-block-list\">\n<li>neue Gabelfedern<\/li>\n\n\n\n<li>Bremse Vorne und Hinten komplett \u00fcberholen<\/li>\n\n\n\n<li>Maschine komplett demontieren, alle Metallteile Sandstrahlen und Lackieren<\/li>\n\n\n\n<li>Stahlflex vorne und hinten<\/li>\n\n\n\n<li>neue Blinker und Spiegel<\/li>\n\n\n\n<li>Lackierung aufwerten<\/li>\n\n\n\n<li>DooHickey<\/li>\n\n\n\n<li>Komplette Inspektion inkl. aller Verschlei\u00dfteile neu<\/li>\n\n\n\n<li>Wasserk\u00fchlung in Ordnung bringen<\/li>\n<\/ul>\n\n\n<div class=\"wp-block-image\">\n<figure class=\"aligncenter\"><a href=\"https:\/\/www.wernerzehe.de\/wp-content\/uploads\/2015\/01\/141128klr01.jpg\"><img loading=\"lazy\" decoding=\"async\" width=\"300\" height=\"225\" src=\"https:\/\/www.wernerzehe.de\/wp-content\/uploads\/2015\/01\/141128klr01-300x225.jpg\" alt=\"141128klr01\" class=\"wp-image-634\" srcset=\"https:\/\/wernerzehe.de\/wp-content\/uploads\/2015\/01\/141128klr01-300x225.jpg 300w, https:\/\/wernerzehe.de\/wp-content\/uploads\/2015\/01\/141128klr01-400x300.jpg 400w, https:\/\/wernerzehe.de\/wp-content\/uploads\/2015\/01\/141128klr01.jpg 1024w\" sizes=\"auto, (max-width: 300px) 100vw, 300px\" \/><\/a><\/figure>\n<\/div>\n\n\n<p>Ich habe schon mal angefangen, daher sieht die KLR derzeit etwas nach Puzzle aus \ud83d\ude42<br><\/p>\n\n\n<div class=\"wp-block-image\">\n<figure class=\"aligncenter\"><a href=\"https:\/\/www.wernerzehe.de\/wp-content\/uploads\/2015\/01\/puzzle.jpg\"><img loading=\"lazy\" decoding=\"async\" width=\"274\" height=\"300\" src=\"https:\/\/www.wernerzehe.de\/wp-content\/uploads\/2015\/01\/puzzle-274x300.jpg\" alt=\"puzzle\" class=\"wp-image-635\" srcset=\"https:\/\/wernerzehe.de\/wp-content\/uploads\/2015\/01\/puzzle-274x300.jpg 274w, https:\/\/wernerzehe.de\/wp-content\/uploads\/2015\/01\/puzzle.jpg 731w\" sizes=\"auto, (max-width: 274px) 100vw, 274px\" \/><\/a><\/figure>\n<\/div>\n\n\n<p>So, ein erster Schritt ist getan. Die Maschine hat zum ersten mal ein paar meter absolviert. Nach den in den Kommentaren beschriebenen Macken, hat die kleine sich noch eine weitere Gemeinheit einfallen lassen. Das Magnetrelais hat den Geist aufgegeben. da hie\u00df es mit Hilfe eines Gabelschl\u00fcssels starten, aber das hat Gott sei Dank gut hingehauen. Derzeit ist zwar etwas Papageienlook angesagt, aber ich brauch ja noch was f\u00fcr n\u00e4chsten Winter. jetzt wollte ich gleich die Maschine zulassen, was passiert? T\u00dcV abgelaufen. Also es ist wirklich verhext. Jetzt also erst noch zum T\u00dcV. ich liebe es.<\/p>\n\n\n<div class=\"wp-block-image\">\n<figure class=\"aligncenter\"><a href=\"https:\/\/www.wernerzehe.de\/wp-content\/uploads\/2015\/01\/1506klr1.jpg\"><img loading=\"lazy\" decoding=\"async\" width=\"300\" height=\"225\" src=\"https:\/\/www.wernerzehe.de\/wp-content\/uploads\/2015\/01\/1506klr1-300x225.jpg\" alt=\"1506klr1\" class=\"wp-image-705\" srcset=\"https:\/\/wernerzehe.de\/wp-content\/uploads\/2015\/01\/1506klr1-300x225.jpg 300w, https:\/\/wernerzehe.de\/wp-content\/uploads\/2015\/01\/1506klr1-1024x768.jpg 1024w, https:\/\/wernerzehe.de\/wp-content\/uploads\/2015\/01\/1506klr1-400x300.jpg 400w, https:\/\/wernerzehe.de\/wp-content\/uploads\/2015\/01\/1506klr1.jpg 1200w\" sizes=\"auto, (max-width: 300px) 100vw, 300px\" \/><\/a><\/figure>\n<\/div>\n\n\n<p>Inzwischen habe ich erste Touren mit der KLR unternommen und bin begeistert. Die Kleine macht einfach nur Spa\u00df. Gerade so (normalerweise) unangenehme Schilder wie schlechte Wegstrecke, oder Umleitung wegen Baustelle, zaubern mit der KLR einem ein L\u00e4cheln ins Gesicht.<\/p>\n\n\n<div class=\"wp-block-image\">\n<figure class=\"aligncenter\"><a href=\"https:\/\/www.wernerzehe.de\/wp-content\/uploads\/2015\/01\/15klr01.jpg\" rel=\"attachment wp-att-769\"><img loading=\"lazy\" decoding=\"async\" width=\"300\" height=\"225\" src=\"https:\/\/www.wernerzehe.de\/wp-content\/uploads\/2015\/01\/15klr01-300x225.jpg\" alt=\"15klr01\" class=\"wp-image-769\" srcset=\"https:\/\/wernerzehe.de\/wp-content\/uploads\/2015\/01\/15klr01-300x225.jpg 300w, https:\/\/wernerzehe.de\/wp-content\/uploads\/2015\/01\/15klr01-768x576.jpg 768w, https:\/\/wernerzehe.de\/wp-content\/uploads\/2015\/01\/15klr01-1024x768.jpg 1024w, https:\/\/wernerzehe.de\/wp-content\/uploads\/2015\/01\/15klr01-400x300.jpg 400w\" sizes=\"auto, (max-width: 300px) 100vw, 300px\" \/><\/a><\/figure>\n<\/div>\n\n<div class=\"wp-block-image\">\n<figure class=\"aligncenter\"><a href=\"https:\/\/www.wernerzehe.de\/wp-content\/uploads\/2015\/01\/15klr02.jpg\" rel=\"attachment wp-att-770\"><img loading=\"lazy\" decoding=\"async\" width=\"300\" height=\"300\" src=\"https:\/\/www.wernerzehe.de\/wp-content\/uploads\/2015\/01\/15klr02-300x300.jpg\" alt=\"15klr02\" class=\"wp-image-770\" srcset=\"https:\/\/wernerzehe.de\/wp-content\/uploads\/2015\/01\/15klr02-300x300.jpg 300w, https:\/\/wernerzehe.de\/wp-content\/uploads\/2015\/01\/15klr02-150x150.jpg 150w, https:\/\/wernerzehe.de\/wp-content\/uploads\/2015\/01\/15klr02-768x768.jpg 768w, https:\/\/wernerzehe.de\/wp-content\/uploads\/2015\/01\/15klr02-1024x1024.jpg 1024w\" sizes=\"auto, (max-width: 300px) 100vw, 300px\" \/><\/a><\/figure>\n<\/div>\n\n\n<p>So sah sie jetzt aus, bevor es den Winter an die n\u00e4chste Optimierung ging.<br>Da ich mit den durch die Maske hervor gerufenen Verwirbelungen am Helm auch mit unterschiedlich hohen Windschildern nie gl\u00fccklich wurde, habe ich mich entschlossen auf die Maske der C umzur\u00fcssten.<\/p>\n\n\n\n<p>Um den Aufwand m\u00f6glichst gering zu halten, und mir die Option auf eine R\u00fcckr\u00fc\u00dftung auf Original offen zu halten, musste ich mir was einfallen lassen. Als erstes habe ich aus Alu einen Halter gebogen, der zwischen Schutzblech und unterer Gabelbr\u00fccke angeschraubt wird. Dieser nimmt die Original Halterungen des C-Geweih an der Vorderseite auf.<\/p>\n\n\n<div class=\"wp-block-image\">\n<figure class=\"aligncenter\"><a href=\"https:\/\/www.wernerzehe.de\/wp-content\/uploads\/2015\/01\/klr-maske01.jpg\" rel=\"attachment wp-att-779\"><img loading=\"lazy\" decoding=\"async\" width=\"300\" height=\"225\" src=\"https:\/\/www.wernerzehe.de\/wp-content\/uploads\/2015\/01\/klr-maske01-300x225.jpg\" alt=\"klr-maske01\" class=\"wp-image-779\" srcset=\"https:\/\/wernerzehe.de\/wp-content\/uploads\/2015\/01\/klr-maske01-300x225.jpg 300w, https:\/\/wernerzehe.de\/wp-content\/uploads\/2015\/01\/klr-maske01-768x576.jpg 768w, https:\/\/wernerzehe.de\/wp-content\/uploads\/2015\/01\/klr-maske01-1024x768.jpg 1024w, https:\/\/wernerzehe.de\/wp-content\/uploads\/2015\/01\/klr-maske01-400x300.jpg 400w, https:\/\/wernerzehe.de\/wp-content\/uploads\/2015\/01\/klr-maske01.jpg 1600w\" sizes=\"auto, (max-width: 300px) 100vw, 300px\" \/><\/a><\/figure>\n<\/div>\n\n<div class=\"wp-block-image\">\n<figure class=\"aligncenter\"><a href=\"https:\/\/www.wernerzehe.de\/wp-content\/uploads\/2015\/01\/klr-maske02.jpg\" rel=\"attachment wp-att-780\"><img loading=\"lazy\" decoding=\"async\" width=\"225\" height=\"300\" src=\"https:\/\/www.wernerzehe.de\/wp-content\/uploads\/2015\/01\/klr-maske02-225x300.jpg\" alt=\"klr-maske02\" class=\"wp-image-780\" srcset=\"https:\/\/wernerzehe.de\/wp-content\/uploads\/2015\/01\/klr-maske02-225x300.jpg 225w, https:\/\/wernerzehe.de\/wp-content\/uploads\/2015\/01\/klr-maske02-768x1024.jpg 768w, https:\/\/wernerzehe.de\/wp-content\/uploads\/2015\/01\/klr-maske02.jpg 1200w\" sizes=\"auto, (max-width: 225px) 100vw, 225px\" \/><\/a><\/figure>\n<\/div>\n\n\n<p>Ich habe das Geweih der C um alle nicht ben\u00f6tigten Halter im oberen Bereich erleichtert, damit ich die Original Verkabelung der A behalten konnte.<\/p>\n\n\n<div class=\"wp-block-image\">\n<figure class=\"aligncenter\"><a href=\"https:\/\/www.wernerzehe.de\/wp-content\/uploads\/2015\/01\/klr-maske03.jpg\" rel=\"attachment wp-att-781\"><img loading=\"lazy\" decoding=\"async\" width=\"300\" height=\"225\" src=\"https:\/\/www.wernerzehe.de\/wp-content\/uploads\/2015\/01\/klr-maske03-300x225.jpg\" alt=\"klr-maske03\" class=\"wp-image-781\" srcset=\"https:\/\/wernerzehe.de\/wp-content\/uploads\/2015\/01\/klr-maske03-300x225.jpg 300w, https:\/\/wernerzehe.de\/wp-content\/uploads\/2015\/01\/klr-maske03-768x576.jpg 768w, https:\/\/wernerzehe.de\/wp-content\/uploads\/2015\/01\/klr-maske03-1024x768.jpg 1024w, https:\/\/wernerzehe.de\/wp-content\/uploads\/2015\/01\/klr-maske03-400x300.jpg 400w, https:\/\/wernerzehe.de\/wp-content\/uploads\/2015\/01\/klr-maske03.jpg 1600w\" sizes=\"auto, (max-width: 300px) 100vw, 300px\" \/><\/a><\/figure>\n<\/div>\n\n\n<p>Rechts und Links kam ein Halter an die Gabelrohre, der normalerweise f\u00fcr Scheinwerfer gedacht ist. Diesen habe ich gek\u00fcrzt und ein zus\u00e4tzliches Loch gebohrt. Daran habe ich den oberen Teil des Geweihs befestigt.<\/p>\n\n\n<div class=\"wp-block-image\">\n<figure class=\"aligncenter\"><a href=\"https:\/\/www.wernerzehe.de\/wp-content\/uploads\/2015\/01\/klr-maske04.jpg\" rel=\"attachment wp-att-782\"><img loading=\"lazy\" decoding=\"async\" width=\"225\" height=\"300\" src=\"https:\/\/www.wernerzehe.de\/wp-content\/uploads\/2015\/01\/klr-maske04-225x300.jpg\" alt=\"klr-maske04\" class=\"wp-image-782\" srcset=\"https:\/\/wernerzehe.de\/wp-content\/uploads\/2015\/01\/klr-maske04-225x300.jpg 225w, https:\/\/wernerzehe.de\/wp-content\/uploads\/2015\/01\/klr-maske04-768x1024.jpg 768w, https:\/\/wernerzehe.de\/wp-content\/uploads\/2015\/01\/klr-maske04.jpg 1200w\" sizes=\"auto, (max-width: 225px) 100vw, 225px\" \/><\/a><\/figure>\n<\/div>\n\n<div class=\"wp-block-image\">\n<figure class=\"aligncenter\"><a href=\"https:\/\/www.wernerzehe.de\/wp-content\/uploads\/2015\/01\/klr-maske05.jpg\" rel=\"attachment wp-att-783\"><img loading=\"lazy\" decoding=\"async\" width=\"225\" height=\"300\" src=\"https:\/\/www.wernerzehe.de\/wp-content\/uploads\/2015\/01\/klr-maske05-225x300.jpg\" alt=\"klr-maske05\" class=\"wp-image-783\" srcset=\"https:\/\/wernerzehe.de\/wp-content\/uploads\/2015\/01\/klr-maske05-225x300.jpg 225w, https:\/\/wernerzehe.de\/wp-content\/uploads\/2015\/01\/klr-maske05-768x1024.jpg 768w, https:\/\/wernerzehe.de\/wp-content\/uploads\/2015\/01\/klr-maske05.jpg 1200w\" sizes=\"auto, (max-width: 225px) 100vw, 225px\" \/><\/a><\/figure>\n<\/div>\n\n\n<p>Dadurch, dass ich die Maske an den Haltern in dem Abstand positionieren konnte, den ich wollte, kommt die Maske im Bereich der Instrumente nicht an den Tacho.<\/p>\n\n\n<div class=\"wp-block-image\">\n<figure class=\"aligncenter\"><a href=\"https:\/\/www.wernerzehe.de\/wp-content\/uploads\/2015\/01\/klr-maske06.jpg\" rel=\"attachment wp-att-784\"><img loading=\"lazy\" decoding=\"async\" width=\"300\" height=\"225\" src=\"https:\/\/www.wernerzehe.de\/wp-content\/uploads\/2015\/01\/klr-maske06-300x225.jpg\" alt=\"klr-maske06\" class=\"wp-image-784\" srcset=\"https:\/\/wernerzehe.de\/wp-content\/uploads\/2015\/01\/klr-maske06-300x225.jpg 300w, https:\/\/wernerzehe.de\/wp-content\/uploads\/2015\/01\/klr-maske06-768x576.jpg 768w, https:\/\/wernerzehe.de\/wp-content\/uploads\/2015\/01\/klr-maske06-1024x768.jpg 1024w, https:\/\/wernerzehe.de\/wp-content\/uploads\/2015\/01\/klr-maske06-400x300.jpg 400w, https:\/\/wernerzehe.de\/wp-content\/uploads\/2015\/01\/klr-maske06.jpg 1600w\" sizes=\"auto, (max-width: 300px) 100vw, 300px\" \/><\/a><\/figure>\n<\/div>\n\n<div class=\"wp-block-image\">\n<figure class=\"aligncenter\"><a href=\"https:\/\/www.wernerzehe.de\/wp-content\/uploads\/2015\/01\/klr-maske07.jpg\" rel=\"attachment wp-att-778\"><img loading=\"lazy\" decoding=\"async\" width=\"300\" height=\"225\" src=\"https:\/\/www.wernerzehe.de\/wp-content\/uploads\/2015\/01\/klr-maske07-300x225.jpg\" alt=\"klr-maske07\" class=\"wp-image-778\" srcset=\"https:\/\/wernerzehe.de\/wp-content\/uploads\/2015\/01\/klr-maske07-300x225.jpg 300w, https:\/\/wernerzehe.de\/wp-content\/uploads\/2015\/01\/klr-maske07-768x576.jpg 768w, https:\/\/wernerzehe.de\/wp-content\/uploads\/2015\/01\/klr-maske07-1024x768.jpg 1024w, https:\/\/wernerzehe.de\/wp-content\/uploads\/2015\/01\/klr-maske07-400x300.jpg 400w, https:\/\/wernerzehe.de\/wp-content\/uploads\/2015\/01\/klr-maske07.jpg 1600w\" sizes=\"auto, (max-width: 300px) 100vw, 300px\" \/><\/a><\/figure>\n<\/div>\n\n\n<p>Sieht doch ganz gut aus finde ich. Jetzt bekommt die Maske noch ne neue Farbe, dann sollte es passen.<\/p>\n\n\n<div class=\"wp-block-image\">\n<figure class=\"aligncenter\"><a href=\"https:\/\/www.wernerzehe.de\/wp-content\/uploads\/2016\/03\/1603klr03.jpg\" rel=\"attachment wp-att-789\"><img loading=\"lazy\" decoding=\"async\" width=\"300\" height=\"188\" src=\"https:\/\/www.wernerzehe.de\/wp-content\/uploads\/2016\/03\/1603klr03-300x188.jpg\" alt=\"1603klr03\" class=\"wp-image-789\" srcset=\"https:\/\/wernerzehe.de\/wp-content\/uploads\/2016\/03\/1603klr03-300x188.jpg 300w, https:\/\/wernerzehe.de\/wp-content\/uploads\/2016\/03\/1603klr03-768x481.jpg 768w, https:\/\/wernerzehe.de\/wp-content\/uploads\/2016\/03\/1603klr03-1024x642.jpg 1024w, https:\/\/wernerzehe.de\/wp-content\/uploads\/2016\/03\/1603klr03-479x300.jpg 479w, https:\/\/wernerzehe.de\/wp-content\/uploads\/2016\/03\/1603klr03.jpg 1200w\" sizes=\"auto, (max-width: 300px) 100vw, 300px\" \/><\/a><\/figure>\n<\/div>\n\n\n<p>Update M\u00e4rz 2016:<br>So langsam wird es mit meinem neuen Lacksatz, mir gef\u00e4llts. Weitere Bilder wenn das Moped fertig ist.<br><\/p>\n\n\n\n<p>So, jetzt ist sie erst mal ziemlich fertig f\u00fcr 2016.<br>Der GPR Auspuff mu\u00dfte einem Leo Vince weichen, da er mir doch zu laut war. Und den Leo gab es g\u00fcnstig \ud83d\ude42<br>Inzwischen sind auch die Stahlflex Leitungen montiert. Lediglich die Befestigung der Werkzeugbox muss noch optimiert werden, aber so h\u00e4lt es erstmal.<\/p>\n\n\n<div class=\"wp-block-image\">\n<figure class=\"aligncenter\"><a href=\"https:\/\/www.wernerzehe.de\/wp-content\/uploads\/2015\/01\/IMG_4635.jpg\" rel=\"attachment wp-att-797\"><img loading=\"lazy\" decoding=\"async\" width=\"300\" height=\"225\" src=\"https:\/\/www.wernerzehe.de\/wp-content\/uploads\/2015\/01\/IMG_4635-300x225.jpg\" alt=\"Neues Design\" class=\"wp-image-797\" srcset=\"https:\/\/wernerzehe.de\/wp-content\/uploads\/2015\/01\/IMG_4635-300x225.jpg 300w, https:\/\/wernerzehe.de\/wp-content\/uploads\/2015\/01\/IMG_4635-768x576.jpg 768w, https:\/\/wernerzehe.de\/wp-content\/uploads\/2015\/01\/IMG_4635-1024x768.jpg 1024w, https:\/\/wernerzehe.de\/wp-content\/uploads\/2015\/01\/IMG_4635-400x300.jpg 400w\" sizes=\"auto, (max-width: 300px) 100vw, 300px\" \/><\/a><figcaption class=\"wp-element-caption\">Neues Design<\/figcaption><\/figure>\n<\/div>\n\n<div class=\"wp-block-image\">\n<figure class=\"aligncenter\"><a href=\"https:\/\/www.wernerzehe.de\/wp-content\/uploads\/2015\/01\/IMG_4631.jpg\" rel=\"attachment wp-att-798\"><img loading=\"lazy\" decoding=\"async\" width=\"300\" height=\"225\" src=\"https:\/\/www.wernerzehe.de\/wp-content\/uploads\/2015\/01\/IMG_4631-300x225.jpg\" alt=\"Stand M\u00e4rz 2016\" class=\"wp-image-798\" srcset=\"https:\/\/wernerzehe.de\/wp-content\/uploads\/2015\/01\/IMG_4631-300x225.jpg 300w, https:\/\/wernerzehe.de\/wp-content\/uploads\/2015\/01\/IMG_4631-768x576.jpg 768w, https:\/\/wernerzehe.de\/wp-content\/uploads\/2015\/01\/IMG_4631-1024x768.jpg 1024w, https:\/\/wernerzehe.de\/wp-content\/uploads\/2015\/01\/IMG_4631-400x300.jpg 400w\" sizes=\"auto, (max-width: 300px) 100vw, 300px\" \/><\/a><figcaption class=\"wp-element-caption\">Stand M\u00e4rz 2016<\/figcaption><\/figure>\n<\/div>\n\n<div class=\"wp-block-image\">\n<figure class=\"aligncenter\"><a href=\"https:\/\/www.wernerzehe.de\/wp-content\/uploads\/2015\/01\/IMG_4632-e1459269292170.jpg\" rel=\"attachment wp-att-799\"><img loading=\"lazy\" decoding=\"async\" width=\"225\" height=\"300\" src=\"https:\/\/www.wernerzehe.de\/wp-content\/uploads\/2015\/01\/IMG_4632-e1459269292170-225x300.jpg\" alt=\"Stand M\u00e4rz 2016\" class=\"wp-image-799\" srcset=\"https:\/\/wernerzehe.de\/wp-content\/uploads\/2015\/01\/IMG_4632-e1459269292170-225x300.jpg 225w, https:\/\/wernerzehe.de\/wp-content\/uploads\/2015\/01\/IMG_4632-e1459269292170-768x1024.jpg 768w\" sizes=\"auto, (max-width: 225px) 100vw, 225px\" \/><\/a><figcaption class=\"wp-element-caption\">Stand M\u00e4rz 2016<\/figcaption><\/figure>\n<\/div>\n\n<div class=\"wp-block-image\">\n<figure class=\"aligncenter\"><a href=\"https:\/\/www.wernerzehe.de\/wp-content\/uploads\/2015\/01\/IMG_4633.jpg\" rel=\"attachment wp-att-800\"><img loading=\"lazy\" decoding=\"async\" width=\"300\" height=\"225\" src=\"https:\/\/www.wernerzehe.de\/wp-content\/uploads\/2015\/01\/IMG_4633-300x225.jpg\" alt=\"Stand M\u00e4rz 2016\" class=\"wp-image-800\" srcset=\"https:\/\/wernerzehe.de\/wp-content\/uploads\/2015\/01\/IMG_4633-300x225.jpg 300w, https:\/\/wernerzehe.de\/wp-content\/uploads\/2015\/01\/IMG_4633-768x576.jpg 768w, https:\/\/wernerzehe.de\/wp-content\/uploads\/2015\/01\/IMG_4633-1024x768.jpg 1024w, https:\/\/wernerzehe.de\/wp-content\/uploads\/2015\/01\/IMG_4633-400x300.jpg 400w\" sizes=\"auto, (max-width: 300px) 100vw, 300px\" \/><\/a><figcaption class=\"wp-element-caption\">Stand M\u00e4rz 2016<\/figcaption><\/figure>\n<\/div>\n\n<div class=\"wp-block-image\">\n<figure class=\"aligncenter\"><a href=\"https:\/\/www.wernerzehe.de\/wp-content\/uploads\/2015\/01\/IMG_4634.jpg\" rel=\"attachment wp-att-801\"><img loading=\"lazy\" decoding=\"async\" width=\"300\" height=\"225\" src=\"https:\/\/www.wernerzehe.de\/wp-content\/uploads\/2015\/01\/IMG_4634-300x225.jpg\" alt=\"Stand M\u00e4rz 2016\" class=\"wp-image-801\" srcset=\"https:\/\/wernerzehe.de\/wp-content\/uploads\/2015\/01\/IMG_4634-300x225.jpg 300w, https:\/\/wernerzehe.de\/wp-content\/uploads\/2015\/01\/IMG_4634-768x576.jpg 768w, https:\/\/wernerzehe.de\/wp-content\/uploads\/2015\/01\/IMG_4634-1024x768.jpg 1024w, https:\/\/wernerzehe.de\/wp-content\/uploads\/2015\/01\/IMG_4634-400x300.jpg 400w\" sizes=\"auto, (max-width: 300px) 100vw, 300px\" \/><\/a><figcaption class=\"wp-element-caption\">Stand M\u00e4rz 2016<\/figcaption><\/figure>\n<\/div>\n\n\n<p>Stand 12\/2017<br>ja auch bei der KLR tut sich was. Die Kiste macht echt Spa\u00df. Klar kein Kurvenr\u00e4uber wie die XRX, aber f\u00fcrs leichte &#8211; mittlere Gel\u00e4nde echt toll, wie man an meinem Reisebericht ins Friaul sieht.<\/p>\n\n\n<div class=\"wp-block-image\">\n<figure class=\"aligncenter\"><a href=\"https:\/\/www.wernerzehe.de\/wp-content\/uploads\/2017\/12\/klr-sturz1.jpg\"><img loading=\"lazy\" decoding=\"async\" width=\"300\" height=\"225\" src=\"https:\/\/www.wernerzehe.de\/wp-content\/uploads\/2017\/12\/klr-sturz1-300x225.jpg\" alt=\"\" class=\"wp-image-891\" srcset=\"https:\/\/wernerzehe.de\/wp-content\/uploads\/2017\/12\/klr-sturz1-300x225.jpg 300w, https:\/\/wernerzehe.de\/wp-content\/uploads\/2017\/12\/klr-sturz1-768x576.jpg 768w, https:\/\/wernerzehe.de\/wp-content\/uploads\/2017\/12\/klr-sturz1-1024x768.jpg 1024w, https:\/\/wernerzehe.de\/wp-content\/uploads\/2017\/12\/klr-sturz1-400x300.jpg 400w\" sizes=\"auto, (max-width: 300px) 100vw, 300px\" \/><\/a><\/figure>\n<\/div>\n\n\n<p>Nach einem Ausrutscher habe ich dieses Jahr noch aufger\u00fcstet.<br><\/p>\n\n\n<div class=\"wp-block-image\">\n<figure class=\"aligncenter\"><a href=\"https:\/\/www.wernerzehe.de\/wp-content\/uploads\/2017\/12\/klr-sturz2.jpg\"><img loading=\"lazy\" decoding=\"async\" width=\"300\" height=\"225\" src=\"https:\/\/www.wernerzehe.de\/wp-content\/uploads\/2017\/12\/klr-sturz2-300x225.jpg\" alt=\"\" class=\"wp-image-892\" srcset=\"https:\/\/wernerzehe.de\/wp-content\/uploads\/2017\/12\/klr-sturz2-300x225.jpg 300w, https:\/\/wernerzehe.de\/wp-content\/uploads\/2017\/12\/klr-sturz2-768x576.jpg 768w, https:\/\/wernerzehe.de\/wp-content\/uploads\/2017\/12\/klr-sturz2-1024x768.jpg 1024w, https:\/\/wernerzehe.de\/wp-content\/uploads\/2017\/12\/klr-sturz2-400x300.jpg 400w, https:\/\/wernerzehe.de\/wp-content\/uploads\/2017\/12\/klr-sturz2.jpg 1200w\" sizes=\"auto, (max-width: 300px) 100vw, 300px\" \/><\/a><\/figure>\n<\/div>\n\n<div class=\"wp-block-image\">\n<figure class=\"aligncenter\"><a href=\"https:\/\/www.wernerzehe.de\/wp-content\/uploads\/2017\/12\/motorschutz.jpg\"><img loading=\"lazy\" decoding=\"async\" width=\"300\" height=\"281\" src=\"https:\/\/www.wernerzehe.de\/wp-content\/uploads\/2017\/12\/motorschutz-300x281.jpg\" alt=\"\" class=\"wp-image-893\" srcset=\"https:\/\/wernerzehe.de\/wp-content\/uploads\/2017\/12\/motorschutz-300x281.jpg 300w, https:\/\/wernerzehe.de\/wp-content\/uploads\/2017\/12\/motorschutz-768x718.jpg 768w, https:\/\/wernerzehe.de\/wp-content\/uploads\/2017\/12\/motorschutz-1024x957.jpg 1024w, https:\/\/wernerzehe.de\/wp-content\/uploads\/2017\/12\/motorschutz-321x300.jpg 321w, https:\/\/wernerzehe.de\/wp-content\/uploads\/2017\/12\/motorschutz.jpg 1200w\" sizes=\"auto, (max-width: 300px) 100vw, 300px\" \/><\/a><\/figure>\n<\/div>\n\n\n<p>Habe mir von SW-Motech Sturzb\u00fcgel und Motorschutz f\u00fcr die A besorgt. Echte gute Qualit\u00e4t. Auch ein Koffertr\u00e4ger f\u00fcr meine Givi-Koffer ist mir \u00fcber den Weg gelaufen, sodass die KLR jetzt ordentlich aufger\u00fcstet ist zu einer Reiseenduro. Heizgriffe sind auch dran, gerade im Winter (die KLR hat kein Saisonkennzeichen) ganz praktisch. Klar die Optik ist nicht so Super, aber darum geht es bei der KLR nicht. Die ist f\u00fcrs Grobe gedacht.<\/p>\n\n\n\n<p>Hier noch ein paar Bilder von einer der letzten Touren, im Oktober 2024, der Gescheckten nach \u00d6sterreich ins Waldviertel. Mehr Bilder unter Touren:<\/p>\n\n\n\n<p><\/p>\n\n\n\n<figure class=\"wp-block-gallery has-nested-images columns-default is-cropped wp-block-gallery-1 is-layout-flex wp-block-gallery-is-layout-flex\">\n<figure class=\"wp-block-image size-large\"><a href=\"https:\/\/wernerzehe.de\/wp-content\/uploads\/2025\/10\/05_img5.jpg\"><img loading=\"lazy\" decoding=\"async\" width=\"867\" height=\"617\" data-id=\"1795\" src=\"https:\/\/wernerzehe.de\/wp-content\/uploads\/2025\/10\/05_img5.jpg\" alt=\"\" class=\"wp-image-1795\" srcset=\"https:\/\/wernerzehe.de\/wp-content\/uploads\/2025\/10\/05_img5.jpg 867w, https:\/\/wernerzehe.de\/wp-content\/uploads\/2025\/10\/05_img5-300x213.jpg 300w, https:\/\/wernerzehe.de\/wp-content\/uploads\/2025\/10\/05_img5-768x547.jpg 768w\" sizes=\"auto, (max-width: 867px) 100vw, 867px\" \/><\/a><\/figure>\n\n\n\n<figure class=\"wp-block-image size-large\"><a href=\"https:\/\/wernerzehe.de\/wp-content\/uploads\/2025\/10\/06_img6.jpg\"><img loading=\"lazy\" decoding=\"async\" width=\"1008\" height=\"756\" data-id=\"1796\" src=\"https:\/\/wernerzehe.de\/wp-content\/uploads\/2025\/10\/06_img6.jpg\" alt=\"\" class=\"wp-image-1796\" srcset=\"https:\/\/wernerzehe.de\/wp-content\/uploads\/2025\/10\/06_img6.jpg 1008w, https:\/\/wernerzehe.de\/wp-content\/uploads\/2025\/10\/06_img6-300x225.jpg 300w, https:\/\/wernerzehe.de\/wp-content\/uploads\/2025\/10\/06_img6-768x576.jpg 768w\" sizes=\"auto, (max-width: 1008px) 100vw, 1008px\" \/><\/a><\/figure>\n<\/figure>\n\n\n\n<p><strong>Stand Ende 2025<\/strong><\/p>\n\n\n\n<p>Inzwischen ist die Maschine in der Form Geschichte. Ich habe sie zerlegt, Teile davon verkauft, der Rest wird gerade neu gedacht. Der Lacksatz war jetzt wirklich am Ende, war ja alles eher improvisiert. Der Motor ist verkauft, habe ja noch einen C-Motor, den ich fertig machen will. Mal sehen was draus wird.<\/p>\n\n\n\n<p><\/p>\n","protected":false},"excerpt":{"rendered":"<p>So ein netter Stoppelhopser stand ja schon ewig auf meiner Wunschliste. Dieses Jahr habe ich mich dann dazu entschieden es w\u00e4re soweit das Projekt durch zu ziehen. Also ging ich auf die Suche und fand nach ewig langer Zeit eine gute Basis. Wie fast immer gilt auch hier der Spruch: &#8222;Der gr\u00f6\u00dfte Feind des Motorrads [&hellip;]<\/p>\n","protected":false},"author":1,"featured_media":0,"parent":0,"menu_order":601,"comment_status":"open","ping_status":"open","template":"","meta":{"footnotes":""},"class_list":["post-630","page","type-page","status-publish","hentry"],"_links":{"self":[{"href":"https:\/\/wernerzehe.de\/index.php?rest_route=\/wp\/v2\/pages\/630","targetHints":{"allow":["GET"]}}],"collection":[{"href":"https:\/\/wernerzehe.de\/index.php?rest_route=\/wp\/v2\/pages"}],"about":[{"href":"https:\/\/wernerzehe.de\/index.php?rest_route=\/wp\/v2\/types\/page"}],"author":[{"embeddable":true,"href":"https:\/\/wernerzehe.de\/index.php?rest_route=\/wp\/v2\/users\/1"}],"replies":[{"embeddable":true,"href":"https:\/\/wernerzehe.de\/index.php?rest_route=%2Fwp%2Fv2%2Fcomments&post=630"}],"version-history":[{"count":14,"href":"https:\/\/wernerzehe.de\/index.php?rest_route=\/wp\/v2\/pages\/630\/revisions"}],"predecessor-version":[{"id":1797,"href":"https:\/\/wernerzehe.de\/index.php?rest_route=\/wp\/v2\/pages\/630\/revisions\/1797"}],"wp:attachment":[{"href":"https:\/\/wernerzehe.de\/index.php?rest_route=%2Fwp%2Fv2%2Fmedia&parent=630"}],"curies":[{"name":"wp","href":"https:\/\/api.w.org\/{rel}","templated":true}]}}