{"id":657,"date":"2015-05-27T09:49:19","date_gmt":"2015-05-27T07:49:19","guid":{"rendered":"http:\/\/www.wernerzehe.de\/?page_id=657"},"modified":"2021-11-26T14:57:06","modified_gmt":"2021-11-26T13:57:06","slug":"vogesentour-2014","status":"publish","type":"page","link":"https:\/\/wernerzehe.de\/?page_id=657","title":{"rendered":"2014 &#8211; Vogesentour"},"content":{"rendered":"\n<p>Nach der Cot d&#8216; Azur in 2013 war f\u00fcr 2014 ein Kurztrip in die Vogesen geplant. Diesmal nur \u00fcbers lange Wochenende.<br>Als Unterkunft hatte ich mein Lieblingshotel:&nbsp;<a href=\"http:\/\/www.hotel-roess.fr\/de\/hotel-hohrodberg.php\" target=\"_blank\" rel=\"noopener\">Hotel Roess in Hohrodberg<\/a> ausgew\u00e4hlt. Die Lage ist einfach genial f\u00fcr Touren in den Vogesen. Die Preise sehr korrekt und das Essen ein Gedicht.<\/p>\n\n\n\n<div class=\"wp-block-image\"><figure class=\"aligncenter\"><a href=\"https:\/\/www.wernerzehe.de\/wp-content\/uploads\/2015\/05\/14vog01.jpg\"><img loading=\"lazy\" decoding=\"async\" width=\"225\" height=\"300\" src=\"https:\/\/www.wernerzehe.de\/wp-content\/uploads\/2015\/05\/14vog01-225x300.jpg\" alt=\"14vog01\" class=\"wp-image-658\" srcset=\"https:\/\/wernerzehe.de\/wp-content\/uploads\/2015\/05\/14vog01-225x300.jpg 225w, https:\/\/wernerzehe.de\/wp-content\/uploads\/2015\/05\/14vog01-768x1024.jpg 768w, https:\/\/wernerzehe.de\/wp-content\/uploads\/2015\/05\/14vog01.jpg 900w\" sizes=\"auto, (max-width: 225px) 100vw, 225px\" \/><\/a><\/figure><\/div>\n\n\n\n<div class=\"wp-block-image\"><figure class=\"aligncenter\"><a href=\"https:\/\/www.wernerzehe.de\/wp-content\/uploads\/2015\/05\/14vog07.jpg\"><img loading=\"lazy\" decoding=\"async\" width=\"225\" height=\"300\" src=\"https:\/\/www.wernerzehe.de\/wp-content\/uploads\/2015\/05\/14vog07-225x300.jpg\" alt=\"14vog07\" class=\"wp-image-664\" srcset=\"https:\/\/wernerzehe.de\/wp-content\/uploads\/2015\/05\/14vog07-225x300.jpg 225w, https:\/\/wernerzehe.de\/wp-content\/uploads\/2015\/05\/14vog07-768x1024.jpg 768w, https:\/\/wernerzehe.de\/wp-content\/uploads\/2015\/05\/14vog07.jpg 900w\" sizes=\"auto, (max-width: 225px) 100vw, 225px\" \/><\/a><\/figure><\/div>\n\n\n\n<p>Leider spielte das Wetter nicht so mit. Am An- und Abreisetag war es hervorragend. Strahlender Sonnenschein und warm.<\/p>\n\n\n\n<div class=\"wp-block-image\"><figure class=\"aligncenter\"><a href=\"https:\/\/www.wernerzehe.de\/wp-content\/uploads\/2015\/05\/14vog05.jpg\"><img loading=\"lazy\" decoding=\"async\" width=\"225\" height=\"300\" src=\"https:\/\/www.wernerzehe.de\/wp-content\/uploads\/2015\/05\/14vog05-225x300.jpg\" alt=\"14vog05\" class=\"wp-image-662\" srcset=\"https:\/\/wernerzehe.de\/wp-content\/uploads\/2015\/05\/14vog05-225x300.jpg 225w, https:\/\/wernerzehe.de\/wp-content\/uploads\/2015\/05\/14vog05-768x1024.jpg 768w, https:\/\/wernerzehe.de\/wp-content\/uploads\/2015\/05\/14vog05.jpg 900w\" sizes=\"auto, (max-width: 225px) 100vw, 225px\" \/><\/a><\/figure><\/div>\n\n\n\n<div class=\"wp-block-image\"><figure class=\"aligncenter\"><a href=\"https:\/\/www.wernerzehe.de\/wp-content\/uploads\/2015\/05\/14vog06.jpg\"><img loading=\"lazy\" decoding=\"async\" width=\"300\" height=\"225\" src=\"https:\/\/www.wernerzehe.de\/wp-content\/uploads\/2015\/05\/14vog06-300x225.jpg\" alt=\"14vog06\" class=\"wp-image-663\" srcset=\"https:\/\/wernerzehe.de\/wp-content\/uploads\/2015\/05\/14vog06-300x225.jpg 300w, https:\/\/wernerzehe.de\/wp-content\/uploads\/2015\/05\/14vog06-1024x768.jpg 1024w, https:\/\/wernerzehe.de\/wp-content\/uploads\/2015\/05\/14vog06-400x300.jpg 400w, https:\/\/wernerzehe.de\/wp-content\/uploads\/2015\/05\/14vog06.jpg 1200w\" sizes=\"auto, (max-width: 300px) 100vw, 300px\" \/><\/a><\/figure><\/div>\n\n\n\n<p>Dazwischen leider bitter kalt und Dauerregen. Tja so kann es in den Bergen kommen. Als wir genug vom Regen hatten, sind wir nach Mulhouse ins Schlumpfmuseum gefahren. nein da gibt es keine Schl\u00fcmpfe zu sehen, sonder eine der eindrucksvollsten Auto-Sammlungen der Welt. Sehr empfehlenswert.<\/p>\n\n\n\n<div class=\"wp-block-image\"><figure class=\"aligncenter\"><a href=\"https:\/\/www.wernerzehe.de\/wp-content\/uploads\/2015\/05\/14vog02.jpg\"><img loading=\"lazy\" decoding=\"async\" width=\"300\" height=\"225\" src=\"https:\/\/www.wernerzehe.de\/wp-content\/uploads\/2015\/05\/14vog02-300x225.jpg\" alt=\"14vog02\" class=\"wp-image-659\" srcset=\"https:\/\/wernerzehe.de\/wp-content\/uploads\/2015\/05\/14vog02-300x225.jpg 300w, https:\/\/wernerzehe.de\/wp-content\/uploads\/2015\/05\/14vog02-1024x768.jpg 1024w, https:\/\/wernerzehe.de\/wp-content\/uploads\/2015\/05\/14vog02-400x300.jpg 400w, https:\/\/wernerzehe.de\/wp-content\/uploads\/2015\/05\/14vog02.jpg 1200w\" sizes=\"auto, (max-width: 300px) 100vw, 300px\" \/><\/a><\/figure><\/div>\n\n\n\n<div class=\"wp-block-image\"><figure class=\"aligncenter\"><a href=\"https:\/\/www.wernerzehe.de\/wp-content\/uploads\/2015\/05\/14vog03.jpg\"><img loading=\"lazy\" decoding=\"async\" width=\"300\" height=\"225\" src=\"https:\/\/www.wernerzehe.de\/wp-content\/uploads\/2015\/05\/14vog03-300x225.jpg\" alt=\"14vog03\" class=\"wp-image-660\" srcset=\"https:\/\/wernerzehe.de\/wp-content\/uploads\/2015\/05\/14vog03-300x225.jpg 300w, https:\/\/wernerzehe.de\/wp-content\/uploads\/2015\/05\/14vog03-1024x768.jpg 1024w, https:\/\/wernerzehe.de\/wp-content\/uploads\/2015\/05\/14vog03-400x300.jpg 400w, https:\/\/wernerzehe.de\/wp-content\/uploads\/2015\/05\/14vog03.jpg 1200w\" sizes=\"auto, (max-width: 300px) 100vw, 300px\" \/><\/a><\/figure><\/div>\n\n\n\n<div class=\"wp-block-image\"><figure class=\"aligncenter\"><a href=\"https:\/\/www.wernerzehe.de\/wp-content\/uploads\/2015\/05\/14vog04.jpg\"><img loading=\"lazy\" decoding=\"async\" width=\"225\" height=\"300\" src=\"https:\/\/www.wernerzehe.de\/wp-content\/uploads\/2015\/05\/14vog04-225x300.jpg\" alt=\"14vog04\" class=\"wp-image-661\" srcset=\"https:\/\/wernerzehe.de\/wp-content\/uploads\/2015\/05\/14vog04-225x300.jpg 225w, https:\/\/wernerzehe.de\/wp-content\/uploads\/2015\/05\/14vog04-768x1024.jpg 768w, https:\/\/wernerzehe.de\/wp-content\/uploads\/2015\/05\/14vog04.jpg 900w\" sizes=\"auto, (max-width: 225px) 100vw, 225px\" \/><\/a><\/figure><\/div>\n","protected":false},"excerpt":{"rendered":"<p>Nach der Cot d&#8216; Azur in 2013 war f\u00fcr 2014 ein Kurztrip in die Vogesen geplant. Diesmal nur \u00fcbers lange Wochenende.Als Unterkunft hatte ich mein Lieblingshotel:&nbsp;Hotel Roess in Hohrodberg ausgew\u00e4hlt. Die Lage ist einfach genial f\u00fcr Touren in den Vogesen. Die Preise sehr korrekt und das Essen ein Gedicht. Leider spielte das Wetter nicht so [&hellip;]<\/p>\n","protected":false},"author":1,"featured_media":0,"parent":0,"menu_order":800,"comment_status":"open","ping_status":"open","template":"","meta":{"footnotes":""},"class_list":["post-657","page","type-page","status-publish","hentry"],"_links":{"self":[{"href":"https:\/\/wernerzehe.de\/index.php?rest_route=\/wp\/v2\/pages\/657","targetHints":{"allow":["GET"]}}],"collection":[{"href":"https:\/\/wernerzehe.de\/index.php?rest_route=\/wp\/v2\/pages"}],"about":[{"href":"https:\/\/wernerzehe.de\/index.php?rest_route=\/wp\/v2\/types\/page"}],"author":[{"embeddable":true,"href":"https:\/\/wernerzehe.de\/index.php?rest_route=\/wp\/v2\/users\/1"}],"replies":[{"embeddable":true,"href":"https:\/\/wernerzehe.de\/index.php?rest_route=%2Fwp%2Fv2%2Fcomments&post=657"}],"version-history":[{"count":2,"href":"https:\/\/wernerzehe.de\/index.php?rest_route=\/wp\/v2\/pages\/657\/revisions"}],"predecessor-version":[{"id":1045,"href":"https:\/\/wernerzehe.de\/index.php?rest_route=\/wp\/v2\/pages\/657\/revisions\/1045"}],"wp:attachment":[{"href":"https:\/\/wernerzehe.de\/index.php?rest_route=%2Fwp%2Fv2%2Fmedia&parent=657"}],"curies":[{"name":"wp","href":"https:\/\/api.w.org\/{rel}","templated":true}]}}