{"id":762,"date":"2016-01-17T18:04:47","date_gmt":"2016-01-17T16:04:47","guid":{"rendered":"http:\/\/www.wernerzehe.de\/?page_id=762"},"modified":"2021-11-26T09:41:13","modified_gmt":"2021-11-26T08:41:13","slug":"audi-a3-8v-cabrio","status":"publish","type":"page","link":"https:\/\/wernerzehe.de\/?page_id=762","title":{"rendered":"AUDI A3 8V Cabrio"},"content":{"rendered":"<p>Wie bei mir so \u00fcblich, hat es nicht lange gedauert, bis der TT einen Nachfolger bekommen hat. Diesmal wieder ein Cabrio, da ich leider R\u00fccksicht auf meine Bandscheibe nehmen musste. Es wurde ein A3, 8V von 2015. 1,8 TFSI Quattro, S-Tronic.<\/p>\n<p><a href=\"https:\/\/www.wernerzehe.de\/wp-content\/uploads\/2016\/01\/a3-1501.jpg\" rel=\"attachment wp-att-764\"><img loading=\"lazy\" decoding=\"async\" src=\"https:\/\/www.wernerzehe.de\/wp-content\/uploads\/2016\/01\/a3-1501-300x225.jpg\" alt=\"a3-1501\" width=\"300\" height=\"225\" class=\"aligncenter size-medium wp-image-764\" srcset=\"https:\/\/wernerzehe.de\/wp-content\/uploads\/2016\/01\/a3-1501-300x225.jpg 300w, https:\/\/wernerzehe.de\/wp-content\/uploads\/2016\/01\/a3-1501-768x576.jpg 768w, https:\/\/wernerzehe.de\/wp-content\/uploads\/2016\/01\/a3-1501-1024x768.jpg 1024w, https:\/\/wernerzehe.de\/wp-content\/uploads\/2016\/01\/a3-1501-400x300.jpg 400w\" sizes=\"auto, (max-width: 300px) 100vw, 300px\" \/><\/a><\/p>\n<p><a href=\"https:\/\/www.wernerzehe.de\/wp-content\/uploads\/2016\/01\/a3-1502.jpg\" rel=\"attachment wp-att-765\"><img loading=\"lazy\" decoding=\"async\" src=\"https:\/\/www.wernerzehe.de\/wp-content\/uploads\/2016\/01\/a3-1502-300x225.jpg\" alt=\"a3-1502\" width=\"300\" height=\"225\" class=\"aligncenter size-medium wp-image-765\" srcset=\"https:\/\/wernerzehe.de\/wp-content\/uploads\/2016\/01\/a3-1502-300x225.jpg 300w, https:\/\/wernerzehe.de\/wp-content\/uploads\/2016\/01\/a3-1502-768x576.jpg 768w, https:\/\/wernerzehe.de\/wp-content\/uploads\/2016\/01\/a3-1502-1024x768.jpg 1024w, https:\/\/wernerzehe.de\/wp-content\/uploads\/2016\/01\/a3-1502-400x300.jpg 400w\" sizes=\"auto, (max-width: 300px) 100vw, 300px\" \/><\/a><\/p>\n<p><a href=\"https:\/\/www.wernerzehe.de\/wp-content\/uploads\/2016\/01\/a3-1503.jpg\" rel=\"attachment wp-att-763\"><img loading=\"lazy\" decoding=\"async\" src=\"https:\/\/www.wernerzehe.de\/wp-content\/uploads\/2016\/01\/a3-1503-300x225.jpg\" alt=\"a3-1503\" width=\"300\" height=\"225\" class=\"aligncenter size-medium wp-image-763\" srcset=\"https:\/\/wernerzehe.de\/wp-content\/uploads\/2016\/01\/a3-1503-300x225.jpg 300w, https:\/\/wernerzehe.de\/wp-content\/uploads\/2016\/01\/a3-1503-768x576.jpg 768w, https:\/\/wernerzehe.de\/wp-content\/uploads\/2016\/01\/a3-1503-1024x768.jpg 1024w, https:\/\/wernerzehe.de\/wp-content\/uploads\/2016\/01\/a3-1503-400x300.jpg 400w\" sizes=\"auto, (max-width: 300px) 100vw, 300px\" \/><\/a><\/p>\n<p>Einige Umbauten stehen schon auf dem Programm. Nichts wildes, da er schon gut ausgestattet ist, aber wie immer sind einige Kleinigkeiten zu machen. \ud83d\ude42 Ist nat\u00fcrlich ein ganz anderes fahren wie der TT. Lange nicht so spritzig, daf\u00fcr dank Quattro auch bei N\u00e4sse keine Lenkeinfl\u00fcsse an den Vorderr\u00e4dern und die h\u00f6here Sitzposition in Verbindung mit Automatik, sollte meine Bandscheibe erfreuen.<\/p>\n<p>Daf\u00fcr ist deutlich mehr Platz f\u00fcr unser Urlaubsgep\u00e4ck und dank AHK k\u00f6nnte man sogar die Fahrr\u00e4der in den Urlaub mitnehmen. <\/p>\n<p>Das Osterwochenende f\u00fcr eine kleine Tour genutzt. Nat\u00fcrlich in die Vogesen. War nett aber noch etwas frisch.<br>\n<a href=\"https:\/\/www.wernerzehe.de\/wp-content\/uploads\/2016\/01\/IMG_4566.jpg\" rel=\"attachment wp-att-793\"><img loading=\"lazy\" decoding=\"async\" src=\"https:\/\/www.wernerzehe.de\/wp-content\/uploads\/2016\/01\/IMG_4566-300x225.jpg\" alt=\"IMG_4566\" width=\"300\" height=\"225\" class=\"aligncenter size-medium wp-image-793\" srcset=\"https:\/\/wernerzehe.de\/wp-content\/uploads\/2016\/01\/IMG_4566-300x225.jpg 300w, https:\/\/wernerzehe.de\/wp-content\/uploads\/2016\/01\/IMG_4566-768x576.jpg 768w, https:\/\/wernerzehe.de\/wp-content\/uploads\/2016\/01\/IMG_4566-1024x768.jpg 1024w, https:\/\/wernerzehe.de\/wp-content\/uploads\/2016\/01\/IMG_4566-400x300.jpg 400w\" sizes=\"auto, (max-width: 300px) 100vw, 300px\" \/><\/a><\/p>\n<p><a href=\"https:\/\/www.wernerzehe.de\/wp-content\/uploads\/2016\/01\/IMG_4562.jpg\" rel=\"attachment wp-att-794\"><img loading=\"lazy\" decoding=\"async\" src=\"https:\/\/www.wernerzehe.de\/wp-content\/uploads\/2016\/01\/IMG_4562-300x225.jpg\" alt=\"IMG_4562\" width=\"300\" height=\"225\" class=\"aligncenter size-medium wp-image-794\" srcset=\"https:\/\/wernerzehe.de\/wp-content\/uploads\/2016\/01\/IMG_4562-300x225.jpg 300w, https:\/\/wernerzehe.de\/wp-content\/uploads\/2016\/01\/IMG_4562-768x576.jpg 768w, https:\/\/wernerzehe.de\/wp-content\/uploads\/2016\/01\/IMG_4562-1024x768.jpg 1024w, https:\/\/wernerzehe.de\/wp-content\/uploads\/2016\/01\/IMG_4562-400x300.jpg 400w\" sizes=\"auto, (max-width: 300px) 100vw, 300px\" \/><\/a><\/p>\n<p><a href=\"https:\/\/www.wernerzehe.de\/wp-content\/uploads\/2016\/01\/IMG_4563.jpg\" rel=\"attachment wp-att-795\"><img loading=\"lazy\" decoding=\"async\" src=\"https:\/\/www.wernerzehe.de\/wp-content\/uploads\/2016\/01\/IMG_4563-300x225.jpg\" alt=\"IMG_4563\" width=\"300\" height=\"225\" class=\"aligncenter size-medium wp-image-795\" srcset=\"https:\/\/wernerzehe.de\/wp-content\/uploads\/2016\/01\/IMG_4563-300x225.jpg 300w, https:\/\/wernerzehe.de\/wp-content\/uploads\/2016\/01\/IMG_4563-768x576.jpg 768w, https:\/\/wernerzehe.de\/wp-content\/uploads\/2016\/01\/IMG_4563-1024x768.jpg 1024w, https:\/\/wernerzehe.de\/wp-content\/uploads\/2016\/01\/IMG_4563-400x300.jpg 400w\" sizes=\"auto, (max-width: 300px) 100vw, 300px\" \/><\/a><\/p>\n\n\n<p>Wir schreiben das Jahr 2021 und es gibt nicht viel neues zu berichten. Wir sind immer noch sehr viel mit dem A3 unterwegs. Au\u00dfer der Nachr\u00fcstung der originalen R\u00fcckfahrkamera, gab es auch keine Ver\u00e4nderungen. Warum auch, ist ja alles einwandfrei. <\/p>\n\n\n\n<p>Die R\u00fcckfahrkamera war aber auch wirklich eine hervorragende Investition. Gerade wenn das Dach geschlossen ist, ist die Sicht nach Hinten doch sehr eingeschr\u00e4nkt. Ist bei dem A3 und sicher auch bei vielen anderen Cabrios, eigentlich ein Muss, wenn man nicht nur zur Eisdiele f\u00e4hrt.<\/p>\n","protected":false},"excerpt":{"rendered":"<p>Wie bei mir so \u00fcblich, hat es nicht lange gedauert, bis der TT einen Nachfolger bekommen hat. Diesmal wieder ein Cabrio, da ich leider R\u00fccksicht auf meine Bandscheibe nehmen musste. Es wurde ein A3, 8V von 2015. 1,8 TFSI Quattro, S-Tronic. Einige Umbauten stehen schon auf dem Programm. Nichts wildes, da er schon gut ausgestattet [&hellip;]<\/p>\n","protected":false},"author":1,"featured_media":0,"parent":0,"menu_order":0,"comment_status":"closed","ping_status":"closed","template":"","meta":{"footnotes":""},"class_list":["post-762","page","type-page","status-publish","hentry"],"_links":{"self":[{"href":"https:\/\/wernerzehe.de\/index.php?rest_route=\/wp\/v2\/pages\/762","targetHints":{"allow":["GET"]}}],"collection":[{"href":"https:\/\/wernerzehe.de\/index.php?rest_route=\/wp\/v2\/pages"}],"about":[{"href":"https:\/\/wernerzehe.de\/index.php?rest_route=\/wp\/v2\/types\/page"}],"author":[{"embeddable":true,"href":"https:\/\/wernerzehe.de\/index.php?rest_route=\/wp\/v2\/users\/1"}],"replies":[{"embeddable":true,"href":"https:\/\/wernerzehe.de\/index.php?rest_route=%2Fwp%2Fv2%2Fcomments&post=762"}],"version-history":[{"count":5,"href":"https:\/\/wernerzehe.de\/index.php?rest_route=\/wp\/v2\/pages\/762\/revisions"}],"predecessor-version":[{"id":978,"href":"https:\/\/wernerzehe.de\/index.php?rest_route=\/wp\/v2\/pages\/762\/revisions\/978"}],"wp:attachment":[{"href":"https:\/\/wernerzehe.de\/index.php?rest_route=%2Fwp%2Fv2%2Fmedia&parent=762"}],"curies":[{"name":"wp","href":"https:\/\/api.w.org\/{rel}","templated":true}]}}