{"id":811,"date":"2016-05-09T11:53:05","date_gmt":"2016-05-09T09:53:05","guid":{"rendered":"http:\/\/www.wernerzehe.de\/?page_id=811"},"modified":"2016-05-09T11:53:05","modified_gmt":"2016-05-09T09:53:05","slug":"zephyr-750-d","status":"publish","type":"page","link":"https:\/\/wernerzehe.de\/?page_id=811","title":{"rendered":"Zephyr 750 D"},"content":{"rendered":"<p>Knapp ein Jahr war diese Sch\u00f6nheit in meinem Besitz, bevor meine Bandscheibenprobleme mich zwangen komplett auf Maschinen mit eine f\u00fcr meine Gr\u00f6\u00dfe passende Sitzposition umzusteigen. Die Trennung fiel mir nicht leicht, da ich das D-Modell immer noch f\u00fcr eines der sch\u00f6nsten Motorr\u00e4der \u00fcberhaupt halte.<\/p>\n<p><a href=\"https:\/\/www.wernerzehe.de\/wp-content\/uploads\/2016\/05\/IMG_4674.jpg\"><img loading=\"lazy\" decoding=\"async\" class=\"alignnone size-medium wp-image-812\" src=\"https:\/\/www.wernerzehe.de\/wp-content\/uploads\/2016\/05\/IMG_4674-300x225.jpg\" alt=\"IMG_4674\" width=\"300\" height=\"225\" srcset=\"https:\/\/wernerzehe.de\/wp-content\/uploads\/2016\/05\/IMG_4674-300x225.jpg 300w, https:\/\/wernerzehe.de\/wp-content\/uploads\/2016\/05\/IMG_4674-768x576.jpg 768w, https:\/\/wernerzehe.de\/wp-content\/uploads\/2016\/05\/IMG_4674-1024x768.jpg 1024w, https:\/\/wernerzehe.de\/wp-content\/uploads\/2016\/05\/IMG_4674-400x300.jpg 400w\" sizes=\"auto, (max-width: 300px) 100vw, 300px\" \/><\/a><\/p>\n<p>War ein echtes Schmuckst\u00fcck das Teil. Fast alle Teile poliert oder verchromt, ich hatte sehr viel Geld in die gro\u00dfe Inspektion gesteckt und dann der Verkauf.\u00a0\ud83d\ude41<\/p>\n","protected":false},"excerpt":{"rendered":"<p>Knapp ein Jahr war diese Sch\u00f6nheit in meinem Besitz, bevor meine Bandscheibenprobleme mich zwangen komplett auf Maschinen mit eine f\u00fcr meine Gr\u00f6\u00dfe passende Sitzposition umzusteigen. Die Trennung fiel mir nicht leicht, da ich das D-Modell immer noch f\u00fcr eines der sch\u00f6nsten Motorr\u00e4der \u00fcberhaupt halte. War ein echtes Schmuckst\u00fcck das Teil. Fast alle Teile poliert oder [&hellip;]<\/p>\n","protected":false},"author":2,"featured_media":0,"parent":0,"menu_order":0,"comment_status":"closed","ping_status":"closed","template":"","meta":{"footnotes":""},"class_list":["post-811","page","type-page","status-publish","hentry"],"_links":{"self":[{"href":"https:\/\/wernerzehe.de\/index.php?rest_route=\/wp\/v2\/pages\/811","targetHints":{"allow":["GET"]}}],"collection":[{"href":"https:\/\/wernerzehe.de\/index.php?rest_route=\/wp\/v2\/pages"}],"about":[{"href":"https:\/\/wernerzehe.de\/index.php?rest_route=\/wp\/v2\/types\/page"}],"author":[{"embeddable":true,"href":"https:\/\/wernerzehe.de\/index.php?rest_route=\/wp\/v2\/users\/2"}],"replies":[{"embeddable":true,"href":"https:\/\/wernerzehe.de\/index.php?rest_route=%2Fwp%2Fv2%2Fcomments&post=811"}],"version-history":[{"count":1,"href":"https:\/\/wernerzehe.de\/index.php?rest_route=\/wp\/v2\/pages\/811\/revisions"}],"predecessor-version":[{"id":814,"href":"https:\/\/wernerzehe.de\/index.php?rest_route=\/wp\/v2\/pages\/811\/revisions\/814"}],"wp:attachment":[{"href":"https:\/\/wernerzehe.de\/index.php?rest_route=%2Fwp%2Fv2%2Fmedia&parent=811"}],"curies":[{"name":"wp","href":"https:\/\/api.w.org\/{rel}","templated":true}]}}