{"id":817,"date":"2016-05-15T18:40:01","date_gmt":"2016-05-15T16:40:01","guid":{"rendered":"http:\/\/www.wernerzehe.de\/?page_id=817"},"modified":"2021-11-28T10:36:55","modified_gmt":"2021-11-28T09:36:55","slug":"tiger-800-xrx","status":"publish","type":"page","link":"https:\/\/wernerzehe.de\/?page_id=817","title":{"rendered":"Tiger 800 XRX"},"content":{"rendered":"\n<p>So ich habe es getan. Nach der Z750 aus 2004, mein erstes Moped mit Einspritzer und Elektronik, kommt es jetzt richtig Dicke.<br>Aufgrund meiner gesundheitlichen Probleme musste ich mich leider umorientieren was meinen Fahrzeugbestand angeht. Ist mir nicht leicht gefallen meine Zephyrs zu verkaufen, aber wat mut dat mut.<\/p>\n\n\n\n<p>Daher war klar es muss eine Reiseenduro werden. Aber nicht zu fett und trotzdem einen ordentlichen Motor. Leistung sollte so um die 100 PS liegen. Da BMW nicht so mein Ding ist, blieb eigentlich nur eine Triumph. Nachdem ich einige Zeit auf der Suche nach einer \u00e4lteren Maschine war, bin ich nach einer Probefahrt bei einer Tiger 800 h\u00e4ngen geblieben. Und so wurde es das aktuelle Modell (Baujahr 2015) mit allem drum und dran, ride by wire, Tempomat, ABS, und son Zeug. Eigentlich habe ich als Selbstschrauber eigentlich immer einen Bogen um solche Elektronikkisten gemacht, aber jetzt ist es so, mal abwarten \ud83d\ude09<\/p>\n\n\n\n<div class=\"wp-block-image\"><figure class=\"aligncenter\"><a href=\"https:\/\/www.wernerzehe.de\/wp-content\/uploads\/2016\/05\/0416tiger01.jpg\"><img loading=\"lazy\" decoding=\"async\" width=\"300\" height=\"300\" src=\"https:\/\/www.wernerzehe.de\/wp-content\/uploads\/2016\/05\/0416tiger01-300x300.jpg\" alt=\"0416tiger01\" class=\"wp-image-818\" srcset=\"https:\/\/wernerzehe.de\/wp-content\/uploads\/2016\/05\/0416tiger01-300x300.jpg 300w, https:\/\/wernerzehe.de\/wp-content\/uploads\/2016\/05\/0416tiger01-150x150.jpg 150w, https:\/\/wernerzehe.de\/wp-content\/uploads\/2016\/05\/0416tiger01-768x768.jpg 768w, https:\/\/wernerzehe.de\/wp-content\/uploads\/2016\/05\/0416tiger01-1024x1024.jpg 1024w, https:\/\/wernerzehe.de\/wp-content\/uploads\/2016\/05\/0416tiger01.jpg 1043w\" sizes=\"auto, (max-width: 300px) 100vw, 300px\" \/><\/a><\/figure><\/div>\n\n\n\n<p>nat\u00fcrlich habe ich mich auch gleich mal im Tiger Forum angemeldet und inzwischen bin ich der Admin vom Tigerhome: <a href=\"https:\/\/tigerhome.de\/\" target=\"_blank\" rel=\"noreferrer noopener\">https:\/\/tigerhome.de\/<\/a><\/p>\n\n\n\n<p>Die ersten Ausfahrten habe ich schon hinter mir, macht richtig Spa\u00df die Kiste. Aber ich w\u00e4re nicht ich, wenn ich nicht schon angefangen h\u00e4tte umzubauen.<\/p>\n\n\n\n<p>Als erstes kam das Monster von Scheibe ab. Die Luftverwirbelungen sind f\u00fcr mich unertr\u00e4glich. Es kanm eine kleine Scheibe dran, die aber auch noch nicht der Weisheit letzter Schluss ist. Dazu die Riser der XC, damit ich aufrechter sitze und eine aufgepolsterte Sitzbank um den Kniewinkel zu optimieren. Die XRX hat zwar schon die Komfort-Sitzbank drauf, aber die war mir zu weich. Man sitzt wie in einer Kuhle, das bin ich nicht gewohnt und daher ist die Neue schon deutlich besser.<\/p>\n\n\n\n<p>Damit ich bei kleinen Touren was habe wo ich mein Zeugs verstauen kann, wollte ich auch wieder mein Topcase dran bauen. Die Tiger hat zwar so eine Art Gep\u00e4cktr\u00e4ger, aber das ist nur ne Plastikplatte. Und daher muss man da noch was extra kaufen oder bauen. Ich habe mich nat\u00fcrlich f\u00fcr letzteres entschieden \ud83d\ude09<\/p>\n\n\n\n<div class=\"wp-block-image\"><figure class=\"aligncenter\"><a href=\"https:\/\/www.wernerzehe.de\/wp-content\/uploads\/2016\/05\/IMG_4780-e1463329495712.jpg\"><img loading=\"lazy\" decoding=\"async\" width=\"225\" height=\"300\" src=\"https:\/\/www.wernerzehe.de\/wp-content\/uploads\/2016\/05\/IMG_4780-e1463329495712-225x300.jpg\" alt=\"IMG_4780\" class=\"wp-image-819\" srcset=\"https:\/\/wernerzehe.de\/wp-content\/uploads\/2016\/05\/IMG_4780-e1463329495712-225x300.jpg 225w, https:\/\/wernerzehe.de\/wp-content\/uploads\/2016\/05\/IMG_4780-e1463329495712-768x1024.jpg 768w\" sizes=\"auto, (max-width: 225px) 100vw, 225px\" \/><\/a><\/figure><\/div>\n\n\n\n<p>Ich habe die Original Befestigungsschrauben der Abdeckung entfernt und 20mm Distanzen besorgt.<br><\/p>\n\n\n\n<div class=\"wp-block-image\"><figure class=\"aligncenter\"><a href=\"https:\/\/www.wernerzehe.de\/wp-content\/uploads\/2016\/05\/IMG_4785.jpg\"><img loading=\"lazy\" decoding=\"async\" width=\"300\" height=\"225\" src=\"https:\/\/www.wernerzehe.de\/wp-content\/uploads\/2016\/05\/IMG_4785-300x225.jpg\" alt=\"IMG_4785\" class=\"wp-image-820\" srcset=\"https:\/\/wernerzehe.de\/wp-content\/uploads\/2016\/05\/IMG_4785-300x225.jpg 300w, https:\/\/wernerzehe.de\/wp-content\/uploads\/2016\/05\/IMG_4785-768x576.jpg 768w, https:\/\/wernerzehe.de\/wp-content\/uploads\/2016\/05\/IMG_4785-1024x768.jpg 1024w, https:\/\/wernerzehe.de\/wp-content\/uploads\/2016\/05\/IMG_4785-400x300.jpg 400w\" sizes=\"auto, (max-width: 300px) 100vw, 300px\" \/><\/a><\/figure><\/div>\n\n\n\n<p>Eine Aluplatte ca. 24 x 24cm, 5mm stark, zurecht geschnitten und die 4 L\u00f6cher f\u00fcr die Halterung rein gebohrt.<br>Dazu kamen noch 4 L\u00f6cher f\u00fcr die Befestigung der Topcase Grundplatte. Da ich die Platte m\u00f6glichst niedrig haben wollte, war klar, dass ich von unten nicht mehr dran komme zum kontern, daher habe ich Nietmuttern in die Aluplatte eingezogen.<br><\/p>\n\n\n\n<div class=\"wp-block-image\"><figure class=\"aligncenter\"><a href=\"https:\/\/www.wernerzehe.de\/wp-content\/uploads\/2016\/05\/IMG_4789.jpg\"><img loading=\"lazy\" decoding=\"async\" width=\"300\" height=\"225\" src=\"https:\/\/www.wernerzehe.de\/wp-content\/uploads\/2016\/05\/IMG_4789-300x225.jpg\" alt=\"IMG_4789\" class=\"wp-image-821\" srcset=\"https:\/\/wernerzehe.de\/wp-content\/uploads\/2016\/05\/IMG_4789-300x225.jpg 300w, https:\/\/wernerzehe.de\/wp-content\/uploads\/2016\/05\/IMG_4789-768x576.jpg 768w, https:\/\/wernerzehe.de\/wp-content\/uploads\/2016\/05\/IMG_4789-1024x768.jpg 1024w, https:\/\/wernerzehe.de\/wp-content\/uploads\/2016\/05\/IMG_4789-400x300.jpg 400w\" sizes=\"auto, (max-width: 300px) 100vw, 300px\" \/><\/a><\/figure><\/div>\n\n\n\n<div class=\"wp-block-image\"><figure class=\"aligncenter\"><a href=\"https:\/\/www.wernerzehe.de\/wp-content\/uploads\/2016\/05\/IMG_4787.jpg\"><img loading=\"lazy\" decoding=\"async\" width=\"300\" height=\"225\" src=\"https:\/\/www.wernerzehe.de\/wp-content\/uploads\/2016\/05\/IMG_4787-300x225.jpg\" alt=\"IMG_4787\" class=\"wp-image-822\" srcset=\"https:\/\/wernerzehe.de\/wp-content\/uploads\/2016\/05\/IMG_4787-300x225.jpg 300w, https:\/\/wernerzehe.de\/wp-content\/uploads\/2016\/05\/IMG_4787-768x576.jpg 768w, https:\/\/wernerzehe.de\/wp-content\/uploads\/2016\/05\/IMG_4787-1024x768.jpg 1024w, https:\/\/wernerzehe.de\/wp-content\/uploads\/2016\/05\/IMG_4787-400x300.jpg 400w\" sizes=\"auto, (max-width: 300px) 100vw, 300px\" \/><\/a><\/figure><\/div>\n\n\n\n<p>Ich finde eine gute L\u00f6sung, nicht zu hoch, nicht zu weit hinten.<br><\/p>\n\n\n\n<p>Stand 06\/2016:<br>Und weiter geht es mit der Umbauerei \ud83d\ude09<br>\u00dcbers Forum bin ich zu einem fairen Kurs an eine Hinterradabdeckung, einen besseren Motorschutz und, was mich ganz besonders interessiert ein Wilbers Federbein gekommen. Alles gleich mal angebaut, ich war \u00fcberrascht wie problemlos alles ging. Wie man auf den Bildern sieht, sind inzwischen auch schon Sturzb\u00fcgel dazu und Aufkleber ab gekommen.<\/p>\n\n\n\n<p>ich bin froh wenn das Mistwetter endlich rum ist, und ich endlich das Wilbers Federbein erfahren kann. Wobei ich nur auf die n\u00e4chste 20% Aktion warte, dann kommen die Wilbers auch vorne rein um der Gabel mal noch etwas Manieren beizubringen.<\/p>\n\n\n\n<div class=\"wp-block-image\"><figure class=\"aligncenter\"><a href=\"https:\/\/www.wernerzehe.de\/wp-content\/uploads\/2016\/05\/IMG_4860.jpg\"><img loading=\"lazy\" decoding=\"async\" width=\"300\" height=\"225\" src=\"https:\/\/www.wernerzehe.de\/wp-content\/uploads\/2016\/05\/IMG_4860-300x225.jpg\" alt=\"IMG_4860\" class=\"wp-image-829\" srcset=\"https:\/\/wernerzehe.de\/wp-content\/uploads\/2016\/05\/IMG_4860-300x225.jpg 300w, https:\/\/wernerzehe.de\/wp-content\/uploads\/2016\/05\/IMG_4860-768x576.jpg 768w, https:\/\/wernerzehe.de\/wp-content\/uploads\/2016\/05\/IMG_4860-1024x768.jpg 1024w, https:\/\/wernerzehe.de\/wp-content\/uploads\/2016\/05\/IMG_4860-400x300.jpg 400w\" sizes=\"auto, (max-width: 300px) 100vw, 300px\" \/><\/a><\/figure><\/div>\n\n\n\n<div class=\"wp-block-image\"><figure class=\"aligncenter\"><a href=\"https:\/\/www.wernerzehe.de\/wp-content\/uploads\/2016\/05\/IMG_4861-e1464970044187.jpg\"><img loading=\"lazy\" decoding=\"async\" width=\"225\" height=\"300\" src=\"https:\/\/www.wernerzehe.de\/wp-content\/uploads\/2016\/05\/IMG_4861-e1464970044187-225x300.jpg\" alt=\"IMG_4861\" class=\"wp-image-830\" srcset=\"https:\/\/wernerzehe.de\/wp-content\/uploads\/2016\/05\/IMG_4861-e1464970044187-225x300.jpg 225w, https:\/\/wernerzehe.de\/wp-content\/uploads\/2016\/05\/IMG_4861-e1464970044187-768x1024.jpg 768w\" sizes=\"auto, (max-width: 225px) 100vw, 225px\" \/><\/a><\/figure><\/div>\n\n\n\n<div class=\"wp-block-image\"><figure class=\"aligncenter\"><a href=\"https:\/\/www.wernerzehe.de\/wp-content\/uploads\/2016\/05\/IMG_4862.jpg\"><img loading=\"lazy\" decoding=\"async\" width=\"300\" height=\"225\" src=\"https:\/\/www.wernerzehe.de\/wp-content\/uploads\/2016\/05\/IMG_4862-300x225.jpg\" alt=\"IMG_4862\" class=\"wp-image-831\" srcset=\"https:\/\/wernerzehe.de\/wp-content\/uploads\/2016\/05\/IMG_4862-300x225.jpg 300w, https:\/\/wernerzehe.de\/wp-content\/uploads\/2016\/05\/IMG_4862-768x576.jpg 768w, https:\/\/wernerzehe.de\/wp-content\/uploads\/2016\/05\/IMG_4862-1024x768.jpg 1024w, https:\/\/wernerzehe.de\/wp-content\/uploads\/2016\/05\/IMG_4862-400x300.jpg 400w\" sizes=\"auto, (max-width: 300px) 100vw, 300px\" \/><\/a><\/figure><\/div>\n\n\n\n<p>Stand 07\/2016<br>Und weiter gehen die Modifikationen \ud83d\ude09<br>Habe g\u00fcnstig ein Givi Trekker Outback Topcase bekommen. Inkl. Aluminium Halteplatte, die zwar nicht f\u00fcr die Tiger gedacht ist, aber was nicht passt wird passend gemacht. Nach den Anpassungsarbeiten wurde es mattschwarz lackiert. Passt.<\/p>\n\n\n\n<div class=\"wp-block-image\"><figure class=\"aligncenter\"><a href=\"https:\/\/www.wernerzehe.de\/wp-content\/uploads\/2016\/05\/IMG_5218.jpg\"><img loading=\"lazy\" decoding=\"async\" width=\"300\" height=\"225\" src=\"https:\/\/www.wernerzehe.de\/wp-content\/uploads\/2016\/05\/IMG_5218-300x225.jpg\" alt=\"IMG_5218\" class=\"wp-image-836\" srcset=\"https:\/\/wernerzehe.de\/wp-content\/uploads\/2016\/05\/IMG_5218-300x225.jpg 300w, https:\/\/wernerzehe.de\/wp-content\/uploads\/2016\/05\/IMG_5218-768x576.jpg 768w, https:\/\/wernerzehe.de\/wp-content\/uploads\/2016\/05\/IMG_5218-1024x768.jpg 1024w, https:\/\/wernerzehe.de\/wp-content\/uploads\/2016\/05\/IMG_5218-400x300.jpg 400w\" sizes=\"auto, (max-width: 300px) 100vw, 300px\" \/><\/a><\/figure><\/div>\n\n\n\n<div class=\"wp-block-image\"><figure class=\"aligncenter\"><a href=\"https:\/\/www.wernerzehe.de\/wp-content\/uploads\/2016\/05\/IMG_5219.jpg\"><img loading=\"lazy\" decoding=\"async\" width=\"300\" height=\"225\" src=\"https:\/\/www.wernerzehe.de\/wp-content\/uploads\/2016\/05\/IMG_5219-300x225.jpg\" alt=\"IMG_5219\" class=\"wp-image-837\" srcset=\"https:\/\/wernerzehe.de\/wp-content\/uploads\/2016\/05\/IMG_5219-300x225.jpg 300w, https:\/\/wernerzehe.de\/wp-content\/uploads\/2016\/05\/IMG_5219-768x576.jpg 768w, https:\/\/wernerzehe.de\/wp-content\/uploads\/2016\/05\/IMG_5219-1024x768.jpg 1024w, https:\/\/wernerzehe.de\/wp-content\/uploads\/2016\/05\/IMG_5219-400x300.jpg 400w\" sizes=\"auto, (max-width: 300px) 100vw, 300px\" \/><\/a><\/figure><\/div>\n\n\n\n<div class=\"wp-block-image\"><figure class=\"aligncenter\"><a href=\"https:\/\/www.wernerzehe.de\/wp-content\/uploads\/2016\/05\/IMG_5220.jpg\"><img loading=\"lazy\" decoding=\"async\" width=\"225\" height=\"300\" src=\"https:\/\/www.wernerzehe.de\/wp-content\/uploads\/2016\/05\/IMG_5220-225x300.jpg\" alt=\"IMG_5220\" class=\"wp-image-835\" srcset=\"https:\/\/wernerzehe.de\/wp-content\/uploads\/2016\/05\/IMG_5220-225x300.jpg 225w, https:\/\/wernerzehe.de\/wp-content\/uploads\/2016\/05\/IMG_5220-768x1024.jpg 768w\" sizes=\"auto, (max-width: 225px) 100vw, 225px\" \/><\/a><\/figure><\/div>\n\n\n\n<p>Auch das Windschild habe ich mal wieder modifiziert. Habe ein Zubeh\u00f6rwindschild bei Ebay geschossen, auf das passende Ma\u00df zurecht geschnitten und lackiert (klar schwarz matt). Jetzt passt es mit den Verwirbelungen. Die sind n\u00e4mlich weg. Klar ist auch der Windschutz weg, aber den hatte ich bei meinen naked bikes auch nie. Nur die Harten kommen in den Garten.<\/p>\n\n\n\n<div class=\"wp-block-image\"><figure class=\"aligncenter\"><a href=\"https:\/\/www.wernerzehe.de\/wp-content\/uploads\/2016\/05\/IMG_5217.jpg\"><img loading=\"lazy\" decoding=\"async\" width=\"300\" height=\"225\" src=\"https:\/\/www.wernerzehe.de\/wp-content\/uploads\/2016\/05\/IMG_5217-300x225.jpg\" alt=\"IMG_5217\" class=\"wp-image-838\" srcset=\"https:\/\/wernerzehe.de\/wp-content\/uploads\/2016\/05\/IMG_5217-300x225.jpg 300w, https:\/\/wernerzehe.de\/wp-content\/uploads\/2016\/05\/IMG_5217-768x576.jpg 768w, https:\/\/wernerzehe.de\/wp-content\/uploads\/2016\/05\/IMG_5217-1024x768.jpg 1024w, https:\/\/wernerzehe.de\/wp-content\/uploads\/2016\/05\/IMG_5217-400x300.jpg 400w\" sizes=\"auto, (max-width: 300px) 100vw, 300px\" \/><\/a><\/figure><\/div>\n\n\n\n<p>So heute mal die Maschine ordentlich geputzt und poliert. Sieht doch gleich ganz anders aus \ud83d\ude09<\/p>\n\n\n\n<figure class=\"wp-block-image\"><a href=\"https:\/\/www.wernerzehe.de\/wp-content\/uploads\/2016\/05\/IMG_5226-e1470040611745.jpg\"><img loading=\"lazy\" decoding=\"async\" width=\"225\" height=\"300\" src=\"https:\/\/www.wernerzehe.de\/wp-content\/uploads\/2016\/05\/IMG_5226-e1470040611745-225x300.jpg\" alt=\"IMG_5226\" class=\"wp-image-843\" srcset=\"https:\/\/wernerzehe.de\/wp-content\/uploads\/2016\/05\/IMG_5226-e1470040611745-225x300.jpg 225w, https:\/\/wernerzehe.de\/wp-content\/uploads\/2016\/05\/IMG_5226-e1470040611745-768x1024.jpg 768w\" sizes=\"auto, (max-width: 225px) 100vw, 225px\" \/><\/a><\/figure>\n\n\n\n<figure class=\"wp-block-image\"><a href=\"https:\/\/www.wernerzehe.de\/wp-content\/uploads\/2016\/05\/IMG_5230.jpg\"><img loading=\"lazy\" decoding=\"async\" width=\"300\" height=\"225\" src=\"https:\/\/www.wernerzehe.de\/wp-content\/uploads\/2016\/05\/IMG_5230-300x225.jpg\" alt=\"IMG_5230\" class=\"wp-image-845\" srcset=\"https:\/\/wernerzehe.de\/wp-content\/uploads\/2016\/05\/IMG_5230-300x225.jpg 300w, https:\/\/wernerzehe.de\/wp-content\/uploads\/2016\/05\/IMG_5230-768x576.jpg 768w, https:\/\/wernerzehe.de\/wp-content\/uploads\/2016\/05\/IMG_5230-1024x768.jpg 1024w, https:\/\/wernerzehe.de\/wp-content\/uploads\/2016\/05\/IMG_5230-400x300.jpg 400w\" sizes=\"auto, (max-width: 300px) 100vw, 300px\" \/><\/a><\/figure>\n\n\n\n<figure class=\"wp-block-image\"><a href=\"https:\/\/www.wernerzehe.de\/wp-content\/uploads\/2016\/05\/IMG_5227.jpg\"><img loading=\"lazy\" decoding=\"async\" width=\"300\" height=\"225\" src=\"https:\/\/www.wernerzehe.de\/wp-content\/uploads\/2016\/05\/IMG_5227-300x225.jpg\" alt=\"IMG_5227\" class=\"wp-image-847\" srcset=\"https:\/\/wernerzehe.de\/wp-content\/uploads\/2016\/05\/IMG_5227-300x225.jpg 300w, https:\/\/wernerzehe.de\/wp-content\/uploads\/2016\/05\/IMG_5227-768x576.jpg 768w, https:\/\/wernerzehe.de\/wp-content\/uploads\/2016\/05\/IMG_5227-1024x768.jpg 1024w, https:\/\/wernerzehe.de\/wp-content\/uploads\/2016\/05\/IMG_5227-400x300.jpg 400w\" sizes=\"auto, (max-width: 300px) 100vw, 300px\" \/><\/a><\/figure>\n\n\n\n<figure class=\"wp-block-image\"><a href=\"https:\/\/www.wernerzehe.de\/wp-content\/uploads\/2016\/05\/IMG_5228-e1470040725470.jpg\"><img loading=\"lazy\" decoding=\"async\" width=\"225\" height=\"300\" src=\"https:\/\/www.wernerzehe.de\/wp-content\/uploads\/2016\/05\/IMG_5228-e1470040725470-225x300.jpg\" alt=\"IMG_5228\" class=\"wp-image-848\" srcset=\"https:\/\/wernerzehe.de\/wp-content\/uploads\/2016\/05\/IMG_5228-e1470040725470-225x300.jpg 225w, https:\/\/wernerzehe.de\/wp-content\/uploads\/2016\/05\/IMG_5228-e1470040725470-768x1024.jpg 768w\" sizes=\"auto, (max-width: 225px) 100vw, 225px\" \/><\/a><\/figure>\n\n\n\n<p>Stand 12\/2017<br>Nachdem ich auch die Gabel auf Wilbers umger\u00fcstet hatte, hatte ich eigentlich gedacht sie reagiert sensibler, aber nix wars. Die Gabel ist immer noch der Schwachpunkt der XRX. Also habe ich bei pepe-tuning die Standrohre DLC beschichten lassen, was endlich einen echten Fortschritt brachte.<\/p>\n\n\n\n<p>Dazu gab es noch Koffertr\u00e4ger, ist bei gro\u00dfen Touren einfach praktischer wie Taschen.<\/p>\n\n\n\n<p>Und auch die Umbauzeit ist nat\u00fcrlich noch nicht vorbei. Durch viel Gl\u00fcck habe ich SW-Motech evo Nebelscheinwerfer und Original Heizgriffe f\u00fcr ganz wenige Geld bei Ebay geschossen. Das wird jetzt \u00fcber Winter angebaut.<\/p>\n\n\n\n<p>Dann ist die XRX f\u00fcrs Stra\u00dfen r\u00e4ubern fit. F\u00fcrs Gel\u00e4nde habe ich ja die KLR, da ist mir die XRX zu unhandlich und zu schade f\u00fcr.<\/p>\n\n\n\n<p>Stand 11 \/ 2021<\/p>\n\n\n\n<p>Das miese Ansprechverhalten der Gabel hat leider auch die DLC Beschichtung nicht wirklich dauerhaft verbessert. Das Ausgabe war f\u00fcr den Boppes. Ich hatte dann zwar nochmal mit anderen Gabelfedern experimentiert, aber es half alles nichts. Schlussendlich habe ich mich f\u00fcr eine Andreani Cartridge entschieden, die den netten Vorteil hat, dass damit die Gabel voll einstellbar wird. Zug und Druck und Vorspannung.<\/p>\n\n\n\n<p>Also Leute wer das Problem an seiner XRX los werden will, alles vergessen und gleich richtig machen.<\/p>\n\n\n\n<p>Ansonsten macht das fahren mit der Tiger immer noch soviel Spa\u00df wie am ersten Tag.<\/p>\n\n\n\n<figure class=\"wp-block-image size-large\"><a href=\"https:\/\/wernerzehe.de\/wp-content\/uploads\/2021\/11\/b19-scaled.jpg\"><img loading=\"lazy\" decoding=\"async\" width=\"1024\" height=\"768\" src=\"https:\/\/wernerzehe.de\/wp-content\/uploads\/2021\/11\/b19-1024x768.jpg\" alt=\"\" class=\"wp-image-1000\" srcset=\"https:\/\/wernerzehe.de\/wp-content\/uploads\/2021\/11\/b19-1024x768.jpg 1024w, https:\/\/wernerzehe.de\/wp-content\/uploads\/2021\/11\/b19-300x225.jpg 300w, https:\/\/wernerzehe.de\/wp-content\/uploads\/2021\/11\/b19-768x576.jpg 768w, https:\/\/wernerzehe.de\/wp-content\/uploads\/2021\/11\/b19-1536x1152.jpg 1536w, https:\/\/wernerzehe.de\/wp-content\/uploads\/2021\/11\/b19-2048x1536.jpg 2048w, https:\/\/wernerzehe.de\/wp-content\/uploads\/2021\/11\/b19-1200x900.jpg 1200w, https:\/\/wernerzehe.de\/wp-content\/uploads\/2021\/11\/b19-1980x1485.jpg 1980w\" sizes=\"auto, (max-width: 1024px) 100vw, 1024px\" \/><\/a><figcaption>Aus meinem Reisebericht: Cote d Azur 2021<\/figcaption><\/figure>\n","protected":false},"excerpt":{"rendered":"<p>So ich habe es getan. Nach der Z750 aus 2004, mein erstes Moped mit Einspritzer und Elektronik, kommt es jetzt richtig Dicke.Aufgrund meiner gesundheitlichen Probleme musste ich mich leider umorientieren was meinen Fahrzeugbestand angeht. Ist mir nicht leicht gefallen meine Zephyrs zu verkaufen, aber wat mut dat mut. Daher war klar es muss eine Reiseenduro [&hellip;]<\/p>\n","protected":false},"author":1,"featured_media":0,"parent":0,"menu_order":0,"comment_status":"closed","ping_status":"closed","template":"","meta":{"footnotes":""},"class_list":["post-817","page","type-page","status-publish","hentry"],"_links":{"self":[{"href":"https:\/\/wernerzehe.de\/index.php?rest_route=\/wp\/v2\/pages\/817","targetHints":{"allow":["GET"]}}],"collection":[{"href":"https:\/\/wernerzehe.de\/index.php?rest_route=\/wp\/v2\/pages"}],"about":[{"href":"https:\/\/wernerzehe.de\/index.php?rest_route=\/wp\/v2\/types\/page"}],"author":[{"embeddable":true,"href":"https:\/\/wernerzehe.de\/index.php?rest_route=\/wp\/v2\/users\/1"}],"replies":[{"embeddable":true,"href":"https:\/\/wernerzehe.de\/index.php?rest_route=%2Fwp%2Fv2%2Fcomments&post=817"}],"version-history":[{"count":11,"href":"https:\/\/wernerzehe.de\/index.php?rest_route=\/wp\/v2\/pages\/817\/revisions"}],"predecessor-version":[{"id":1286,"href":"https:\/\/wernerzehe.de\/index.php?rest_route=\/wp\/v2\/pages\/817\/revisions\/1286"}],"wp:attachment":[{"href":"https:\/\/wernerzehe.de\/index.php?rest_route=%2Fwp%2Fv2%2Fmedia&parent=817"}],"curies":[{"name":"wp","href":"https:\/\/api.w.org\/{rel}","templated":true}]}}