{"id":858,"date":"2017-08-05T06:56:03","date_gmt":"2017-08-05T05:56:03","guid":{"rendered":"http:\/\/www.wernerzehe.de\/?page_id=858"},"modified":"2021-11-26T10:05:04","modified_gmt":"2021-11-26T09:05:04","slug":"klr-500","status":"publish","type":"page","link":"https:\/\/wernerzehe.de\/?page_id=858","title":{"rendered":"KLR 500"},"content":{"rendered":"\n<p>Hallo Leute,<br>mal wieder Neuzugang im Hause Zehe. Eine KLR 500 ist mir \u00fcber den Weg gelaufen und steht jetzt in der Garage und wartet auf Ihre Reanimation.<br>KLR 500? Gibts doch gar nicht, doch gab es mal und zwar Ende der 80er in \u00d6sterreich und wohl auch noch ein paar anderen L\u00e4ndern, die Sondersteuern auf &#8222;hubraum starke \ud83d\ude42 &#8220; Motorr\u00e4der hatten.<br>Da hat Kawa kurzerhand andere Kolben und Zylinder verbaut, den Vergaser umbed\u00fcst und tara, gab es eine KLR 500.<\/p>\n\n\n\n<p>Leider findet man fast keine Informationen zu diesem Motorrad, au\u00dfer ein paar Nebens\u00e4tze im WHB.<\/p>\n\n\n\n<p>Getreu des Wahlspruchs: &#8222;der schlimmste Feind des Motorrads ist der Vorbesitzer&#8220; ist da nat\u00fcrlich auch wieder einiges zu machen.<br>Der Zylinderkopf ist aufgrund eines Wartungsfehlers dahin (Nockenwellen Schaden) und auch sonst sind, was aber wiederum Normal ist, bei einem fast 30 Jahre alten Motorrad, einige Ecken die Pflege brauchen vorhanden.<\/p>\n\n\n\n<div class=\"wp-block-image\"><figure class=\"aligncenter\"><a href=\"https:\/\/www.wernerzehe.de\/wp-content\/uploads\/2017\/08\/IMG_6548.jpg\"><img loading=\"lazy\" decoding=\"async\" width=\"300\" height=\"225\" src=\"https:\/\/www.wernerzehe.de\/wp-content\/uploads\/2017\/08\/IMG_6548-300x225.jpg\" alt=\"\" class=\"wp-image-860\" srcset=\"https:\/\/wernerzehe.de\/wp-content\/uploads\/2017\/08\/IMG_6548-300x225.jpg 300w, https:\/\/wernerzehe.de\/wp-content\/uploads\/2017\/08\/IMG_6548-768x576.jpg 768w, https:\/\/wernerzehe.de\/wp-content\/uploads\/2017\/08\/IMG_6548-1024x768.jpg 1024w, https:\/\/wernerzehe.de\/wp-content\/uploads\/2017\/08\/IMG_6548-400x300.jpg 400w\" sizes=\"auto, (max-width: 300px) 100vw, 300px\" \/><\/a><\/figure><\/div>\n\n\n\n<p>Hier mal erste Bilder:<br><\/p>\n\n\n\n<div class=\"wp-block-image\"><figure class=\"aligncenter\"><a href=\"https:\/\/www.wernerzehe.de\/wp-content\/uploads\/2017\/08\/IMG_6544-e1501912641650.jpg\"><img loading=\"lazy\" decoding=\"async\" width=\"225\" height=\"300\" src=\"https:\/\/www.wernerzehe.de\/wp-content\/uploads\/2017\/08\/IMG_6544-e1501912641650-225x300.jpg\" alt=\"\" class=\"wp-image-861\" srcset=\"https:\/\/wernerzehe.de\/wp-content\/uploads\/2017\/08\/IMG_6544-e1501912641650-225x300.jpg 225w, https:\/\/wernerzehe.de\/wp-content\/uploads\/2017\/08\/IMG_6544-e1501912641650-768x1024.jpg 768w\" sizes=\"auto, (max-width: 225px) 100vw, 225px\" \/><\/a><\/figure><\/div>\n\n\n\n<div class=\"wp-block-image\"><figure class=\"aligncenter\"><a href=\"https:\/\/www.wernerzehe.de\/wp-content\/uploads\/2017\/08\/IMG_6545.jpg\"><img loading=\"lazy\" decoding=\"async\" width=\"300\" height=\"225\" src=\"https:\/\/www.wernerzehe.de\/wp-content\/uploads\/2017\/08\/IMG_6545-300x225.jpg\" alt=\"\" class=\"wp-image-862\" srcset=\"https:\/\/wernerzehe.de\/wp-content\/uploads\/2017\/08\/IMG_6545-300x225.jpg 300w, https:\/\/wernerzehe.de\/wp-content\/uploads\/2017\/08\/IMG_6545-768x576.jpg 768w, https:\/\/wernerzehe.de\/wp-content\/uploads\/2017\/08\/IMG_6545-1024x768.jpg 1024w, https:\/\/wernerzehe.de\/wp-content\/uploads\/2017\/08\/IMG_6545-400x300.jpg 400w\" sizes=\"auto, (max-width: 300px) 100vw, 300px\" \/><\/a><\/figure><\/div>\n\n\n\n<div class=\"wp-block-image\"><figure class=\"aligncenter\"><a href=\"https:\/\/www.wernerzehe.de\/wp-content\/uploads\/2017\/08\/IMG_6546-e1501912674962.jpg\"><img loading=\"lazy\" decoding=\"async\" width=\"225\" height=\"300\" src=\"https:\/\/www.wernerzehe.de\/wp-content\/uploads\/2017\/08\/IMG_6546-e1501912674962-225x300.jpg\" alt=\"\" class=\"wp-image-863\" srcset=\"https:\/\/wernerzehe.de\/wp-content\/uploads\/2017\/08\/IMG_6546-e1501912674962-225x300.jpg 225w, https:\/\/wernerzehe.de\/wp-content\/uploads\/2017\/08\/IMG_6546-e1501912674962-768x1024.jpg 768w\" sizes=\"auto, (max-width: 225px) 100vw, 225px\" \/><\/a><\/figure><\/div>\n\n\n\n<div class=\"wp-block-image\"><figure class=\"aligncenter\"><a href=\"https:\/\/www.wernerzehe.de\/wp-content\/uploads\/2017\/08\/IMG_6547.jpg\"><img loading=\"lazy\" decoding=\"async\" width=\"300\" height=\"225\" src=\"https:\/\/www.wernerzehe.de\/wp-content\/uploads\/2017\/08\/IMG_6547-300x225.jpg\" alt=\"\" class=\"wp-image-864\" srcset=\"https:\/\/wernerzehe.de\/wp-content\/uploads\/2017\/08\/IMG_6547-300x225.jpg 300w, https:\/\/wernerzehe.de\/wp-content\/uploads\/2017\/08\/IMG_6547-768x576.jpg 768w, https:\/\/wernerzehe.de\/wp-content\/uploads\/2017\/08\/IMG_6547-1024x768.jpg 1024w, https:\/\/wernerzehe.de\/wp-content\/uploads\/2017\/08\/IMG_6547-400x300.jpg 400w\" sizes=\"auto, (max-width: 300px) 100vw, 300px\" \/><\/a><\/figure><\/div>\n\n\n\n<p>Tja, da hat mich der Verk\u00e4ufer ordentlich verarscht. Danke nach \u00d6sterreich nach Spittal an der Drau \ud83d\ude41<br>Da wohnt das Arschloch n\u00e4mlich.<\/p>\n\n\n\n<p>Was macht man, wenn man doof ist und nicht wei\u00df wie man ein Polrad runter bekommt? Man fr\u00e4gt jemanden, der sich auskennt? Nein, viel zu einfach f\u00fcr Idioten. Man nimmt die Flex und flext das Polrad runter. Ups, da ist ja noch ne Kurbelwelle, egal, man kann das neue Polrad ja dran kleben, h\u00e4lt sicher.<\/p>\n\n\n\n<div class=\"wp-block-image\"><figure class=\"aligncenter\"><a href=\"https:\/\/www.wernerzehe.de\/wp-content\/uploads\/2017\/12\/schaden2.jpg\"><img loading=\"lazy\" decoding=\"async\" width=\"240\" height=\"300\" src=\"https:\/\/www.wernerzehe.de\/wp-content\/uploads\/2017\/12\/schaden2-240x300.jpg\" alt=\"\" class=\"wp-image-879\" srcset=\"https:\/\/wernerzehe.de\/wp-content\/uploads\/2017\/12\/schaden2-240x300.jpg 240w, https:\/\/wernerzehe.de\/wp-content\/uploads\/2017\/12\/schaden2-768x962.jpg 768w, https:\/\/wernerzehe.de\/wp-content\/uploads\/2017\/12\/schaden2-817x1024.jpg 817w, https:\/\/wernerzehe.de\/wp-content\/uploads\/2017\/12\/schaden2.jpg 958w\" sizes=\"auto, (max-width: 240px) 100vw, 240px\" \/><\/a><\/figure><\/div>\n\n\n\n<p>Nat\u00fcrlich hat der Spinner, au\u00dfer dem Motor, noch einiges mehr zerst\u00f6rt bei seinen Aktionen, Hier mal eine kleine Auflistung der Zerst\u00f6rungsorgie:<\/p>\n\n\n\n<p>&#8211; Der Typ ist extremer Grobmotoriker und hat die meisten Schrauben nach dem Motto angeochst, nach fest kommt ab. Drehmomente egal, Hauptsache fest geknallt.<br>&#8211; Eine Schraube hat er dabei abgerissen, aber statt die Schraube raus zu bohren (was an der Stelle problemlos gegangen w\u00e4re) hat er die beiden Teile mit Kabelbinder verbunden!<br>&#8211; Nat\u00fcrlich hat er auch einige Schrauben mit Gewalt in die Gewinde gemurkst, sodass diese jetzt kaputt sind. Leider auch welche, die man nicht so einfach wieder hin bekommt.<br>&#8211; Einige Stecker hat der gute Mann durch L\u00fcsterklemmen ersetzt. Dabei aber den Draht weder verzinnt noch mit einem Kabelschuh versehen, sodass die einzelnen Adern sch\u00f6n brechen konnten. Die Hauptleitung zur Beleuchtung hing sage und schreib an mal gerade noch zwei Dr\u00e4htchen.<br>&#8211; Einige Originalstecker hat er dick und fett mit Isolierband umwickelt. Leider auch solche Stecker die man trennen muss um z.B. an das Birnchen vom Hauptscheinwerfer zu kommen. Nicht gerade intelligent, wenn man bei jedem Birnchen Wechsel oder bei Wartungsarbeiten jedes mal das Isolierband wieder entfernen muss.<br>&#8211; An einer Stelle wird eine Blende durch einen Zapfen in einer Nut gehalten. Er hat den Zapfen an der Blende entfernt und daf\u00fcr eine Schraube in das Loch rein gedreht. Sinnlos hoch drei.<\/p>\n\n\n\n<p>Da war guter Rat teuer. Eine erste Idee, war einen Motor aus meinem Fundus in die 500er ein zu bauen. Nach einigen Diskussionen und Kosten von 150,&#8211; EUR f\u00fcr die Erstellung deutscher Papiere plus Eintragung 650er Motor, war klar, dass lohnt nicht.<\/p>\n\n\n\n<p>Also habe ich die Kiste geschlachtet, den Rahmen in den Schrott gegeben und die guten Teile (ja einiges ist tats\u00e4chlich zu gebrauchen) eingelagert.<\/p>\n\n\n\n<p>Bei der Suche nach einem Neuanfang, ist mir noch eine KLR 650 Tengai \u00fcber den Weg gelaufen. Die paar Teile (O-Ton Verk\u00e4ufer) entpuppten sich dann als eine fast komplette Tengai. Auch die wurde geschlachtet und eingelagert. Man kann auch mal Gl\u00fcck haben, der Preis war n\u00e4mlich Spitze.<\/p>\n\n\n\n<p>Und was mache ich jetzt mit dem ganzen Zeug?<br>Das seht Ihr auf der Seite KLR 650 Spezial \ud83d\ude42<\/p>\n","protected":false},"excerpt":{"rendered":"<p>Hallo Leute,mal wieder Neuzugang im Hause Zehe. Eine KLR 500 ist mir \u00fcber den Weg gelaufen und steht jetzt in der Garage und wartet auf Ihre Reanimation.KLR 500? Gibts doch gar nicht, doch gab es mal und zwar Ende der 80er in \u00d6sterreich und wohl auch noch ein paar anderen L\u00e4ndern, die Sondersteuern auf &#8222;hubraum [&hellip;]<\/p>\n","protected":false},"author":1,"featured_media":0,"parent":0,"menu_order":0,"comment_status":"closed","ping_status":"closed","template":"","meta":{"footnotes":""},"class_list":["post-858","page","type-page","status-publish","hentry"],"_links":{"self":[{"href":"https:\/\/wernerzehe.de\/index.php?rest_route=\/wp\/v2\/pages\/858","targetHints":{"allow":["GET"]}}],"collection":[{"href":"https:\/\/wernerzehe.de\/index.php?rest_route=\/wp\/v2\/pages"}],"about":[{"href":"https:\/\/wernerzehe.de\/index.php?rest_route=\/wp\/v2\/types\/page"}],"author":[{"embeddable":true,"href":"https:\/\/wernerzehe.de\/index.php?rest_route=\/wp\/v2\/users\/1"}],"replies":[{"embeddable":true,"href":"https:\/\/wernerzehe.de\/index.php?rest_route=%2Fwp%2Fv2%2Fcomments&post=858"}],"version-history":[{"count":5,"href":"https:\/\/wernerzehe.de\/index.php?rest_route=\/wp\/v2\/pages\/858\/revisions"}],"predecessor-version":[{"id":991,"href":"https:\/\/wernerzehe.de\/index.php?rest_route=\/wp\/v2\/pages\/858\/revisions\/991"}],"wp:attachment":[{"href":"https:\/\/wernerzehe.de\/index.php?rest_route=%2Fwp%2Fv2%2Fmedia&parent=858"}],"curies":[{"name":"wp","href":"https:\/\/api.w.org\/{rel}","templated":true}]}}