{"id":881,"date":"2017-12-01T19:22:24","date_gmt":"2017-12-01T18:22:24","guid":{"rendered":"http:\/\/www.wernerzehe.de\/?page_id=881"},"modified":"2021-11-26T10:53:12","modified_gmt":"2021-11-26T09:53:12","slug":"ford-focus-turnier-titanium","status":"publish","type":"page","link":"https:\/\/wernerzehe.de\/?page_id=881","title":{"rendered":"Ford Focus Turnier Titanium"},"content":{"rendered":"\n<p>Hier gibt es Infos zu unserem neuen Transportesel.<\/p>\n\n\n\n<div class=\"wp-block-image\"><figure class=\"aligncenter\"><a href=\"https:\/\/www.wernerzehe.de\/wp-content\/uploads\/2017\/12\/17focus3.jpg\"><img loading=\"lazy\" decoding=\"async\" width=\"300\" height=\"168\" src=\"https:\/\/www.wernerzehe.de\/wp-content\/uploads\/2017\/12\/17focus3-300x168.jpg\" alt=\"\" class=\"wp-image-901\" srcset=\"https:\/\/wernerzehe.de\/wp-content\/uploads\/2017\/12\/17focus3-300x168.jpg 300w, https:\/\/wernerzehe.de\/wp-content\/uploads\/2017\/12\/17focus3-768x431.jpg 768w, https:\/\/wernerzehe.de\/wp-content\/uploads\/2017\/12\/17focus3-1024x575.jpg 1024w, https:\/\/wernerzehe.de\/wp-content\/uploads\/2017\/12\/17focus3-500x281.jpg 500w, https:\/\/wernerzehe.de\/wp-content\/uploads\/2017\/12\/17focus3.jpg 1600w\" sizes=\"auto, (max-width: 300px) 100vw, 300px\" \/><\/a><\/figure><\/div>\n\n\n\n<div class=\"wp-block-image\"><figure class=\"aligncenter\"><a href=\"https:\/\/www.wernerzehe.de\/wp-content\/uploads\/2017\/12\/17focus1.jpg\"><img loading=\"lazy\" decoding=\"async\" width=\"300\" height=\"168\" src=\"https:\/\/www.wernerzehe.de\/wp-content\/uploads\/2017\/12\/17focus1-300x168.jpg\" alt=\"\" class=\"wp-image-902\" srcset=\"https:\/\/wernerzehe.de\/wp-content\/uploads\/2017\/12\/17focus1-300x168.jpg 300w, https:\/\/wernerzehe.de\/wp-content\/uploads\/2017\/12\/17focus1-768x431.jpg 768w, https:\/\/wernerzehe.de\/wp-content\/uploads\/2017\/12\/17focus1-1024x575.jpg 1024w, https:\/\/wernerzehe.de\/wp-content\/uploads\/2017\/12\/17focus1-500x281.jpg 500w, https:\/\/wernerzehe.de\/wp-content\/uploads\/2017\/12\/17focus1.jpg 1600w\" sizes=\"auto, (max-width: 300px) 100vw, 300px\" \/><\/a><\/figure><\/div>\n\n\n\n<div class=\"wp-block-image\"><figure class=\"aligncenter\"><a href=\"https:\/\/www.wernerzehe.de\/wp-content\/uploads\/2017\/12\/17focus2.jpg\"><img loading=\"lazy\" decoding=\"async\" width=\"300\" height=\"168\" src=\"https:\/\/www.wernerzehe.de\/wp-content\/uploads\/2017\/12\/17focus2-300x168.jpg\" alt=\"\" class=\"wp-image-903\" srcset=\"https:\/\/wernerzehe.de\/wp-content\/uploads\/2017\/12\/17focus2-300x168.jpg 300w, https:\/\/wernerzehe.de\/wp-content\/uploads\/2017\/12\/17focus2-768x431.jpg 768w, https:\/\/wernerzehe.de\/wp-content\/uploads\/2017\/12\/17focus2-1024x575.jpg 1024w, https:\/\/wernerzehe.de\/wp-content\/uploads\/2017\/12\/17focus2-500x281.jpg 500w, https:\/\/wernerzehe.de\/wp-content\/uploads\/2017\/12\/17focus2.jpg 1600w\" sizes=\"auto, (max-width: 300px) 100vw, 300px\" \/><\/a><\/figure><\/div>\n\n\n\n<p>Nach dem wir unseren Schummeldiesel abgesto\u00dfen hatten, hatten wir ziemlich die Schnauze voll und VW und haben uns mal bei anderen Herstellern umgeschaut. Eckdaten: Benziner, der nicht zu tr\u00e4ge ist, gute Automatik, nicht zu gro\u00df (muss noch in die Garage passen), AHK, und eine gute Ausstattung.<\/p>\n\n\n\n<p>Frohen Mutes gingen wir auf die Suche. Aber wir stellten schnell fest, so einfach war die Suche gar nicht. BMW, Mercedes, etc. war uns zu teuer. VW-Konzern wollten wir nicht. Bei den Japanern\/Koreanern sind kleinere Kombis mit einem ordentlichen Motor (mind. 150PS) Mangelware, oder die Dinger sehen f\u00fcrchterlich aus (subjektive Meinung) oder sind f\u00fcr Personen jenseits der 1.93m nicht komfortabel \u00fcber l\u00e4ngere Strecken fahrbar.<\/p>\n\n\n\n<p>So kristallisierten sich schnell Opel Insignia und Ford Focus als einzige Kandidaten heraus. Letztendlich wurde es der Ford, da wir ein tolles Angebot von einem Werksangeh\u00f6rigen bekamen. Der Wagen war Super gepflegt, ich glaube die haben die Schuhe beim Einsteigen ausgezogen \ud83d\ude09<\/p>\n\n\n\n<p>&#8211; 1.5l Ecoboost Motor mit 182 PS<br>&#8211; Automatik<br>&#8211; AHK<br>&#8211; Xenon mit Kurven- und Abbiegelicht<br>&#8211; Navi<br>&#8211; Spurhalte-, Fernlicht-, Spurhalte-, Einparkassistent, Active City Stop, etc.<br>&#8211; Multifunktionslenkrad<br>&#8211; Key Free System<br>&#8211; Komfortsitze mit Sitzheizung<br>&#8211; und noch vieles mehr, Quasi Komplettausstattung<\/p>\n\n\n\n<p>F\u00e4hrt sich sehr spritzig und macht echt Laune.<\/p>\n\n\n\n<p>Stand 11\/2021: Auch der Ford Focus ist schon wieder Geschichte. Warum?<\/p>\n\n\n\n<p>Zum einen, war das Navigations-\/Entertainment System nicht unbedingt state of the Art. Der Innenraum ist vorne relativ eng f\u00fcr meine Gr\u00f6\u00dfe (1.93m) und die Qualit\u00e4t des Wagens, na ja mit dem Ford fort, mit dem Zug heim.<\/p>\n\n\n\n<p>Ich hatte ja in den 80er Jahren zwei Fords und war von der Qualit\u00e4t nicht so begeistert, aber man denkt ja die entwickeln sich weiter. Aber da haperte es zumindest bei dem Modell doch sehr. Wir hatten zum einen mehrere ungeplante Werkstattaufenthalte. Leider ist auch die Qualit\u00e4t der Werkst\u00e4tten zumindest hier in Worms und Umgebung eher bescheiden. Unh\u00f6fliche, inkompetente Mitarbeiter sind hier wohl eher die Regel denn die Ausnahme.<\/p>\n\n\n\n<p>Und dann da das Lampenproblem. Die Xenon-Scheinwerfer mit Kurvenlicht sind Schrott. Da hat der Hersteller drei Cent gespart mit dem Ergebnis, dass die Anschlusskabel der Kurvenlicht Steuerung im Scheinwerfer abbrechen. Ist ein Serienfehler (Google kennt das Problem). Aber was macht Ford, nach der 2 j\u00e4hrigen Garantie gibt es keine Kulanz. Die Garantieerweiterung kann man auch vergessen, da hat man vorsichtshalber mal die Scheinwerfer aus den Garantieleistungen gestrichen, sind jetzt &#8222;Verbrauchsmaterial&#8220;. Der Kunde darf also neue Scheinwerfer f\u00fcr 1.500,&#8211; EUR kaufen, die dann nach einem Jahr wieder das gleiche Problem haben, weil die meisten Werkst\u00e4tten zu inkompetent sind um die Scheinwerfer richtig anzuschlie\u00dfen.<\/p>\n\n\n\n<p>Und die absolute Frechheit an der Sache ist, dass wenn man etwas handwerklich begabt ist und die Google Suche benutzen kann, man die Original Stecker findet, das Kabel neu macht und dann statt 1.500,&#8211; EUR (wohlgemerkt pro Scheinwerfer) 5,&#8211; EUR Materialkosten hat. Und wer sich das nicht zutraut sollte in eine freie Werkstatt oder zum Bosch Dienst gehen, die machen das f\u00fcr ca. 60,&#8211; EUR.<\/p>\n\n\n\n<p>Damit ist das Thema Autos von Ford jetzt ein f\u00fcr allemal Geschichte in unserer Familie.<\/p>\n","protected":false},"excerpt":{"rendered":"<p>Hier gibt es Infos zu unserem neuen Transportesel. Nach dem wir unseren Schummeldiesel abgesto\u00dfen hatten, hatten wir ziemlich die Schnauze voll und VW und haben uns mal bei anderen Herstellern umgeschaut. Eckdaten: Benziner, der nicht zu tr\u00e4ge ist, gute Automatik, nicht zu gro\u00df (muss noch in die Garage passen), AHK, und eine gute Ausstattung. Frohen [&hellip;]<\/p>\n","protected":false},"author":1,"featured_media":0,"parent":0,"menu_order":0,"comment_status":"closed","ping_status":"closed","template":"","meta":{"footnotes":""},"class_list":["post-881","page","type-page","status-publish","hentry"],"_links":{"self":[{"href":"https:\/\/wernerzehe.de\/index.php?rest_route=\/wp\/v2\/pages\/881","targetHints":{"allow":["GET"]}}],"collection":[{"href":"https:\/\/wernerzehe.de\/index.php?rest_route=\/wp\/v2\/pages"}],"about":[{"href":"https:\/\/wernerzehe.de\/index.php?rest_route=\/wp\/v2\/types\/page"}],"author":[{"embeddable":true,"href":"https:\/\/wernerzehe.de\/index.php?rest_route=\/wp\/v2\/users\/1"}],"replies":[{"embeddable":true,"href":"https:\/\/wernerzehe.de\/index.php?rest_route=%2Fwp%2Fv2%2Fcomments&post=881"}],"version-history":[{"count":5,"href":"https:\/\/wernerzehe.de\/index.php?rest_route=\/wp\/v2\/pages\/881\/revisions"}],"predecessor-version":[{"id":996,"href":"https:\/\/wernerzehe.de\/index.php?rest_route=\/wp\/v2\/pages\/881\/revisions\/996"}],"wp:attachment":[{"href":"https:\/\/wernerzehe.de\/index.php?rest_route=%2Fwp%2Fv2%2Fmedia&parent=881"}],"curies":[{"name":"wp","href":"https:\/\/api.w.org\/{rel}","templated":true}]}}