{"id":884,"date":"2017-12-01T19:27:39","date_gmt":"2017-12-01T18:27:39","guid":{"rendered":"http:\/\/www.wernerzehe.de\/?page_id=884"},"modified":"2025-10-27T12:27:14","modified_gmt":"2025-10-27T11:27:14","slug":"klr-650-spezial","status":"publish","type":"page","link":"https:\/\/wernerzehe.de\/?page_id=884","title":{"rendered":"KLR 650 Spezial"},"content":{"rendered":"\n<p>Spezial?<\/p>\n\n\n\n<p>nach dem Disaster mit der KLR 500 <a rel=\"noreferrer noopener\" href=\"https:\/\/wernerzehe.de\/?page_id=858\" data-type=\"URL\" data-id=\"https:\/\/wernerzehe.de\/?page_id=858\" target=\"_blank\">https:\/\/wernerzehe.de\/?page_id=858<\/a> und dem \u00fcberraschenden Fund der Tengai, waren ne Menge Reste im Haus.<\/p>\n\n\n<div class=\"wp-block-image\">\n<figure class=\"aligncenter\"><a href=\"https:\/\/www.wernerzehe.de\/wp-content\/uploads\/2017\/12\/klr.jpg\"><img loading=\"lazy\" decoding=\"async\" width=\"300\" height=\"225\" src=\"https:\/\/www.wernerzehe.de\/wp-content\/uploads\/2017\/12\/klr-300x225.jpg\" alt=\"\" class=\"wp-image-886\" srcset=\"https:\/\/wernerzehe.de\/wp-content\/uploads\/2017\/12\/klr-300x225.jpg 300w, https:\/\/wernerzehe.de\/wp-content\/uploads\/2017\/12\/klr-768x576.jpg 768w, https:\/\/wernerzehe.de\/wp-content\/uploads\/2017\/12\/klr.jpg 1024w, https:\/\/wernerzehe.de\/wp-content\/uploads\/2017\/12\/klr-400x300.jpg 400w\" sizes=\"auto, (max-width: 300px) 100vw, 300px\" \/><\/a><\/figure>\n<\/div>\n\n\n<p>Also entschied ich mich kurzerhand daraus was Neues zu bauen.<br>Ein Umbau soll es werden. Ideen habe ich schon genug, was ich davon umsetzen kann? Mal sehen.<\/p>\n\n\n\n<p>Ich habe ja die Tiger 800 XRX f\u00fcr gro\u00dfe Touren. Die ist mit Ihren 95PS ausreichen motorisiert, hat ordentliche Reifen f\u00fcrs Stra\u00dfenr\u00e4ubern drauf (Pirelli Scorpion Trail 2) und ist echt entspannt auch f\u00fcr gro\u00dfe Tagestouren.<\/p>\n\n\n\n<p>Die KLR 650 A ist das Gegenst\u00fcck dazu, wenn es ins Gel\u00e4nde geht. Dazu ist mir die XRX zum einen zu schade, zum anderen ist Sie auch deutlich schwerer und unhandlicher. Bei der KLR st\u00f6ren mich ein paar Kratzer nicht.<\/p>\n\n\n\n<p>Also sollte es bei der Spezial in eine andere Richtung gehen. Aber was draus machen?<\/p>\n\n\n\n<p><\/p>\n\n\n\n<p><strong>Stand 12\/2017<\/strong><\/p>\n\n\n\n<p>Als erstes habe ich mir einen A-Rahmen von 87 besorgt, damit ich T\u00dcV-technisch relativ frei bin (keine AU). Alles andere wird der Winter zeigen. So richtig weit bin ich noch nicht gekommen \ud83d\ude42<\/p>\n\n\n\n<p><\/p>\n\n\n\n<p><strong>Stand 12\/2021<\/strong><\/p>\n\n\n\n<p>Mist, 4 Jahre lang nichts dazu geschrieben. Die meisten Teile der Spezial sind inzwischen irgendwie verwurstelt. Die Teile liegen noch im Fundus.  <\/p>\n\n\n\n<figure class=\"wp-block-image size-large\"><a href=\"https:\/\/wernerzehe.de\/wp-content\/uploads\/2021\/11\/20210528_071509-scaled.jpg\"><img loading=\"lazy\" decoding=\"async\" width=\"1024\" height=\"768\" src=\"https:\/\/wernerzehe.de\/wp-content\/uploads\/2021\/11\/20210528_071509-1024x768.jpg\" alt=\"\" class=\"wp-image-1236\" srcset=\"https:\/\/wernerzehe.de\/wp-content\/uploads\/2021\/11\/20210528_071509-1024x768.jpg 1024w, https:\/\/wernerzehe.de\/wp-content\/uploads\/2021\/11\/20210528_071509-300x225.jpg 300w, https:\/\/wernerzehe.de\/wp-content\/uploads\/2021\/11\/20210528_071509-768x576.jpg 768w, https:\/\/wernerzehe.de\/wp-content\/uploads\/2021\/11\/20210528_071509-1536x1152.jpg 1536w, https:\/\/wernerzehe.de\/wp-content\/uploads\/2021\/11\/20210528_071509-2048x1536.jpg 2048w, https:\/\/wernerzehe.de\/wp-content\/uploads\/2021\/11\/20210528_071509-1200x900.jpg 1200w, https:\/\/wernerzehe.de\/wp-content\/uploads\/2021\/11\/20210528_071509-1980x1485.jpg 1980w\" sizes=\"auto, (max-width: 1024px) 100vw, 1024px\" \/><\/a><\/figure>\n\n\n\n<figure class=\"wp-block-image size-large\"><a href=\"https:\/\/wernerzehe.de\/wp-content\/uploads\/2021\/11\/20210528_071521-scaled.jpg\"><img loading=\"lazy\" decoding=\"async\" width=\"1024\" height=\"768\" src=\"https:\/\/wernerzehe.de\/wp-content\/uploads\/2021\/11\/20210528_071521-1024x768.jpg\" alt=\"\" class=\"wp-image-1237\" srcset=\"https:\/\/wernerzehe.de\/wp-content\/uploads\/2021\/11\/20210528_071521-1024x768.jpg 1024w, https:\/\/wernerzehe.de\/wp-content\/uploads\/2021\/11\/20210528_071521-300x225.jpg 300w, https:\/\/wernerzehe.de\/wp-content\/uploads\/2021\/11\/20210528_071521-768x576.jpg 768w, https:\/\/wernerzehe.de\/wp-content\/uploads\/2021\/11\/20210528_071521-1536x1152.jpg 1536w, https:\/\/wernerzehe.de\/wp-content\/uploads\/2021\/11\/20210528_071521-2048x1536.jpg 2048w, https:\/\/wernerzehe.de\/wp-content\/uploads\/2021\/11\/20210528_071521-1200x900.jpg 1200w, https:\/\/wernerzehe.de\/wp-content\/uploads\/2021\/11\/20210528_071521-1980x1485.jpg 1980w\" sizes=\"auto, (max-width: 1024px) 100vw, 1024px\" \/><\/a><\/figure>\n\n\n\n<figure class=\"wp-block-image size-large\"><a href=\"https:\/\/wernerzehe.de\/wp-content\/uploads\/2021\/11\/20211127_142016-scaled.jpg\"><img loading=\"lazy\" decoding=\"async\" width=\"768\" height=\"1024\" src=\"https:\/\/wernerzehe.de\/wp-content\/uploads\/2021\/11\/20211127_142016-768x1024.jpg\" alt=\"\" class=\"wp-image-1238\" srcset=\"https:\/\/wernerzehe.de\/wp-content\/uploads\/2021\/11\/20211127_142016-768x1024.jpg 768w, https:\/\/wernerzehe.de\/wp-content\/uploads\/2021\/11\/20211127_142016-225x300.jpg 225w, https:\/\/wernerzehe.de\/wp-content\/uploads\/2021\/11\/20211127_142016-1152x1536.jpg 1152w, https:\/\/wernerzehe.de\/wp-content\/uploads\/2021\/11\/20211127_142016-1536x2048.jpg 1536w, https:\/\/wernerzehe.de\/wp-content\/uploads\/2021\/11\/20211127_142016-1200x1600.jpg 1200w, https:\/\/wernerzehe.de\/wp-content\/uploads\/2021\/11\/20211127_142016-1980x2640.jpg 1980w, https:\/\/wernerzehe.de\/wp-content\/uploads\/2021\/11\/20211127_142016-scaled.jpg 1920w\" sizes=\"auto, (max-width: 768px) 100vw, 768px\" \/><\/a><\/figure>\n\n\n\n<p>Die Geschichte mit dem C-Motor in Einzelteilen beginnt hier: <a href=\"https:\/\/wernerzehe.de\/?page_id=1226\" data-type=\"URL\" data-id=\"https:\/\/wernerzehe.de\/?page_id=1226\">https:\/\/wernerzehe.de\/?page_id=1226<\/a><\/p>\n\n\n\n<p><strong>Stand 10\/2025<\/strong><\/p>\n\n\n\n<p>Das Projekt geht weiter. nachdem meine Gescheckte A : <a href=\"https:\/\/wernerzehe.de\/?page_id=630\">https:\/\/wernerzehe.de\/?page_id=630<\/a> zerlegt ist und der Motor verkauft, wird es Zeit, dass der C-Motor, fertig gestellt wird. Dann kommt er in den A-Rahmen. Mit einiges C-Teilen aus der SuMo soll dann eine neue Enduro quasi C&amp;A Edition auf die Stra\u00dfe.<\/p>\n\n\n\n<p>Verwenden will ich:<\/p>\n\n\n\n<ul class=\"wp-block-list\">\n<li>C-Gabel wegen der Standfestigkeit und der modernen Bremsanlage<\/li>\n\n\n\n<li>A-Rahmen (keine AU notwendig)<\/li>\n\n\n\n<li>gecleanter C-Heckrahmen wegen dem C-Lacksatz<\/li>\n\n\n\n<li>C-Lacksatz<\/li>\n\n\n\n<li>Schwinge, Felgen, etc. von der A.<\/li>\n\n\n\n<li>Armaturen erstmal Original C, dann sieht man weiter, habe da ja noch einiges an Optionen im Lager.<\/li>\n<\/ul>\n\n\n\n<p><\/p>\n\n\n\n<p><\/p>\n","protected":false},"excerpt":{"rendered":"<p>Spezial? nach dem Disaster mit der KLR 500 https:\/\/wernerzehe.de\/?page_id=858 und dem \u00fcberraschenden Fund der Tengai, waren ne Menge Reste im Haus. Also entschied ich mich kurzerhand daraus was Neues zu bauen.Ein Umbau soll es werden. Ideen habe ich schon genug, was ich davon umsetzen kann? Mal sehen. Ich habe ja die Tiger 800 XRX f\u00fcr [&hellip;]<\/p>\n","protected":false},"author":1,"featured_media":0,"parent":0,"menu_order":0,"comment_status":"closed","ping_status":"closed","template":"","meta":{"footnotes":""},"class_list":["post-884","page","type-page","status-publish","hentry"],"_links":{"self":[{"href":"https:\/\/wernerzehe.de\/index.php?rest_route=\/wp\/v2\/pages\/884","targetHints":{"allow":["GET"]}}],"collection":[{"href":"https:\/\/wernerzehe.de\/index.php?rest_route=\/wp\/v2\/pages"}],"about":[{"href":"https:\/\/wernerzehe.de\/index.php?rest_route=\/wp\/v2\/types\/page"}],"author":[{"embeddable":true,"href":"https:\/\/wernerzehe.de\/index.php?rest_route=\/wp\/v2\/users\/1"}],"replies":[{"embeddable":true,"href":"https:\/\/wernerzehe.de\/index.php?rest_route=%2Fwp%2Fv2%2Fcomments&post=884"}],"version-history":[{"count":8,"href":"https:\/\/wernerzehe.de\/index.php?rest_route=\/wp\/v2\/pages\/884\/revisions"}],"predecessor-version":[{"id":1812,"href":"https:\/\/wernerzehe.de\/index.php?rest_route=\/wp\/v2\/pages\/884\/revisions\/1812"}],"wp:attachment":[{"href":"https:\/\/wernerzehe.de\/index.php?rest_route=%2Fwp%2Fv2%2Fmedia&parent=884"}],"curies":[{"name":"wp","href":"https:\/\/api.w.org\/{rel}","templated":true}]}}